{"id":5931,"date":"2022-04-01T09:50:08","date_gmt":"2022-04-01T09:50:08","guid":{"rendered":"https:\/\/paleo-energetique.org\/?page_id=5931"},"modified":"2022-04-01T09:50:08","modified_gmt":"2022-04-01T09:50:08","slug":"iletisim","status":"publish","type":"page","link":"https:\/\/paleo-energetique.org\/tr\/iletisim\/","title":{"rendered":"\u0130leti\u015fim"},"content":{"rendered":"\n<div class=\"wpcf7 no-js\" id=\"wpcf7-f5929-o1\" lang=\"fr-FR\" dir=\"ltr\" data-wpcf7-id=\"5929\">\n<div class=\"screen-reader-response\"><p role=\"status\" aria-live=\"polite\" aria-atomic=\"true\"><\/p> <ul><\/ul><\/div>\n<form action=\"\/tr\/wp-json\/wp\/v2\/pages\/5931#wpcf7-f5929-o1\" method=\"post\" class=\"wpcf7-form init\" aria-label=\"Formulaire de contact\" novalidate=\"novalidate\" data-status=\"init\">\n<fieldset class=\"hidden-fields-container\"><input type=\"hidden\" name=\"_wpcf7\" value=\"5929\" \/><input type=\"hidden\" name=\"_wpcf7_version\" value=\"6.1.1\" \/><input type=\"hidden\" name=\"_wpcf7_locale\" value=\"fr_FR\" \/><input type=\"hidden\" name=\"_wpcf7_unit_tag\" value=\"wpcf7-f5929-o1\" \/><input type=\"hidden\" name=\"_wpcf7_container_post\" value=\"0\" \/><input type=\"hidden\" name=\"_wpcf7_posted_data_hash\" value=\"\" \/><input type=\"hidden\" name=\"_wpcf7_recaptcha_response\" value=\"\" \/>\n<\/fieldset>\n<div class=\"lecontact\">\n\t<p>Ad\u0131n\u0131z ve Soyad\u0131n\u0131z (requis)\n\t<\/p>\n\t<p><span class=\"wpcf7-form-control-wrap\" data-name=\"your-name\"><input size=\"40\" maxlength=\"400\" class=\"wpcf7-form-control wpcf7-text wpcf7-validates-as-required\" aria-required=\"true\" aria-invalid=\"false\" value=\"\" type=\"text\" name=\"your-name\" \/><\/span>\n\t<\/p>\n\t<p>E-posta adresiniz(requis)\n\t<\/p>\n\t<p><span class=\"wpcf7-form-control-wrap\" data-name=\"your-email\"><input size=\"40\" maxlength=\"400\" class=\"wpcf7-form-control wpcf7-email wpcf7-validates-as-required wpcf7-text wpcf7-validates-as-email\" aria-required=\"true\" aria-invalid=\"false\" value=\"\" type=\"email\" name=\"your-email\" \/><\/span>\n\t<\/p>\n\t<p>Ba\u015fl\u0131k\n\t<\/p>\n\t<p><span class=\"wpcf7-form-control-wrap\" data-name=\"your-subject\"><input size=\"40\" maxlength=\"400\" class=\"wpcf7-form-control wpcf7-text\" aria-invalid=\"false\" value=\"\" type=\"text\" name=\"your-subject\" \/><\/span>\n\t<\/p>\n\t<p>Mesaj\u0131n\n\t<\/p>\n\t<p><span class=\"wpcf7-form-control-wrap\" data-name=\"your-message\"><textarea cols=\"40\" rows=\"10\" maxlength=\"2000\" class=\"wpcf7-form-control wpcf7-textarea\" aria-invalid=\"false\" name=\"your-message\"><\/textarea><\/span>\n\t<\/p>\n\t<p>Web Siteniz\/Web Sayfan\u0131z veya Facebook\n\t<\/p>\n\t<p><span class=\"wpcf7-form-control-wrap\" data-name=\"url-106\"><input size=\"40\" maxlength=\"400\" class=\"wpcf7-form-control wpcf7-url wpcf7-text wpcf7-validates-as-url\" aria-invalid=\"false\" value=\"\" type=\"url\" name=\"url-106\" \/><\/span>\n\t<\/p>\n\t<p><input type=\"hidden\" name=\"_mc4wp_lists[]\" value=\"bb200fd796\" \/>\n\t<\/p>\n\t<p><input class=\"wpcf7-form-control wpcf7-submit has-spinner\" type=\"submit\" value=\"G\u00f6ndermek\" \/>\n\t<\/p>\n<\/div><p style=\"display: none !important;\" class=\"akismet-fields-container\" data-prefix=\"_wpcf7_ak_\"><label>&#916;<textarea name=\"_wpcf7_ak_hp_textarea\" cols=\"45\" rows=\"8\" maxlength=\"100\"><\/textarea><\/label><input type=\"hidden\" id=\"ak_js_1\" name=\"_wpcf7_ak_js\" value=\"100\"\/><script>document.getElementById( \"ak_js_1\" ).setAttribute( \"value\", ( new Date() ).getTime() );<\/script><\/p><div class=\"wpcf7-response-output\" aria-hidden=\"true\"><\/div>\n<\/form>\n<\/div>\n\n","protected":false},"excerpt":{"rendered":"","protected":false},"author":2,"featured_media":0,"parent":0,"menu_order":0,"comment_status":"closed","ping_status":"open","template":"","meta":{"_acf_changed":false,"footnotes":""},"class_list":["post-5931","page","type-page","status-publish","hentry"],"acf":[],"yoast_head":"<!-- This site is optimized with the Yoast SEO plugin v26.0 - https:\/\/yoast.com\/wordpress\/plugins\/seo\/ -->\n<title>\u0130leti\u015fim - Pal\u00e9o-Energ\u00e9tique<\/title>\n<meta name=\"robots\" content=\"index, follow, max-snippet:-1, max-image-preview:large, max-video-preview:-1\" \/>\n<link rel=\"canonical\" href=\"https:\/\/paleo-energetique.org\/tr\/iletisim\/\" \/>\n<meta property=\"og:locale\" content=\"tr_TR\" \/>\n<meta property=\"og:type\" content=\"article\" \/>\n<meta property=\"og:title\" content=\"\u0130leti\u015fim - Pal\u00e9o-Energ\u00e9tique\" \/>\n<meta property=\"og:url\" content=\"https:\/\/paleo-energetique.org\/tr\/iletisim\/\" \/>\n<meta property=\"og:site_name\" content=\"Pal\u00e9o-Energ\u00e9tique\" \/>\n<meta property=\"article:publisher\" content=\"https:\/\/www.facebook.com\/paleoenergie\/\" \/>\n<meta property=\"og:image\" content=\"https:\/\/paleo-energetique.org\/wp-content\/uploads\/2017\/02\/paleo-energetique.jpg\" \/>\n\t<meta property=\"og:image:width\" content=\"1280\" \/>\n\t<meta property=\"og:image:height\" content=\"853\" \/>\n\t<meta property=\"og:image:type\" content=\"image\/jpeg\" \/>\n<meta name=\"twitter:card\" content=\"summary_large_image\" \/>\n<script type=\"application\/ld+json\" class=\"yoast-schema-graph\">{\"@context\":\"https:\/\/schema.org\",\"@graph\":[{\"@type\":\"WebPage\",\"@id\":\"https:\/\/paleo-energetique.org\/tr\/iletisim\/\",\"url\":\"https:\/\/paleo-energetique.org\/tr\/iletisim\/\",\"name\":\"\u0130leti\u015fim - Pal\u00e9o-Energ\u00e9tique\",\"isPartOf\":{\"@id\":\"https:\/\/paleo-energetique.org\/#website\"},\"datePublished\":\"2022-04-01T09:50:08+00:00\",\"breadcrumb\":{\"@id\":\"https:\/\/paleo-energetique.org\/tr\/iletisim\/#breadcrumb\"},\"inLanguage\":\"tr\",\"potentialAction\":[{\"@type\":\"ReadAction\",\"target\":[\"https:\/\/paleo-energetique.org\/tr\/iletisim\/\"]}]},{\"@type\":\"BreadcrumbList\",\"@id\":\"https:\/\/paleo-energetique.org\/tr\/iletisim\/#breadcrumb\",\"itemListElement\":[{\"@type\":\"ListItem\",\"position\":1,\"name\":\"Accueil\",\"item\":\"https:\/\/paleo-energetique.org\/\"},{\"@type\":\"ListItem\",\"position\":2,\"name\":\"\u0130leti\u015fim\"}]},{\"@type\":\"WebSite\",\"@id\":\"https:\/\/paleo-energetique.org\/#website\",\"url\":\"https:\/\/paleo-energetique.org\/\",\"name\":\"Pal\u00e9o-Energ\u00e9tique\",\"description\":\"R\u00e9inventer l&#039;Histoire de L&#039;\u00e9nergie\",\"potentialAction\":[{\"@type\":\"SearchAction\",\"target\":{\"@type\":\"EntryPoint\",\"urlTemplate\":\"https:\/\/paleo-energetique.org\/?s={search_term_string}\"},\"query-input\":{\"@type\":\"PropertyValueSpecification\",\"valueRequired\":true,\"valueName\":\"search_term_string\"}}],\"inLanguage\":\"tr\"}]}<\/script>\n<!-- \/ Yoast SEO plugin. -->","yoast_head_json":{"title":"\u0130leti\u015fim - Pal\u00e9o-Energ\u00e9tique","robots":{"index":"index","follow":"follow","max-snippet":"max-snippet:-1","max-image-preview":"max-image-preview:large","max-video-preview":"max-video-preview:-1"},"canonical":"https:\/\/paleo-energetique.org\/tr\/iletisim\/","og_locale":"tr_TR","og_type":"article","og_title":"\u0130leti\u015fim - Pal\u00e9o-Energ\u00e9tique","og_url":"https:\/\/paleo-energetique.org\/tr\/iletisim\/","og_site_name":"Pal\u00e9o-Energ\u00e9tique","article_publisher":"https:\/\/www.facebook.com\/paleoenergie\/","og_image":[{"width":1280,"height":853,"url":"https:\/\/paleo-energetique.org\/wp-content\/uploads\/2017\/02\/paleo-energetique.jpg","type":"image\/jpeg"}],"twitter_card":"summary_large_image","schema":{"@context":"https:\/\/schema.org","@graph":[{"@type":"WebPage","@id":"https:\/\/paleo-energetique.org\/tr\/iletisim\/","url":"https:\/\/paleo-energetique.org\/tr\/iletisim\/","name":"\u0130leti\u015fim - Pal\u00e9o-Energ\u00e9tique","isPartOf":{"@id":"https:\/\/paleo-energetique.org\/#website"},"datePublished":"2022-04-01T09:50:08+00:00","breadcrumb":{"@id":"https:\/\/paleo-energetique.org\/tr\/iletisim\/#breadcrumb"},"inLanguage":"tr","potentialAction":[{"@type":"ReadAction","target":["https:\/\/paleo-energetique.org\/tr\/iletisim\/"]}]},{"@type":"BreadcrumbList","@id":"https:\/\/paleo-energetique.org\/tr\/iletisim\/#breadcrumb","itemListElement":[{"@type":"ListItem","position":1,"name":"Accueil","item":"https:\/\/paleo-energetique.org\/"},{"@type":"ListItem","position":2,"name":"\u0130leti\u015fim"}]},{"@type":"WebSite","@id":"https:\/\/paleo-energetique.org\/#website","url":"https:\/\/paleo-energetique.org\/","name":"Pal\u00e9o-Energ\u00e9tique","description":"R\u00e9inventer l&#039;Histoire de L&#039;\u00e9nergie","potentialAction":[{"@type":"SearchAction","target":{"@type":"EntryPoint","urlTemplate":"https:\/\/paleo-energetique.org\/?s={search_term_string}"},"query-input":{"@type":"PropertyValueSpecification","valueRequired":true,"valueName":"search_term_string"}}],"inLanguage":"tr"}]}},"_links":{"self":[{"href":"https:\/\/paleo-energetique.org\/tr\/wp-json\/wp\/v2\/pages\/5931","targetHints":{"allow":["GET"]}}],"collection":[{"href":"https:\/\/paleo-energetique.org\/tr\/wp-json\/wp\/v2\/pages"}],"about":[{"href":"https:\/\/paleo-energetique.org\/tr\/wp-json\/wp\/v2\/types\/page"}],"author":[{"embeddable":true,"href":"https:\/\/paleo-energetique.org\/tr\/wp-json\/wp\/v2\/users\/2"}],"replies":[{"embeddable":true,"href":"https:\/\/paleo-energetique.org\/tr\/wp-json\/wp\/v2\/comments?post=5931"}],"version-history":[{"count":0,"href":"https:\/\/paleo-energetique.org\/tr\/wp-json\/wp\/v2\/pages\/5931\/revisions"}],"wp:attachment":[{"href":"https:\/\/paleo-energetique.org\/tr\/wp-json\/wp\/v2\/media?parent=5931"}],"curies":[{"name":"wp","href":"https:\/\/api.w.org\/{rel}","templated":true}]}}