{"id":5912,"date":"2022-03-31T21:48:22","date_gmt":"2022-03-31T21:48:22","guid":{"rendered":"https:\/\/paleo-energetique.org\/?page_id=5912"},"modified":"2022-03-31T21:48:22","modified_gmt":"2022-03-31T21:48:22","slug":"ortaklar","status":"publish","type":"page","link":"https:\/\/paleo-energetique.org\/tr\/ortaklar\/","title":{"rendered":"Ortaklar"},"content":{"rendered":"<p>&nbsp;<\/p>\n<hr \/>\n<h3 style=\"text-align: center;\"><strong>B\u0130Z\u0130 DESTEKLER<\/strong><span style=\"text-decoration: underline;\"><br \/>\n<\/span><\/h3>\n<hr \/>\n<p><center><\/center><center><a href=\"https:\/\/www.se.com\/ww\/fr\/\"><img decoding=\"async\" class=\"alignnone wp-image-4384 size-full\" src=\"http:\/\/paleo-energetique.org\/wp-content\/uploads\/2019\/11\/SE_Fondation_Logo_Compact_RGB_Green.png\" alt=\"\" width=\"252\" height=\"100\" \/><\/a>\u00a0 \u00a0 \u00a0 \u00a0\u00a0\u00a0<a href=\"http:\/\/paleo-energetique.org\/wp-content\/uploads\/2014\/12\/ifm.jpg\"><img decoding=\"async\" class=\"alignnone wp-image-1474\" src=\"https:\/\/paleo-energetique.org\/wp-content\/uploads\/2014\/12\/Logo-Fondation-RVB-1-1024x322.jpg\" alt=\"\" width=\"318\" height=\"100\" srcset=\"https:\/\/paleo-energetique.org\/wp-content\/uploads\/2014\/12\/Logo-Fondation-RVB-1-1024x322.jpg 1024w, https:\/\/paleo-energetique.org\/wp-content\/uploads\/2014\/12\/Logo-Fondation-RVB-1-826x260.jpg 826w, https:\/\/paleo-energetique.org\/wp-content\/uploads\/2014\/12\/Logo-Fondation-RVB-1-768x242.jpg 768w, https:\/\/paleo-energetique.org\/wp-content\/uploads\/2014\/12\/Logo-Fondation-RVB-1.jpg 1194w\" sizes=\"(max-width: 318px) 100vw, 318px\" \/><br \/>\n<\/a><\/center><center><\/center><center><a href=\"https:\/\/www.qarnot.com\/\"><img decoding=\"async\" class=\"alignnone wp-image-1240 size-full\" src=\"http:\/\/paleo-energetique.org\/wp-content\/uploads\/2014\/12\/qarnot-computing.png\" alt=\"Qarnot-Computing\" width=\"300\" height=\"99\" \/><\/a><\/center>&nbsp;<\/p>\n<hr \/>\n<p>&nbsp;<\/p>\n<h3 style=\"text-align: center;\"><strong>PALEO-ENERGETIQUE LAB<\/strong><span style=\"text-decoration: underline;\"><br \/>\n<\/span><\/h3>\n<p>&nbsp;<\/p>\n<p><a href=\"http:\/\/www.paleo-energetique.org\/wp-content\/uploads\/2014\/12\/paleo-la-pailasse.png\"><img loading=\"lazy\" decoding=\"async\" class=\"aligncenter wp-image-309 size-full \" src=\"http:\/\/www.paleo-energetique.org\/wp-content\/uploads\/2014\/12\/paleo-la-pailasse.png\" alt=\"\" width=\"608\" height=\"138\" srcset=\"https:\/\/paleo-energetique.org\/wp-content\/uploads\/2014\/12\/paleo-la-pailasse.png 608w, https:\/\/paleo-energetique.org\/wp-content\/uploads\/2014\/12\/paleo-la-pailasse-600x136.png 600w\" sizes=\"(max-width: 608px) 100vw, 608px\" \/> <\/a><\/p>\n<p lang=\"fr-FR\">Paleo-enerjili LAB, nedir bu?<\/p>\n<p lang=\"fr-FR\">Paleo Laboratuvar\u0131, ara\u015ft\u0131rma program\u0131n\u0131n deneysel k\u0131sm\u0131d\u0131r. Ger\u00e7ek bir enerji yenilikleri mahkemesi olan fikir, kamuya a\u00e7\u0131k hale gelen patentleri yeniden de\u011ferlendirmek ve yeniden yorumlamak, hatta onlar\u0131 g\u00fcncellemeyi d\u00fc\u015f\u00fcnmektir&#8230; Projede oldu\u011fu gibi <a href=\"http:\/\/paleo - &lt;a href=\">buradan<\/a>.<\/p>\n<p>La Paillasse, Paris&#8217;te 226 rue Saint Denis adresindeki 750 m2&#8217;lik yeni binas\u0131na yeni ta\u015f\u0131nan vatanda\u015f teknolojileri ve biyoteknolojileri i\u00e7in bir topluluk laboratuvar\u0131 olan bir biohackerspace&#8217;dir. La Paillasse toplulu\u011fu, biyoloji ve biyoteknoloji i\u00e7in bir merak\u0131 payla\u015fan ve ya\u015fam bilimleri etraf\u0131nda kendi becerilerini hayata ge\u00e7irerek kendi projelerini birlikte yaratma arzusunu payla\u015fan \u00e7ok farkl\u0131 ge\u00e7mi\u015flerden gelen merakl\u0131lardan olu\u015fur. ki\u015fisel. Orada bulu\u015facaks\u0131n\u0131z, t\u00fcm disiplinlerden, merakl\u0131lardan, doktora \u00f6\u011frencilerinden, \u00f6\u011frencilerden, bilgisayar korsanlar\u0131ndan, tasar\u0131mc\u0131lardan, sanat\u00e7\u0131lardan, m\u00fchendislerden, ara\u015ft\u0131rmac\u0131lardan, sosyologlardan, filozoflardan&#8230; Biohackerspace La Paillasse, Fransa&#8217;n\u0131n herkese a\u00e7\u0131k ilk modern biyoloji laboratuvar\u0131d\u0131r. La Paillasse ayr\u0131ca a\u00e7\u0131k ara\u015ft\u0131rmaya, kat\u0131l\u0131m ve i\u015fbirli\u011finin ara\u015ft\u0131rman\u0131n ba\u015far\u0131s\u0131 i\u00e7in fakt\u00f6rlerden biri oldu\u011funu zaten \u00f6rneklerle g\u00f6steren bu a\u00e7\u0131k ara\u015ft\u0131rmaya da yans\u0131yor.<\/p>\n<p lang=\"fr-FR\">Bakterilerle ilgili bir proje de dahil olmak \u00fczere ortaya \u00e7\u0131kar\u0131lan bu ilk bulu\u015flar i\u00e7in <a href=\"http:\/\/lapaillasse.org\/\" target=\"_blank\" rel=\"noopener noreferrer\">La Paillasse <\/a>, biyo-hacker toplulu\u011funa bir bakteriyi ele ge\u00e7irme f\u0131rsat\u0131 sunacak olan <b>Pal\u00e9o-\u00e9nerg\u00e9tique Lab<\/b>&#8216;i memnuniyetle kar\u015f\u0131l\u0131yor.<\/p>\n<h3 lang=\"fr-FR\" style=\"text-align: center;\"><strong>PALEO-ENERGETIQUE ECOSYSTEME<\/strong><\/h3>\n<hr \/>\n<p lang=\"fr-FR\" style=\"text-align: center;\"><a href=\"http:\/\/paleo-energetique.org\/wp-content\/uploads\/2014\/12\/ecosysteme-paleo-copie2.jpg\"><img loading=\"lazy\" decoding=\"async\" class=\"alignnone wp-image-1079 size-full\" src=\"http:\/\/paleo-energetique.org\/wp-content\/uploads\/2014\/12\/ecosysteme-paleo-copie2.jpg\" alt=\"ecosysteme-paleo-copie2\" width=\"2500\" height=\"1641\" srcset=\"https:\/\/paleo-energetique.org\/wp-content\/uploads\/2014\/12\/ecosysteme-paleo-copie2.jpg 2500w, https:\/\/paleo-energetique.org\/wp-content\/uploads\/2014\/12\/ecosysteme-paleo-copie2-396x260.jpg 396w, https:\/\/paleo-energetique.org\/wp-content\/uploads\/2014\/12\/ecosysteme-paleo-copie2-768x504.jpg 768w, https:\/\/paleo-energetique.org\/wp-content\/uploads\/2014\/12\/ecosysteme-paleo-copie2-1024x672.jpg 1024w, https:\/\/paleo-energetique.org\/wp-content\/uploads\/2014\/12\/ecosysteme-paleo-copie2-600x394.jpg 600w\" sizes=\"(max-width: 2500px) 100vw, 2500px\" \/><\/a><\/p>\n<div id=\"attachment_1636\" style=\"width: 510px\" class=\"wp-caption aligncenter\"><img loading=\"lazy\" decoding=\"async\" aria-describedby=\"caption-attachment-1636\" class=\"wp-image-1636 size-full\" src=\"https:\/\/paleo-energetique.org\/wp-content\/uploads\/2017\/08\/Logo-Mondo-Agit.png\" alt=\"\" width=\"500\" height=\"300\" srcset=\"https:\/\/paleo-energetique.org\/wp-content\/uploads\/2017\/08\/Logo-Mondo-Agit.png 500w, https:\/\/paleo-energetique.org\/wp-content\/uploads\/2017\/08\/Logo-Mondo-Agit-433x260.png 433w\" sizes=\"(max-width: 500px) 100vw, 500px\" \/><p id=\"caption-attachment-1636\" class=\"wp-caption-text\">\u00dcbersetzung ins Deutsche im Rahmen der PerMondo Initiative f\u00fcr ehrenamtliche \u00dcbersetzung von Dokumenten und Webseiten f\u00fcr NGOs und nicht profitorientierte Vereine.<br \/>Translation into German within the framework of the PerMondo Initiative for the voluntary translation of documents and websites for NGOs and non-professional associations.<\/p><\/div>\n<p lang=\"fr-FR\" style=\"text-align: center;\">\n","protected":false},"excerpt":{"rendered":"<p>&nbsp; B\u0130Z\u0130 DESTEKLER \u00a0 \u00a0 \u00a0 \u00a0\u00a0\u00a0 &nbsp; &nbsp; PALEO-ENERGETIQUE LAB &nbsp; Paleo-enerjili LAB, nedir bu? Paleo Laboratuvar\u0131, ara\u015ft\u0131rma program\u0131n\u0131n deneysel k\u0131sm\u0131d\u0131r. Ger\u00e7ek bir enerji yenilikleri mahkemesi olan fikir, kamuya a\u00e7\u0131k hale gelen patentleri yeniden de\u011ferlendirmek ve yeniden yorumlamak, hatta onlar\u0131 g\u00fcncellemeyi d\u00fc\u015f\u00fcnmektir&#8230; Projede oldu\u011fu [&hellip;]<\/p>\n","protected":false},"author":2,"featured_media":0,"parent":0,"menu_order":0,"comment_status":"closed","ping_status":"open","template":"","meta":{"_acf_changed":false,"footnotes":""},"tags":[],"class_list":["post-5912","page","type-page","status-publish","hentry"],"acf":[],"yoast_head":"<!-- This site is optimized with the Yoast SEO plugin v26.0 - https:\/\/yoast.com\/wordpress\/plugins\/seo\/ -->\n<title>Ortaklar - Pal\u00e9o-Energ\u00e9tique<\/title>\n<meta name=\"robots\" content=\"index, follow, max-snippet:-1, max-image-preview:large, max-video-preview:-1\" \/>\n<link rel=\"canonical\" href=\"https:\/\/paleo-energetique.org\/tr\/ortaklar\/\" \/>\n<meta property=\"og:locale\" content=\"tr_TR\" \/>\n<meta property=\"og:type\" content=\"article\" \/>\n<meta property=\"og:title\" content=\"Ortaklar - Pal\u00e9o-Energ\u00e9tique\" \/>\n<meta property=\"og:description\" content=\"&nbsp; B\u0130Z\u0130 DESTEKLER \u00a0 \u00a0 \u00a0 \u00a0\u00a0\u00a0 &nbsp; &nbsp; PALEO-ENERGETIQUE LAB &nbsp; Paleo-enerjili LAB, nedir bu? Paleo Laboratuvar\u0131, ara\u015ft\u0131rma program\u0131n\u0131n deneysel k\u0131sm\u0131d\u0131r. Ger\u00e7ek bir enerji yenilikleri mahkemesi olan fikir, kamuya a\u00e7\u0131k hale gelen patentleri yeniden de\u011ferlendirmek ve yeniden yorumlamak, hatta onlar\u0131 g\u00fcncellemeyi d\u00fc\u015f\u00fcnmektir&#8230; Projede oldu\u011fu [&hellip;]\" \/>\n<meta property=\"og:url\" content=\"https:\/\/paleo-energetique.org\/tr\/ortaklar\/\" \/>\n<meta property=\"og:site_name\" content=\"Pal\u00e9o-Energ\u00e9tique\" \/>\n<meta property=\"article:publisher\" content=\"https:\/\/www.facebook.com\/paleoenergie\/\" \/>\n<meta property=\"og:image\" content=\"http:\/\/paleo-energetique.org\/wp-content\/uploads\/2019\/11\/SE_Fondation_Logo_Compact_RGB_Green.png\" \/>\n<meta name=\"twitter:card\" content=\"summary_large_image\" \/>\n<meta name=\"twitter:label1\" content=\"Tahmini okuma s\u00fcresi\" \/>\n\t<meta name=\"twitter:data1\" content=\"2 dakika\" \/>\n<script type=\"application\/ld+json\" class=\"yoast-schema-graph\">{\"@context\":\"https:\/\/schema.org\",\"@graph\":[{\"@type\":\"WebPage\",\"@id\":\"https:\/\/paleo-energetique.org\/tr\/ortaklar\/\",\"url\":\"https:\/\/paleo-energetique.org\/tr\/ortaklar\/\",\"name\":\"Ortaklar - Pal\u00e9o-Energ\u00e9tique\",\"isPartOf\":{\"@id\":\"https:\/\/paleo-energetique.org\/#website\"},\"primaryImageOfPage\":{\"@id\":\"https:\/\/paleo-energetique.org\/tr\/ortaklar\/#primaryimage\"},\"image\":{\"@id\":\"https:\/\/paleo-energetique.org\/tr\/ortaklar\/#primaryimage\"},\"thumbnailUrl\":\"http:\/\/paleo-energetique.org\/wp-content\/uploads\/2019\/11\/SE_Fondation_Logo_Compact_RGB_Green.png\",\"datePublished\":\"2022-03-31T21:48:22+00:00\",\"breadcrumb\":{\"@id\":\"https:\/\/paleo-energetique.org\/tr\/ortaklar\/#breadcrumb\"},\"inLanguage\":\"tr\",\"potentialAction\":[{\"@type\":\"ReadAction\",\"target\":[\"https:\/\/paleo-energetique.org\/tr\/ortaklar\/\"]}]},{\"@type\":\"ImageObject\",\"inLanguage\":\"tr\",\"@id\":\"https:\/\/paleo-energetique.org\/tr\/ortaklar\/#primaryimage\",\"url\":\"http:\/\/paleo-energetique.org\/wp-content\/uploads\/2019\/11\/SE_Fondation_Logo_Compact_RGB_Green.png\",\"contentUrl\":\"http:\/\/paleo-energetique.org\/wp-content\/uploads\/2019\/11\/SE_Fondation_Logo_Compact_RGB_Green.png\"},{\"@type\":\"BreadcrumbList\",\"@id\":\"https:\/\/paleo-energetique.org\/tr\/ortaklar\/#breadcrumb\",\"itemListElement\":[{\"@type\":\"ListItem\",\"position\":1,\"name\":\"Accueil\",\"item\":\"https:\/\/paleo-energetique.org\/\"},{\"@type\":\"ListItem\",\"position\":2,\"name\":\"Ortaklar\"}]},{\"@type\":\"WebSite\",\"@id\":\"https:\/\/paleo-energetique.org\/#website\",\"url\":\"https:\/\/paleo-energetique.org\/\",\"name\":\"Pal\u00e9o-Energ\u00e9tique\",\"description\":\"R\u00e9inventer l&#039;Histoire de L&#039;\u00e9nergie\",\"potentialAction\":[{\"@type\":\"SearchAction\",\"target\":{\"@type\":\"EntryPoint\",\"urlTemplate\":\"https:\/\/paleo-energetique.org\/?s={search_term_string}\"},\"query-input\":{\"@type\":\"PropertyValueSpecification\",\"valueRequired\":true,\"valueName\":\"search_term_string\"}}],\"inLanguage\":\"tr\"}]}<\/script>\n<!-- \/ Yoast SEO plugin. -->","yoast_head_json":{"title":"Ortaklar - Pal\u00e9o-Energ\u00e9tique","robots":{"index":"index","follow":"follow","max-snippet":"max-snippet:-1","max-image-preview":"max-image-preview:large","max-video-preview":"max-video-preview:-1"},"canonical":"https:\/\/paleo-energetique.org\/tr\/ortaklar\/","og_locale":"tr_TR","og_type":"article","og_title":"Ortaklar - Pal\u00e9o-Energ\u00e9tique","og_description":"&nbsp; B\u0130Z\u0130 DESTEKLER \u00a0 \u00a0 \u00a0 \u00a0\u00a0\u00a0 &nbsp; &nbsp; PALEO-ENERGETIQUE LAB &nbsp; Paleo-enerjili LAB, nedir bu? Paleo Laboratuvar\u0131, ara\u015ft\u0131rma program\u0131n\u0131n deneysel k\u0131sm\u0131d\u0131r. Ger\u00e7ek bir enerji yenilikleri mahkemesi olan fikir, kamuya a\u00e7\u0131k hale gelen patentleri yeniden de\u011ferlendirmek ve yeniden yorumlamak, hatta onlar\u0131 g\u00fcncellemeyi d\u00fc\u015f\u00fcnmektir&#8230; Projede oldu\u011fu [&hellip;]","og_url":"https:\/\/paleo-energetique.org\/tr\/ortaklar\/","og_site_name":"Pal\u00e9o-Energ\u00e9tique","article_publisher":"https:\/\/www.facebook.com\/paleoenergie\/","og_image":[{"url":"http:\/\/paleo-energetique.org\/wp-content\/uploads\/2019\/11\/SE_Fondation_Logo_Compact_RGB_Green.png","type":"","width":"","height":""}],"twitter_card":"summary_large_image","twitter_misc":{"Tahmini okuma s\u00fcresi":"2 dakika"},"schema":{"@context":"https:\/\/schema.org","@graph":[{"@type":"WebPage","@id":"https:\/\/paleo-energetique.org\/tr\/ortaklar\/","url":"https:\/\/paleo-energetique.org\/tr\/ortaklar\/","name":"Ortaklar - Pal\u00e9o-Energ\u00e9tique","isPartOf":{"@id":"https:\/\/paleo-energetique.org\/#website"},"primaryImageOfPage":{"@id":"https:\/\/paleo-energetique.org\/tr\/ortaklar\/#primaryimage"},"image":{"@id":"https:\/\/paleo-energetique.org\/tr\/ortaklar\/#primaryimage"},"thumbnailUrl":"http:\/\/paleo-energetique.org\/wp-content\/uploads\/2019\/11\/SE_Fondation_Logo_Compact_RGB_Green.png","datePublished":"2022-03-31T21:48:22+00:00","breadcrumb":{"@id":"https:\/\/paleo-energetique.org\/tr\/ortaklar\/#breadcrumb"},"inLanguage":"tr","potentialAction":[{"@type":"ReadAction","target":["https:\/\/paleo-energetique.org\/tr\/ortaklar\/"]}]},{"@type":"ImageObject","inLanguage":"tr","@id":"https:\/\/paleo-energetique.org\/tr\/ortaklar\/#primaryimage","url":"http:\/\/paleo-energetique.org\/wp-content\/uploads\/2019\/11\/SE_Fondation_Logo_Compact_RGB_Green.png","contentUrl":"http:\/\/paleo-energetique.org\/wp-content\/uploads\/2019\/11\/SE_Fondation_Logo_Compact_RGB_Green.png"},{"@type":"BreadcrumbList","@id":"https:\/\/paleo-energetique.org\/tr\/ortaklar\/#breadcrumb","itemListElement":[{"@type":"ListItem","position":1,"name":"Accueil","item":"https:\/\/paleo-energetique.org\/"},{"@type":"ListItem","position":2,"name":"Ortaklar"}]},{"@type":"WebSite","@id":"https:\/\/paleo-energetique.org\/#website","url":"https:\/\/paleo-energetique.org\/","name":"Pal\u00e9o-Energ\u00e9tique","description":"R\u00e9inventer l&#039;Histoire de L&#039;\u00e9nergie","potentialAction":[{"@type":"SearchAction","target":{"@type":"EntryPoint","urlTemplate":"https:\/\/paleo-energetique.org\/?s={search_term_string}"},"query-input":{"@type":"PropertyValueSpecification","valueRequired":true,"valueName":"search_term_string"}}],"inLanguage":"tr"}]}},"_links":{"self":[{"href":"https:\/\/paleo-energetique.org\/tr\/wp-json\/wp\/v2\/pages\/5912","targetHints":{"allow":["GET"]}}],"collection":[{"href":"https:\/\/paleo-energetique.org\/tr\/wp-json\/wp\/v2\/pages"}],"about":[{"href":"https:\/\/paleo-energetique.org\/tr\/wp-json\/wp\/v2\/types\/page"}],"author":[{"embeddable":true,"href":"https:\/\/paleo-energetique.org\/tr\/wp-json\/wp\/v2\/users\/2"}],"replies":[{"embeddable":true,"href":"https:\/\/paleo-energetique.org\/tr\/wp-json\/wp\/v2\/comments?post=5912"}],"version-history":[{"count":0,"href":"https:\/\/paleo-energetique.org\/tr\/wp-json\/wp\/v2\/pages\/5912\/revisions"}],"wp:attachment":[{"href":"https:\/\/paleo-energetique.org\/tr\/wp-json\/wp\/v2\/media?parent=5912"}],"wp:term":[{"taxonomy":"post_tag","embeddable":true,"href":"https:\/\/paleo-energetique.org\/tr\/wp-json\/wp\/v2\/tags?post=5912"}],"curies":[{"name":"wp","href":"https:\/\/api.w.org\/{rel}","templated":true}]}}