{"id":5866,"date":"2022-03-31T21:05:50","date_gmt":"2022-03-31T21:05:50","guid":{"rendered":"https:\/\/paleo-energetique.org\/?page_id=5866"},"modified":"2022-03-31T21:05:50","modified_gmt":"2022-03-31T21:05:50","slug":"sehir-kiti","status":"publish","type":"page","link":"https:\/\/paleo-energetique.org\/tr\/sergi\/sehir-kiti\/","title":{"rendered":"\u015eehir kiti"},"content":{"rendered":"<h2 style=\"text-align: center;\">\u015eehir kiti<\/h2>\n<p style=\"text-align: center;\">Etkinlikler d\u00fczenleyerek ve onlar\u0131 belirlemek, g\u00fc\u00e7lendirmek ve canland\u0131rmak i\u00e7in enerji ara\u015ft\u0131rmalar\u0131n\u0131 te\u015fvik ederek \u015fehirler, okullar ve topluluklarla birlikte \u00e7al\u0131\u015f\u0131yoruz. Tarihe ve kolektif yarat\u0131c\u0131l\u0131\u011fa sesleniyoruz: amac\u0131m\u0131z, gelece\u011fi hayal etmek i\u00e7in ge\u00e7mi\u015fi ke\u015ffetmek, senaryolar geli\u015ftirmek ve enerjinin hem n\u00fcfus hem de mucitler i\u00e7in eski bir sorun oldu\u011funu g\u00f6stermek.<\/p>\n<p style=\"text-align: center;\"><a class=\"myButton\" href=\"https:\/\/paleo-energetique.org\/Kit-pour-les-communes.pdf\" target=\"_blank\" rel=\"noopener\">\u0130ND\u0130RMEK<\/a><\/p>\n<p style=\"text-align: center;\"><div style=\"display:block\">\n<!-- FlowPaper PDF flipbook plugin v.2.0.6 wordpress.org\/plugins\/flowpaper\/ -->\n<iframe title=\"FlowPaper flipbook pdf viewer\" width=\"100%\" height=\"500\" scrolling=\"no\" class=\"flowpaper-class\" frameborder=\"0\" allowFullScreen=\"true\" lightbox=\"false\" cover id src = \"https:\/\/flowpaper.com\/flipbook\/?pdf=https:\/\/paleo-energetique.org\/Kit-pour-les-communes.pdf&title=&header=&theme=&singlepage=&thumbs=1&modified=220331905\" seamless=\"seamless\" style=\"margin-bottom:0;display:block;\">Your browser does not seem to support iframes. <a href=\"https:\/\/flowpaper.com\/flipbook\/?pdf=https:\/\/paleo-energetique.org\/Kit-pour-les-communes.pdf\" target=\"_blank\">Click here to read this PDF<\/a>.<\/iframe>\n<div id=\"flowpaper-logo-bottom\" class=\"flowpaper-logo-bg\" style=\"background:linear-gradient(to right, rgba(0,0,0,0.65) 0%,rgba(0,0,0,0) 200px);width:100%;height:19px; padding-bottom: 1px; padding-left: 5px; padding-right: 10px; display: flex; align-items: center;z-index:9999\"><span style=\"height: 37px; padding-left: 6px;width:90%\"> <a id=\"flowpaper-link\" style=\"fill: #fff\" alt=\"FlowPaper logotype\" title=\"FlowPaper logotype\" href=\"https:\/\/flowpaper.com\" target=\"_blank\"> <img decoding=\"async\" alt=\"Publish PDF flipbooks online\" style=\"height:17px;width:auto;margin-top:11px;\" src=\"https:\/\/paleo-energetique.org\/wp-content\/plugins\/flowpaper-lite-pdf-flipbook\/assets\/flowpaper-logo.png\" border=\"0\"> <\/a> <\/span><span style=\" float: right; right: 0; font-size: 10px; white-space: nowrap; opacity:0.8\"><a href=\"https:\/\/flowpaper.com\/flipbook-maker\/\" target=\"_new\" style=\"text-decoration:none;border-bottom:none;\">Created using FlowPaper Flipbook Maker &#8599;<\/a><\/span><\/div><\/div>\r\n                <script>\r\n                document.addEventListener(\"DOMContentLoaded\", function(){\r\n                    var target_element, iframe_element;\r\n                    iframe_element = document.querySelector(\"iframe.flowpaper-class\");\r\n                    target_element = document.querySelector(\"\");\r\n                    iframe_element.style.height = target_element.offsetHeight + \"px\";\r\n                });\r\n                <\/script>\r\n            <\/p>\n","protected":false},"excerpt":{"rendered":"<p>\u015eehir kiti Etkinlikler d\u00fczenleyerek ve onlar\u0131 belirlemek, g\u00fc\u00e7lendirmek ve canland\u0131rmak i\u00e7in enerji ara\u015ft\u0131rmalar\u0131n\u0131 te\u015fvik ederek \u015fehirler, okullar ve topluluklarla birlikte \u00e7al\u0131\u015f\u0131yoruz. Tarihe ve kolektif yarat\u0131c\u0131l\u0131\u011fa sesleniyoruz: amac\u0131m\u0131z, gelece\u011fi hayal etmek i\u00e7in ge\u00e7mi\u015fi ke\u015ffetmek, senaryolar geli\u015ftirmek ve enerjinin hem n\u00fcfus hem de mucitler i\u00e7in eski bir [&hellip;]<\/p>\n","protected":false},"author":2,"featured_media":0,"parent":5872,"menu_order":0,"comment_status":"closed","ping_status":"closed","template":"","meta":{"_acf_changed":false,"footnotes":""},"tags":[],"class_list":["post-5866","page","type-page","status-publish","hentry"],"acf":[],"yoast_head":"<!-- This site is optimized with the Yoast SEO plugin v26.0 - https:\/\/yoast.com\/wordpress\/plugins\/seo\/ -->\n<title>\u015eehir kiti - Pal\u00e9o-Energ\u00e9tique<\/title>\n<meta name=\"robots\" content=\"index, follow, max-snippet:-1, max-image-preview:large, max-video-preview:-1\" \/>\n<link rel=\"canonical\" href=\"https:\/\/paleo-energetique.org\/tr\/sergi\/sehir-kiti\/\" \/>\n<meta property=\"og:locale\" content=\"tr_TR\" \/>\n<meta property=\"og:type\" content=\"article\" \/>\n<meta property=\"og:title\" content=\"\u015eehir kiti - Pal\u00e9o-Energ\u00e9tique\" \/>\n<meta property=\"og:description\" content=\"\u015eehir kiti Etkinlikler d\u00fczenleyerek ve onlar\u0131 belirlemek, g\u00fc\u00e7lendirmek ve canland\u0131rmak i\u00e7in enerji ara\u015ft\u0131rmalar\u0131n\u0131 te\u015fvik ederek \u015fehirler, okullar ve topluluklarla birlikte \u00e7al\u0131\u015f\u0131yoruz. Tarihe ve kolektif yarat\u0131c\u0131l\u0131\u011fa sesleniyoruz: amac\u0131m\u0131z, gelece\u011fi hayal etmek i\u00e7in ge\u00e7mi\u015fi ke\u015ffetmek, senaryolar geli\u015ftirmek ve enerjinin hem n\u00fcfus hem de mucitler i\u00e7in eski bir [&hellip;]\" \/>\n<meta property=\"og:url\" content=\"https:\/\/paleo-energetique.org\/tr\/sergi\/sehir-kiti\/\" \/>\n<meta property=\"og:site_name\" content=\"Pal\u00e9o-Energ\u00e9tique\" \/>\n<meta property=\"article:publisher\" content=\"https:\/\/www.facebook.com\/paleoenergie\/\" \/>\n<meta property=\"og:image\" content=\"https:\/\/paleo-energetique.org\/wp-content\/uploads\/2017\/02\/paleo-energetique.jpg\" \/>\n\t<meta property=\"og:image:width\" content=\"1280\" \/>\n\t<meta property=\"og:image:height\" content=\"853\" \/>\n\t<meta property=\"og:image:type\" content=\"image\/jpeg\" \/>\n<meta name=\"twitter:card\" content=\"summary_large_image\" \/>\n<script type=\"application\/ld+json\" class=\"yoast-schema-graph\">{\"@context\":\"https:\/\/schema.org\",\"@graph\":[{\"@type\":\"WebPage\",\"@id\":\"https:\/\/paleo-energetique.org\/tr\/sergi\/sehir-kiti\/\",\"url\":\"https:\/\/paleo-energetique.org\/tr\/sergi\/sehir-kiti\/\",\"name\":\"\u015eehir kiti - Pal\u00e9o-Energ\u00e9tique\",\"isPartOf\":{\"@id\":\"https:\/\/paleo-energetique.org\/#website\"},\"datePublished\":\"2022-03-31T21:05:50+00:00\",\"breadcrumb\":{\"@id\":\"https:\/\/paleo-energetique.org\/tr\/sergi\/sehir-kiti\/#breadcrumb\"},\"inLanguage\":\"tr\",\"potentialAction\":[{\"@type\":\"ReadAction\",\"target\":[\"https:\/\/paleo-energetique.org\/tr\/sergi\/sehir-kiti\/\"]}]},{\"@type\":\"BreadcrumbList\",\"@id\":\"https:\/\/paleo-energetique.org\/tr\/sergi\/sehir-kiti\/#breadcrumb\",\"itemListElement\":[{\"@type\":\"ListItem\",\"position\":1,\"name\":\"Accueil\",\"item\":\"https:\/\/paleo-energetique.org\/\"},{\"@type\":\"ListItem\",\"position\":2,\"name\":\"Sergi\",\"item\":\"https:\/\/paleo-energetique.org\/tr\/sergi\/\"},{\"@type\":\"ListItem\",\"position\":3,\"name\":\"\u015eehir kiti\"}]},{\"@type\":\"WebSite\",\"@id\":\"https:\/\/paleo-energetique.org\/#website\",\"url\":\"https:\/\/paleo-energetique.org\/\",\"name\":\"Pal\u00e9o-Energ\u00e9tique\",\"description\":\"R\u00e9inventer l&#039;Histoire de L&#039;\u00e9nergie\",\"potentialAction\":[{\"@type\":\"SearchAction\",\"target\":{\"@type\":\"EntryPoint\",\"urlTemplate\":\"https:\/\/paleo-energetique.org\/?s={search_term_string}\"},\"query-input\":{\"@type\":\"PropertyValueSpecification\",\"valueRequired\":true,\"valueName\":\"search_term_string\"}}],\"inLanguage\":\"tr\"}]}<\/script>\n<!-- \/ Yoast SEO plugin. -->","yoast_head_json":{"title":"\u015eehir kiti - Pal\u00e9o-Energ\u00e9tique","robots":{"index":"index","follow":"follow","max-snippet":"max-snippet:-1","max-image-preview":"max-image-preview:large","max-video-preview":"max-video-preview:-1"},"canonical":"https:\/\/paleo-energetique.org\/tr\/sergi\/sehir-kiti\/","og_locale":"tr_TR","og_type":"article","og_title":"\u015eehir kiti - Pal\u00e9o-Energ\u00e9tique","og_description":"\u015eehir kiti Etkinlikler d\u00fczenleyerek ve onlar\u0131 belirlemek, g\u00fc\u00e7lendirmek ve canland\u0131rmak i\u00e7in enerji ara\u015ft\u0131rmalar\u0131n\u0131 te\u015fvik ederek \u015fehirler, okullar ve topluluklarla birlikte \u00e7al\u0131\u015f\u0131yoruz. Tarihe ve kolektif yarat\u0131c\u0131l\u0131\u011fa sesleniyoruz: amac\u0131m\u0131z, gelece\u011fi hayal etmek i\u00e7in ge\u00e7mi\u015fi ke\u015ffetmek, senaryolar geli\u015ftirmek ve enerjinin hem n\u00fcfus hem de mucitler i\u00e7in eski bir [&hellip;]","og_url":"https:\/\/paleo-energetique.org\/tr\/sergi\/sehir-kiti\/","og_site_name":"Pal\u00e9o-Energ\u00e9tique","article_publisher":"https:\/\/www.facebook.com\/paleoenergie\/","og_image":[{"width":1280,"height":853,"url":"https:\/\/paleo-energetique.org\/wp-content\/uploads\/2017\/02\/paleo-energetique.jpg","type":"image\/jpeg"}],"twitter_card":"summary_large_image","schema":{"@context":"https:\/\/schema.org","@graph":[{"@type":"WebPage","@id":"https:\/\/paleo-energetique.org\/tr\/sergi\/sehir-kiti\/","url":"https:\/\/paleo-energetique.org\/tr\/sergi\/sehir-kiti\/","name":"\u015eehir kiti - Pal\u00e9o-Energ\u00e9tique","isPartOf":{"@id":"https:\/\/paleo-energetique.org\/#website"},"datePublished":"2022-03-31T21:05:50+00:00","breadcrumb":{"@id":"https:\/\/paleo-energetique.org\/tr\/sergi\/sehir-kiti\/#breadcrumb"},"inLanguage":"tr","potentialAction":[{"@type":"ReadAction","target":["https:\/\/paleo-energetique.org\/tr\/sergi\/sehir-kiti\/"]}]},{"@type":"BreadcrumbList","@id":"https:\/\/paleo-energetique.org\/tr\/sergi\/sehir-kiti\/#breadcrumb","itemListElement":[{"@type":"ListItem","position":1,"name":"Accueil","item":"https:\/\/paleo-energetique.org\/"},{"@type":"ListItem","position":2,"name":"Sergi","item":"https:\/\/paleo-energetique.org\/tr\/sergi\/"},{"@type":"ListItem","position":3,"name":"\u015eehir kiti"}]},{"@type":"WebSite","@id":"https:\/\/paleo-energetique.org\/#website","url":"https:\/\/paleo-energetique.org\/","name":"Pal\u00e9o-Energ\u00e9tique","description":"R\u00e9inventer l&#039;Histoire de L&#039;\u00e9nergie","potentialAction":[{"@type":"SearchAction","target":{"@type":"EntryPoint","urlTemplate":"https:\/\/paleo-energetique.org\/?s={search_term_string}"},"query-input":{"@type":"PropertyValueSpecification","valueRequired":true,"valueName":"search_term_string"}}],"inLanguage":"tr"}]}},"_links":{"self":[{"href":"https:\/\/paleo-energetique.org\/tr\/wp-json\/wp\/v2\/pages\/5866","targetHints":{"allow":["GET"]}}],"collection":[{"href":"https:\/\/paleo-energetique.org\/tr\/wp-json\/wp\/v2\/pages"}],"about":[{"href":"https:\/\/paleo-energetique.org\/tr\/wp-json\/wp\/v2\/types\/page"}],"author":[{"embeddable":true,"href":"https:\/\/paleo-energetique.org\/tr\/wp-json\/wp\/v2\/users\/2"}],"replies":[{"embeddable":true,"href":"https:\/\/paleo-energetique.org\/tr\/wp-json\/wp\/v2\/comments?post=5866"}],"version-history":[{"count":0,"href":"https:\/\/paleo-energetique.org\/tr\/wp-json\/wp\/v2\/pages\/5866\/revisions"}],"up":[{"embeddable":true,"href":"https:\/\/paleo-energetique.org\/tr\/wp-json\/wp\/v2\/pages\/5872"}],"wp:attachment":[{"href":"https:\/\/paleo-energetique.org\/tr\/wp-json\/wp\/v2\/media?parent=5866"}],"wp:term":[{"taxonomy":"post_tag","embeddable":true,"href":"https:\/\/paleo-energetique.org\/tr\/wp-json\/wp\/v2\/tags?post=5866"}],"curies":[{"name":"wp","href":"https:\/\/api.w.org\/{rel}","templated":true}]}}