{"id":5865,"date":"2022-03-31T21:04:58","date_gmt":"2022-03-31T21:04:58","guid":{"rendered":"https:\/\/paleo-energetique.org\/?page_id=5865"},"modified":"2022-03-31T21:04:58","modified_gmt":"2022-03-31T21:04:58","slug":"poster-seti","status":"publish","type":"page","link":"https:\/\/paleo-energetique.org\/tr\/katilmak\/poster-seti\/","title":{"rendered":"Poster seti"},"content":{"rendered":"<p>&nbsp;<\/p>\n<h2 style=\"text-align: center;\"><span style=\"color: #000000;\">KATILIM \u00c7A\u011eRISI<\/span><\/h2>\n<p style=\"text-align: center;\">Enerji alan\u0131ndaki kat\u0131l\u0131mc\u0131 ve yurtta\u015f ara\u015ft\u0131rma projemiz kapsam\u0131nda eski bulu\u015flar\u0131, eski sosyal yenilikleri ve kolektif tasavvurlar\u0131 bulmam\u0131za yard\u0131mc\u0131 olmak i\u00e7in bast\u0131rmak ve sergilemek i\u00e7in &#8220;kat\u0131l\u0131m \u00e7a\u011fr\u0131s\u0131&#8221; kitimizi indirebilirsiniz.<\/p>\n<p style=\"text-align: center;\"><span style=\"color: #3366ff;\"><a href=\"https:\/\/paleo-energetique.org\/kif-affiche.jpg\" target=\"_blank\" class=\"myButton\" rel=\"noopener\">\u0130ND\u0130RMEK<\/a><\/span><\/p>\n<p style=\"text-align: center;\"><img fetchpriority=\"high\" decoding=\"async\" class=\"alignnone wp-image-2780\" src=\"https:\/\/paleo-energetique.org\/wp-content\/uploads\/2018\/10\/Afficheappelaparticipation.jpg\" alt=\"\" width=\"700\" height=\"989\" srcset=\"https:\/\/paleo-energetique.org\/wp-content\/uploads\/2018\/10\/Afficheappelaparticipation.jpg 1123w, https:\/\/paleo-energetique.org\/wp-content\/uploads\/2018\/10\/Afficheappelaparticipation-184x260.jpg 184w, https:\/\/paleo-energetique.org\/wp-content\/uploads\/2018\/10\/Afficheappelaparticipation-768x1085.jpg 768w, https:\/\/paleo-energetique.org\/wp-content\/uploads\/2018\/10\/Afficheappelaparticipation-725x1024.jpg 725w, https:\/\/paleo-energetique.org\/wp-content\/uploads\/2018\/10\/Afficheappelaparticipation-600x848.jpg 600w\" sizes=\"(max-width: 700px) 100vw, 700px\" \/><\/p>\n<p>&nbsp;<\/p>\n","protected":false},"excerpt":{"rendered":"<p>&nbsp; KATILIM \u00c7A\u011eRISI Enerji alan\u0131ndaki kat\u0131l\u0131mc\u0131 ve yurtta\u015f ara\u015ft\u0131rma projemiz kapsam\u0131nda eski bulu\u015flar\u0131, eski sosyal yenilikleri ve kolektif tasavvurlar\u0131 bulmam\u0131za yard\u0131mc\u0131 olmak i\u00e7in bast\u0131rmak ve sergilemek i\u00e7in &#8220;kat\u0131l\u0131m \u00e7a\u011fr\u0131s\u0131&#8221; kitimizi indirebilirsiniz. \u0130ND\u0130RMEK &nbsp;<\/p>\n","protected":false},"author":2,"featured_media":0,"parent":5884,"menu_order":0,"comment_status":"closed","ping_status":"closed","template":"","meta":{"_acf_changed":false,"footnotes":""},"tags":[],"class_list":["post-5865","page","type-page","status-publish","hentry"],"acf":[],"yoast_head":"<!-- This site is optimized with the Yoast SEO plugin v26.0 - https:\/\/yoast.com\/wordpress\/plugins\/seo\/ -->\n<title>Poster seti - Pal\u00e9o-Energ\u00e9tique<\/title>\n<meta name=\"robots\" content=\"index, follow, max-snippet:-1, max-image-preview:large, max-video-preview:-1\" \/>\n<link rel=\"canonical\" href=\"https:\/\/paleo-energetique.org\/tr\/sergi\/poster-seti\/\" \/>\n<meta property=\"og:locale\" content=\"tr_TR\" \/>\n<meta property=\"og:type\" content=\"article\" \/>\n<meta property=\"og:title\" content=\"Poster seti - Pal\u00e9o-Energ\u00e9tique\" \/>\n<meta property=\"og:description\" content=\"&nbsp; KATILIM \u00c7A\u011eRISI Enerji alan\u0131ndaki kat\u0131l\u0131mc\u0131 ve yurtta\u015f ara\u015ft\u0131rma projemiz kapsam\u0131nda eski bulu\u015flar\u0131, eski sosyal yenilikleri ve kolektif tasavvurlar\u0131 bulmam\u0131za yard\u0131mc\u0131 olmak i\u00e7in bast\u0131rmak ve sergilemek i\u00e7in &#8220;kat\u0131l\u0131m \u00e7a\u011fr\u0131s\u0131&#8221; kitimizi indirebilirsiniz. \u0130ND\u0130RMEK &nbsp;\" \/>\n<meta property=\"og:url\" content=\"https:\/\/paleo-energetique.org\/tr\/sergi\/poster-seti\/\" \/>\n<meta property=\"og:site_name\" content=\"Pal\u00e9o-Energ\u00e9tique\" \/>\n<meta property=\"article:publisher\" content=\"https:\/\/www.facebook.com\/paleoenergie\/\" \/>\n<meta property=\"og:image\" content=\"https:\/\/paleo-energetique.org\/wp-content\/uploads\/2018\/10\/Afficheappelaparticipation.jpg\" \/>\n<meta name=\"twitter:card\" content=\"summary_large_image\" \/>\n<script type=\"application\/ld+json\" class=\"yoast-schema-graph\">{\"@context\":\"https:\/\/schema.org\",\"@graph\":[{\"@type\":\"WebPage\",\"@id\":\"https:\/\/paleo-energetique.org\/tr\/sergi\/poster-seti\/\",\"url\":\"https:\/\/paleo-energetique.org\/tr\/sergi\/poster-seti\/\",\"name\":\"Poster seti - Pal\u00e9o-Energ\u00e9tique\",\"isPartOf\":{\"@id\":\"https:\/\/paleo-energetique.org\/#website\"},\"primaryImageOfPage\":{\"@id\":\"https:\/\/paleo-energetique.org\/tr\/sergi\/poster-seti\/#primaryimage\"},\"image\":{\"@id\":\"https:\/\/paleo-energetique.org\/tr\/sergi\/poster-seti\/#primaryimage\"},\"thumbnailUrl\":\"https:\/\/paleo-energetique.org\/wp-content\/uploads\/2018\/10\/Afficheappelaparticipation.jpg\",\"datePublished\":\"2022-03-31T21:04:58+00:00\",\"breadcrumb\":{\"@id\":\"https:\/\/paleo-energetique.org\/tr\/sergi\/poster-seti\/#breadcrumb\"},\"inLanguage\":\"tr\",\"potentialAction\":[{\"@type\":\"ReadAction\",\"target\":[\"https:\/\/paleo-energetique.org\/tr\/sergi\/poster-seti\/\"]}]},{\"@type\":\"ImageObject\",\"inLanguage\":\"tr\",\"@id\":\"https:\/\/paleo-energetique.org\/tr\/sergi\/poster-seti\/#primaryimage\",\"url\":\"https:\/\/paleo-energetique.org\/wp-content\/uploads\/2018\/10\/Afficheappelaparticipation.jpg\",\"contentUrl\":\"https:\/\/paleo-energetique.org\/wp-content\/uploads\/2018\/10\/Afficheappelaparticipation.jpg\"},{\"@type\":\"BreadcrumbList\",\"@id\":\"https:\/\/paleo-energetique.org\/tr\/sergi\/poster-seti\/#breadcrumb\",\"itemListElement\":[{\"@type\":\"ListItem\",\"position\":1,\"name\":\"Accueil\",\"item\":\"https:\/\/paleo-energetique.org\/\"},{\"@type\":\"ListItem\",\"position\":2,\"name\":\"Sergi\",\"item\":\"https:\/\/paleo-energetique.org\/tr\/sergi\/\"},{\"@type\":\"ListItem\",\"position\":3,\"name\":\"Poster seti\"}]},{\"@type\":\"WebSite\",\"@id\":\"https:\/\/paleo-energetique.org\/#website\",\"url\":\"https:\/\/paleo-energetique.org\/\",\"name\":\"Pal\u00e9o-Energ\u00e9tique\",\"description\":\"R\u00e9inventer l&#039;Histoire de L&#039;\u00e9nergie\",\"potentialAction\":[{\"@type\":\"SearchAction\",\"target\":{\"@type\":\"EntryPoint\",\"urlTemplate\":\"https:\/\/paleo-energetique.org\/?s={search_term_string}\"},\"query-input\":{\"@type\":\"PropertyValueSpecification\",\"valueRequired\":true,\"valueName\":\"search_term_string\"}}],\"inLanguage\":\"tr\"}]}<\/script>\n<!-- \/ Yoast SEO plugin. -->","yoast_head_json":{"title":"Poster seti - Pal\u00e9o-Energ\u00e9tique","robots":{"index":"index","follow":"follow","max-snippet":"max-snippet:-1","max-image-preview":"max-image-preview:large","max-video-preview":"max-video-preview:-1"},"canonical":"https:\/\/paleo-energetique.org\/tr\/sergi\/poster-seti\/","og_locale":"tr_TR","og_type":"article","og_title":"Poster seti - Pal\u00e9o-Energ\u00e9tique","og_description":"&nbsp; KATILIM \u00c7A\u011eRISI Enerji alan\u0131ndaki kat\u0131l\u0131mc\u0131 ve yurtta\u015f ara\u015ft\u0131rma projemiz kapsam\u0131nda eski bulu\u015flar\u0131, eski sosyal yenilikleri ve kolektif tasavvurlar\u0131 bulmam\u0131za yard\u0131mc\u0131 olmak i\u00e7in bast\u0131rmak ve sergilemek i\u00e7in &#8220;kat\u0131l\u0131m \u00e7a\u011fr\u0131s\u0131&#8221; kitimizi indirebilirsiniz. \u0130ND\u0130RMEK &nbsp;","og_url":"https:\/\/paleo-energetique.org\/tr\/sergi\/poster-seti\/","og_site_name":"Pal\u00e9o-Energ\u00e9tique","article_publisher":"https:\/\/www.facebook.com\/paleoenergie\/","og_image":[{"url":"https:\/\/paleo-energetique.org\/wp-content\/uploads\/2018\/10\/Afficheappelaparticipation.jpg","type":"","width":"","height":""}],"twitter_card":"summary_large_image","schema":{"@context":"https:\/\/schema.org","@graph":[{"@type":"WebPage","@id":"https:\/\/paleo-energetique.org\/tr\/sergi\/poster-seti\/","url":"https:\/\/paleo-energetique.org\/tr\/sergi\/poster-seti\/","name":"Poster seti - Pal\u00e9o-Energ\u00e9tique","isPartOf":{"@id":"https:\/\/paleo-energetique.org\/#website"},"primaryImageOfPage":{"@id":"https:\/\/paleo-energetique.org\/tr\/sergi\/poster-seti\/#primaryimage"},"image":{"@id":"https:\/\/paleo-energetique.org\/tr\/sergi\/poster-seti\/#primaryimage"},"thumbnailUrl":"https:\/\/paleo-energetique.org\/wp-content\/uploads\/2018\/10\/Afficheappelaparticipation.jpg","datePublished":"2022-03-31T21:04:58+00:00","breadcrumb":{"@id":"https:\/\/paleo-energetique.org\/tr\/sergi\/poster-seti\/#breadcrumb"},"inLanguage":"tr","potentialAction":[{"@type":"ReadAction","target":["https:\/\/paleo-energetique.org\/tr\/sergi\/poster-seti\/"]}]},{"@type":"ImageObject","inLanguage":"tr","@id":"https:\/\/paleo-energetique.org\/tr\/sergi\/poster-seti\/#primaryimage","url":"https:\/\/paleo-energetique.org\/wp-content\/uploads\/2018\/10\/Afficheappelaparticipation.jpg","contentUrl":"https:\/\/paleo-energetique.org\/wp-content\/uploads\/2018\/10\/Afficheappelaparticipation.jpg"},{"@type":"BreadcrumbList","@id":"https:\/\/paleo-energetique.org\/tr\/sergi\/poster-seti\/#breadcrumb","itemListElement":[{"@type":"ListItem","position":1,"name":"Accueil","item":"https:\/\/paleo-energetique.org\/"},{"@type":"ListItem","position":2,"name":"Sergi","item":"https:\/\/paleo-energetique.org\/tr\/sergi\/"},{"@type":"ListItem","position":3,"name":"Poster seti"}]},{"@type":"WebSite","@id":"https:\/\/paleo-energetique.org\/#website","url":"https:\/\/paleo-energetique.org\/","name":"Pal\u00e9o-Energ\u00e9tique","description":"R\u00e9inventer l&#039;Histoire de L&#039;\u00e9nergie","potentialAction":[{"@type":"SearchAction","target":{"@type":"EntryPoint","urlTemplate":"https:\/\/paleo-energetique.org\/?s={search_term_string}"},"query-input":{"@type":"PropertyValueSpecification","valueRequired":true,"valueName":"search_term_string"}}],"inLanguage":"tr"}]}},"_links":{"self":[{"href":"https:\/\/paleo-energetique.org\/tr\/wp-json\/wp\/v2\/pages\/5865","targetHints":{"allow":["GET"]}}],"collection":[{"href":"https:\/\/paleo-energetique.org\/tr\/wp-json\/wp\/v2\/pages"}],"about":[{"href":"https:\/\/paleo-energetique.org\/tr\/wp-json\/wp\/v2\/types\/page"}],"author":[{"embeddable":true,"href":"https:\/\/paleo-energetique.org\/tr\/wp-json\/wp\/v2\/users\/2"}],"replies":[{"embeddable":true,"href":"https:\/\/paleo-energetique.org\/tr\/wp-json\/wp\/v2\/comments?post=5865"}],"version-history":[{"count":0,"href":"https:\/\/paleo-energetique.org\/tr\/wp-json\/wp\/v2\/pages\/5865\/revisions"}],"up":[{"embeddable":true,"href":"https:\/\/paleo-energetique.org\/tr\/wp-json\/wp\/v2\/pages\/5884"}],"wp:attachment":[{"href":"https:\/\/paleo-energetique.org\/tr\/wp-json\/wp\/v2\/media?parent=5865"}],"wp:term":[{"taxonomy":"post_tag","embeddable":true,"href":"https:\/\/paleo-energetique.org\/tr\/wp-json\/wp\/v2\/tags?post=5865"}],"curies":[{"name":"wp","href":"https:\/\/api.w.org\/{rel}","templated":true}]}}