{"id":5807,"date":"2022-03-31T19:50:47","date_gmt":"2022-03-31T19:50:47","guid":{"rendered":"https:\/\/paleo-energetique.org\/?page_id=5807"},"modified":"2022-04-03T15:02:30","modified_gmt":"2022-04-03T15:02:30","slug":"ucuncu-sira","status":"publish","type":"page","link":"https:\/\/paleo-energetique.org\/tr\/retrofutur-muzesi\/ucuncu-sira\/","title":{"rendered":"\u00dc\u00e7\u00fcnc\u00fc s\u0131ra"},"content":{"rendered":"<p>&nbsp;<\/p>\n<p>&nbsp;<\/p>\n<p>&nbsp;<\/p>\n<h1 style=\"text-align: center;\"><strong>Paleo-enerji program\u0131n\u0131n yeni ser\u00fcveni at\u00f6lye m\u00fczesi<\/strong><\/h1>\n<p>&nbsp;<\/p>\n<h3 style=\"text-align: center;\"><span style=\"color: #008000;\"><strong>Yenilenebilir enerjilerin tarihini ke\u015ffetmek i\u00e7in k\u00fclt\u00fcr, ara\u015ft\u0131rma ve aktar\u0131m\u0131 bir araya getiren esnek bir \u00fc\u00e7\u00fcnc\u00fc yer<\/strong><\/span><\/h3>\n<p>&nbsp;<\/p>\n<p>Derne\u011fimiz Atelier21, kat\u0131l\u0131mc\u0131 ara\u015ft\u0131rma program\u0131 Pal\u00e9o-\u00e9nerg\u00e9tique&#8217;e dayal\u0131 yeni bir \u00fc\u00e7\u00fcnc\u00fcl\u00fck projesi ba\u015flat\u0131yor. Bu program, yenilenebilir enerjiler kullanan eski icatlar \u00fczerine a\u00e7\u0131k ara\u015ft\u0131rmalara adanm\u0131\u015ft\u0131r. Ama\u00e7, ge\u00e7i\u015f bak\u0131\u015f a\u00e7\u0131s\u0131yla ara\u015ft\u0131rma ve yenilik i\u00e7in yeni yollar geli\u015ftirmektir.<\/p>\n<p>Ge\u00e7mi\u015f, ekolojik ge\u00e7i\u015fin ana zorluklar\u0131n\u0131 kar\u015f\u0131lamam\u0131za olanak sa\u011flayacak \u00e7\u00f6z\u00fcmleri icat etmek veya yeniden icat etmek i\u00e7in ilham kaynaklar\u0131 a\u00e7\u0131s\u0131ndan zengindir.<\/p>\n<p>Tekniklerin sosyal tarihi \u00fczerinde \u00e7al\u0131\u015fan \u00e7o\u011fu \u00fcniversite veya ba\u011f\u0131ms\u0131z ara\u015ft\u0131rma merkezi, ayr\u0131lan fon eksikli\u011fi nedeniyle kap\u0131lar\u0131n\u0131 kapat\u0131rken, sivil toplumu bu konularda harekete ge\u00e7irmek bize \u00e7ok \u00f6nemli g\u00f6r\u00fcn\u00fcyordu.<\/p>\n<p>Donmu\u015f bir m\u00fczeden daha fazlas\u0131, onu teknik k\u00fclt\u00fcr etraf\u0131nda herkes i\u00e7in karma bir bulu\u015fma yeri olarak d\u00fc\u015f\u00fcnd\u00fck: sergiler, festival etkinlikleri, yak\u0131t k\u0131tl\u0131\u011f\u0131 \u00fczerine at\u00f6lye alanlar\u0131, konferanslar, sakinler ve ziyaret\u00e7iler i\u00e7in dinlenme yeri.<\/p>\n<p>Halka a\u00e7abilmeyi beklerken <a href=\"https:\/\/paleo-energetique.org\/retrofutur-museum\/musee-virtuel-2\/\">sanal \u00e7evrimi\u00e7i m\u00fczeyi ziyaret etmenizi \u00f6neririz<\/a>.<\/p>\n<p>&nbsp;<\/p>\n<p><img fetchpriority=\"high\" decoding=\"async\" class=\"aligncenter size-full wp-image-5948\" src=\"https:\/\/paleo-energetique.org\/wp-content\/uploads\/2022\/04\/Visuel-RETROFUTUR-MUSEUM-e1648994913382.png\" alt=\"\" width=\"1200\" height=\"699\" \/><\/p>\n<p style=\"text-align: center;\"><em>\u00dc\u00e7\u00fcnc\u00fc yerin 3D g\u00f6rselle\u015ftirmesi<\/em><\/p>\n","protected":false},"excerpt":{"rendered":"<p>&nbsp; &nbsp; &nbsp; Paleo-enerji program\u0131n\u0131n yeni ser\u00fcveni at\u00f6lye m\u00fczesi &nbsp; Yenilenebilir enerjilerin tarihini ke\u015ffetmek i\u00e7in k\u00fclt\u00fcr, ara\u015ft\u0131rma ve aktar\u0131m\u0131 bir araya getiren esnek bir \u00fc\u00e7\u00fcnc\u00fc yer &nbsp; Derne\u011fimiz Atelier21, kat\u0131l\u0131mc\u0131 ara\u015ft\u0131rma program\u0131 Pal\u00e9o-\u00e9nerg\u00e9tique&#8217;e dayal\u0131 yeni bir \u00fc\u00e7\u00fcnc\u00fcl\u00fck projesi ba\u015flat\u0131yor. Bu program, yenilenebilir enerjiler kullanan eski [&hellip;]<\/p>\n","protected":false},"author":2,"featured_media":0,"parent":5802,"menu_order":0,"comment_status":"closed","ping_status":"closed","template":"","meta":{"_acf_changed":false,"footnotes":""},"tags":[],"class_list":["post-5807","page","type-page","status-publish","hentry"],"acf":[],"yoast_head":"<!-- This site is optimized with the Yoast SEO plugin v26.0 - https:\/\/yoast.com\/wordpress\/plugins\/seo\/ -->\n<title>\u00dc\u00e7\u00fcnc\u00fc s\u0131ra - Pal\u00e9o-Energ\u00e9tique<\/title>\n<meta name=\"robots\" content=\"index, follow, max-snippet:-1, max-image-preview:large, max-video-preview:-1\" \/>\n<link rel=\"canonical\" href=\"https:\/\/paleo-energetique.org\/tr\/retrofutur-muzesi\/ucuncu-sira\/\" \/>\n<meta property=\"og:locale\" content=\"tr_TR\" \/>\n<meta property=\"og:type\" content=\"article\" \/>\n<meta property=\"og:title\" content=\"\u00dc\u00e7\u00fcnc\u00fc s\u0131ra - Pal\u00e9o-Energ\u00e9tique\" \/>\n<meta property=\"og:description\" content=\"&nbsp; &nbsp; &nbsp; Paleo-enerji program\u0131n\u0131n yeni ser\u00fcveni at\u00f6lye m\u00fczesi &nbsp; Yenilenebilir enerjilerin tarihini ke\u015ffetmek i\u00e7in k\u00fclt\u00fcr, ara\u015ft\u0131rma ve aktar\u0131m\u0131 bir araya getiren esnek bir \u00fc\u00e7\u00fcnc\u00fc yer &nbsp; Derne\u011fimiz Atelier21, kat\u0131l\u0131mc\u0131 ara\u015ft\u0131rma program\u0131 Pal\u00e9o-\u00e9nerg\u00e9tique&#8217;e dayal\u0131 yeni bir \u00fc\u00e7\u00fcnc\u00fcl\u00fck projesi ba\u015flat\u0131yor. Bu program, yenilenebilir enerjiler kullanan eski [&hellip;]\" \/>\n<meta property=\"og:url\" content=\"https:\/\/paleo-energetique.org\/tr\/retrofutur-muzesi\/ucuncu-sira\/\" \/>\n<meta property=\"og:site_name\" content=\"Pal\u00e9o-Energ\u00e9tique\" \/>\n<meta property=\"article:publisher\" content=\"https:\/\/www.facebook.com\/paleoenergie\/\" \/>\n<meta property=\"article:modified_time\" content=\"2022-04-03T15:02:30+00:00\" \/>\n<meta property=\"og:image\" content=\"https:\/\/paleo-energetique.org\/wp-content\/uploads\/2022\/04\/Visuel-RETROFUTUR-MUSEUM-e1648994913382.png\" \/>\n\t<meta property=\"og:image:width\" content=\"1200\" \/>\n\t<meta property=\"og:image:height\" content=\"699\" \/>\n\t<meta property=\"og:image:type\" content=\"image\/png\" \/>\n<meta name=\"twitter:card\" content=\"summary_large_image\" \/>\n<meta name=\"twitter:label1\" content=\"Tahmini okuma s\u00fcresi\" \/>\n\t<meta name=\"twitter:data1\" content=\"1 dakika\" \/>\n<script type=\"application\/ld+json\" class=\"yoast-schema-graph\">{\"@context\":\"https:\/\/schema.org\",\"@graph\":[{\"@type\":\"WebPage\",\"@id\":\"https:\/\/paleo-energetique.org\/tr\/retrofutur-muzesi\/ucuncu-sira\/\",\"url\":\"https:\/\/paleo-energetique.org\/tr\/retrofutur-muzesi\/ucuncu-sira\/\",\"name\":\"\u00dc\u00e7\u00fcnc\u00fc s\u0131ra - Pal\u00e9o-Energ\u00e9tique\",\"isPartOf\":{\"@id\":\"https:\/\/paleo-energetique.org\/#website\"},\"primaryImageOfPage\":{\"@id\":\"https:\/\/paleo-energetique.org\/tr\/retrofutur-muzesi\/ucuncu-sira\/#primaryimage\"},\"image\":{\"@id\":\"https:\/\/paleo-energetique.org\/tr\/retrofutur-muzesi\/ucuncu-sira\/#primaryimage\"},\"thumbnailUrl\":\"https:\/\/paleo-energetique.org\/wp-content\/uploads\/2022\/04\/Visuel-RETROFUTUR-MUSEUM-e1648994913382.png\",\"datePublished\":\"2022-03-31T19:50:47+00:00\",\"dateModified\":\"2022-04-03T15:02:30+00:00\",\"breadcrumb\":{\"@id\":\"https:\/\/paleo-energetique.org\/tr\/retrofutur-muzesi\/ucuncu-sira\/#breadcrumb\"},\"inLanguage\":\"tr\",\"potentialAction\":[{\"@type\":\"ReadAction\",\"target\":[\"https:\/\/paleo-energetique.org\/tr\/retrofutur-muzesi\/ucuncu-sira\/\"]}]},{\"@type\":\"ImageObject\",\"inLanguage\":\"tr\",\"@id\":\"https:\/\/paleo-energetique.org\/tr\/retrofutur-muzesi\/ucuncu-sira\/#primaryimage\",\"url\":\"https:\/\/paleo-energetique.org\/wp-content\/uploads\/2022\/04\/Visuel-RETROFUTUR-MUSEUM-e1648994913382.png\",\"contentUrl\":\"https:\/\/paleo-energetique.org\/wp-content\/uploads\/2022\/04\/Visuel-RETROFUTUR-MUSEUM-e1648994913382.png\"},{\"@type\":\"BreadcrumbList\",\"@id\":\"https:\/\/paleo-energetique.org\/tr\/retrofutur-muzesi\/ucuncu-sira\/#breadcrumb\",\"itemListElement\":[{\"@type\":\"ListItem\",\"position\":1,\"name\":\"Accueil\",\"item\":\"https:\/\/paleo-energetique.org\/\"},{\"@type\":\"ListItem\",\"position\":2,\"name\":\"Retrofutur m\u00fczesi\",\"item\":\"https:\/\/paleo-energetique.org\/tr\/retrofutur-muzesi\/\"},{\"@type\":\"ListItem\",\"position\":3,\"name\":\"\u00dc\u00e7\u00fcnc\u00fc s\u0131ra\"}]},{\"@type\":\"WebSite\",\"@id\":\"https:\/\/paleo-energetique.org\/#website\",\"url\":\"https:\/\/paleo-energetique.org\/\",\"name\":\"Pal\u00e9o-Energ\u00e9tique\",\"description\":\"R\u00e9inventer l&#039;Histoire de L&#039;\u00e9nergie\",\"potentialAction\":[{\"@type\":\"SearchAction\",\"target\":{\"@type\":\"EntryPoint\",\"urlTemplate\":\"https:\/\/paleo-energetique.org\/?s={search_term_string}\"},\"query-input\":{\"@type\":\"PropertyValueSpecification\",\"valueRequired\":true,\"valueName\":\"search_term_string\"}}],\"inLanguage\":\"tr\"}]}<\/script>\n<!-- \/ Yoast SEO plugin. -->","yoast_head_json":{"title":"\u00dc\u00e7\u00fcnc\u00fc s\u0131ra - Pal\u00e9o-Energ\u00e9tique","robots":{"index":"index","follow":"follow","max-snippet":"max-snippet:-1","max-image-preview":"max-image-preview:large","max-video-preview":"max-video-preview:-1"},"canonical":"https:\/\/paleo-energetique.org\/tr\/retrofutur-muzesi\/ucuncu-sira\/","og_locale":"tr_TR","og_type":"article","og_title":"\u00dc\u00e7\u00fcnc\u00fc s\u0131ra - Pal\u00e9o-Energ\u00e9tique","og_description":"&nbsp; &nbsp; &nbsp; Paleo-enerji program\u0131n\u0131n yeni ser\u00fcveni at\u00f6lye m\u00fczesi &nbsp; Yenilenebilir enerjilerin tarihini ke\u015ffetmek i\u00e7in k\u00fclt\u00fcr, ara\u015ft\u0131rma ve aktar\u0131m\u0131 bir araya getiren esnek bir \u00fc\u00e7\u00fcnc\u00fc yer &nbsp; Derne\u011fimiz Atelier21, kat\u0131l\u0131mc\u0131 ara\u015ft\u0131rma program\u0131 Pal\u00e9o-\u00e9nerg\u00e9tique&#8217;e dayal\u0131 yeni bir \u00fc\u00e7\u00fcnc\u00fcl\u00fck projesi ba\u015flat\u0131yor. Bu program, yenilenebilir enerjiler kullanan eski [&hellip;]","og_url":"https:\/\/paleo-energetique.org\/tr\/retrofutur-muzesi\/ucuncu-sira\/","og_site_name":"Pal\u00e9o-Energ\u00e9tique","article_publisher":"https:\/\/www.facebook.com\/paleoenergie\/","article_modified_time":"2022-04-03T15:02:30+00:00","og_image":[{"width":1200,"height":699,"url":"https:\/\/paleo-energetique.org\/wp-content\/uploads\/2022\/04\/Visuel-RETROFUTUR-MUSEUM-e1648994913382.png","type":"image\/png"}],"twitter_card":"summary_large_image","twitter_misc":{"Tahmini okuma s\u00fcresi":"1 dakika"},"schema":{"@context":"https:\/\/schema.org","@graph":[{"@type":"WebPage","@id":"https:\/\/paleo-energetique.org\/tr\/retrofutur-muzesi\/ucuncu-sira\/","url":"https:\/\/paleo-energetique.org\/tr\/retrofutur-muzesi\/ucuncu-sira\/","name":"\u00dc\u00e7\u00fcnc\u00fc s\u0131ra - Pal\u00e9o-Energ\u00e9tique","isPartOf":{"@id":"https:\/\/paleo-energetique.org\/#website"},"primaryImageOfPage":{"@id":"https:\/\/paleo-energetique.org\/tr\/retrofutur-muzesi\/ucuncu-sira\/#primaryimage"},"image":{"@id":"https:\/\/paleo-energetique.org\/tr\/retrofutur-muzesi\/ucuncu-sira\/#primaryimage"},"thumbnailUrl":"https:\/\/paleo-energetique.org\/wp-content\/uploads\/2022\/04\/Visuel-RETROFUTUR-MUSEUM-e1648994913382.png","datePublished":"2022-03-31T19:50:47+00:00","dateModified":"2022-04-03T15:02:30+00:00","breadcrumb":{"@id":"https:\/\/paleo-energetique.org\/tr\/retrofutur-muzesi\/ucuncu-sira\/#breadcrumb"},"inLanguage":"tr","potentialAction":[{"@type":"ReadAction","target":["https:\/\/paleo-energetique.org\/tr\/retrofutur-muzesi\/ucuncu-sira\/"]}]},{"@type":"ImageObject","inLanguage":"tr","@id":"https:\/\/paleo-energetique.org\/tr\/retrofutur-muzesi\/ucuncu-sira\/#primaryimage","url":"https:\/\/paleo-energetique.org\/wp-content\/uploads\/2022\/04\/Visuel-RETROFUTUR-MUSEUM-e1648994913382.png","contentUrl":"https:\/\/paleo-energetique.org\/wp-content\/uploads\/2022\/04\/Visuel-RETROFUTUR-MUSEUM-e1648994913382.png"},{"@type":"BreadcrumbList","@id":"https:\/\/paleo-energetique.org\/tr\/retrofutur-muzesi\/ucuncu-sira\/#breadcrumb","itemListElement":[{"@type":"ListItem","position":1,"name":"Accueil","item":"https:\/\/paleo-energetique.org\/"},{"@type":"ListItem","position":2,"name":"Retrofutur m\u00fczesi","item":"https:\/\/paleo-energetique.org\/tr\/retrofutur-muzesi\/"},{"@type":"ListItem","position":3,"name":"\u00dc\u00e7\u00fcnc\u00fc s\u0131ra"}]},{"@type":"WebSite","@id":"https:\/\/paleo-energetique.org\/#website","url":"https:\/\/paleo-energetique.org\/","name":"Pal\u00e9o-Energ\u00e9tique","description":"R\u00e9inventer l&#039;Histoire de L&#039;\u00e9nergie","potentialAction":[{"@type":"SearchAction","target":{"@type":"EntryPoint","urlTemplate":"https:\/\/paleo-energetique.org\/?s={search_term_string}"},"query-input":{"@type":"PropertyValueSpecification","valueRequired":true,"valueName":"search_term_string"}}],"inLanguage":"tr"}]}},"_links":{"self":[{"href":"https:\/\/paleo-energetique.org\/tr\/wp-json\/wp\/v2\/pages\/5807","targetHints":{"allow":["GET"]}}],"collection":[{"href":"https:\/\/paleo-energetique.org\/tr\/wp-json\/wp\/v2\/pages"}],"about":[{"href":"https:\/\/paleo-energetique.org\/tr\/wp-json\/wp\/v2\/types\/page"}],"author":[{"embeddable":true,"href":"https:\/\/paleo-energetique.org\/tr\/wp-json\/wp\/v2\/users\/2"}],"replies":[{"embeddable":true,"href":"https:\/\/paleo-energetique.org\/tr\/wp-json\/wp\/v2\/comments?post=5807"}],"version-history":[{"count":0,"href":"https:\/\/paleo-energetique.org\/tr\/wp-json\/wp\/v2\/pages\/5807\/revisions"}],"up":[{"embeddable":true,"href":"https:\/\/paleo-energetique.org\/tr\/wp-json\/wp\/v2\/pages\/5802"}],"wp:attachment":[{"href":"https:\/\/paleo-energetique.org\/tr\/wp-json\/wp\/v2\/media?parent=5807"}],"wp:term":[{"taxonomy":"post_tag","embeddable":true,"href":"https:\/\/paleo-energetique.org\/tr\/wp-json\/wp\/v2\/tags?post=5807"}],"curies":[{"name":"wp","href":"https:\/\/api.w.org\/{rel}","templated":true}]}}