{"id":5805,"date":"2022-03-31T19:42:54","date_gmt":"2022-03-31T19:42:54","guid":{"rendered":"https:\/\/paleo-energetique.org\/?page_id=5805"},"modified":"2022-03-31T19:42:54","modified_gmt":"2022-03-31T19:42:54","slug":"sanal-muze","status":"publish","type":"page","link":"https:\/\/paleo-energetique.org\/tr\/retrofutur-muzesi\/sanal-muze\/","title":{"rendered":"Sanal m\u00fcze"},"content":{"rendered":"<p>&nbsp;<\/p>\n<p>&nbsp;<\/p>\n<p>&nbsp;<\/p>\n<h1 style=\"text-align: center;\"><b>Paleo-enerjik program\u0131n yeni maceras\u0131 RETROFUTUR M\u00dcZES\u0130&#8217;ni ke\u015ffedin<\/b><\/h1>\n<p>&nbsp;<\/p>\n<h3 style=\"text-align: center;\"><span style=\"color: #008000;\"><b>Atelier21 ekibi, Mozilla Hub&#8217;lar\u0131 ile geli\u015ftirilen SANAL M\u00dcZES\u0130&#8217;ni sunar.<\/b><\/span><\/h3>\n<p><head><\/p>\n<style>\n      .wrapper {\n        margin: 10px auto;\n        text-align: center;\n        width: 100%;\n        position: relative;\n      }\n      .button {\n        padding: 15px 100px;\n        margin: 10px 4px;\n        color: #006600;\n        font-family: sans-serif;\n        text-transform: uppercase;\n        text-align: center;\n        position: relative;\n        text-decoration: none;\n        display: inline-block;\n        border: 4px solid;\n      }\n      .button::before {\n        content: \"\";\n        position: absolute;\n        top: 0;\n        left: 0;\n        display: block;\n        width: 100%;\n        height: 100%;\n        z-index: -1;\n        -webkit-transform: scaleY(0.1);\n        transform: scaleY(0.1);\n        transition: all 0.4s;\n      }\n      .button:hover {\n        color: #006600;\n      }\n      .button:hover::before {\n        opacity: 1;\n        background-color: #CCFFCC;\n        -webkit-transform: scaleY(1);\n        transform: scaleY(1);\n        transition: -webkit-transform 0.6s cubic-bezier(0.08, 0.35, 0.13, 1.02), opacity 0.4s;\n        transition: transform 0.6s cubic-bezier(0.08, 0.35, 0.13, 1.02), opacity;\n      }\n    <\/style>\n<p>  <\/head><br \/>\n  <body><\/p>\n<div class=\"wrapper\">\n      <a href=\"https:\/\/hubs.mozilla.com\/qzwyqhy\/a21-musee-virtuel\/\"target=\"_blank\"><br \/>\n        <b class=\"button\">SANAL M\u00dcZEY\u0130 Z\u0130YARET ED\u0130N<\/b><br \/>\n      <\/a>\n    <\/div>\n<p>  <\/body><br \/>\n<\/html><span style=\"font-weight: 400;\">Size, amac\u0131 enerji yeniliklerinin kar\u015f\u0131 tarihinin Paleo-kahramanlar\u0131ndan bir se\u00e7kiyi vurgulamak olan Paleo-enerjik kat\u0131l\u0131mc\u0131 ara\u015ft\u0131rma program\u0131ndan do\u011fan s\u00fcr\u00fckleyici bir sergi sunuyoruz.<\/p>\n<p>3D olarak sesle modellenen icatlar, mucitlerinin portreleri ve haks\u0131z yere unutulmu\u015f bu ola\u011fan\u00fcst\u00fc miras\u0131 seslendirmek i\u00e7in sesli yorumlar bulacaks\u0131n\u0131z.<\/p>\n<p>Kendinizi enerji yeniliklerinin kar\u015f\u0131-tarihi d\u00fcnyas\u0131na kapt\u0131r\u0131n,<br \/>\niyi ziyaretler<\/p>\n<p>At\u00f6lye 21<\/p>\n<p><img fetchpriority=\"high\" decoding=\"async\" class=\"aligncenter size-full wp-image-5637\" src=\"https:\/\/paleo-energetique.org\/wp-content\/uploads\/2022\/03\/Capture-decran-2022-03-14-a-00.41.01-e1647451014417.png\" alt=\"\" width=\"1200\" height=\"485\" \/><\/p>\n<p style=\"text-align: center;\"><em>Sanal m\u00fcze<\/em><\/p>\n","protected":false},"excerpt":{"rendered":"<p>&nbsp; &nbsp; &nbsp; Paleo-enerjik program\u0131n yeni maceras\u0131 RETROFUTUR M\u00dcZES\u0130&#8217;ni ke\u015ffedin &nbsp; Atelier21 ekibi, Mozilla Hub&#8217;lar\u0131 ile geli\u015ftirilen SANAL M\u00dcZES\u0130&#8217;ni sunar. SANAL M\u00dcZEY\u0130 Z\u0130YARET ED\u0130N Size, amac\u0131 enerji yeniliklerinin kar\u015f\u0131 tarihinin Paleo-kahramanlar\u0131ndan bir se\u00e7kiyi vurgulamak olan Paleo-enerjik kat\u0131l\u0131mc\u0131 ara\u015ft\u0131rma program\u0131ndan do\u011fan s\u00fcr\u00fckleyici bir sergi sunuyoruz. 3D [&hellip;]<\/p>\n","protected":false},"author":2,"featured_media":0,"parent":5802,"menu_order":0,"comment_status":"closed","ping_status":"closed","template":"","meta":{"_acf_changed":false,"footnotes":""},"tags":[],"class_list":["post-5805","page","type-page","status-publish","hentry"],"acf":[],"yoast_head":"<!-- This site is optimized with the Yoast SEO plugin v26.0 - https:\/\/yoast.com\/wordpress\/plugins\/seo\/ -->\n<title>Sanal m\u00fcze - Pal\u00e9o-Energ\u00e9tique<\/title>\n<meta name=\"robots\" content=\"index, follow, max-snippet:-1, max-image-preview:large, max-video-preview:-1\" \/>\n<link rel=\"canonical\" href=\"https:\/\/paleo-energetique.org\/tr\/retrofutur-muzesi\/sanal-muze\/\" \/>\n<meta property=\"og:locale\" content=\"tr_TR\" \/>\n<meta property=\"og:type\" content=\"article\" \/>\n<meta property=\"og:title\" content=\"Sanal m\u00fcze - Pal\u00e9o-Energ\u00e9tique\" \/>\n<meta property=\"og:description\" content=\"&nbsp; &nbsp; &nbsp; Paleo-enerjik program\u0131n yeni maceras\u0131 RETROFUTUR M\u00dcZES\u0130&#8217;ni ke\u015ffedin &nbsp; Atelier21 ekibi, Mozilla Hub&#8217;lar\u0131 ile geli\u015ftirilen SANAL M\u00dcZES\u0130&#8217;ni sunar. SANAL M\u00dcZEY\u0130 Z\u0130YARET ED\u0130N Size, amac\u0131 enerji yeniliklerinin kar\u015f\u0131 tarihinin Paleo-kahramanlar\u0131ndan bir se\u00e7kiyi vurgulamak olan Paleo-enerjik kat\u0131l\u0131mc\u0131 ara\u015ft\u0131rma program\u0131ndan do\u011fan s\u00fcr\u00fckleyici bir sergi sunuyoruz. 3D [&hellip;]\" \/>\n<meta property=\"og:url\" content=\"https:\/\/paleo-energetique.org\/tr\/retrofutur-muzesi\/sanal-muze\/\" \/>\n<meta property=\"og:site_name\" content=\"Pal\u00e9o-Energ\u00e9tique\" \/>\n<meta property=\"article:publisher\" content=\"https:\/\/www.facebook.com\/paleoenergie\/\" \/>\n<meta property=\"og:image\" content=\"https:\/\/paleo-energetique.org\/wp-content\/uploads\/2022\/03\/Capture-decran-2022-03-14-a-00.41.01-e1647451014417.png\" \/>\n<meta name=\"twitter:card\" content=\"summary_large_image\" \/>\n<meta name=\"twitter:label1\" content=\"Tahmini okuma s\u00fcresi\" \/>\n\t<meta name=\"twitter:data1\" content=\"1 dakika\" \/>\n<script type=\"application\/ld+json\" class=\"yoast-schema-graph\">{\"@context\":\"https:\/\/schema.org\",\"@graph\":[{\"@type\":\"WebPage\",\"@id\":\"https:\/\/paleo-energetique.org\/tr\/retrofutur-muzesi\/sanal-muze\/\",\"url\":\"https:\/\/paleo-energetique.org\/tr\/retrofutur-muzesi\/sanal-muze\/\",\"name\":\"Sanal m\u00fcze - Pal\u00e9o-Energ\u00e9tique\",\"isPartOf\":{\"@id\":\"https:\/\/paleo-energetique.org\/#website\"},\"primaryImageOfPage\":{\"@id\":\"https:\/\/paleo-energetique.org\/tr\/retrofutur-muzesi\/sanal-muze\/#primaryimage\"},\"image\":{\"@id\":\"https:\/\/paleo-energetique.org\/tr\/retrofutur-muzesi\/sanal-muze\/#primaryimage\"},\"thumbnailUrl\":\"https:\/\/paleo-energetique.org\/wp-content\/uploads\/2022\/03\/Capture-decran-2022-03-14-a-00.41.01-e1647451014417.png\",\"datePublished\":\"2022-03-31T19:42:54+00:00\",\"breadcrumb\":{\"@id\":\"https:\/\/paleo-energetique.org\/tr\/retrofutur-muzesi\/sanal-muze\/#breadcrumb\"},\"inLanguage\":\"tr\",\"potentialAction\":[{\"@type\":\"ReadAction\",\"target\":[\"https:\/\/paleo-energetique.org\/tr\/retrofutur-muzesi\/sanal-muze\/\"]}]},{\"@type\":\"ImageObject\",\"inLanguage\":\"tr\",\"@id\":\"https:\/\/paleo-energetique.org\/tr\/retrofutur-muzesi\/sanal-muze\/#primaryimage\",\"url\":\"https:\/\/paleo-energetique.org\/wp-content\/uploads\/2022\/03\/Capture-decran-2022-03-14-a-00.41.01-e1647451014417.png\",\"contentUrl\":\"https:\/\/paleo-energetique.org\/wp-content\/uploads\/2022\/03\/Capture-decran-2022-03-14-a-00.41.01-e1647451014417.png\"},{\"@type\":\"BreadcrumbList\",\"@id\":\"https:\/\/paleo-energetique.org\/tr\/retrofutur-muzesi\/sanal-muze\/#breadcrumb\",\"itemListElement\":[{\"@type\":\"ListItem\",\"position\":1,\"name\":\"Accueil\",\"item\":\"https:\/\/paleo-energetique.org\/\"},{\"@type\":\"ListItem\",\"position\":2,\"name\":\"Retrofutur m\u00fczesi\",\"item\":\"https:\/\/paleo-energetique.org\/tr\/retrofutur-muzesi\/\"},{\"@type\":\"ListItem\",\"position\":3,\"name\":\"Sanal m\u00fcze\"}]},{\"@type\":\"WebSite\",\"@id\":\"https:\/\/paleo-energetique.org\/#website\",\"url\":\"https:\/\/paleo-energetique.org\/\",\"name\":\"Pal\u00e9o-Energ\u00e9tique\",\"description\":\"R\u00e9inventer l&#039;Histoire de L&#039;\u00e9nergie\",\"potentialAction\":[{\"@type\":\"SearchAction\",\"target\":{\"@type\":\"EntryPoint\",\"urlTemplate\":\"https:\/\/paleo-energetique.org\/?s={search_term_string}\"},\"query-input\":{\"@type\":\"PropertyValueSpecification\",\"valueRequired\":true,\"valueName\":\"search_term_string\"}}],\"inLanguage\":\"tr\"}]}<\/script>\n<!-- \/ Yoast SEO plugin. -->","yoast_head_json":{"title":"Sanal m\u00fcze - Pal\u00e9o-Energ\u00e9tique","robots":{"index":"index","follow":"follow","max-snippet":"max-snippet:-1","max-image-preview":"max-image-preview:large","max-video-preview":"max-video-preview:-1"},"canonical":"https:\/\/paleo-energetique.org\/tr\/retrofutur-muzesi\/sanal-muze\/","og_locale":"tr_TR","og_type":"article","og_title":"Sanal m\u00fcze - Pal\u00e9o-Energ\u00e9tique","og_description":"&nbsp; &nbsp; &nbsp; Paleo-enerjik program\u0131n yeni maceras\u0131 RETROFUTUR M\u00dcZES\u0130&#8217;ni ke\u015ffedin &nbsp; Atelier21 ekibi, Mozilla Hub&#8217;lar\u0131 ile geli\u015ftirilen SANAL M\u00dcZES\u0130&#8217;ni sunar. SANAL M\u00dcZEY\u0130 Z\u0130YARET ED\u0130N Size, amac\u0131 enerji yeniliklerinin kar\u015f\u0131 tarihinin Paleo-kahramanlar\u0131ndan bir se\u00e7kiyi vurgulamak olan Paleo-enerjik kat\u0131l\u0131mc\u0131 ara\u015ft\u0131rma program\u0131ndan do\u011fan s\u00fcr\u00fckleyici bir sergi sunuyoruz. 3D [&hellip;]","og_url":"https:\/\/paleo-energetique.org\/tr\/retrofutur-muzesi\/sanal-muze\/","og_site_name":"Pal\u00e9o-Energ\u00e9tique","article_publisher":"https:\/\/www.facebook.com\/paleoenergie\/","og_image":[{"url":"https:\/\/paleo-energetique.org\/wp-content\/uploads\/2022\/03\/Capture-decran-2022-03-14-a-00.41.01-e1647451014417.png","type":"","width":"","height":""}],"twitter_card":"summary_large_image","twitter_misc":{"Tahmini okuma s\u00fcresi":"1 dakika"},"schema":{"@context":"https:\/\/schema.org","@graph":[{"@type":"WebPage","@id":"https:\/\/paleo-energetique.org\/tr\/retrofutur-muzesi\/sanal-muze\/","url":"https:\/\/paleo-energetique.org\/tr\/retrofutur-muzesi\/sanal-muze\/","name":"Sanal m\u00fcze - Pal\u00e9o-Energ\u00e9tique","isPartOf":{"@id":"https:\/\/paleo-energetique.org\/#website"},"primaryImageOfPage":{"@id":"https:\/\/paleo-energetique.org\/tr\/retrofutur-muzesi\/sanal-muze\/#primaryimage"},"image":{"@id":"https:\/\/paleo-energetique.org\/tr\/retrofutur-muzesi\/sanal-muze\/#primaryimage"},"thumbnailUrl":"https:\/\/paleo-energetique.org\/wp-content\/uploads\/2022\/03\/Capture-decran-2022-03-14-a-00.41.01-e1647451014417.png","datePublished":"2022-03-31T19:42:54+00:00","breadcrumb":{"@id":"https:\/\/paleo-energetique.org\/tr\/retrofutur-muzesi\/sanal-muze\/#breadcrumb"},"inLanguage":"tr","potentialAction":[{"@type":"ReadAction","target":["https:\/\/paleo-energetique.org\/tr\/retrofutur-muzesi\/sanal-muze\/"]}]},{"@type":"ImageObject","inLanguage":"tr","@id":"https:\/\/paleo-energetique.org\/tr\/retrofutur-muzesi\/sanal-muze\/#primaryimage","url":"https:\/\/paleo-energetique.org\/wp-content\/uploads\/2022\/03\/Capture-decran-2022-03-14-a-00.41.01-e1647451014417.png","contentUrl":"https:\/\/paleo-energetique.org\/wp-content\/uploads\/2022\/03\/Capture-decran-2022-03-14-a-00.41.01-e1647451014417.png"},{"@type":"BreadcrumbList","@id":"https:\/\/paleo-energetique.org\/tr\/retrofutur-muzesi\/sanal-muze\/#breadcrumb","itemListElement":[{"@type":"ListItem","position":1,"name":"Accueil","item":"https:\/\/paleo-energetique.org\/"},{"@type":"ListItem","position":2,"name":"Retrofutur m\u00fczesi","item":"https:\/\/paleo-energetique.org\/tr\/retrofutur-muzesi\/"},{"@type":"ListItem","position":3,"name":"Sanal m\u00fcze"}]},{"@type":"WebSite","@id":"https:\/\/paleo-energetique.org\/#website","url":"https:\/\/paleo-energetique.org\/","name":"Pal\u00e9o-Energ\u00e9tique","description":"R\u00e9inventer l&#039;Histoire de L&#039;\u00e9nergie","potentialAction":[{"@type":"SearchAction","target":{"@type":"EntryPoint","urlTemplate":"https:\/\/paleo-energetique.org\/?s={search_term_string}"},"query-input":{"@type":"PropertyValueSpecification","valueRequired":true,"valueName":"search_term_string"}}],"inLanguage":"tr"}]}},"_links":{"self":[{"href":"https:\/\/paleo-energetique.org\/tr\/wp-json\/wp\/v2\/pages\/5805","targetHints":{"allow":["GET"]}}],"collection":[{"href":"https:\/\/paleo-energetique.org\/tr\/wp-json\/wp\/v2\/pages"}],"about":[{"href":"https:\/\/paleo-energetique.org\/tr\/wp-json\/wp\/v2\/types\/page"}],"author":[{"embeddable":true,"href":"https:\/\/paleo-energetique.org\/tr\/wp-json\/wp\/v2\/users\/2"}],"replies":[{"embeddable":true,"href":"https:\/\/paleo-energetique.org\/tr\/wp-json\/wp\/v2\/comments?post=5805"}],"version-history":[{"count":0,"href":"https:\/\/paleo-energetique.org\/tr\/wp-json\/wp\/v2\/pages\/5805\/revisions"}],"up":[{"embeddable":true,"href":"https:\/\/paleo-energetique.org\/tr\/wp-json\/wp\/v2\/pages\/5802"}],"wp:attachment":[{"href":"https:\/\/paleo-energetique.org\/tr\/wp-json\/wp\/v2\/media?parent=5805"}],"wp:term":[{"taxonomy":"post_tag","embeddable":true,"href":"https:\/\/paleo-energetique.org\/tr\/wp-json\/wp\/v2\/tags?post=5805"}],"curies":[{"name":"wp","href":"https:\/\/api.w.org\/{rel}","templated":true}]}}