{"id":2851,"date":"2018-11-13T09:43:02","date_gmt":"2018-11-13T09:43:02","guid":{"rendered":"https:\/\/paleo-energetique.org\/newsletter\/"},"modified":"2024-11-22T14:25:17","modified_gmt":"2024-11-22T14:25:17","slug":"newsletter","status":"publish","type":"page","link":"https:\/\/paleo-energetique.org\/tr\/newsletter\/","title":{"rendered":"Newsletter"},"content":{"rendered":"<h4><\/h4>\n<p>&nbsp;<\/p>\n<h4 style=\"text-align: left;\">Inscrivez-vous \u00e0 la newsletter Pal\u00e9o !<\/h4>\n<p style=\"text-align: left;\">\u00a0<aside id=\"sendy_widget-2\" class=\"widget_sendy_widget amr_widget \"><h1 class=\"widget-title\" > <\/h1>\r\n\r\n\t\t\t\t<form  class=\"sendy-subscribe-form\" id=\"subscribe-form\" action=\" \" method=\"POST\" accept-charset=\"utf-8\">\r\n\t\t\t\t  \t\t\t\t\t<label for=\"email\">Email<\/label><br\/>\r\n\t\t\t\t\t<input type=\"text\" class=\"subscriber-email\" name=\"subscriber_email\" id=\"subscriber-email\"\/>\r\n\t\t\t\t\t<br\/>\r\n\t\t\t\t\t<div>\r\n\t\t\t\t\t<input type=\"hidden\"  name=\"widget_id\" value=\"sendy_widget-2\"\/>\r\n\t\t\t\t\t<input type=\"hidden\" class=\"list\" name=\"list\" value=\"thLyNEQbomxQasJyOiJ2RA\"\/>\r\n\t\t\t\t <\/div>\r\n\r\n\t\t\t\t\t<input type=\"submit\" name=\"sub-submit\" value=\"Subscribe\"  id=\"sub-submit\"\/>\r\n\t\t\t\t\t<div class=\"resp\"><\/div>\r\n\t\t\t\t<\/form>\r\n\r\n\r\n\r\n\r\n\t<\/aside><\/p>\n<p style=\"text-align: center;\">\n","protected":false},"excerpt":{"rendered":"<p>&nbsp; Inscrivez-vous \u00e0 la newsletter Pal\u00e9o ! \u00a0<\/p>\n","protected":false},"author":1,"featured_media":0,"parent":0,"menu_order":0,"comment_status":"closed","ping_status":"closed","template":"","meta":{"_acf_changed":false,"footnotes":""},"tags":[],"class_list":["post-2851","page","type-page","status-publish","hentry"],"acf":[],"yoast_head":"<!-- This site is optimized with the Yoast SEO plugin v26.0 - https:\/\/yoast.com\/wordpress\/plugins\/seo\/ -->\n<title>Newsletter - Pal\u00e9o-Energ\u00e9tique<\/title>\n<meta name=\"robots\" content=\"index, follow, max-snippet:-1, max-image-preview:large, max-video-preview:-1\" \/>\n<link rel=\"canonical\" href=\"https:\/\/paleo-energetique.org\/tr\/newsletter\/\" \/>\n<meta property=\"og:locale\" content=\"tr_TR\" \/>\n<meta property=\"og:type\" content=\"article\" \/>\n<meta property=\"og:title\" content=\"Newsletter - Pal\u00e9o-Energ\u00e9tique\" \/>\n<meta property=\"og:description\" content=\"&nbsp; Inscrivez-vous \u00e0 la newsletter Pal\u00e9o ! \u00a0\" \/>\n<meta property=\"og:url\" content=\"https:\/\/paleo-energetique.org\/tr\/newsletter\/\" \/>\n<meta property=\"og:site_name\" content=\"Pal\u00e9o-Energ\u00e9tique\" \/>\n<meta property=\"article:publisher\" content=\"https:\/\/www.facebook.com\/paleoenergie\/\" \/>\n<meta property=\"article:modified_time\" content=\"2024-11-22T14:25:17+00:00\" \/>\n<meta property=\"og:image\" content=\"https:\/\/paleo-energetique.org\/wp-content\/uploads\/2017\/02\/paleo-energetique.jpg\" \/>\n\t<meta property=\"og:image:width\" content=\"1280\" \/>\n\t<meta property=\"og:image:height\" content=\"853\" \/>\n\t<meta property=\"og:image:type\" content=\"image\/jpeg\" \/>\n<meta name=\"twitter:card\" content=\"summary_large_image\" \/>\n<meta name=\"twitter:label1\" content=\"Tahmini okuma s\u00fcresi\" \/>\n\t<meta name=\"twitter:data1\" content=\"1 dakika\" \/>\n<script type=\"application\/ld+json\" class=\"yoast-schema-graph\">{\"@context\":\"https:\/\/schema.org\",\"@graph\":[{\"@type\":\"WebPage\",\"@id\":\"https:\/\/paleo-energetique.org\/tr\/newsletter\/\",\"url\":\"https:\/\/paleo-energetique.org\/tr\/newsletter\/\",\"name\":\"Newsletter - Pal\u00e9o-Energ\u00e9tique\",\"isPartOf\":{\"@id\":\"https:\/\/paleo-energetique.org\/#website\"},\"datePublished\":\"2018-11-13T09:43:02+00:00\",\"dateModified\":\"2024-11-22T14:25:17+00:00\",\"breadcrumb\":{\"@id\":\"https:\/\/paleo-energetique.org\/tr\/newsletter\/#breadcrumb\"},\"inLanguage\":\"tr\",\"potentialAction\":[{\"@type\":\"ReadAction\",\"target\":[\"https:\/\/paleo-energetique.org\/tr\/newsletter\/\"]}]},{\"@type\":\"BreadcrumbList\",\"@id\":\"https:\/\/paleo-energetique.org\/tr\/newsletter\/#breadcrumb\",\"itemListElement\":[{\"@type\":\"ListItem\",\"position\":1,\"name\":\"Accueil\",\"item\":\"https:\/\/paleo-energetique.org\/\"},{\"@type\":\"ListItem\",\"position\":2,\"name\":\"Newsletter\"}]},{\"@type\":\"WebSite\",\"@id\":\"https:\/\/paleo-energetique.org\/#website\",\"url\":\"https:\/\/paleo-energetique.org\/\",\"name\":\"Pal\u00e9o-Energ\u00e9tique\",\"description\":\"R\u00e9inventer l&#039;Histoire de L&#039;\u00e9nergie\",\"potentialAction\":[{\"@type\":\"SearchAction\",\"target\":{\"@type\":\"EntryPoint\",\"urlTemplate\":\"https:\/\/paleo-energetique.org\/?s={search_term_string}\"},\"query-input\":{\"@type\":\"PropertyValueSpecification\",\"valueRequired\":true,\"valueName\":\"search_term_string\"}}],\"inLanguage\":\"tr\"}]}<\/script>\n<!-- \/ Yoast SEO plugin. -->","yoast_head_json":{"title":"Newsletter - Pal\u00e9o-Energ\u00e9tique","robots":{"index":"index","follow":"follow","max-snippet":"max-snippet:-1","max-image-preview":"max-image-preview:large","max-video-preview":"max-video-preview:-1"},"canonical":"https:\/\/paleo-energetique.org\/tr\/newsletter\/","og_locale":"tr_TR","og_type":"article","og_title":"Newsletter - Pal\u00e9o-Energ\u00e9tique","og_description":"&nbsp; Inscrivez-vous \u00e0 la newsletter Pal\u00e9o ! \u00a0","og_url":"https:\/\/paleo-energetique.org\/tr\/newsletter\/","og_site_name":"Pal\u00e9o-Energ\u00e9tique","article_publisher":"https:\/\/www.facebook.com\/paleoenergie\/","article_modified_time":"2024-11-22T14:25:17+00:00","og_image":[{"width":1280,"height":853,"url":"https:\/\/paleo-energetique.org\/wp-content\/uploads\/2017\/02\/paleo-energetique.jpg","type":"image\/jpeg"}],"twitter_card":"summary_large_image","twitter_misc":{"Tahmini okuma s\u00fcresi":"1 dakika"},"schema":{"@context":"https:\/\/schema.org","@graph":[{"@type":"WebPage","@id":"https:\/\/paleo-energetique.org\/tr\/newsletter\/","url":"https:\/\/paleo-energetique.org\/tr\/newsletter\/","name":"Newsletter - Pal\u00e9o-Energ\u00e9tique","isPartOf":{"@id":"https:\/\/paleo-energetique.org\/#website"},"datePublished":"2018-11-13T09:43:02+00:00","dateModified":"2024-11-22T14:25:17+00:00","breadcrumb":{"@id":"https:\/\/paleo-energetique.org\/tr\/newsletter\/#breadcrumb"},"inLanguage":"tr","potentialAction":[{"@type":"ReadAction","target":["https:\/\/paleo-energetique.org\/tr\/newsletter\/"]}]},{"@type":"BreadcrumbList","@id":"https:\/\/paleo-energetique.org\/tr\/newsletter\/#breadcrumb","itemListElement":[{"@type":"ListItem","position":1,"name":"Accueil","item":"https:\/\/paleo-energetique.org\/"},{"@type":"ListItem","position":2,"name":"Newsletter"}]},{"@type":"WebSite","@id":"https:\/\/paleo-energetique.org\/#website","url":"https:\/\/paleo-energetique.org\/","name":"Pal\u00e9o-Energ\u00e9tique","description":"R\u00e9inventer l&#039;Histoire de L&#039;\u00e9nergie","potentialAction":[{"@type":"SearchAction","target":{"@type":"EntryPoint","urlTemplate":"https:\/\/paleo-energetique.org\/?s={search_term_string}"},"query-input":{"@type":"PropertyValueSpecification","valueRequired":true,"valueName":"search_term_string"}}],"inLanguage":"tr"}]}},"_links":{"self":[{"href":"https:\/\/paleo-energetique.org\/tr\/wp-json\/wp\/v2\/pages\/2851","targetHints":{"allow":["GET"]}}],"collection":[{"href":"https:\/\/paleo-energetique.org\/tr\/wp-json\/wp\/v2\/pages"}],"about":[{"href":"https:\/\/paleo-energetique.org\/tr\/wp-json\/wp\/v2\/types\/page"}],"author":[{"embeddable":true,"href":"https:\/\/paleo-energetique.org\/tr\/wp-json\/wp\/v2\/users\/1"}],"replies":[{"embeddable":true,"href":"https:\/\/paleo-energetique.org\/tr\/wp-json\/wp\/v2\/comments?post=2851"}],"version-history":[{"count":9,"href":"https:\/\/paleo-energetique.org\/tr\/wp-json\/wp\/v2\/pages\/2851\/revisions"}],"predecessor-version":[{"id":6737,"href":"https:\/\/paleo-energetique.org\/tr\/wp-json\/wp\/v2\/pages\/2851\/revisions\/6737"}],"wp:attachment":[{"href":"https:\/\/paleo-energetique.org\/tr\/wp-json\/wp\/v2\/media?parent=2851"}],"wp:term":[{"taxonomy":"post_tag","embeddable":true,"href":"https:\/\/paleo-energetique.org\/tr\/wp-json\/wp\/v2\/tags?post=2851"}],"curies":[{"name":"wp","href":"https:\/\/api.w.org\/{rel}","templated":true}]}}