{"id":5293,"date":"2020-09-19T23:55:51","date_gmt":"2020-09-19T23:55:51","guid":{"rendered":"http:\/\/paleo-energetique.org\/?post_type=product&#038;p=5293"},"modified":"2024-11-26T14:08:46","modified_gmt":"2024-11-26T14:08:46","slug":"retrotech-and-lowtech-ebook","status":"publish","type":"product","link":"https:\/\/paleo-energetique.org\/ja\/retrotech-and-lowtech\/","title":{"rendered":"Retrotech and Lowtech [English]"},"content":{"rendered":"<p><span class=\"bold\">Retrotech &amp; Lowtech is the quintessence of 5 years of collective research to exhumate forgotten energy patents and innovations. After being published in French and in Japanese, the English version is now available!<\/span><\/p>\n<p>For this book, our scientific committee has selected \u00a064 stories, techniques and inventions which have disappeared from 1780 to the present day. Our work consisted in investigating reliable sources through archives and interviews, \u00a0researching all the iconography and writing the texts. We have also asked 10 experts in topics which surround our research to contribute by writing short essays. This will help the reader to put these old stories into perspective and connect them to our contemporary stakes.<\/p>\n<p>Each story is displayed as a double page, including a short text with anecdotes as well as an illustration and some sources to explore further.<\/p>\n<p><span class=\"bold\">\u2192 Format of the book : 18.5 cm x 26 cm ; 212 pages<\/span><\/p>\n<p><span class=\"bold\">\u2192 64 inventions from about 1780 to 1980<\/span><\/p>\n<p><span class=\"bold\">\u2192 Short essays from several experts around the topic, including: <\/span><\/p>\n<p>&#8220;Archives: Finding what is has not been lost&#8221; (Eric Dussert)<\/p>\n<p>&#8220;Another History of Electric Aviation&#8221; (Kevin Desmond, researcher and writer)<\/p>\n<p>&#8220;Paleo-technology: Breaking the thermo-industrial deadlock&#8221; (Alain Gras, sociologist)<\/p>\n<p>&#8220;Art and Energy&#8221; (Alice Audouin, professor at the Sorbonne)<\/p>\n<p>&#8220;Design fiction and innovations&#8221; (Olivier Wathelet, anthropologist of innovation)<\/p>\n<p>&#8220;Simondon: open the machine&#8221; (Ludovic Duhem, expert in simondonian studies)<\/p>\n<p>&#8220;Another history of mobility&#8221; (Arnaud Passalacqua, lecturer in contemporary history at the University of Paris VII)<\/p>\n<p>&#8220;Intellectual properties and common interest&#8221; (La Paillasse, biohacking\/open-research center at the origin of the international cancer project Epidemium)<\/p>\n<p>&#8220;Energy storage&#8221; (Atelier 21)<\/p>\n<p>&#8220;Homo Photosyntheticus&#8221; (Ewen Chardronnet, author, journalist, commissioner and member of artist collectives)<\/p>\n<p>Pages preview:<\/p>\n<p><img fetchpriority=\"high\" decoding=\"async\" class=\"aligncenter size-full wp-image-5340\" src=\"http:\/\/paleo-energetique.org\/wp-content\/uploads\/2020\/09\/retrotech-page_1.png\" alt=\"\" width=\"1199\" height=\"809\" srcset=\"https:\/\/paleo-energetique.org\/wp-content\/uploads\/2020\/09\/retrotech-page_1.png 1199w, https:\/\/paleo-energetique.org\/wp-content\/uploads\/2020\/09\/retrotech-page_1-385x260.png 385w, https:\/\/paleo-energetique.org\/wp-content\/uploads\/2020\/09\/retrotech-page_1-1024x691.png 1024w, https:\/\/paleo-energetique.org\/wp-content\/uploads\/2020\/09\/retrotech-page_1-768x518.png 768w, https:\/\/paleo-energetique.org\/wp-content\/uploads\/2020\/09\/retrotech-page_1-200x135.png 200w\" sizes=\"(max-width: 1199px) 100vw, 1199px\" \/><\/p>\n<p><img decoding=\"async\" class=\"aligncenter size-full wp-image-5332\" src=\"http:\/\/paleo-energetique.org\/wp-content\/uploads\/2020\/09\/retrotech-page_2.png\" alt=\"\" width=\"1197\" height=\"807\" srcset=\"https:\/\/paleo-energetique.org\/wp-content\/uploads\/2020\/09\/retrotech-page_2.png 1197w, https:\/\/paleo-energetique.org\/wp-content\/uploads\/2020\/09\/retrotech-page_2-386x260.png 386w, https:\/\/paleo-energetique.org\/wp-content\/uploads\/2020\/09\/retrotech-page_2-1024x690.png 1024w, https:\/\/paleo-energetique.org\/wp-content\/uploads\/2020\/09\/retrotech-page_2-768x518.png 768w, https:\/\/paleo-energetique.org\/wp-content\/uploads\/2020\/09\/retrotech-page_2-200x135.png 200w\" sizes=\"(max-width: 1197px) 100vw, 1197px\" \/><\/p>\n<p>&nbsp;<\/p>\n<p>&nbsp;<\/p>\n<p>&nbsp;<\/p>\n","protected":false},"excerpt":{"rendered":"<p><span class=\"bold\">Retrotech &amp; Lowtech is the quintessence of 5 years of collective research to exhumate forgotten energy patents and innovations. After being published in French and in Japanese, the English version is now available!<\/span><\/p>\n<p>For this book, our scientific committee has selected \u00a064 stories, techniques and inventions which have disappeared from 1780 to the present day. Our work consisted in investigating reliable sources through archives and interviews, \u00a0researching all the iconography and writing the texts. We have also asked 10 experts in topics which surround our research to contribute by writing short essays. This will help the reader to put these old stories into perspective and connect them to our contemporary stakes.<\/p>\n<p>&nbsp;<\/p>\n","protected":false},"featured_media":5345,"comment_status":"open","ping_status":"closed","template":"","meta":{"_acf_changed":false},"product_brand":[],"product_cat":[132],"product_tag":[],"class_list":{"0":"post-5293","1":"product","2":"type-product","3":"status-publish","4":"has-post-thumbnail","6":"product_cat-livres","8":"first","9":"instock","10":"shipping-taxable","11":"purchasable","12":"product-type-variable"},"acf":[],"yoast_head":"<!-- This site is optimized with the Yoast SEO plugin v26.0 - https:\/\/yoast.com\/wordpress\/plugins\/seo\/ -->\n<title>Retrotech and Lowtech [English] - Pal\u00e9o-Energ\u00e9tique<\/title>\n<meta name=\"robots\" content=\"index, follow, max-snippet:-1, max-image-preview:large, max-video-preview:-1\" \/>\n<link rel=\"canonical\" href=\"https:\/\/paleo-energetique.org\/retrotech-and-lowtech\/\" \/>\n<meta property=\"og:locale\" content=\"ja_JP\" \/>\n<meta property=\"og:type\" content=\"article\" \/>\n<meta property=\"og:title\" content=\"Retrotech and Lowtech [English] - Pal\u00e9o-Energ\u00e9tique\" \/>\n<meta property=\"og:description\" content=\"Retrotech &amp; Lowtech is the quintessence of 5 years of collective research to exhumate forgotten energy patents and innovations. After being published in French and in Japanese, the English version is now available!  For this book, our scientific committee has selected \u00a064 stories, techniques and inventions which have disappeared from 1780 to the present day. Our work consisted in investigating reliable sources through archives and interviews, \u00a0researching all the iconography and writing the texts. We have also asked 10 experts in topics which surround our research to contribute by writing short essays. This will help the reader to put these old stories into perspective and connect them to our contemporary stakes.  &nbsp;\" \/>\n<meta property=\"og:url\" content=\"https:\/\/paleo-energetique.org\/retrotech-and-lowtech\/\" \/>\n<meta property=\"og:site_name\" content=\"Pal\u00e9o-Energ\u00e9tique\" \/>\n<meta property=\"article:publisher\" content=\"https:\/\/www.facebook.com\/paleoenergie\/\" \/>\n<meta property=\"article:modified_time\" content=\"2024-11-26T14:08:46+00:00\" \/>\n<meta property=\"og:image\" content=\"https:\/\/paleo-energetique.org\/wp-content\/uploads\/2020\/09\/Couverture-anglaise-2-e1654682135107.png\" \/>\n\t<meta property=\"og:image:width\" content=\"1000\" \/>\n\t<meta property=\"og:image:height\" content=\"1360\" \/>\n\t<meta property=\"og:image:type\" content=\"image\/png\" \/>\n<meta name=\"twitter:card\" content=\"summary_large_image\" \/>\n<meta name=\"twitter:label1\" content=\"\u63a8\u5b9a\u8aad\u307f\u53d6\u308a\u6642\u9593\" \/>\n\t<meta name=\"twitter:data1\" content=\"2\u5206\" \/>\n<script type=\"application\/ld+json\" class=\"yoast-schema-graph\">{\"@context\":\"https:\/\/schema.org\",\"@graph\":[{\"@type\":\"WebPage\",\"@id\":\"https:\/\/paleo-energetique.org\/retrotech-and-lowtech\/\",\"url\":\"https:\/\/paleo-energetique.org\/retrotech-and-lowtech\/\",\"name\":\"Retrotech and Lowtech [English] - Pal\u00e9o-Energ\u00e9tique\",\"isPartOf\":{\"@id\":\"https:\/\/paleo-energetique.org\/#website\"},\"primaryImageOfPage\":{\"@id\":\"https:\/\/paleo-energetique.org\/retrotech-and-lowtech\/#primaryimage\"},\"image\":{\"@id\":\"https:\/\/paleo-energetique.org\/retrotech-and-lowtech\/#primaryimage\"},\"thumbnailUrl\":\"https:\/\/paleo-energetique.org\/wp-content\/uploads\/2020\/09\/Couverture-anglaise-2-e1654682135107.png\",\"datePublished\":\"2020-09-19T23:55:51+00:00\",\"dateModified\":\"2024-11-26T14:08:46+00:00\",\"breadcrumb\":{\"@id\":\"https:\/\/paleo-energetique.org\/retrotech-and-lowtech\/#breadcrumb\"},\"inLanguage\":\"ja\",\"potentialAction\":[{\"@type\":\"ReadAction\",\"target\":[\"https:\/\/paleo-energetique.org\/retrotech-and-lowtech\/\"]}]},{\"@type\":\"ImageObject\",\"inLanguage\":\"ja\",\"@id\":\"https:\/\/paleo-energetique.org\/retrotech-and-lowtech\/#primaryimage\",\"url\":\"https:\/\/paleo-energetique.org\/wp-content\/uploads\/2020\/09\/Couverture-anglaise-2-e1654682135107.png\",\"contentUrl\":\"https:\/\/paleo-energetique.org\/wp-content\/uploads\/2020\/09\/Couverture-anglaise-2-e1654682135107.png\",\"width\":1000,\"height\":1360},{\"@type\":\"BreadcrumbList\",\"@id\":\"https:\/\/paleo-energetique.org\/retrotech-and-lowtech\/#breadcrumb\",\"itemListElement\":[{\"@type\":\"ListItem\",\"position\":1,\"name\":\"Accueil\",\"item\":\"https:\/\/paleo-energetique.org\/ja\/\"},{\"@type\":\"ListItem\",\"position\":2,\"name\":\"Boutique\",\"item\":\"https:\/\/paleo-energetique.org\/boutique\/\"},{\"@type\":\"ListItem\",\"position\":3,\"name\":\"Retrotech and Lowtech [English]\"}]},{\"@type\":\"WebSite\",\"@id\":\"https:\/\/paleo-energetique.org\/#website\",\"url\":\"https:\/\/paleo-energetique.org\/\",\"name\":\"Pal\u00e9o-Energ\u00e9tique\",\"description\":\"R\u00e9inventer l&#039;Histoire de L&#039;\u00e9nergie\",\"potentialAction\":[{\"@type\":\"SearchAction\",\"target\":{\"@type\":\"EntryPoint\",\"urlTemplate\":\"https:\/\/paleo-energetique.org\/?s={search_term_string}\"},\"query-input\":{\"@type\":\"PropertyValueSpecification\",\"valueRequired\":true,\"valueName\":\"search_term_string\"}}],\"inLanguage\":\"ja\"}]}<\/script>\n<!-- \/ Yoast SEO plugin. -->","yoast_head_json":{"title":"Retrotech and Lowtech [English] - Pal\u00e9o-Energ\u00e9tique","robots":{"index":"index","follow":"follow","max-snippet":"max-snippet:-1","max-image-preview":"max-image-preview:large","max-video-preview":"max-video-preview:-1"},"canonical":"https:\/\/paleo-energetique.org\/retrotech-and-lowtech\/","og_locale":"ja_JP","og_type":"article","og_title":"Retrotech and Lowtech [English] - Pal\u00e9o-Energ\u00e9tique","og_description":"Retrotech &amp; Lowtech is the quintessence of 5 years of collective research to exhumate forgotten energy patents and innovations. After being published in French and in Japanese, the English version is now available!  For this book, our scientific committee has selected \u00a064 stories, techniques and inventions which have disappeared from 1780 to the present day. Our work consisted in investigating reliable sources through archives and interviews, \u00a0researching all the iconography and writing the texts. We have also asked 10 experts in topics which surround our research to contribute by writing short essays. This will help the reader to put these old stories into perspective and connect them to our contemporary stakes.  &nbsp;","og_url":"https:\/\/paleo-energetique.org\/retrotech-and-lowtech\/","og_site_name":"Pal\u00e9o-Energ\u00e9tique","article_publisher":"https:\/\/www.facebook.com\/paleoenergie\/","article_modified_time":"2024-11-26T14:08:46+00:00","og_image":[{"width":1000,"height":1360,"url":"https:\/\/paleo-energetique.org\/wp-content\/uploads\/2020\/09\/Couverture-anglaise-2-e1654682135107.png","type":"image\/png"}],"twitter_card":"summary_large_image","twitter_misc":{"\u63a8\u5b9a\u8aad\u307f\u53d6\u308a\u6642\u9593":"2\u5206"},"schema":{"@context":"https:\/\/schema.org","@graph":[{"@type":"WebPage","@id":"https:\/\/paleo-energetique.org\/retrotech-and-lowtech\/","url":"https:\/\/paleo-energetique.org\/retrotech-and-lowtech\/","name":"Retrotech and Lowtech [English] - Pal\u00e9o-Energ\u00e9tique","isPartOf":{"@id":"https:\/\/paleo-energetique.org\/#website"},"primaryImageOfPage":{"@id":"https:\/\/paleo-energetique.org\/retrotech-and-lowtech\/#primaryimage"},"image":{"@id":"https:\/\/paleo-energetique.org\/retrotech-and-lowtech\/#primaryimage"},"thumbnailUrl":"https:\/\/paleo-energetique.org\/wp-content\/uploads\/2020\/09\/Couverture-anglaise-2-e1654682135107.png","datePublished":"2020-09-19T23:55:51+00:00","dateModified":"2024-11-26T14:08:46+00:00","breadcrumb":{"@id":"https:\/\/paleo-energetique.org\/retrotech-and-lowtech\/#breadcrumb"},"inLanguage":"ja","potentialAction":[{"@type":"ReadAction","target":["https:\/\/paleo-energetique.org\/retrotech-and-lowtech\/"]}]},{"@type":"ImageObject","inLanguage":"ja","@id":"https:\/\/paleo-energetique.org\/retrotech-and-lowtech\/#primaryimage","url":"https:\/\/paleo-energetique.org\/wp-content\/uploads\/2020\/09\/Couverture-anglaise-2-e1654682135107.png","contentUrl":"https:\/\/paleo-energetique.org\/wp-content\/uploads\/2020\/09\/Couverture-anglaise-2-e1654682135107.png","width":1000,"height":1360},{"@type":"BreadcrumbList","@id":"https:\/\/paleo-energetique.org\/retrotech-and-lowtech\/#breadcrumb","itemListElement":[{"@type":"ListItem","position":1,"name":"Accueil","item":"https:\/\/paleo-energetique.org\/ja\/"},{"@type":"ListItem","position":2,"name":"Boutique","item":"https:\/\/paleo-energetique.org\/boutique\/"},{"@type":"ListItem","position":3,"name":"Retrotech and Lowtech [English]"}]},{"@type":"WebSite","@id":"https:\/\/paleo-energetique.org\/#website","url":"https:\/\/paleo-energetique.org\/","name":"Pal\u00e9o-Energ\u00e9tique","description":"R\u00e9inventer l&#039;Histoire de L&#039;\u00e9nergie","potentialAction":[{"@type":"SearchAction","target":{"@type":"EntryPoint","urlTemplate":"https:\/\/paleo-energetique.org\/?s={search_term_string}"},"query-input":{"@type":"PropertyValueSpecification","valueRequired":true,"valueName":"search_term_string"}}],"inLanguage":"ja"}]}},"_links":{"self":[{"href":"https:\/\/paleo-energetique.org\/ja\/wp-json\/wp\/v2\/product\/5293","targetHints":{"allow":["GET"]}}],"collection":[{"href":"https:\/\/paleo-energetique.org\/ja\/wp-json\/wp\/v2\/product"}],"about":[{"href":"https:\/\/paleo-energetique.org\/ja\/wp-json\/wp\/v2\/types\/product"}],"replies":[{"embeddable":true,"href":"https:\/\/paleo-energetique.org\/ja\/wp-json\/wp\/v2\/comments?post=5293"}],"wp:featuredmedia":[{"embeddable":true,"href":"https:\/\/paleo-energetique.org\/ja\/wp-json\/wp\/v2\/media\/5345"}],"wp:attachment":[{"href":"https:\/\/paleo-energetique.org\/ja\/wp-json\/wp\/v2\/media?parent=5293"}],"wp:term":[{"taxonomy":"product_brand","embeddable":true,"href":"https:\/\/paleo-energetique.org\/ja\/wp-json\/wp\/v2\/product_brand?post=5293"},{"taxonomy":"product_cat","embeddable":true,"href":"https:\/\/paleo-energetique.org\/ja\/wp-json\/wp\/v2\/product_cat?post=5293"},{"taxonomy":"product_tag","embeddable":true,"href":"https:\/\/paleo-energetique.org\/ja\/wp-json\/wp\/v2\/product_tag?post=5293"}],"curies":[{"name":"wp","href":"https:\/\/api.w.org\/{rel}","templated":true}]}}