{"id":795,"date":"2016-06-12T19:17:11","date_gmt":"2016-06-12T19:17:11","guid":{"rendered":"http:\/\/paleo-energetique.org\/?page_id=795&#038;lang=ja"},"modified":"2022-03-31T21:26:33","modified_gmt":"2022-03-31T21:26:33","slug":"%e6%8f%90%e6%a1%88%e3%81%99%e3%82%8b","status":"publish","type":"page","link":"https:\/\/paleo-energetique.org\/ja\/%e5%af%84%e4%bb%98%e3%82%92%e3%81%99%e3%82%8b\/%e6%8f%90%e6%a1%88%e3%81%99%e3%82%8b\/","title":{"rendered":"\u63d0\u6848\u3059\u308b\u306b\u306f"},"content":{"rendered":"<p>&nbsp;<\/p>\n<h4 style=\"text-align: center;\"><span id=\"result_box\" class=\"short_text\" lang=\"ja\">\u672c\u767a\u660e<span class=\"\">\u3092\u63d0\u6848\u3057\u307e\u3059<\/span><\/span><\/h4>\n<p>&nbsp;<\/p>\n<p>&nbsp;<\/p>\n<p><center>\n<div class=\"wpcf7 no-js\" id=\"wpcf7-f803-o1\" lang=\"fr-FR\" dir=\"ltr\" data-wpcf7-id=\"803\">\n<div class=\"screen-reader-response\"><p role=\"status\" aria-live=\"polite\" aria-atomic=\"true\"><\/p> <ul><\/ul><\/div>\n<form action=\"\/ja\/wp-json\/wp\/v2\/pages\/795#wpcf7-f803-o1\" method=\"post\" class=\"wpcf7-form init\" aria-label=\"Formulaire de contact\" enctype=\"multipart\/form-data\" novalidate=\"novalidate\" data-status=\"init\">\n<fieldset class=\"hidden-fields-container\"><input type=\"hidden\" name=\"_wpcf7\" value=\"803\" \/><input type=\"hidden\" name=\"_wpcf7_version\" value=\"6.1.1\" \/><input type=\"hidden\" name=\"_wpcf7_locale\" value=\"fr_FR\" \/><input type=\"hidden\" name=\"_wpcf7_unit_tag\" value=\"wpcf7-f803-o1\" \/><input type=\"hidden\" name=\"_wpcf7_container_post\" value=\"0\" \/><input type=\"hidden\" name=\"_wpcf7_posted_data_hash\" value=\"\" \/><input type=\"hidden\" name=\"_wpcf7_recaptcha_response\" value=\"\" \/>\n<\/fieldset>\n<table>\n\t<tr>\n\t\t<td>\n\t\t\t<div id=\"noms\">\n\t\t\t\t<p>\u540d\u524d\n\t\t\t\t<\/p>\n\t\t\t\t<p><span class=\"wpcf7-form-control-wrap\" data-name=\"your-name\"><input size=\"40\" maxlength=\"400\" class=\"wpcf7-form-control wpcf7-text wpcf7-validates-as-required\" aria-required=\"true\" aria-invalid=\"false\" value=\"\" type=\"text\" name=\"your-name\" \/><\/span>\n\t\t\t\t<\/p>\n\t\t\t<\/div>\n\t\t\t<div id=\"emaill\">\n\t\t\t\t<p>E\u30e1\u30fc\u30eb\n\t\t\t\t<\/p>\n\t\t\t\t<p><span class=\"wpcf7-form-control-wrap\" data-name=\"your-email\"><input size=\"40\" maxlength=\"400\" class=\"wpcf7-form-control wpcf7-email wpcf7-validates-as-required wpcf7-text wpcf7-validates-as-email\" aria-required=\"true\" aria-invalid=\"false\" value=\"\" type=\"email\" name=\"your-email\" \/><\/span>\n\t\t\t\t<\/p>\n\t\t\t<\/div>\n\t\t<\/td>\n\t<\/tr>\n\t<tr>\n\t\t<td>\n\t\t\t<div id=\"etudes\">\n\t\t\t\t<p>\u5c02\u9580\n\t\t\t\t<\/p>\n\t\t\t\t<p><span class=\"wpcf7-form-control-wrap\" data-name=\"text-799\"><input size=\"40\" maxlength=\"400\" class=\"wpcf7-form-control wpcf7-text\" aria-invalid=\"false\" value=\"\" type=\"text\" name=\"text-799\" \/><\/span>\n\t\t\t\t<\/p>\n\t\t\t<\/div>\n\t\t\t<div id=\"photoprofil\">\n\t\t\t\t<p>\u30d7\u30ed\u30d5\u30a3\u30fc\u30eb\n\t\t\t\t<\/p>\n\t\t\t\t<p><span class=\"wpcf7-form-control-wrap\" data-name=\"file-15\"><input size=\"40\" class=\"wpcf7-form-control wpcf7-file\" id=\"photoprofil\" accept=\"audio\/*,video\/*,image\/*\" aria-invalid=\"false\" type=\"file\" name=\"file-15\" \/><\/span>\n\t\t\t\t<\/p>\n\t\t\t<\/div>\n\t\t<\/td>\n\t<\/tr>\n\t<tr>\n\t\t<td>\n\t\t\t<div id=\"centreinteret\">\n\t\t\t\t<p>\u8da3\u5473\n\t\t\t\t<\/p>\n\t\t\t\t<p><span class=\"wpcf7-form-control-wrap\" data-name=\"text-136\"><input size=\"16\" maxlength=\"400\" class=\"wpcf7-form-control wpcf7-text\" id=\"centreinteret\" aria-invalid=\"false\" value=\"\" type=\"text\" name=\"text-136\" \/><\/span>\n\t\t\t\t<\/p>\n\t\t\t<\/div>\n\t\t\t<div id=\"motspaleos\">\n\t\t\t\t<p>\u3072\u3068\u3053\u3068...\n\t\t\t\t<\/p>\n\t\t\t\t<p><span class=\"wpcf7-form-control-wrap\" data-name=\"textarea-941\"><textarea cols=\"8\" rows=\"4\" maxlength=\"2000\" class=\"wpcf7-form-control wpcf7-textarea\" id=\"motspaleoss\" aria-invalid=\"false\" name=\"textarea-941\"><\/textarea><\/span>\n\t\t\t\t<\/p>\n\t\t\t<\/div>\n\t\t<\/td>\n\t<\/tr>\n\t<tr>\n\t\t<td>\n\t\t<hr \/>\n\t\t\t<p><b>\n\t\t\t\t\t<center>\n\t\t\t\t\t<\/center><\/b>\n\t\t\t<\/p>\n\t\t\t<p>\u5834\u5408\u306b\u3088\u308a\u6295\u7a3f\u3055\u308c\u305f\u30d1\u30ec\u30aa\u91cd\u8981\u4eba\u7269\u3084\u3001\u30d1\u30ec\u30aa\u767a\u660e\u306f\u63b2\u8f09\u3055\u308c\u308b\u524d\u306b\u4fee\u6b63\u3055\u308c\u308b\u3053\u3068\u304c\u3042\u308a\u307e\u3059\u3002\u53ef\u80fd\u306a\u9650\u308a\u8a73\u7d30\u3092\u8a18\u3057\u305f\u8cc7\u6599\u3092\u63d0\u4f9b\u3057\u3066\u304f\u3060\u3055\u3044\u3002\n\t\t\t<\/p>\n\t\t<\/td>\n\t<\/tr>\n\t<tr>\n\t\t<td>\n\t\t\t<div id=\"decouverteu\">\n\t\t\t\t<p>\u767a\u660e\u306e\u8a73\u7d30\u3001\u305d\u3057\u3066\u767a\u898b\u306e\u7d4c\u7def\n\t\t\t\t<\/p>\n\t\t\t\t<p><span class=\"wpcf7-form-control-wrap\" data-name=\"textarea-610\"><textarea cols=\"10\" rows=\"4\" maxlength=\"2000\" class=\"wpcf7-form-control wpcf7-textarea\" id=\"decouverte\" aria-invalid=\"false\" name=\"textarea-610\"><\/textarea><\/span>\n\t\t\t\t<\/p>\n\t\t\t<\/div>\n\t\t<\/td>\n\t<\/tr>\n\t<tr>\n\t\t<td>\n\t\t\t<div id=\"quelinteret\">\n\t\t\t\t<p>\u30a8\u30cd\u30eb\u30ae\u30fc\u63a8\u79fb\u3068\u306e\u95a2\u9023\u6027\n\t\t\t\t<\/p>\n\t\t\t\t<p><span class=\"wpcf7-form-control-wrap\" data-name=\"textarea-952\"><textarea cols=\"10\" rows=\"4\" maxlength=\"2000\" class=\"wpcf7-form-control wpcf7-textarea\" id=\"interet3\" aria-invalid=\"false\" name=\"textarea-952\"><\/textarea><\/span>\n\t\t\t\t<\/p>\n\t\t\t<\/div>\n\t\t<\/td>\n\t<\/tr>\n\t<tr>\n\t\t<td>\n\t\t\t<div id=\"lesimages2\">\n\t\t\t\t<p>\u753b\u50cf\u3092\u6dfb\u4ed8\u3059\u308b\n\t\t\t\t<\/p>\n\t\t\t\t<p><span class=\"wpcf7-form-control-wrap\" data-name=\"file-358\"><input size=\"40\" class=\"wpcf7-form-control wpcf7-file\" id=\"photopaleoo\" accept=\"audio\/*,video\/*,image\/*\" aria-invalid=\"false\" type=\"file\" name=\"file-358\" \/><\/span><br \/>\n<span class=\"wpcf7-form-control-wrap\" data-name=\"file-640\"><input size=\"40\" class=\"wpcf7-form-control wpcf7-file\" id=\"photopaleo2\" accept=\"audio\/*,video\/*,image\/*\" aria-invalid=\"false\" type=\"file\" name=\"file-640\" \/><\/span><br \/>\n<span class=\"wpcf7-form-control-wrap\" data-name=\"file-139\"><input size=\"40\" class=\"wpcf7-form-control wpcf7-file\" id=\"photopaleo4\" accept=\"audio\/*,video\/*,image\/*\" aria-invalid=\"false\" type=\"file\" name=\"file-139\" \/><\/span>\n\t\t\t\t<\/p>\n\t\t\t<\/div>\n\t\t\t<div id=\"linkswww\">\n\t\t\t\t<p>\u30ea\u30f3\u30af\u5148\u3092\u6dfb\u4ed8\u3059\u308b\n\t\t\t\t<\/p>\n\t\t\t\t<p><span class=\"wpcf7-form-control-wrap\" data-name=\"url-728\"><input size=\"40\" maxlength=\"400\" class=\"wpcf7-form-control wpcf7-url wpcf7-text wpcf7-validates-as-url\" aria-invalid=\"false\" value=\"\" type=\"url\" name=\"url-728\" \/><\/span><br \/>\n<span class=\"wpcf7-form-control-wrap\" data-name=\"url-602\"><input size=\"40\" maxlength=\"400\" class=\"wpcf7-form-control wpcf7-url wpcf7-text wpcf7-validates-as-url\" aria-invalid=\"false\" value=\"\" type=\"url\" name=\"url-602\" \/><\/span><br \/>\n<span class=\"wpcf7-form-control-wrap\" data-name=\"url-732\"><input size=\"40\" maxlength=\"400\" class=\"wpcf7-form-control wpcf7-url wpcf7-text wpcf7-validates-as-url\" aria-invalid=\"false\" value=\"\" type=\"url\" name=\"url-732\" \/><\/span>\n\t\t\t\t<\/p>\n\t\t\t<\/div>\n\t\t<\/td>\n\t<\/tr>\n\t<tr>\n\t\t<td>\n\t\t\t<p><input type=\"hidden\" name=\"_mc4wp_lists[]\" value=\"7b8d9324d4\" \/>\n\t\t\t<\/p>\n\t\t\t<div id=\"acacher\">\n\t\t\t\t<p>[mc4wp_checkbox]\n\t\t\t\t<\/p>\n\t\t\t<\/div>\n\t\t\t<center>\n\t\t\t\n\t\t\t<\/center>\n\t\t\t<center>\n\t\t\t\t<p><input class=\"wpcf7-form-control wpcf7-submit has-spinner\" type=\"submit\" value=\"\u9001\u4fe1\" \/>\n\t\t\t\t<\/p>\n\t\t\t<\/center>\n\t\t<\/td>\n\t<\/tr>\n<\/table>\n\n<p style=\"display: none !important;\" class=\"akismet-fields-container\" data-prefix=\"_wpcf7_ak_\"><label>&#916;<textarea name=\"_wpcf7_ak_hp_textarea\" cols=\"45\" rows=\"8\" maxlength=\"100\"><\/textarea><\/label><input type=\"hidden\" id=\"ak_js_1\" name=\"_wpcf7_ak_js\" value=\"82\"\/><script>document.getElementById( \"ak_js_1\" ).setAttribute( \"value\", ( new Date() ).getTime() );<\/script><\/p><div class=\"wpcf7-response-output\" aria-hidden=\"true\"><\/div>\n<\/form>\n<\/div>\n<\/center><\/p>\n","protected":false},"excerpt":{"rendered":"<p>&nbsp; \u672c\u767a\u660e\u3092\u63d0\u6848\u3057\u307e\u3059 &nbsp; &nbsp;<\/p>\n","protected":false},"author":1,"featured_media":0,"parent":810,"menu_order":0,"comment_status":"closed","ping_status":"closed","template":"","meta":{"_acf_changed":false,"footnotes":""},"class_list":["post-795","page","type-page","status-publish","hentry"],"acf":[],"yoast_head":"<!-- This site is optimized with the Yoast SEO plugin v26.0 - https:\/\/yoast.com\/wordpress\/plugins\/seo\/ -->\n<title>\u63d0\u6848\u3059\u308b\u306b\u306f - Pal\u00e9o-Energ\u00e9tique<\/title>\n<meta name=\"robots\" content=\"index, follow, max-snippet:-1, max-image-preview:large, max-video-preview:-1\" \/>\n<link rel=\"canonical\" href=\"https:\/\/paleo-energetique.org\/ja\/\u5bc4\u4ed8\u3092\u3059\u308b\/\u63d0\u6848\u3059\u308b\/\" \/>\n<meta property=\"og:locale\" content=\"ja_JP\" \/>\n<meta property=\"og:type\" content=\"article\" \/>\n<meta property=\"og:title\" content=\"\u63d0\u6848\u3059\u308b\u306b\u306f - Pal\u00e9o-Energ\u00e9tique\" \/>\n<meta property=\"og:description\" content=\"&nbsp; \u672c\u767a\u660e\u3092\u63d0\u6848\u3057\u307e\u3059 &nbsp; &nbsp;\" \/>\n<meta property=\"og:url\" content=\"https:\/\/paleo-energetique.org\/ja\/\u5bc4\u4ed8\u3092\u3059\u308b\/\u63d0\u6848\u3059\u308b\/\" \/>\n<meta property=\"og:site_name\" content=\"Pal\u00e9o-Energ\u00e9tique\" \/>\n<meta property=\"article:publisher\" content=\"https:\/\/www.facebook.com\/paleoenergie\/\" \/>\n<meta property=\"article:modified_time\" content=\"2022-03-31T21:26:33+00:00\" \/>\n<meta property=\"og:image\" content=\"https:\/\/paleo-energetique.org\/wp-content\/uploads\/2017\/02\/paleo-energetique.jpg\" \/>\n\t<meta property=\"og:image:width\" content=\"1280\" \/>\n\t<meta property=\"og:image:height\" content=\"853\" \/>\n\t<meta property=\"og:image:type\" content=\"image\/jpeg\" \/>\n<meta name=\"twitter:card\" content=\"summary_large_image\" \/>\n<script type=\"application\/ld+json\" class=\"yoast-schema-graph\">{\"@context\":\"https:\/\/schema.org\",\"@graph\":[{\"@type\":\"WebPage\",\"@id\":\"https:\/\/paleo-energetique.org\/ja\/%e5%af%84%e4%bb%98%e3%82%92%e3%81%99%e3%82%8b\/%e6%8f%90%e6%a1%88%e3%81%99%e3%82%8b\/\",\"url\":\"https:\/\/paleo-energetique.org\/ja\/%e5%af%84%e4%bb%98%e3%82%92%e3%81%99%e3%82%8b\/%e6%8f%90%e6%a1%88%e3%81%99%e3%82%8b\/\",\"name\":\"\u63d0\u6848\u3059\u308b\u306b\u306f - Pal\u00e9o-Energ\u00e9tique\",\"isPartOf\":{\"@id\":\"https:\/\/paleo-energetique.org\/#website\"},\"datePublished\":\"2016-06-12T19:17:11+00:00\",\"dateModified\":\"2022-03-31T21:26:33+00:00\",\"breadcrumb\":{\"@id\":\"https:\/\/paleo-energetique.org\/ja\/%e5%af%84%e4%bb%98%e3%82%92%e3%81%99%e3%82%8b\/%e6%8f%90%e6%a1%88%e3%81%99%e3%82%8b\/#breadcrumb\"},\"inLanguage\":\"ja\",\"potentialAction\":[{\"@type\":\"ReadAction\",\"target\":[\"https:\/\/paleo-energetique.org\/ja\/%e5%af%84%e4%bb%98%e3%82%92%e3%81%99%e3%82%8b\/%e6%8f%90%e6%a1%88%e3%81%99%e3%82%8b\/\"]}]},{\"@type\":\"BreadcrumbList\",\"@id\":\"https:\/\/paleo-energetique.org\/ja\/%e5%af%84%e4%bb%98%e3%82%92%e3%81%99%e3%82%8b\/%e6%8f%90%e6%a1%88%e3%81%99%e3%82%8b\/#breadcrumb\",\"itemListElement\":[{\"@type\":\"ListItem\",\"position\":1,\"name\":\"Accueil\",\"item\":\"https:\/\/paleo-energetique.org\/ja\/\"},{\"@type\":\"ListItem\",\"position\":2,\"name\":\"\u5bc4\u4ed8\u3092\u3059\u308b\",\"item\":\"https:\/\/paleo-energetique.org\/ja\/%e5%af%84%e4%bb%98%e3%82%92%e3%81%99%e3%82%8b\/\"},{\"@type\":\"ListItem\",\"position\":3,\"name\":\"\u63d0\u6848\u3059\u308b\u306b\u306f\"}]},{\"@type\":\"WebSite\",\"@id\":\"https:\/\/paleo-energetique.org\/#website\",\"url\":\"https:\/\/paleo-energetique.org\/\",\"name\":\"Pal\u00e9o-Energ\u00e9tique\",\"description\":\"R\u00e9inventer l&#039;Histoire de L&#039;\u00e9nergie\",\"potentialAction\":[{\"@type\":\"SearchAction\",\"target\":{\"@type\":\"EntryPoint\",\"urlTemplate\":\"https:\/\/paleo-energetique.org\/?s={search_term_string}\"},\"query-input\":{\"@type\":\"PropertyValueSpecification\",\"valueRequired\":true,\"valueName\":\"search_term_string\"}}],\"inLanguage\":\"ja\"}]}<\/script>\n<!-- \/ Yoast SEO plugin. -->","yoast_head_json":{"title":"\u63d0\u6848\u3059\u308b\u306b\u306f - Pal\u00e9o-Energ\u00e9tique","robots":{"index":"index","follow":"follow","max-snippet":"max-snippet:-1","max-image-preview":"max-image-preview:large","max-video-preview":"max-video-preview:-1"},"canonical":"https:\/\/paleo-energetique.org\/ja\/\u5bc4\u4ed8\u3092\u3059\u308b\/\u63d0\u6848\u3059\u308b\/","og_locale":"ja_JP","og_type":"article","og_title":"\u63d0\u6848\u3059\u308b\u306b\u306f - Pal\u00e9o-Energ\u00e9tique","og_description":"&nbsp; \u672c\u767a\u660e\u3092\u63d0\u6848\u3057\u307e\u3059 &nbsp; &nbsp;","og_url":"https:\/\/paleo-energetique.org\/ja\/\u5bc4\u4ed8\u3092\u3059\u308b\/\u63d0\u6848\u3059\u308b\/","og_site_name":"Pal\u00e9o-Energ\u00e9tique","article_publisher":"https:\/\/www.facebook.com\/paleoenergie\/","article_modified_time":"2022-03-31T21:26:33+00:00","og_image":[{"width":1280,"height":853,"url":"https:\/\/paleo-energetique.org\/wp-content\/uploads\/2017\/02\/paleo-energetique.jpg","type":"image\/jpeg"}],"twitter_card":"summary_large_image","schema":{"@context":"https:\/\/schema.org","@graph":[{"@type":"WebPage","@id":"https:\/\/paleo-energetique.org\/ja\/%e5%af%84%e4%bb%98%e3%82%92%e3%81%99%e3%82%8b\/%e6%8f%90%e6%a1%88%e3%81%99%e3%82%8b\/","url":"https:\/\/paleo-energetique.org\/ja\/%e5%af%84%e4%bb%98%e3%82%92%e3%81%99%e3%82%8b\/%e6%8f%90%e6%a1%88%e3%81%99%e3%82%8b\/","name":"\u63d0\u6848\u3059\u308b\u306b\u306f - Pal\u00e9o-Energ\u00e9tique","isPartOf":{"@id":"https:\/\/paleo-energetique.org\/#website"},"datePublished":"2016-06-12T19:17:11+00:00","dateModified":"2022-03-31T21:26:33+00:00","breadcrumb":{"@id":"https:\/\/paleo-energetique.org\/ja\/%e5%af%84%e4%bb%98%e3%82%92%e3%81%99%e3%82%8b\/%e6%8f%90%e6%a1%88%e3%81%99%e3%82%8b\/#breadcrumb"},"inLanguage":"ja","potentialAction":[{"@type":"ReadAction","target":["https:\/\/paleo-energetique.org\/ja\/%e5%af%84%e4%bb%98%e3%82%92%e3%81%99%e3%82%8b\/%e6%8f%90%e6%a1%88%e3%81%99%e3%82%8b\/"]}]},{"@type":"BreadcrumbList","@id":"https:\/\/paleo-energetique.org\/ja\/%e5%af%84%e4%bb%98%e3%82%92%e3%81%99%e3%82%8b\/%e6%8f%90%e6%a1%88%e3%81%99%e3%82%8b\/#breadcrumb","itemListElement":[{"@type":"ListItem","position":1,"name":"Accueil","item":"https:\/\/paleo-energetique.org\/ja\/"},{"@type":"ListItem","position":2,"name":"\u5bc4\u4ed8\u3092\u3059\u308b","item":"https:\/\/paleo-energetique.org\/ja\/%e5%af%84%e4%bb%98%e3%82%92%e3%81%99%e3%82%8b\/"},{"@type":"ListItem","position":3,"name":"\u63d0\u6848\u3059\u308b\u306b\u306f"}]},{"@type":"WebSite","@id":"https:\/\/paleo-energetique.org\/#website","url":"https:\/\/paleo-energetique.org\/","name":"Pal\u00e9o-Energ\u00e9tique","description":"R\u00e9inventer l&#039;Histoire de L&#039;\u00e9nergie","potentialAction":[{"@type":"SearchAction","target":{"@type":"EntryPoint","urlTemplate":"https:\/\/paleo-energetique.org\/?s={search_term_string}"},"query-input":{"@type":"PropertyValueSpecification","valueRequired":true,"valueName":"search_term_string"}}],"inLanguage":"ja"}]}},"_links":{"self":[{"href":"https:\/\/paleo-energetique.org\/ja\/wp-json\/wp\/v2\/pages\/795","targetHints":{"allow":["GET"]}}],"collection":[{"href":"https:\/\/paleo-energetique.org\/ja\/wp-json\/wp\/v2\/pages"}],"about":[{"href":"https:\/\/paleo-energetique.org\/ja\/wp-json\/wp\/v2\/types\/page"}],"author":[{"embeddable":true,"href":"https:\/\/paleo-energetique.org\/ja\/wp-json\/wp\/v2\/users\/1"}],"replies":[{"embeddable":true,"href":"https:\/\/paleo-energetique.org\/ja\/wp-json\/wp\/v2\/comments?post=795"}],"version-history":[{"count":0,"href":"https:\/\/paleo-energetique.org\/ja\/wp-json\/wp\/v2\/pages\/795\/revisions"}],"up":[{"embeddable":true,"href":"https:\/\/paleo-energetique.org\/ja\/wp-json\/wp\/v2\/pages\/810"}],"wp:attachment":[{"href":"https:\/\/paleo-energetique.org\/ja\/wp-json\/wp\/v2\/media?parent=795"}],"curies":[{"name":"wp","href":"https:\/\/api.w.org\/{rel}","templated":true}]}}