{"id":785,"date":"2016-06-12T19:08:24","date_gmt":"2016-06-12T19:08:24","guid":{"rendered":"http:\/\/paleo-energetique.org\/?page_id=785&#038;lang=ja"},"modified":"2016-06-12T19:08:24","modified_gmt":"2016-06-12T19:08:24","slug":"%e3%82%a8%e3%82%ad%e3%82%b9%e3%83%9d%ef%bc%88%e4%b8%87%e5%9b%bd%e5%8d%9a%e8%a6%a7%e4%bc%9a%ef%bc%89","status":"publish","type":"page","link":"https:\/\/paleo-energetique.org\/ja\/%e3%82%a8%e3%82%ad%e3%82%b9%e3%83%9d%ef%bc%88%e4%b8%87%e5%9b%bd%e5%8d%9a%e8%a6%a7%e4%bc%9a%ef%bc%89\/","title":{"rendered":"\u30a8\u30ad\u30b9\u30dd\uff08\u4e07\u56fd\u535a\u89a7\u4f1a\uff09"},"content":{"rendered":"","protected":false},"excerpt":{"rendered":"","protected":false},"author":1,"featured_media":0,"parent":0,"menu_order":0,"comment_status":"closed","ping_status":"closed","template":"template-expos.php","meta":{"_acf_changed":false,"footnotes":""},"tags":[],"class_list":["post-785","page","type-page","status-publish","hentry"],"acf":[],"yoast_head":"<!-- This site is optimized with the Yoast SEO plugin v26.0 - https:\/\/yoast.com\/wordpress\/plugins\/seo\/ -->\n<title>\u30a8\u30ad\u30b9\u30dd\uff08\u4e07\u56fd\u535a\u89a7\u4f1a\uff09 - Pal\u00e9o-Energ\u00e9tique<\/title>\n<meta name=\"robots\" content=\"index, follow, max-snippet:-1, max-image-preview:large, max-video-preview:-1\" \/>\n<link rel=\"canonical\" href=\"https:\/\/paleo-energetique.org\/ja\/\u30a8\u30ad\u30b9\u30dd\uff08\u4e07\u56fd\u535a\u89a7\u4f1a\uff09\/\" \/>\n<meta property=\"og:locale\" content=\"ja_JP\" \/>\n<meta property=\"og:type\" content=\"article\" \/>\n<meta property=\"og:title\" content=\"\u30a8\u30ad\u30b9\u30dd\uff08\u4e07\u56fd\u535a\u89a7\u4f1a\uff09 - Pal\u00e9o-Energ\u00e9tique\" \/>\n<meta property=\"og:url\" content=\"https:\/\/paleo-energetique.org\/ja\/\u30a8\u30ad\u30b9\u30dd\uff08\u4e07\u56fd\u535a\u89a7\u4f1a\uff09\/\" \/>\n<meta property=\"og:site_name\" content=\"Pal\u00e9o-Energ\u00e9tique\" \/>\n<meta property=\"article:publisher\" content=\"https:\/\/www.facebook.com\/paleoenergie\/\" \/>\n<meta property=\"og:image\" content=\"https:\/\/paleo-energetique.org\/wp-content\/uploads\/2017\/02\/paleo-energetique.jpg\" \/>\n\t<meta property=\"og:image:width\" content=\"1280\" \/>\n\t<meta property=\"og:image:height\" content=\"853\" \/>\n\t<meta property=\"og:image:type\" content=\"image\/jpeg\" \/>\n<meta name=\"twitter:card\" content=\"summary_large_image\" \/>\n<script type=\"application\/ld+json\" class=\"yoast-schema-graph\">{\"@context\":\"https:\/\/schema.org\",\"@graph\":[{\"@type\":\"WebPage\",\"@id\":\"https:\/\/paleo-energetique.org\/ja\/%e3%82%a8%e3%82%ad%e3%82%b9%e3%83%9d%ef%bc%88%e4%b8%87%e5%9b%bd%e5%8d%9a%e8%a6%a7%e4%bc%9a%ef%bc%89\/\",\"url\":\"https:\/\/paleo-energetique.org\/ja\/%e3%82%a8%e3%82%ad%e3%82%b9%e3%83%9d%ef%bc%88%e4%b8%87%e5%9b%bd%e5%8d%9a%e8%a6%a7%e4%bc%9a%ef%bc%89\/\",\"name\":\"\u30a8\u30ad\u30b9\u30dd\uff08\u4e07\u56fd\u535a\u89a7\u4f1a\uff09 - Pal\u00e9o-Energ\u00e9tique\",\"isPartOf\":{\"@id\":\"https:\/\/paleo-energetique.org\/#website\"},\"datePublished\":\"2016-06-12T19:08:24+00:00\",\"breadcrumb\":{\"@id\":\"https:\/\/paleo-energetique.org\/ja\/%e3%82%a8%e3%82%ad%e3%82%b9%e3%83%9d%ef%bc%88%e4%b8%87%e5%9b%bd%e5%8d%9a%e8%a6%a7%e4%bc%9a%ef%bc%89\/#breadcrumb\"},\"inLanguage\":\"ja\",\"potentialAction\":[{\"@type\":\"ReadAction\",\"target\":[\"https:\/\/paleo-energetique.org\/ja\/%e3%82%a8%e3%82%ad%e3%82%b9%e3%83%9d%ef%bc%88%e4%b8%87%e5%9b%bd%e5%8d%9a%e8%a6%a7%e4%bc%9a%ef%bc%89\/\"]}]},{\"@type\":\"BreadcrumbList\",\"@id\":\"https:\/\/paleo-energetique.org\/ja\/%e3%82%a8%e3%82%ad%e3%82%b9%e3%83%9d%ef%bc%88%e4%b8%87%e5%9b%bd%e5%8d%9a%e8%a6%a7%e4%bc%9a%ef%bc%89\/#breadcrumb\",\"itemListElement\":[{\"@type\":\"ListItem\",\"position\":1,\"name\":\"Accueil\",\"item\":\"https:\/\/paleo-energetique.org\/ja\/\"},{\"@type\":\"ListItem\",\"position\":2,\"name\":\"\u30a8\u30ad\u30b9\u30dd\uff08\u4e07\u56fd\u535a\u89a7\u4f1a\uff09\"}]},{\"@type\":\"WebSite\",\"@id\":\"https:\/\/paleo-energetique.org\/#website\",\"url\":\"https:\/\/paleo-energetique.org\/\",\"name\":\"Pal\u00e9o-Energ\u00e9tique\",\"description\":\"R\u00e9inventer l&#039;Histoire de L&#039;\u00e9nergie\",\"potentialAction\":[{\"@type\":\"SearchAction\",\"target\":{\"@type\":\"EntryPoint\",\"urlTemplate\":\"https:\/\/paleo-energetique.org\/?s={search_term_string}\"},\"query-input\":{\"@type\":\"PropertyValueSpecification\",\"valueRequired\":true,\"valueName\":\"search_term_string\"}}],\"inLanguage\":\"ja\"}]}<\/script>\n<!-- \/ Yoast SEO plugin. -->","yoast_head_json":{"title":"\u30a8\u30ad\u30b9\u30dd\uff08\u4e07\u56fd\u535a\u89a7\u4f1a\uff09 - Pal\u00e9o-Energ\u00e9tique","robots":{"index":"index","follow":"follow","max-snippet":"max-snippet:-1","max-image-preview":"max-image-preview:large","max-video-preview":"max-video-preview:-1"},"canonical":"https:\/\/paleo-energetique.org\/ja\/\u30a8\u30ad\u30b9\u30dd\uff08\u4e07\u56fd\u535a\u89a7\u4f1a\uff09\/","og_locale":"ja_JP","og_type":"article","og_title":"\u30a8\u30ad\u30b9\u30dd\uff08\u4e07\u56fd\u535a\u89a7\u4f1a\uff09 - Pal\u00e9o-Energ\u00e9tique","og_url":"https:\/\/paleo-energetique.org\/ja\/\u30a8\u30ad\u30b9\u30dd\uff08\u4e07\u56fd\u535a\u89a7\u4f1a\uff09\/","og_site_name":"Pal\u00e9o-Energ\u00e9tique","article_publisher":"https:\/\/www.facebook.com\/paleoenergie\/","og_image":[{"width":1280,"height":853,"url":"https:\/\/paleo-energetique.org\/wp-content\/uploads\/2017\/02\/paleo-energetique.jpg","type":"image\/jpeg"}],"twitter_card":"summary_large_image","schema":{"@context":"https:\/\/schema.org","@graph":[{"@type":"WebPage","@id":"https:\/\/paleo-energetique.org\/ja\/%e3%82%a8%e3%82%ad%e3%82%b9%e3%83%9d%ef%bc%88%e4%b8%87%e5%9b%bd%e5%8d%9a%e8%a6%a7%e4%bc%9a%ef%bc%89\/","url":"https:\/\/paleo-energetique.org\/ja\/%e3%82%a8%e3%82%ad%e3%82%b9%e3%83%9d%ef%bc%88%e4%b8%87%e5%9b%bd%e5%8d%9a%e8%a6%a7%e4%bc%9a%ef%bc%89\/","name":"\u30a8\u30ad\u30b9\u30dd\uff08\u4e07\u56fd\u535a\u89a7\u4f1a\uff09 - Pal\u00e9o-Energ\u00e9tique","isPartOf":{"@id":"https:\/\/paleo-energetique.org\/#website"},"datePublished":"2016-06-12T19:08:24+00:00","breadcrumb":{"@id":"https:\/\/paleo-energetique.org\/ja\/%e3%82%a8%e3%82%ad%e3%82%b9%e3%83%9d%ef%bc%88%e4%b8%87%e5%9b%bd%e5%8d%9a%e8%a6%a7%e4%bc%9a%ef%bc%89\/#breadcrumb"},"inLanguage":"ja","potentialAction":[{"@type":"ReadAction","target":["https:\/\/paleo-energetique.org\/ja\/%e3%82%a8%e3%82%ad%e3%82%b9%e3%83%9d%ef%bc%88%e4%b8%87%e5%9b%bd%e5%8d%9a%e8%a6%a7%e4%bc%9a%ef%bc%89\/"]}]},{"@type":"BreadcrumbList","@id":"https:\/\/paleo-energetique.org\/ja\/%e3%82%a8%e3%82%ad%e3%82%b9%e3%83%9d%ef%bc%88%e4%b8%87%e5%9b%bd%e5%8d%9a%e8%a6%a7%e4%bc%9a%ef%bc%89\/#breadcrumb","itemListElement":[{"@type":"ListItem","position":1,"name":"Accueil","item":"https:\/\/paleo-energetique.org\/ja\/"},{"@type":"ListItem","position":2,"name":"\u30a8\u30ad\u30b9\u30dd\uff08\u4e07\u56fd\u535a\u89a7\u4f1a\uff09"}]},{"@type":"WebSite","@id":"https:\/\/paleo-energetique.org\/#website","url":"https:\/\/paleo-energetique.org\/","name":"Pal\u00e9o-Energ\u00e9tique","description":"R\u00e9inventer l&#039;Histoire de L&#039;\u00e9nergie","potentialAction":[{"@type":"SearchAction","target":{"@type":"EntryPoint","urlTemplate":"https:\/\/paleo-energetique.org\/?s={search_term_string}"},"query-input":{"@type":"PropertyValueSpecification","valueRequired":true,"valueName":"search_term_string"}}],"inLanguage":"ja"}]}},"_links":{"self":[{"href":"https:\/\/paleo-energetique.org\/ja\/wp-json\/wp\/v2\/pages\/785","targetHints":{"allow":["GET"]}}],"collection":[{"href":"https:\/\/paleo-energetique.org\/ja\/wp-json\/wp\/v2\/pages"}],"about":[{"href":"https:\/\/paleo-energetique.org\/ja\/wp-json\/wp\/v2\/types\/page"}],"author":[{"embeddable":true,"href":"https:\/\/paleo-energetique.org\/ja\/wp-json\/wp\/v2\/users\/1"}],"replies":[{"embeddable":true,"href":"https:\/\/paleo-energetique.org\/ja\/wp-json\/wp\/v2\/comments?post=785"}],"version-history":[{"count":0,"href":"https:\/\/paleo-energetique.org\/ja\/wp-json\/wp\/v2\/pages\/785\/revisions"}],"wp:attachment":[{"href":"https:\/\/paleo-energetique.org\/ja\/wp-json\/wp\/v2\/media?parent=785"}],"wp:term":[{"taxonomy":"post_tag","embeddable":true,"href":"https:\/\/paleo-energetique.org\/ja\/wp-json\/wp\/v2\/tags?post=785"}],"curies":[{"name":"wp","href":"https:\/\/api.w.org\/{rel}","templated":true}]}}