{"id":761,"date":"2016-06-12T18:44:09","date_gmt":"2016-06-12T18:44:09","guid":{"rendered":"http:\/\/paleo-energetique.org\/?page_id=761&#038;lang=ja"},"modified":"2016-06-12T18:44:09","modified_gmt":"2016-06-12T18:44:09","slug":"%e3%83%91%e3%83%ac%e3%82%aa%e3%82%a8%e3%83%8a%e3%82%b8%e3%83%bc%e3%81%ab%e3%81%a4%e3%81%84%e3%81%a6-2","status":"publish","type":"page","link":"https:\/\/paleo-energetique.org\/ja\/%e3%83%91%e3%83%ac%e3%82%aa%e3%82%a8%e3%83%8a%e3%82%b8%e3%83%bc%e3%81%ab%e3%81%a4%e3%81%84%e3%81%a6-2\/","title":{"rendered":"\u30d1\u30ec\u30aa\u30a8\u30ca\u30b8\u30fc\u306b\u3064\u3044\u3066"},"content":{"rendered":"<p>&nbsp;<\/p>\n<p style=\"text-align: center;\"><strong>\u30d1\u30ec\u30aa\u30a8\u30ca\u30b8\u30fc\u30fc\uff1a\u3082\u3046\u4e00\u3064\u306e\u30a8\u30cd\u30eb\u30ae\u30fc\u306e\u6b74\u53f2 \u30d1\u30ec\u30aa\u3068\u306f\u3001<\/strong><\/p>\n<p style=\"text-align: center;\">\u300c\u539f\u59cb\u300d\u3092\u610f\u5473\u3059\u308b\u3002\u3053\u306e\u30d7\u30ed\u30b8\u30a7\u30af\u30c8\u3067\u306f\u5931\u308f\u308c\u305f\u6280\u8853\u3092\u5fa9\u6d3b\u3055\u305b\u3001\u6280\u8853\u958b\u767a\u306e\u80fd\u529b\u3092\u4e16\u306b\u9001\u308a\u51fa\u3059\u3053\u3068\u3092\u76ee\u7684\u3068\u3059\u308b\u3002\u5fd8\u308c\u3089\u308c\u305f\u767a\u660e\u54c1\u3068\u305d\u306e\u571f\u5730\u56fa\u6709\u306e\u80fd\u529b\u306b\u518d\u3073\u7126\u70b9\u3092\u5f53\u3066\u3001\u4e88\u671f\u3055\u308c\u308b\u3053\u3068\u306a\u304f\u5206\u6563\u3055\u308c\u305f\u793e\u4f1a\u7684\u6280\u8853\u9769\u65b0\u306b\u6311\u3080\u3002 \u3053\u306e\u30ea\u30b5\u30fc\u30c1\u306f\u3001\u5305\u62ec\u7684\u3067\u3042\u308b\u3053\u3068\u3082\u3068\u306b\u3001\u96c6\u56e3\u7684\u77e5\u80fd\u3068\u30c7\u30b8\u30bf\u30eb\u4e16\u754c\u306e\u53c2\u753b\u80fd\u529b\u3092\u8a34\u3048\u308b\u3053\u3068\u3092\u76ee\u7684\u306b\u3057\u3066\u3044\u308b\u3002<\/p>\n<p>&nbsp;<\/p>\n<p><center><iframe src=\"https:\/\/www.youtube.com\/embed\/PUdb3Z739rk\" width=\"560\" height=\"315\" frameborder=\"0\" allowfullscreen=\"allowfullscreen\"><\/iframe><\/center><br \/>\n<div class=\"threecol-one\"><strong>\u3054\u5b58\u3058\u3067\u3059\u304b\uff1f<\/strong><\/p>\n<p>\u30a8\u30cd\u30eb\u30ae\u30fc\u306b\u95a2\u3059\u308b\u793e\u4f1a\u7684\u3042\u308b\u3044\u306f\u6280\u8853\u7684\u30af\u30ea\u30a8\u30fc\u30b7\u30e7\u30f3\u3084\u3001\u6642\u4ee3\u306b\u846c\u3089\u308c\u305f\u30a2\u30a4\u30c7\u30a2\u3084\u89e3\u6c7a\u7b56\u3092\u751f\u307f\u51fa\u3057\u305f\u767a\u660e\u5bb6\u3092\u3054\u5b58\u3058\u3067\u3059\u304b\uff1f<\/p>\n<\/div> <div class=\"threecol-one\"><strong>\u30d1\u30ec\u30aa\u767a\u660e<\/strong><\/p>\n<p>\u305d\u306e\u6642\u4ee3\u306e\u767a\u660e\u3092\u500b\u3005\u306b\u307e\u3068\u3081\u305f\u6642\u7cfb\u5217\u3067\u306f\u3001\u521d\u671f\u306b\u304a\u3051\u308b\u767a\u660e\u306b\u643a\u308f\u3063\u305f\u91cd\u8981\u4eba\u7269\u3068\u3001\u305d\u308c\u3089\u306e\u767a\u660e\u3092\u5fa9\u6d3b\u3055\u305b\u3001\u78ba\u304b\u3081\u305f\u4eba\u7269\u306e\u30bb\u30ec\u30af\u30b7\u30e7\u30f3\u3092\u898b\u308b\u3053\u3068\u304c\u3067\u304d\u308b\u3002<\/p>\n<\/div> <div class=\"threecol-one last\"><strong>\u30d1\u30ec\u30aa\u767a\u660e\u3092\u898b\u3064\u3051\u305f\u3089\u3001\u3069\u306e\u3088\u3046\u306b\u3057\u3066\u6295\u7a3f\u3067\u304d\u307e\u3059\u304b\uff1f<\/strong><\/p>\n<p>\u300c\u63d0\u6848\u3059\u308b\u300d\u30bb\u30af\u30b7\u30e7\u30f3\u306b\u3066\u3001\u3042\u306a\u305f\u304c\u767a\u898b\u3057\u305f\u30d1\u30ec\u30aa\u767a\u660e\u3084\u30d1\u30ec\u30aa\u767a\u660e\u5bb6\u3092\u6559\u3048\u3066\u304f\u3060\u3055\u3044\u3002<\/p>\n<\/div><div class=\"clear\"><\/div><\/p>\n<p>&nbsp;<\/p>\n<p><iframe title=\"Teaser #3 \/ Mouchot Presse Solaire\" width=\"612\" height=\"344\" src=\"https:\/\/www.youtube.com\/embed\/_cJts9dZzGM?feature=oembed\" frameborder=\"0\" allow=\"accelerometer; autoplay; clipboard-write; encrypted-media; gyroscope; picture-in-picture; web-share\" referrerpolicy=\"strict-origin-when-cross-origin\" allowfullscreen><\/iframe><\/p>\n<p>&nbsp;<\/p>\n<p style=\"text-align: justify;\">\u30a8\u30cd\u30eb\u30ae\u30fc\u306e\u6b74\u53f2\u306f\u4e00\u76f4\u7dda\u3067\u3082\u9032\u5316\u8ad6\u3067\u3082\u3042\u308a\u307e\u305b\u3093\u3002 \u4e16\u9593\u3067\u306f\u8a8d\u77e5\u3055\u308c\u306a\u304b\u3063\u305f\u7d20\u6674\u3089\u3057\u3044\u767a\u660e\u304c\u305f\u304f\u3055\u3093\u3042\u308a\u3001\u305d\u308c\u3089\u306f\u73fe\u5728\u6211\u3005\u304c\u76f4\u9762\u3057\u3066\u3044\u308b\u554f\u984c\u306e\u89e3\u6c7a\u7b56\u3068\u306a\u308b\u3082\u306e\u3067\u6ea2\u308c\u3066\u3044\u307e\u3059\u3002 \u4e00\u4f8b\u3067\u3044\u3046\u3068\u3001<\/p>\n<ul>\n<li style=\"text-align: justify;\">\u96fb\u6c17\u8eca\u3092\u516c\u5171\u4f7f\u7528\u304c1974\u5e74\u30aa\u30e9\u30f3\u30c0\u306b\u3066\u884c\u308f\u308c\u305f\u3002<\/li>\n<li style=\"text-align: justify;\">\u540c\u3058\u9803\u3001\u30d5\u30e9\u30f3\u30b9\u306e\u30e9\u30fb\u30ed\u30b7\u30a7\u30eb\u306b\u3066\u81ea\u8ee2\u8eca\u306e\u516c\u5171\u4f7f\u7528\u5236\u5ea6\u304c\u5b58\u5728\u3057\u3066\u3044\u305f\u3002<\/li>\n<li style=\"text-align: justify;\">\u30a2\u30f3\u30b8\u30a7\u306e\u30ab\u30c8\u30ea\u30c3\u30af\u5927\u5b66\u6559\u6388\u306e\u30b8\u30e3\u30f3\u2010\u30eb\u30c3\u30af\u30fb\u30da\u30ea\u30a8\u306f\u30011979\u5e74\u306b\u592a\u967d\u5149\u767a\u96fb\u306b\u3088\u3063\u3066\u751f\u307f\u51fa\u3055\u308c\u305f\u6c34\u84b8\u6c17\u3060\u3051\u3092\u6392\u51fa\u3059\u308b\u6c34\u7d20\u81ea\u52d5\u8eca\u3092\u8a2d\u8a08\u3057\u305f\u3002<\/li>\n<li style=\"text-align: justify;\">\u6700\u521d\u306e\u592a\u967d\u71b1\u30a8\u30cd\u30eb\u30ae\u30fc\u96c6\u4fe1\u88c5\u7f6e\u306f\u30a2\u30b0\u30b9\u30c6\u30a3\u30f3\u30fb\u30e0\u30b7\u30e7\u30a6\u6559\u6388\u306b\u3088\u308a\u30c8\u30a5\u30fc\u30eb\u5e02\u306b\u3066\u8a2d\u8a08\u3055\u308c\u30011878\u5e74\u306b\u4e16\u754c\u535a\u89a7\u4f1a\u306b\u3066\u62ab\u9732\u3055\u308c\u305f\u3002<\/li>\n<\/ul>\n<p style=\"text-align: left;\"><a href=\"http:\/\/www.paleo-energetique.org\/wp-content\/uploads\/2015\/01\/mouchot-pifre_presse-a-concentration-solaire.jpg\" rel=\"attachment wp-att-334\"><img fetchpriority=\"high\" decoding=\"async\" class=\"alignnone wp-image-334 size-medium\" src=\"http:\/\/www.paleo-energetique.org\/wp-content\/uploads\/2015\/01\/mouchot-pifre_presse-a-concentration-solaire-300x249.jpg\" alt=\"mouchot-pifre_presse-a-concentration-solaire\" width=\"300\" height=\"249\" \/><\/a>\u00a0 \u00a0<a href=\"http:\/\/www.paleo-energetique.org\/wp-content\/uploads\/2014\/12\/2cv-sedan.png\" rel=\"attachment wp-att-279\"><img decoding=\"async\" class=\"alignnone wp-image-279\" src=\"http:\/\/www.paleo-energetique.org\/wp-content\/uploads\/2014\/12\/2cv-sedan-300x242.png\" alt=\"2cv sedan\" width=\"309\" height=\"249\" srcset=\"https:\/\/paleo-energetique.org\/wp-content\/uploads\/2014\/12\/2cv-sedan-300x242.png 300w, https:\/\/paleo-energetique.org\/wp-content\/uploads\/2014\/12\/2cv-sedan-1024x826.png 1024w, https:\/\/paleo-energetique.org\/wp-content\/uploads\/2014\/12\/2cv-sedan.png 1301w\" sizes=\"(max-width: 309px) 100vw, 309px\" \/><\/a>\u00a0\u00a0<a href=\"http:\/\/www.paleo-energetique.org\/wp-content\/uploads\/2014\/12\/86680619_p.jpg\" rel=\"attachment wp-att-511\"><img decoding=\"async\" class=\"alignnone wp-image-511\" src=\"http:\/\/www.paleo-energetique.org\/wp-content\/uploads\/2014\/12\/86680619_p-300x200.jpg\" alt=\"86680619_p\" width=\"374\" height=\"249\" srcset=\"https:\/\/paleo-energetique.org\/wp-content\/uploads\/2014\/12\/86680619_p-300x200.jpg 300w, https:\/\/paleo-energetique.org\/wp-content\/uploads\/2014\/12\/86680619_p.jpg 600w\" sizes=\"(max-width: 374px) 100vw, 374px\" \/><\/a>\u00a0\u00a0<a href=\"http:\/\/www.paleo-energetique.org\/wp-content\/uploads\/2014\/12\/1218656016afqkct-1.jpg\" rel=\"attachment wp-att-578\"><img loading=\"lazy\" decoding=\"async\" class=\"alignnone wp-image-578\" src=\"http:\/\/www.paleo-energetique.org\/wp-content\/uploads\/2014\/12\/1218656016afqkct-1-300x208.jpg\" alt=\"1218656016AfqKCT (1)\" width=\"359\" height=\"249\" \/><\/a><\/p>\n<p style=\"text-align: left;\">\u30fb\u9244\u9053\u306e\u3088\u3046\u306b\u3001\u96fb\u8eca\u3084\u98db\u884c\u8239\u304c\u518d\u3073\u4f7f\u7528\u3055\u308c\u308b\u3088\u3046\u306b\u306a\u308a\u3001\u3053\u306e\u3088\u3046\u306a\u30ea\u30b5\u30fc\u30c1\u306b\u3088\u3063\u3066\u5931\u308f\u308c\u305f\u30a8\u30cd\u30eb\u30ae\u30fc\u306e\u6b74\u53f2\u3092\u8fbf\u308b\u3053\u3068\u304c\u3067\u304d\u308b\u3002<\/p>\n","protected":false},"excerpt":{"rendered":"<p>&nbsp; \u30d1\u30ec\u30aa\u30a8\u30ca\u30b8\u30fc\u30fc\uff1a\u3082\u3046\u4e00\u3064\u306e\u30a8\u30cd\u30eb\u30ae\u30fc\u306e\u6b74\u53f2 \u30d1\u30ec\u30aa\u3068\u306f\u3001 \u300c\u539f\u59cb\u300d\u3092\u610f\u5473\u3059 [&hellip;]<\/p>\n","protected":false},"author":1,"featured_media":0,"parent":0,"menu_order":0,"comment_status":"closed","ping_status":"open","template":"","meta":{"_acf_changed":false,"footnotes":""},"tags":[],"class_list":["post-761","page","type-page","status-publish","hentry"],"acf":[],"yoast_head":"<!-- This site is optimized with the Yoast SEO plugin v26.0 - https:\/\/yoast.com\/wordpress\/plugins\/seo\/ -->\n<title>\u30d1\u30ec\u30aa\u30a8\u30ca\u30b8\u30fc\u306b\u3064\u3044\u3066 - Pal\u00e9o-Energ\u00e9tique<\/title>\n<meta name=\"robots\" content=\"index, follow, max-snippet:-1, max-image-preview:large, max-video-preview:-1\" \/>\n<link rel=\"canonical\" href=\"https:\/\/paleo-energetique.org\/ja\/\u30d1\u30ec\u30aa\u30a8\u30ca\u30b8\u30fc\u306b\u3064\u3044\u3066-2\/\" \/>\n<meta property=\"og:locale\" content=\"ja_JP\" \/>\n<meta property=\"og:type\" content=\"article\" \/>\n<meta property=\"og:title\" content=\"\u30d1\u30ec\u30aa\u30a8\u30ca\u30b8\u30fc\u306b\u3064\u3044\u3066 - Pal\u00e9o-Energ\u00e9tique\" \/>\n<meta property=\"og:description\" content=\"&nbsp; \u30d1\u30ec\u30aa\u30a8\u30ca\u30b8\u30fc\u30fc\uff1a\u3082\u3046\u4e00\u3064\u306e\u30a8\u30cd\u30eb\u30ae\u30fc\u306e\u6b74\u53f2 \u30d1\u30ec\u30aa\u3068\u306f\u3001 \u300c\u539f\u59cb\u300d\u3092\u610f\u5473\u3059 [&hellip;]\" \/>\n<meta property=\"og:url\" content=\"https:\/\/paleo-energetique.org\/ja\/\u30d1\u30ec\u30aa\u30a8\u30ca\u30b8\u30fc\u306b\u3064\u3044\u3066-2\/\" \/>\n<meta property=\"og:site_name\" content=\"Pal\u00e9o-Energ\u00e9tique\" \/>\n<meta property=\"article:publisher\" content=\"https:\/\/www.facebook.com\/paleoenergie\/\" \/>\n<meta property=\"og:image\" content=\"https:\/\/paleo-energetique.org\/wp-content\/uploads\/2015\/01\/mouchot-pifre_presse-a-concentration-solaire.jpg\" \/>\n\t<meta property=\"og:image:width\" content=\"650\" \/>\n\t<meta property=\"og:image:height\" content=\"540\" \/>\n\t<meta property=\"og:image:type\" content=\"image\/jpeg\" \/>\n<meta name=\"twitter:card\" content=\"summary_large_image\" \/>\n<script type=\"application\/ld+json\" class=\"yoast-schema-graph\">{\"@context\":\"https:\/\/schema.org\",\"@graph\":[{\"@type\":\"WebPage\",\"@id\":\"https:\/\/paleo-energetique.org\/ja\/%e3%83%91%e3%83%ac%e3%82%aa%e3%82%a8%e3%83%8a%e3%82%b8%e3%83%bc%e3%81%ab%e3%81%a4%e3%81%84%e3%81%a6-2\/\",\"url\":\"https:\/\/paleo-energetique.org\/ja\/%e3%83%91%e3%83%ac%e3%82%aa%e3%82%a8%e3%83%8a%e3%82%b8%e3%83%bc%e3%81%ab%e3%81%a4%e3%81%84%e3%81%a6-2\/\",\"name\":\"\u30d1\u30ec\u30aa\u30a8\u30ca\u30b8\u30fc\u306b\u3064\u3044\u3066 - Pal\u00e9o-Energ\u00e9tique\",\"isPartOf\":{\"@id\":\"https:\/\/paleo-energetique.org\/#website\"},\"primaryImageOfPage\":{\"@id\":\"https:\/\/paleo-energetique.org\/ja\/%e3%83%91%e3%83%ac%e3%82%aa%e3%82%a8%e3%83%8a%e3%82%b8%e3%83%bc%e3%81%ab%e3%81%a4%e3%81%84%e3%81%a6-2\/#primaryimage\"},\"image\":{\"@id\":\"https:\/\/paleo-energetique.org\/ja\/%e3%83%91%e3%83%ac%e3%82%aa%e3%82%a8%e3%83%8a%e3%82%b8%e3%83%bc%e3%81%ab%e3%81%a4%e3%81%84%e3%81%a6-2\/#primaryimage\"},\"thumbnailUrl\":\"http:\/\/www.paleo-energetique.org\/wp-content\/uploads\/2015\/01\/mouchot-pifre_presse-a-concentration-solaire-300x249.jpg\",\"datePublished\":\"2016-06-12T18:44:09+00:00\",\"breadcrumb\":{\"@id\":\"https:\/\/paleo-energetique.org\/ja\/%e3%83%91%e3%83%ac%e3%82%aa%e3%82%a8%e3%83%8a%e3%82%b8%e3%83%bc%e3%81%ab%e3%81%a4%e3%81%84%e3%81%a6-2\/#breadcrumb\"},\"inLanguage\":\"ja\",\"potentialAction\":[{\"@type\":\"ReadAction\",\"target\":[\"https:\/\/paleo-energetique.org\/ja\/%e3%83%91%e3%83%ac%e3%82%aa%e3%82%a8%e3%83%8a%e3%82%b8%e3%83%bc%e3%81%ab%e3%81%a4%e3%81%84%e3%81%a6-2\/\"]}]},{\"@type\":\"ImageObject\",\"inLanguage\":\"ja\",\"@id\":\"https:\/\/paleo-energetique.org\/ja\/%e3%83%91%e3%83%ac%e3%82%aa%e3%82%a8%e3%83%8a%e3%82%b8%e3%83%bc%e3%81%ab%e3%81%a4%e3%81%84%e3%81%a6-2\/#primaryimage\",\"url\":\"http:\/\/www.paleo-energetique.org\/wp-content\/uploads\/2015\/01\/mouchot-pifre_presse-a-concentration-solaire-300x249.jpg\",\"contentUrl\":\"http:\/\/www.paleo-energetique.org\/wp-content\/uploads\/2015\/01\/mouchot-pifre_presse-a-concentration-solaire-300x249.jpg\"},{\"@type\":\"BreadcrumbList\",\"@id\":\"https:\/\/paleo-energetique.org\/ja\/%e3%83%91%e3%83%ac%e3%82%aa%e3%82%a8%e3%83%8a%e3%82%b8%e3%83%bc%e3%81%ab%e3%81%a4%e3%81%84%e3%81%a6-2\/#breadcrumb\",\"itemListElement\":[{\"@type\":\"ListItem\",\"position\":1,\"name\":\"Accueil\",\"item\":\"https:\/\/paleo-energetique.org\/ja\/\"},{\"@type\":\"ListItem\",\"position\":2,\"name\":\"\u30d1\u30ec\u30aa\u30a8\u30ca\u30b8\u30fc\u306b\u3064\u3044\u3066\"}]},{\"@type\":\"WebSite\",\"@id\":\"https:\/\/paleo-energetique.org\/#website\",\"url\":\"https:\/\/paleo-energetique.org\/\",\"name\":\"Pal\u00e9o-Energ\u00e9tique\",\"description\":\"R\u00e9inventer l&#039;Histoire de L&#039;\u00e9nergie\",\"potentialAction\":[{\"@type\":\"SearchAction\",\"target\":{\"@type\":\"EntryPoint\",\"urlTemplate\":\"https:\/\/paleo-energetique.org\/?s={search_term_string}\"},\"query-input\":{\"@type\":\"PropertyValueSpecification\",\"valueRequired\":true,\"valueName\":\"search_term_string\"}}],\"inLanguage\":\"ja\"}]}<\/script>\n<!-- \/ Yoast SEO plugin. -->","yoast_head_json":{"title":"\u30d1\u30ec\u30aa\u30a8\u30ca\u30b8\u30fc\u306b\u3064\u3044\u3066 - Pal\u00e9o-Energ\u00e9tique","robots":{"index":"index","follow":"follow","max-snippet":"max-snippet:-1","max-image-preview":"max-image-preview:large","max-video-preview":"max-video-preview:-1"},"canonical":"https:\/\/paleo-energetique.org\/ja\/\u30d1\u30ec\u30aa\u30a8\u30ca\u30b8\u30fc\u306b\u3064\u3044\u3066-2\/","og_locale":"ja_JP","og_type":"article","og_title":"\u30d1\u30ec\u30aa\u30a8\u30ca\u30b8\u30fc\u306b\u3064\u3044\u3066 - Pal\u00e9o-Energ\u00e9tique","og_description":"&nbsp; \u30d1\u30ec\u30aa\u30a8\u30ca\u30b8\u30fc\u30fc\uff1a\u3082\u3046\u4e00\u3064\u306e\u30a8\u30cd\u30eb\u30ae\u30fc\u306e\u6b74\u53f2 \u30d1\u30ec\u30aa\u3068\u306f\u3001 \u300c\u539f\u59cb\u300d\u3092\u610f\u5473\u3059 [&hellip;]","og_url":"https:\/\/paleo-energetique.org\/ja\/\u30d1\u30ec\u30aa\u30a8\u30ca\u30b8\u30fc\u306b\u3064\u3044\u3066-2\/","og_site_name":"Pal\u00e9o-Energ\u00e9tique","article_publisher":"https:\/\/www.facebook.com\/paleoenergie\/","og_image":[{"width":650,"height":540,"url":"https:\/\/paleo-energetique.org\/wp-content\/uploads\/2015\/01\/mouchot-pifre_presse-a-concentration-solaire.jpg","type":"image\/jpeg"}],"twitter_card":"summary_large_image","schema":{"@context":"https:\/\/schema.org","@graph":[{"@type":"WebPage","@id":"https:\/\/paleo-energetique.org\/ja\/%e3%83%91%e3%83%ac%e3%82%aa%e3%82%a8%e3%83%8a%e3%82%b8%e3%83%bc%e3%81%ab%e3%81%a4%e3%81%84%e3%81%a6-2\/","url":"https:\/\/paleo-energetique.org\/ja\/%e3%83%91%e3%83%ac%e3%82%aa%e3%82%a8%e3%83%8a%e3%82%b8%e3%83%bc%e3%81%ab%e3%81%a4%e3%81%84%e3%81%a6-2\/","name":"\u30d1\u30ec\u30aa\u30a8\u30ca\u30b8\u30fc\u306b\u3064\u3044\u3066 - Pal\u00e9o-Energ\u00e9tique","isPartOf":{"@id":"https:\/\/paleo-energetique.org\/#website"},"primaryImageOfPage":{"@id":"https:\/\/paleo-energetique.org\/ja\/%e3%83%91%e3%83%ac%e3%82%aa%e3%82%a8%e3%83%8a%e3%82%b8%e3%83%bc%e3%81%ab%e3%81%a4%e3%81%84%e3%81%a6-2\/#primaryimage"},"image":{"@id":"https:\/\/paleo-energetique.org\/ja\/%e3%83%91%e3%83%ac%e3%82%aa%e3%82%a8%e3%83%8a%e3%82%b8%e3%83%bc%e3%81%ab%e3%81%a4%e3%81%84%e3%81%a6-2\/#primaryimage"},"thumbnailUrl":"http:\/\/www.paleo-energetique.org\/wp-content\/uploads\/2015\/01\/mouchot-pifre_presse-a-concentration-solaire-300x249.jpg","datePublished":"2016-06-12T18:44:09+00:00","breadcrumb":{"@id":"https:\/\/paleo-energetique.org\/ja\/%e3%83%91%e3%83%ac%e3%82%aa%e3%82%a8%e3%83%8a%e3%82%b8%e3%83%bc%e3%81%ab%e3%81%a4%e3%81%84%e3%81%a6-2\/#breadcrumb"},"inLanguage":"ja","potentialAction":[{"@type":"ReadAction","target":["https:\/\/paleo-energetique.org\/ja\/%e3%83%91%e3%83%ac%e3%82%aa%e3%82%a8%e3%83%8a%e3%82%b8%e3%83%bc%e3%81%ab%e3%81%a4%e3%81%84%e3%81%a6-2\/"]}]},{"@type":"ImageObject","inLanguage":"ja","@id":"https:\/\/paleo-energetique.org\/ja\/%e3%83%91%e3%83%ac%e3%82%aa%e3%82%a8%e3%83%8a%e3%82%b8%e3%83%bc%e3%81%ab%e3%81%a4%e3%81%84%e3%81%a6-2\/#primaryimage","url":"http:\/\/www.paleo-energetique.org\/wp-content\/uploads\/2015\/01\/mouchot-pifre_presse-a-concentration-solaire-300x249.jpg","contentUrl":"http:\/\/www.paleo-energetique.org\/wp-content\/uploads\/2015\/01\/mouchot-pifre_presse-a-concentration-solaire-300x249.jpg"},{"@type":"BreadcrumbList","@id":"https:\/\/paleo-energetique.org\/ja\/%e3%83%91%e3%83%ac%e3%82%aa%e3%82%a8%e3%83%8a%e3%82%b8%e3%83%bc%e3%81%ab%e3%81%a4%e3%81%84%e3%81%a6-2\/#breadcrumb","itemListElement":[{"@type":"ListItem","position":1,"name":"Accueil","item":"https:\/\/paleo-energetique.org\/ja\/"},{"@type":"ListItem","position":2,"name":"\u30d1\u30ec\u30aa\u30a8\u30ca\u30b8\u30fc\u306b\u3064\u3044\u3066"}]},{"@type":"WebSite","@id":"https:\/\/paleo-energetique.org\/#website","url":"https:\/\/paleo-energetique.org\/","name":"Pal\u00e9o-Energ\u00e9tique","description":"R\u00e9inventer l&#039;Histoire de L&#039;\u00e9nergie","potentialAction":[{"@type":"SearchAction","target":{"@type":"EntryPoint","urlTemplate":"https:\/\/paleo-energetique.org\/?s={search_term_string}"},"query-input":{"@type":"PropertyValueSpecification","valueRequired":true,"valueName":"search_term_string"}}],"inLanguage":"ja"}]}},"_links":{"self":[{"href":"https:\/\/paleo-energetique.org\/ja\/wp-json\/wp\/v2\/pages\/761","targetHints":{"allow":["GET"]}}],"collection":[{"href":"https:\/\/paleo-energetique.org\/ja\/wp-json\/wp\/v2\/pages"}],"about":[{"href":"https:\/\/paleo-energetique.org\/ja\/wp-json\/wp\/v2\/types\/page"}],"author":[{"embeddable":true,"href":"https:\/\/paleo-energetique.org\/ja\/wp-json\/wp\/v2\/users\/1"}],"replies":[{"embeddable":true,"href":"https:\/\/paleo-energetique.org\/ja\/wp-json\/wp\/v2\/comments?post=761"}],"version-history":[{"count":0,"href":"https:\/\/paleo-energetique.org\/ja\/wp-json\/wp\/v2\/pages\/761\/revisions"}],"wp:attachment":[{"href":"https:\/\/paleo-energetique.org\/ja\/wp-json\/wp\/v2\/media?parent=761"}],"wp:term":[{"taxonomy":"post_tag","embeddable":true,"href":"https:\/\/paleo-energetique.org\/ja\/wp-json\/wp\/v2\/tags?post=761"}],"curies":[{"name":"wp","href":"https:\/\/api.w.org\/{rel}","templated":true}]}}