{"id":753,"date":"2016-06-12T18:10:16","date_gmt":"2016-06-12T18:10:16","guid":{"rendered":"http:\/\/paleo-energetique.org\/ja\/?page_id=753"},"modified":"2024-11-22T13:20:50","modified_gmt":"2024-11-22T13:20:50","slug":"%e3%83%91%e3%83%ac%e3%82%aa%e3%82%a8%e3%83%8a%e3%82%b8%e3%83%bc%e3%81%ab%e3%81%a4%e3%81%84%e3%81%a6","status":"publish","type":"page","link":"https:\/\/paleo-energetique.org\/ja\/","title":{"rendered":"\u30d1\u30ec\u30aa\u30a8\u30ca\u30b8\u30fc\u306b\u3064\u3044\u3066"},"content":{"rendered":"<\/div>\n\n    <div id=\"timeline-embed\"><\/div>\n    <script type=\"text\/javascript\">\/\/ <![CDATA[\n        var timeline_config = {\n            width: \"100%\",\n            height: \"650\",\n            source: \"https:\/\/docs.google.com\/spreadsheets\/d\/1IDJUMChrQlz_PjdBcSkjHPimCjh31sILiqjjWM_6_N0\/pubhtml\",\n            embed_id: \"timeline-embed\",\n            start_at_end: false,\n            start_at_slide: \"0\",\n            start_zoom_adjust: \"\",\n            initial_zoom:\"2\",\n            hash_bookmark: false,\n            font: \"Bevan-PotanoSans\",\n            debug: false,\n            lang: \"jp\",\n\t\t\tmaptype: \"toner\",\n\t\t\tscript_path: \"https:\/\/paleo-energetique.org\/wp-content\/plugins\/knight-lab-timelinejs\/v3\/js\/\"\n        }\n\/\/ ]]><\/script>\n        \n","protected":false},"excerpt":{"rendered":"","protected":false},"author":1,"featured_media":244,"parent":0,"menu_order":0,"comment_status":"closed","ping_status":"open","template":"","meta":{"_acf_changed":false,"footnotes":""},"tags":[],"class_list":["post-753","page","type-page","status-publish","has-post-thumbnail","hentry"],"acf":[],"yoast_head":"<!-- This site is optimized with the Yoast SEO plugin v26.0 - https:\/\/yoast.com\/wordpress\/plugins\/seo\/ -->\n<title>\u30d1\u30ec\u30aa\u30a8\u30ca\u30b8\u30fc\u306b\u3064\u3044\u3066 - Pal\u00e9o-Energ\u00e9tique<\/title>\n<meta name=\"robots\" content=\"index, follow, max-snippet:-1, max-image-preview:large, max-video-preview:-1\" \/>\n<link rel=\"canonical\" href=\"https:\/\/paleo-energetique.org\/ja\/\" \/>\n<meta property=\"og:locale\" content=\"ja_JP\" \/>\n<meta property=\"og:type\" content=\"article\" \/>\n<meta property=\"og:title\" content=\"\u30d1\u30ec\u30aa\u30a8\u30ca\u30b8\u30fc\u306b\u3064\u3044\u3066 - Pal\u00e9o-Energ\u00e9tique\" \/>\n<meta property=\"og:url\" content=\"https:\/\/paleo-energetique.org\/ja\/\" \/>\n<meta property=\"og:site_name\" content=\"Pal\u00e9o-Energ\u00e9tique\" \/>\n<meta property=\"article:publisher\" content=\"https:\/\/www.facebook.com\/paleoenergie\/\" \/>\n<meta property=\"article:modified_time\" content=\"2024-11-22T13:20:50+00:00\" \/>\n<meta property=\"og:image\" content=\"https:\/\/paleo-energetique.org\/wp-content\/uploads\/2015\/02\/logo2.png\" \/>\n\t<meta property=\"og:image:width\" content=\"300\" \/>\n\t<meta property=\"og:image:height\" content=\"300\" \/>\n\t<meta property=\"og:image:type\" content=\"image\/png\" \/>\n<meta name=\"twitter:card\" content=\"summary_large_image\" \/>\n<meta name=\"twitter:label1\" content=\"\u63a8\u5b9a\u8aad\u307f\u53d6\u308a\u6642\u9593\" \/>\n\t<meta name=\"twitter:data1\" content=\"1\u5206\" \/>\n<script type=\"application\/ld+json\" class=\"yoast-schema-graph\">{\"@context\":\"https:\/\/schema.org\",\"@graph\":[{\"@type\":\"WebPage\",\"@id\":\"https:\/\/paleo-energetique.org\/ja\/\",\"url\":\"https:\/\/paleo-energetique.org\/ja\/\",\"name\":\"\u30d1\u30ec\u30aa\u30a8\u30ca\u30b8\u30fc\u306b\u3064\u3044\u3066 - Pal\u00e9o-Energ\u00e9tique\",\"isPartOf\":{\"@id\":\"https:\/\/paleo-energetique.org\/#website\"},\"primaryImageOfPage\":{\"@id\":\"https:\/\/paleo-energetique.org\/ja\/#primaryimage\"},\"image\":{\"@id\":\"https:\/\/paleo-energetique.org\/ja\/#primaryimage\"},\"thumbnailUrl\":\"https:\/\/paleo-energetique.org\/wp-content\/uploads\/2015\/02\/logo2.png\",\"datePublished\":\"2016-06-12T18:10:16+00:00\",\"dateModified\":\"2024-11-22T13:20:50+00:00\",\"breadcrumb\":{\"@id\":\"https:\/\/paleo-energetique.org\/ja\/#breadcrumb\"},\"inLanguage\":\"ja\",\"potentialAction\":[{\"@type\":\"ReadAction\",\"target\":[\"https:\/\/paleo-energetique.org\/ja\/\"]}]},{\"@type\":\"ImageObject\",\"inLanguage\":\"ja\",\"@id\":\"https:\/\/paleo-energetique.org\/ja\/#primaryimage\",\"url\":\"https:\/\/paleo-energetique.org\/wp-content\/uploads\/2015\/02\/logo2.png\",\"contentUrl\":\"https:\/\/paleo-energetique.org\/wp-content\/uploads\/2015\/02\/logo2.png\",\"width\":300,\"height\":300},{\"@type\":\"BreadcrumbList\",\"@id\":\"https:\/\/paleo-energetique.org\/ja\/#breadcrumb\",\"itemListElement\":[{\"@type\":\"ListItem\",\"position\":1,\"name\":\"Accueil\",\"item\":\"https:\/\/paleo-energetique.org\/ja\/\"},{\"@type\":\"ListItem\",\"position\":2,\"name\":\"\u30d1\u30ec\u30aa\u30a8\u30ca\u30b8\u30fc\u306b\u3064\u3044\u3066\"}]},{\"@type\":\"WebSite\",\"@id\":\"https:\/\/paleo-energetique.org\/#website\",\"url\":\"https:\/\/paleo-energetique.org\/\",\"name\":\"Pal\u00e9o-Energ\u00e9tique\",\"description\":\"R\u00e9inventer l&#039;Histoire de L&#039;\u00e9nergie\",\"potentialAction\":[{\"@type\":\"SearchAction\",\"target\":{\"@type\":\"EntryPoint\",\"urlTemplate\":\"https:\/\/paleo-energetique.org\/?s={search_term_string}\"},\"query-input\":{\"@type\":\"PropertyValueSpecification\",\"valueRequired\":true,\"valueName\":\"search_term_string\"}}],\"inLanguage\":\"ja\"}]}<\/script>\n<!-- \/ Yoast SEO plugin. -->","yoast_head_json":{"title":"\u30d1\u30ec\u30aa\u30a8\u30ca\u30b8\u30fc\u306b\u3064\u3044\u3066 - Pal\u00e9o-Energ\u00e9tique","robots":{"index":"index","follow":"follow","max-snippet":"max-snippet:-1","max-image-preview":"max-image-preview:large","max-video-preview":"max-video-preview:-1"},"canonical":"https:\/\/paleo-energetique.org\/ja\/","og_locale":"ja_JP","og_type":"article","og_title":"\u30d1\u30ec\u30aa\u30a8\u30ca\u30b8\u30fc\u306b\u3064\u3044\u3066 - Pal\u00e9o-Energ\u00e9tique","og_url":"https:\/\/paleo-energetique.org\/ja\/","og_site_name":"Pal\u00e9o-Energ\u00e9tique","article_publisher":"https:\/\/www.facebook.com\/paleoenergie\/","article_modified_time":"2024-11-22T13:20:50+00:00","og_image":[{"width":300,"height":300,"url":"https:\/\/paleo-energetique.org\/wp-content\/uploads\/2015\/02\/logo2.png","type":"image\/png"}],"twitter_card":"summary_large_image","twitter_misc":{"\u63a8\u5b9a\u8aad\u307f\u53d6\u308a\u6642\u9593":"1\u5206"},"schema":{"@context":"https:\/\/schema.org","@graph":[{"@type":"WebPage","@id":"https:\/\/paleo-energetique.org\/ja\/","url":"https:\/\/paleo-energetique.org\/ja\/","name":"\u30d1\u30ec\u30aa\u30a8\u30ca\u30b8\u30fc\u306b\u3064\u3044\u3066 - Pal\u00e9o-Energ\u00e9tique","isPartOf":{"@id":"https:\/\/paleo-energetique.org\/#website"},"primaryImageOfPage":{"@id":"https:\/\/paleo-energetique.org\/ja\/#primaryimage"},"image":{"@id":"https:\/\/paleo-energetique.org\/ja\/#primaryimage"},"thumbnailUrl":"https:\/\/paleo-energetique.org\/wp-content\/uploads\/2015\/02\/logo2.png","datePublished":"2016-06-12T18:10:16+00:00","dateModified":"2024-11-22T13:20:50+00:00","breadcrumb":{"@id":"https:\/\/paleo-energetique.org\/ja\/#breadcrumb"},"inLanguage":"ja","potentialAction":[{"@type":"ReadAction","target":["https:\/\/paleo-energetique.org\/ja\/"]}]},{"@type":"ImageObject","inLanguage":"ja","@id":"https:\/\/paleo-energetique.org\/ja\/#primaryimage","url":"https:\/\/paleo-energetique.org\/wp-content\/uploads\/2015\/02\/logo2.png","contentUrl":"https:\/\/paleo-energetique.org\/wp-content\/uploads\/2015\/02\/logo2.png","width":300,"height":300},{"@type":"BreadcrumbList","@id":"https:\/\/paleo-energetique.org\/ja\/#breadcrumb","itemListElement":[{"@type":"ListItem","position":1,"name":"Accueil","item":"https:\/\/paleo-energetique.org\/ja\/"},{"@type":"ListItem","position":2,"name":"\u30d1\u30ec\u30aa\u30a8\u30ca\u30b8\u30fc\u306b\u3064\u3044\u3066"}]},{"@type":"WebSite","@id":"https:\/\/paleo-energetique.org\/#website","url":"https:\/\/paleo-energetique.org\/","name":"Pal\u00e9o-Energ\u00e9tique","description":"R\u00e9inventer l&#039;Histoire de L&#039;\u00e9nergie","potentialAction":[{"@type":"SearchAction","target":{"@type":"EntryPoint","urlTemplate":"https:\/\/paleo-energetique.org\/?s={search_term_string}"},"query-input":{"@type":"PropertyValueSpecification","valueRequired":true,"valueName":"search_term_string"}}],"inLanguage":"ja"}]}},"_links":{"self":[{"href":"https:\/\/paleo-energetique.org\/ja\/wp-json\/wp\/v2\/pages\/753","targetHints":{"allow":["GET"]}}],"collection":[{"href":"https:\/\/paleo-energetique.org\/ja\/wp-json\/wp\/v2\/pages"}],"about":[{"href":"https:\/\/paleo-energetique.org\/ja\/wp-json\/wp\/v2\/types\/page"}],"author":[{"embeddable":true,"href":"https:\/\/paleo-energetique.org\/ja\/wp-json\/wp\/v2\/users\/1"}],"replies":[{"embeddable":true,"href":"https:\/\/paleo-energetique.org\/ja\/wp-json\/wp\/v2\/comments?post=753"}],"version-history":[{"count":1,"href":"https:\/\/paleo-energetique.org\/ja\/wp-json\/wp\/v2\/pages\/753\/revisions"}],"predecessor-version":[{"id":6661,"href":"https:\/\/paleo-energetique.org\/ja\/wp-json\/wp\/v2\/pages\/753\/revisions\/6661"}],"wp:featuredmedia":[{"embeddable":true,"href":"https:\/\/paleo-energetique.org\/ja\/wp-json\/wp\/v2\/media\/244"}],"wp:attachment":[{"href":"https:\/\/paleo-energetique.org\/ja\/wp-json\/wp\/v2\/media?parent=753"}],"wp:term":[{"taxonomy":"post_tag","embeddable":true,"href":"https:\/\/paleo-energetique.org\/ja\/wp-json\/wp\/v2\/tags?post=753"}],"curies":[{"name":"wp","href":"https:\/\/api.w.org\/{rel}","templated":true}]}}