{"id":5907,"date":"2022-03-31T21:46:04","date_gmt":"2022-03-31T21:46:04","guid":{"rendered":"https:\/\/paleo-energetique.org\/?page_id=5907"},"modified":"2022-04-01T09:17:54","modified_gmt":"2022-04-01T09:17:54","slug":"%e3%83%91%e3%83%bc%e3%83%88%e3%83%8a%e3%83%bc","status":"publish","type":"page","link":"https:\/\/paleo-energetique.org\/ja\/%e3%83%91%e3%83%bc%e3%83%88%e3%83%8a%e3%83%bc\/","title":{"rendered":"\u30d1\u30fc\u30c8\u30ca\u30fc"},"content":{"rendered":"<p>&nbsp;<\/p>\n<hr \/>\n<h3 style=\"text-align: center;\"><strong>\u5f7c\u3089\u306f\u79c1\u305f\u3061\u3092\u30b5\u30dd\u30fc\u30c8\u3057\u307e\u3059<\/strong><span style=\"text-decoration: underline;\"><br \/>\n<\/span><\/h3>\n<hr \/>\n<p><center><\/center><center><a href=\"https:\/\/www.se.com\/ww\/fr\/\"><img decoding=\"async\" class=\"alignnone wp-image-4384 size-full\" src=\"http:\/\/paleo-energetique.org\/wp-content\/uploads\/2019\/11\/SE_Fondation_Logo_Compact_RGB_Green.png\" alt=\"\" width=\"252\" height=\"100\" \/><\/a>\u00a0 \u00a0 \u00a0 \u00a0\u00a0\u00a0<a href=\"http:\/\/paleo-energetique.org\/wp-content\/uploads\/2014\/12\/ifm.jpg\"><img decoding=\"async\" class=\"alignnone wp-image-1474\" src=\"https:\/\/paleo-energetique.org\/wp-content\/uploads\/2014\/12\/Logo-Fondation-RVB-1-1024x322.jpg\" alt=\"\" width=\"318\" height=\"100\" srcset=\"https:\/\/paleo-energetique.org\/wp-content\/uploads\/2014\/12\/Logo-Fondation-RVB-1-1024x322.jpg 1024w, https:\/\/paleo-energetique.org\/wp-content\/uploads\/2014\/12\/Logo-Fondation-RVB-1-826x260.jpg 826w, https:\/\/paleo-energetique.org\/wp-content\/uploads\/2014\/12\/Logo-Fondation-RVB-1-768x242.jpg 768w, https:\/\/paleo-energetique.org\/wp-content\/uploads\/2014\/12\/Logo-Fondation-RVB-1.jpg 1194w\" sizes=\"(max-width: 318px) 100vw, 318px\" \/><br \/>\n<\/a><\/center><center><\/center><center><a href=\"https:\/\/www.qarnot.com\/\"><img decoding=\"async\" class=\"alignnone wp-image-1240 size-full\" src=\"http:\/\/paleo-energetique.org\/wp-content\/uploads\/2014\/12\/qarnot-computing.png\" alt=\"Qarnot-Computing\" width=\"300\" height=\"99\" \/><\/a><\/center>&nbsp;<\/p>\n<hr \/>\n<p>&nbsp;<\/p>\n<h3 style=\"text-align: center;\"><strong>PALEO-ENERGETIQUE LAB<\/strong><span style=\"text-decoration: underline;\"><br \/>\n<\/span><\/h3>\n<hr \/>\n<p><a href=\"http:\/\/www.paleo-energetique.org\/wp-content\/uploads\/2014\/12\/paleo-la-pailasse.png\"> <img decoding=\"async\" class=\"aligncenter wp-image-309 size-full \" src=\" http:\/\/www.paleo-energetique.org\/wp-content\/uploads\/2014\/12\/paleo-la-pailasse.png \" alt=\" \" width=\" 608 \" height=\" 138 \" srcset=\"https:\/\/paleo-energetique.org\/wp-content\/uploads\/2014\/12\/paleo-la-pailasse.png 608w, https:\/\/paleo-energetique.org\/wp-content\/uploads\/2014\/12\/paleo-la-pailasse-600x136.png 600w\" sizes=\"(max-width: 608px) 100vw, 608px\" \/> <\/a><\/p>\n<p lang=\"fr-FR\">\u53e4\u30a8\u30cd\u30eb\u30ae\u30fc\u7814\u7a76\u6240\u3001\u305d\u308c\u306f\u306a\u3093\u3067\u3059\u304b\uff1f&lt;\/ p&gt;<\/p>\n<p lang=\"fr-FR\">\u53e4\u5b9f\u9a13\u5ba4\u306f\u3001\u7814\u7a76\u30d7\u30ed\u30b0\u30e9\u30e0\u306e\u5b9f\u9a13\u7684\u306a\u90e8\u5206\u3067\u3059\u3002\u30a8\u30cd\u30eb\u30ae\u30fc\u9769\u65b0\u306e\u771f\u306e\u6cd5\u5ef7\u3067\u3042\u308b\u3053\u306e\u30a2\u30a4\u30c7\u30a2\u306f\u3001\u30d1\u30d6\u30ea\u30c3\u30af\u30c9\u30e1\u30a4\u30f3\u306b\u9665\u3063\u305f\u7279\u8a31\u3092\u518d\u8a55\u4fa1\u3057\u3066\u518d\u89e3\u91c8\u3059\u308b\u3053\u3068\u3001\u3042\u308b\u3044\u306f\u305d\u308c\u3089\u3092\u66f4\u65b0\u3059\u308b\u3053\u3068\u3092\u691c\u8a0e\u3059\u308b\u3053\u3068\u3067\u3059&#8230;\u30d7\u30ed\u30b8\u30a7\u30af\u30c8\u3068\u540c\u69d8\u306b<a href=\"http:\/\/paleo- energetique.org\/regen-box-projet-issu-de-recherche-paleo-energetique\/ \"> <strong> Regen Box &lt;\/ strong&gt; <\/strong><\/a>\u306f\u3001\u958b\u767a\u4e2d\u306e\u53e4\u30a8\u30cd\u30eb\u30ae\u30fc\u7814\u7a76\u306e\u7d50\u679c\u3067\u3042\u308a\u3001<a href=\"http:\/\/paleo-energetique.org\/regen-box-projet-issu-de-recherche-paleo-energetique\/\">\u3053\u3061\u3089<\/a>\u3002<\/p>\n<p>La Paillasse\u306f\u3001\u5e02\u6c11\u6280\u8853\u3068\u30d0\u30a4\u30aa\u30c6\u30af\u30ce\u30ed\u30b8\u30fc\u306e\u305f\u3081\u306e\u30b3\u30df\u30e5\u30cb\u30c6\u30a3\u30e9\u30dc\u3067\u3042\u308b\u30d0\u30a4\u30aa\u30cf\u30c3\u30ab\u30fc\u30b9\u30da\u30fc\u30b9\u3067\u3042\u308a\u3001\u30d1\u30ea\u306e226 rueSaintDenis\u306b\u3042\u308b\u65b0\u3057\u3044750m2\u306e\u65bd\u8a2d\u306b\u79fb\u8ee2\u3057\u307e\u3057\u305f\u3002 La Paillasse\u306e\u30b3\u30df\u30e5\u30cb\u30c6\u30a3\u306f\u3001\u751f\u7269\u5b66\u3068\u30d0\u30a4\u30aa\u30c6\u30af\u30ce\u30ed\u30b8\u30fc\u3078\u306e\u597d\u5947\u5fc3\u3068\u3001\u30e9\u30a4\u30d5\u30b5\u30a4\u30a8\u30f3\u30b9\u306b\u95a2\u3059\u308b\u72ec\u81ea\u306e\u30d7\u30ed\u30b8\u30a7\u30af\u30c8\u3092\u5b66\u3073\u3001\u4e00\u7dd2\u306b\u4f5c\u6210\u3059\u308b\u3068\u3044\u3046\u9858\u671b\u3092\u5171\u6709\u3059\u308b\u3001\u975e\u5e38\u306b\u591a\u69d8\u306a\u30d0\u30c3\u30af\u30b0\u30e9\u30a6\u30f3\u30c9\u3092\u6301\u3064\u611b\u597d\u5bb6\u3067\u69cb\u6210\u3055\u308c\u3066\u3044\u307e\u3059\u3002\u3042\u3089\u3086\u308b\u5206\u91ce\u3001\u30aa\u30bf\u30af\u3001\u535a\u58eb\u8ab2\u7a0b\u306e\u5b66\u751f\u3001\u5b66\u751f\u3001\u30cf\u30c3\u30ab\u30fc\u3001\u30c7\u30b6\u30a4\u30ca\u30fc\u3001\u30a2\u30fc\u30c6\u30a3\u30b9\u30c8\u3001\u30a8\u30f3\u30b8\u30cb\u30a2\u3001\u7814\u7a76\u8005\u3001\u793e\u4f1a\u5b66\u8005\u3001\u54f2\u5b66\u8005\u304b\u3089\u6765\u3066\u3001\u305d\u3053\u3067\u4f1a\u3046\u3067\u3057\u3087\u3046&#8230;\u30d0\u30a4\u30aa\u30cf\u30c3\u30ab\u30fc\u30b9\u30da\u30fc\u30b9La \u200b\u200bPaillasse\u306f\u3001\u30d5\u30e9\u30f3\u30b9\u3067\u6700\u521d\u306e\u73fe\u4ee3\u306e\u751f\u7269\u5b66\u7814\u7a76\u6240\u3067\u3059\u3002 La Paillasse\u306f\u307e\u305f\u3001\u30aa\u30fc\u30d7\u30f3\u30ea\u30b5\u30fc\u30c1\u306b\u3064\u3044\u3066\u3082\u8003\u5bdf\u3057\u3066\u3044\u307e\u3059\u3002\u3053\u306e\u30aa\u30fc\u30d7\u30f3\u30ea\u30b5\u30fc\u30c1\u306f\u3001\u53c2\u52a0\u3068\u30b3\u30e9\u30dc\u30ec\u30fc\u30b7\u30e7\u30f3\u304c\u6210\u529f\u3057\u305f\u7814\u7a76\u306e\u8981\u56e0\u306e1\u3064\u3067\u3042\u308b\u3053\u3068\u3092\u4f8b\u3068\u3057\u3066\u3059\u3067\u306b\u793a\u3057\u3066\u3044\u307e\u3059\u3002<\/p>\n<p lang=\"fr-FR\">\u30d0\u30af\u30c6\u30ea\u30a2\u3092\u4f7f\u3063\u305f\u30d7\u30ed\u30b8\u30a7\u30af\u30c8\u3092\u542b\u3080\u3001\u3053\u308c\u3089\u306e\u6700\u521d\u306b\u767a\u6398\u3055\u308c\u305f\u767a\u660e\u306b\u3064\u3044\u3066\u306f\u3001<a href=\"http:\/\/lapaillasse.org\/\" target=\"_blank\" rel=\"noopener noreferrer\"> La Paillasse <\/a>\u306f\u3001\u30d0\u30a4\u30aa\u30cf\u30c3\u30ab\u30fc\u306e\u30b3\u30df\u30e5\u30cb\u30c6\u30a3\u306b\u30d0\u30af\u30c6\u30ea\u30a2\u3092\u624b\u306b\u5165\u308c\u308b\u6a5f\u4f1a\u3092\u63d0\u4f9b\u3059\u308b<b>Pal\u00e9o-\u00e9nerg\u00e9tiqueLab<\/b>\u3092\u6b53\u8fce\u3057\u307e\u3059\u3002<\/p>\n<hr \/>\n<h3 lang=\"fr-FR\" style=\"text-align: center;\"><strong>PALEO-ENERGETIQUE ECOSYSTEME<\/strong><\/h3>\n<hr \/>\n<p lang=\"fr-FR\" style=\"text-align: center;\"><a href=\"http:\/\/paleo-energetique.org\/wp-content\/uploads\/2014\/12\/ecosysteme-paleo-copie2.jpg\"><img loading=\"lazy\" decoding=\"async\" class=\"alignnone wp-image-1079 size-full\" src=\"http:\/\/paleo-energetique.org\/wp-content\/uploads\/2014\/12\/ecosysteme-paleo-copie2.jpg\" alt=\"ecosysteme-paleo-copie2\" width=\"2500\" height=\"1641\" srcset=\"https:\/\/paleo-energetique.org\/wp-content\/uploads\/2014\/12\/ecosysteme-paleo-copie2.jpg 2500w, https:\/\/paleo-energetique.org\/wp-content\/uploads\/2014\/12\/ecosysteme-paleo-copie2-396x260.jpg 396w, https:\/\/paleo-energetique.org\/wp-content\/uploads\/2014\/12\/ecosysteme-paleo-copie2-768x504.jpg 768w, https:\/\/paleo-energetique.org\/wp-content\/uploads\/2014\/12\/ecosysteme-paleo-copie2-1024x672.jpg 1024w, https:\/\/paleo-energetique.org\/wp-content\/uploads\/2014\/12\/ecosysteme-paleo-copie2-600x394.jpg 600w\" sizes=\"(max-width: 2500px) 100vw, 2500px\" \/><\/a><\/p>\n<div id=\"attachment_1636\" style=\"width: 510px\" class=\"wp-caption aligncenter\"><img loading=\"lazy\" decoding=\"async\" aria-describedby=\"caption-attachment-1636\" class=\"wp-image-1636 size-full\" src=\"https:\/\/paleo-energetique.org\/wp-content\/uploads\/2017\/08\/Logo-Mondo-Agit.png\" alt=\"\" width=\"500\" height=\"300\" srcset=\"https:\/\/paleo-energetique.org\/wp-content\/uploads\/2017\/08\/Logo-Mondo-Agit.png 500w, https:\/\/paleo-energetique.org\/wp-content\/uploads\/2017\/08\/Logo-Mondo-Agit-433x260.png 433w\" sizes=\"(max-width: 500px) 100vw, 500px\" \/><p id=\"caption-attachment-1636\" class=\"wp-caption-text\">\u00dcbersetzung ins Deutsche im Rahmen der PerMondo Initiative f\u00fcr ehrenamtliche \u00dcbersetzung von Dokumenten und Webseiten f\u00fcr NGOs und nicht profitorientierte Vereine.<br \/>Translation into German within the framework of the PerMondo Initiative for the voluntary translation of documents and websites for NGOs and non-professional associations.<\/p><\/div>\n<p lang=\"fr-FR\" style=\"text-align: center;\">\n","protected":false},"excerpt":{"rendered":"<p>&nbsp; \u5f7c\u3089\u306f\u79c1\u305f\u3061\u3092\u30b5\u30dd\u30fc\u30c8\u3057\u307e\u3059 \u00a0 \u00a0 \u00a0 \u00a0\u00a0\u00a0 &nbsp; &nbsp; [&hellip;]<\/p>\n","protected":false},"author":2,"featured_media":0,"parent":0,"menu_order":0,"comment_status":"closed","ping_status":"open","template":"","meta":{"_acf_changed":false,"footnotes":""},"tags":[],"class_list":["post-5907","page","type-page","status-publish","hentry"],"acf":[],"yoast_head":"<!-- This site is optimized with the Yoast SEO plugin v26.0 - https:\/\/yoast.com\/wordpress\/plugins\/seo\/ -->\n<title>\u30d1\u30fc\u30c8\u30ca\u30fc - Pal\u00e9o-Energ\u00e9tique<\/title>\n<meta name=\"robots\" content=\"index, follow, max-snippet:-1, max-image-preview:large, max-video-preview:-1\" \/>\n<link rel=\"canonical\" href=\"https:\/\/paleo-energetique.org\/ja\/\u30d1\u30fc\u30c8\u30ca\u30fc\/\" \/>\n<meta property=\"og:locale\" content=\"ja_JP\" \/>\n<meta property=\"og:type\" content=\"article\" \/>\n<meta property=\"og:title\" content=\"\u30d1\u30fc\u30c8\u30ca\u30fc - Pal\u00e9o-Energ\u00e9tique\" \/>\n<meta property=\"og:description\" content=\"&nbsp; \u5f7c\u3089\u306f\u79c1\u305f\u3061\u3092\u30b5\u30dd\u30fc\u30c8\u3057\u307e\u3059 \u00a0 \u00a0 \u00a0 \u00a0\u00a0\u00a0 &nbsp; &nbsp; [&hellip;]\" \/>\n<meta property=\"og:url\" content=\"https:\/\/paleo-energetique.org\/ja\/\u30d1\u30fc\u30c8\u30ca\u30fc\/\" \/>\n<meta property=\"og:site_name\" content=\"Pal\u00e9o-Energ\u00e9tique\" \/>\n<meta property=\"article:publisher\" content=\"https:\/\/www.facebook.com\/paleoenergie\/\" \/>\n<meta property=\"article:modified_time\" content=\"2022-04-01T09:17:54+00:00\" \/>\n<meta property=\"og:image\" content=\"http:\/\/paleo-energetique.org\/wp-content\/uploads\/2019\/11\/SE_Fondation_Logo_Compact_RGB_Green.png\" \/>\n<meta name=\"twitter:card\" content=\"summary_large_image\" \/>\n<script type=\"application\/ld+json\" class=\"yoast-schema-graph\">{\"@context\":\"https:\/\/schema.org\",\"@graph\":[{\"@type\":\"WebPage\",\"@id\":\"https:\/\/paleo-energetique.org\/ja\/%e3%83%91%e3%83%bc%e3%83%88%e3%83%8a%e3%83%bc\/\",\"url\":\"https:\/\/paleo-energetique.org\/ja\/%e3%83%91%e3%83%bc%e3%83%88%e3%83%8a%e3%83%bc\/\",\"name\":\"\u30d1\u30fc\u30c8\u30ca\u30fc - Pal\u00e9o-Energ\u00e9tique\",\"isPartOf\":{\"@id\":\"https:\/\/paleo-energetique.org\/#website\"},\"primaryImageOfPage\":{\"@id\":\"https:\/\/paleo-energetique.org\/ja\/%e3%83%91%e3%83%bc%e3%83%88%e3%83%8a%e3%83%bc\/#primaryimage\"},\"image\":{\"@id\":\"https:\/\/paleo-energetique.org\/ja\/%e3%83%91%e3%83%bc%e3%83%88%e3%83%8a%e3%83%bc\/#primaryimage\"},\"thumbnailUrl\":\"http:\/\/paleo-energetique.org\/wp-content\/uploads\/2019\/11\/SE_Fondation_Logo_Compact_RGB_Green.png\",\"datePublished\":\"2022-03-31T21:46:04+00:00\",\"dateModified\":\"2022-04-01T09:17:54+00:00\",\"breadcrumb\":{\"@id\":\"https:\/\/paleo-energetique.org\/ja\/%e3%83%91%e3%83%bc%e3%83%88%e3%83%8a%e3%83%bc\/#breadcrumb\"},\"inLanguage\":\"ja\",\"potentialAction\":[{\"@type\":\"ReadAction\",\"target\":[\"https:\/\/paleo-energetique.org\/ja\/%e3%83%91%e3%83%bc%e3%83%88%e3%83%8a%e3%83%bc\/\"]}]},{\"@type\":\"ImageObject\",\"inLanguage\":\"ja\",\"@id\":\"https:\/\/paleo-energetique.org\/ja\/%e3%83%91%e3%83%bc%e3%83%88%e3%83%8a%e3%83%bc\/#primaryimage\",\"url\":\"http:\/\/paleo-energetique.org\/wp-content\/uploads\/2019\/11\/SE_Fondation_Logo_Compact_RGB_Green.png\",\"contentUrl\":\"http:\/\/paleo-energetique.org\/wp-content\/uploads\/2019\/11\/SE_Fondation_Logo_Compact_RGB_Green.png\"},{\"@type\":\"BreadcrumbList\",\"@id\":\"https:\/\/paleo-energetique.org\/ja\/%e3%83%91%e3%83%bc%e3%83%88%e3%83%8a%e3%83%bc\/#breadcrumb\",\"itemListElement\":[{\"@type\":\"ListItem\",\"position\":1,\"name\":\"Accueil\",\"item\":\"https:\/\/paleo-energetique.org\/ja\/\"},{\"@type\":\"ListItem\",\"position\":2,\"name\":\"\u30d1\u30fc\u30c8\u30ca\u30fc\"}]},{\"@type\":\"WebSite\",\"@id\":\"https:\/\/paleo-energetique.org\/#website\",\"url\":\"https:\/\/paleo-energetique.org\/\",\"name\":\"Pal\u00e9o-Energ\u00e9tique\",\"description\":\"R\u00e9inventer l&#039;Histoire de L&#039;\u00e9nergie\",\"potentialAction\":[{\"@type\":\"SearchAction\",\"target\":{\"@type\":\"EntryPoint\",\"urlTemplate\":\"https:\/\/paleo-energetique.org\/?s={search_term_string}\"},\"query-input\":{\"@type\":\"PropertyValueSpecification\",\"valueRequired\":true,\"valueName\":\"search_term_string\"}}],\"inLanguage\":\"ja\"}]}<\/script>\n<!-- \/ Yoast SEO plugin. -->","yoast_head_json":{"title":"\u30d1\u30fc\u30c8\u30ca\u30fc - Pal\u00e9o-Energ\u00e9tique","robots":{"index":"index","follow":"follow","max-snippet":"max-snippet:-1","max-image-preview":"max-image-preview:large","max-video-preview":"max-video-preview:-1"},"canonical":"https:\/\/paleo-energetique.org\/ja\/\u30d1\u30fc\u30c8\u30ca\u30fc\/","og_locale":"ja_JP","og_type":"article","og_title":"\u30d1\u30fc\u30c8\u30ca\u30fc - Pal\u00e9o-Energ\u00e9tique","og_description":"&nbsp; \u5f7c\u3089\u306f\u79c1\u305f\u3061\u3092\u30b5\u30dd\u30fc\u30c8\u3057\u307e\u3059 \u00a0 \u00a0 \u00a0 \u00a0\u00a0\u00a0 &nbsp; &nbsp; [&hellip;]","og_url":"https:\/\/paleo-energetique.org\/ja\/\u30d1\u30fc\u30c8\u30ca\u30fc\/","og_site_name":"Pal\u00e9o-Energ\u00e9tique","article_publisher":"https:\/\/www.facebook.com\/paleoenergie\/","article_modified_time":"2022-04-01T09:17:54+00:00","og_image":[{"url":"http:\/\/paleo-energetique.org\/wp-content\/uploads\/2019\/11\/SE_Fondation_Logo_Compact_RGB_Green.png","type":"","width":"","height":""}],"twitter_card":"summary_large_image","schema":{"@context":"https:\/\/schema.org","@graph":[{"@type":"WebPage","@id":"https:\/\/paleo-energetique.org\/ja\/%e3%83%91%e3%83%bc%e3%83%88%e3%83%8a%e3%83%bc\/","url":"https:\/\/paleo-energetique.org\/ja\/%e3%83%91%e3%83%bc%e3%83%88%e3%83%8a%e3%83%bc\/","name":"\u30d1\u30fc\u30c8\u30ca\u30fc - Pal\u00e9o-Energ\u00e9tique","isPartOf":{"@id":"https:\/\/paleo-energetique.org\/#website"},"primaryImageOfPage":{"@id":"https:\/\/paleo-energetique.org\/ja\/%e3%83%91%e3%83%bc%e3%83%88%e3%83%8a%e3%83%bc\/#primaryimage"},"image":{"@id":"https:\/\/paleo-energetique.org\/ja\/%e3%83%91%e3%83%bc%e3%83%88%e3%83%8a%e3%83%bc\/#primaryimage"},"thumbnailUrl":"http:\/\/paleo-energetique.org\/wp-content\/uploads\/2019\/11\/SE_Fondation_Logo_Compact_RGB_Green.png","datePublished":"2022-03-31T21:46:04+00:00","dateModified":"2022-04-01T09:17:54+00:00","breadcrumb":{"@id":"https:\/\/paleo-energetique.org\/ja\/%e3%83%91%e3%83%bc%e3%83%88%e3%83%8a%e3%83%bc\/#breadcrumb"},"inLanguage":"ja","potentialAction":[{"@type":"ReadAction","target":["https:\/\/paleo-energetique.org\/ja\/%e3%83%91%e3%83%bc%e3%83%88%e3%83%8a%e3%83%bc\/"]}]},{"@type":"ImageObject","inLanguage":"ja","@id":"https:\/\/paleo-energetique.org\/ja\/%e3%83%91%e3%83%bc%e3%83%88%e3%83%8a%e3%83%bc\/#primaryimage","url":"http:\/\/paleo-energetique.org\/wp-content\/uploads\/2019\/11\/SE_Fondation_Logo_Compact_RGB_Green.png","contentUrl":"http:\/\/paleo-energetique.org\/wp-content\/uploads\/2019\/11\/SE_Fondation_Logo_Compact_RGB_Green.png"},{"@type":"BreadcrumbList","@id":"https:\/\/paleo-energetique.org\/ja\/%e3%83%91%e3%83%bc%e3%83%88%e3%83%8a%e3%83%bc\/#breadcrumb","itemListElement":[{"@type":"ListItem","position":1,"name":"Accueil","item":"https:\/\/paleo-energetique.org\/ja\/"},{"@type":"ListItem","position":2,"name":"\u30d1\u30fc\u30c8\u30ca\u30fc"}]},{"@type":"WebSite","@id":"https:\/\/paleo-energetique.org\/#website","url":"https:\/\/paleo-energetique.org\/","name":"Pal\u00e9o-Energ\u00e9tique","description":"R\u00e9inventer l&#039;Histoire de L&#039;\u00e9nergie","potentialAction":[{"@type":"SearchAction","target":{"@type":"EntryPoint","urlTemplate":"https:\/\/paleo-energetique.org\/?s={search_term_string}"},"query-input":{"@type":"PropertyValueSpecification","valueRequired":true,"valueName":"search_term_string"}}],"inLanguage":"ja"}]}},"_links":{"self":[{"href":"https:\/\/paleo-energetique.org\/ja\/wp-json\/wp\/v2\/pages\/5907","targetHints":{"allow":["GET"]}}],"collection":[{"href":"https:\/\/paleo-energetique.org\/ja\/wp-json\/wp\/v2\/pages"}],"about":[{"href":"https:\/\/paleo-energetique.org\/ja\/wp-json\/wp\/v2\/types\/page"}],"author":[{"embeddable":true,"href":"https:\/\/paleo-energetique.org\/ja\/wp-json\/wp\/v2\/users\/2"}],"replies":[{"embeddable":true,"href":"https:\/\/paleo-energetique.org\/ja\/wp-json\/wp\/v2\/comments?post=5907"}],"version-history":[{"count":0,"href":"https:\/\/paleo-energetique.org\/ja\/wp-json\/wp\/v2\/pages\/5907\/revisions"}],"wp:attachment":[{"href":"https:\/\/paleo-energetique.org\/ja\/wp-json\/wp\/v2\/media?parent=5907"}],"wp:term":[{"taxonomy":"post_tag","embeddable":true,"href":"https:\/\/paleo-energetique.org\/ja\/wp-json\/wp\/v2\/tags?post=5907"}],"curies":[{"name":"wp","href":"https:\/\/api.w.org\/{rel}","templated":true}]}}