{"id":5849,"date":"2022-03-31T20:57:44","date_gmt":"2022-03-31T20:57:44","guid":{"rendered":"https:\/\/paleo-energetique.org\/?page_id=5849"},"modified":"2022-03-31T20:57:44","modified_gmt":"2022-03-31T20:57:44","slug":"%e3%82%b7%e3%83%86%e3%82%a3%e3%82%ad%e3%83%83%e3%83%88","status":"publish","type":"page","link":"https:\/\/paleo-energetique.org\/ja\/%e3%82%a8%e3%82%ad%e3%82%b9%e3%83%9d%ef%bc%88%e4%b8%87%e5%9b%bd%e5%8d%9a%e8%a6%a7%e4%bc%9a%ef%bc%89\/%e3%82%b7%e3%83%86%e3%82%a3%e3%82%ad%e3%83%83%e3%83%88\/","title":{"rendered":"\u30b7\u30c6\u30a3\u30ad\u30c3\u30c8"},"content":{"rendered":"<h2 style=\"text-align: center;\">\u30b7\u30c6\u30a3\u30ad\u30c3\u30c8<\/h2>\n<p style=\"text-align: center;\">\u79c1\u305f\u3061\u306f\u3001\u90fd\u5e02\u3001\u5b66\u6821\u3001\u30b3\u30df\u30e5\u30cb\u30c6\u30a3\u3068\u5354\u529b\u3057\u3066\u3001\u30a4\u30d9\u30f3\u30c8\u3092\u958b\u50ac\u3057\u3001\u30a8\u30cd\u30eb\u30ae\u30fc\u7814\u7a76\u3092\u5968\u52b1\u3057\u3066\u3001\u305d\u308c\u3089\u3092\u7279\u5b9a\u3001\u5f37\u5316\u3001\u30a2\u30cb\u30e1\u30fc\u30b7\u30e7\u30f3\u5316\u3057\u307e\u3059\u3002\u79c1\u305f\u3061\u306f\u6b74\u53f2\u3068\u96c6\u5408\u7684\u306a\u5275\u9020\u6027\u3092\u547c\u3073\u304b\u3051\u307e\u3059\u3002\u79c1\u305f\u3061\u306e\u76ee\u7684\u306f\u3001\u904e\u53bb\u3092\u63a2\u6c42\u3057\u3066\u672a\u6765\u3092\u60f3\u50cf\u3057\u3001\u30b7\u30ca\u30ea\u30aa\u3092\u958b\u767a\u3057\u3001\u30a8\u30cd\u30eb\u30ae\u30fc\u304c\u4eba\u53e3\u3068\u767a\u660e\u5bb6\u306e\u4e21\u65b9\u306b\u3068\u3063\u3066\u53e4\u3044\u554f\u984c\u3067\u3042\u308b\u3053\u3068\u3092\u793a\u3059\u3053\u3068\u3067\u3059\u3002<\/p>\n<p style=\"text-align: center;\"><a class=\"myButton\" href=\"https:\/\/paleo-energetique.org\/Kit-pour-les-communes.pdf\" target=\"_blank\" rel=\"noopener\">\u30c0\u30a6\u30f3\u30ed\u30fc\u30c9<\/a><\/p>\n<p style=\"text-align: center;\"><div style=\"display:block\">\n<!-- FlowPaper PDF flipbook plugin v.2.0.6 wordpress.org\/plugins\/flowpaper\/ -->\n<iframe title=\"FlowPaper flipbook pdf viewer\" width=\"100%\" height=\"500\" scrolling=\"no\" class=\"flowpaper-class\" frameborder=\"0\" allowFullScreen=\"true\" lightbox=\"false\" cover id src = \"https:\/\/flowpaper.com\/flipbook\/?pdf=https:\/\/paleo-energetique.org\/Kit-pour-les-communes.pdf&title=&header=&theme=&singlepage=&thumbs=1&modified=220331857\" seamless=\"seamless\" style=\"margin-bottom:0;display:block;\">Your browser does not seem to support iframes. <a href=\"https:\/\/flowpaper.com\/flipbook\/?pdf=https:\/\/paleo-energetique.org\/Kit-pour-les-communes.pdf\" target=\"_blank\">Click here to read this PDF<\/a>.<\/iframe>\n<div id=\"flowpaper-logo-bottom\" class=\"flowpaper-logo-bg\" style=\"background:linear-gradient(to right, rgba(0,0,0,0.65) 0%,rgba(0,0,0,0) 200px);width:100%;height:19px; padding-bottom: 1px; padding-left: 5px; padding-right: 10px; display: flex; align-items: center;z-index:9999\"><span style=\"height: 37px; padding-left: 6px;width:90%\"> <a id=\"flowpaper-link\" style=\"fill: #fff\" alt=\"FlowPaper logotype\" title=\"FlowPaper logotype\" href=\"https:\/\/flowpaper.com\" target=\"_blank\"> <img decoding=\"async\" alt=\"Publish PDF flipbooks online\" style=\"height:17px;width:auto;margin-top:11px;\" src=\"https:\/\/paleo-energetique.org\/wp-content\/plugins\/flowpaper-lite-pdf-flipbook\/assets\/flowpaper-logo.png\" border=\"0\"> <\/a> <\/span><span style=\" float: right; right: 0; font-size: 10px; white-space: nowrap; opacity:0.8\"><a href=\"https:\/\/flowpaper.com\/flipbook-maker\/\" target=\"_new\" style=\"text-decoration:none;border-bottom:none;\">Created using FlowPaper Flipbook Maker &#8599;<\/a><\/span><\/div><\/div>\r\n                <script>\r\n                document.addEventListener(\"DOMContentLoaded\", function(){\r\n                    var target_element, iframe_element;\r\n                    iframe_element = document.querySelector(\"iframe.flowpaper-class\");\r\n                    target_element = document.querySelector(\"\");\r\n                    iframe_element.style.height = target_element.offsetHeight + \"px\";\r\n                });\r\n                <\/script>\r\n            <\/p>\n","protected":false},"excerpt":{"rendered":"<p>\u30b7\u30c6\u30a3\u30ad\u30c3\u30c8 \u79c1\u305f\u3061\u306f\u3001\u90fd\u5e02\u3001\u5b66\u6821\u3001\u30b3\u30df\u30e5\u30cb\u30c6\u30a3\u3068\u5354\u529b\u3057\u3066\u3001\u30a4\u30d9\u30f3\u30c8\u3092\u958b\u50ac\u3057\u3001\u30a8\u30cd\u30eb\u30ae\u30fc\u7814 [&hellip;]<\/p>\n","protected":false},"author":2,"featured_media":0,"parent":785,"menu_order":0,"comment_status":"closed","ping_status":"closed","template":"","meta":{"_acf_changed":false,"footnotes":""},"tags":[],"class_list":["post-5849","page","type-page","status-publish","hentry"],"acf":[],"yoast_head":"<!-- This site is optimized with the Yoast SEO plugin v26.0 - https:\/\/yoast.com\/wordpress\/plugins\/seo\/ -->\n<title>\u30b7\u30c6\u30a3\u30ad\u30c3\u30c8 - Pal\u00e9o-Energ\u00e9tique<\/title>\n<meta name=\"robots\" content=\"index, follow, max-snippet:-1, max-image-preview:large, max-video-preview:-1\" \/>\n<link rel=\"canonical\" href=\"https:\/\/paleo-energetique.org\/ja\/\u30a8\u30ad\u30b9\u30dd\uff08\u4e07\u56fd\u535a\u89a7\u4f1a\uff09\/\u30b7\u30c6\u30a3\u30ad\u30c3\u30c8\/\" \/>\n<meta property=\"og:locale\" content=\"ja_JP\" \/>\n<meta property=\"og:type\" content=\"article\" \/>\n<meta property=\"og:title\" content=\"\u30b7\u30c6\u30a3\u30ad\u30c3\u30c8 - Pal\u00e9o-Energ\u00e9tique\" \/>\n<meta property=\"og:description\" content=\"\u30b7\u30c6\u30a3\u30ad\u30c3\u30c8 \u79c1\u305f\u3061\u306f\u3001\u90fd\u5e02\u3001\u5b66\u6821\u3001\u30b3\u30df\u30e5\u30cb\u30c6\u30a3\u3068\u5354\u529b\u3057\u3066\u3001\u30a4\u30d9\u30f3\u30c8\u3092\u958b\u50ac\u3057\u3001\u30a8\u30cd\u30eb\u30ae\u30fc\u7814 [&hellip;]\" \/>\n<meta property=\"og:url\" content=\"https:\/\/paleo-energetique.org\/ja\/\u30a8\u30ad\u30b9\u30dd\uff08\u4e07\u56fd\u535a\u89a7\u4f1a\uff09\/\u30b7\u30c6\u30a3\u30ad\u30c3\u30c8\/\" \/>\n<meta property=\"og:site_name\" content=\"Pal\u00e9o-Energ\u00e9tique\" \/>\n<meta property=\"article:publisher\" content=\"https:\/\/www.facebook.com\/paleoenergie\/\" \/>\n<meta property=\"og:image\" content=\"https:\/\/paleo-energetique.org\/wp-content\/uploads\/2017\/02\/paleo-energetique.jpg\" \/>\n\t<meta property=\"og:image:width\" content=\"1280\" \/>\n\t<meta property=\"og:image:height\" content=\"853\" \/>\n\t<meta property=\"og:image:type\" content=\"image\/jpeg\" \/>\n<meta name=\"twitter:card\" content=\"summary_large_image\" \/>\n<script type=\"application\/ld+json\" class=\"yoast-schema-graph\">{\"@context\":\"https:\/\/schema.org\",\"@graph\":[{\"@type\":\"WebPage\",\"@id\":\"https:\/\/paleo-energetique.org\/ja\/%e3%82%a8%e3%82%ad%e3%82%b9%e3%83%9d%ef%bc%88%e4%b8%87%e5%9b%bd%e5%8d%9a%e8%a6%a7%e4%bc%9a%ef%bc%89\/%e3%82%b7%e3%83%86%e3%82%a3%e3%82%ad%e3%83%83%e3%83%88\/\",\"url\":\"https:\/\/paleo-energetique.org\/ja\/%e3%82%a8%e3%82%ad%e3%82%b9%e3%83%9d%ef%bc%88%e4%b8%87%e5%9b%bd%e5%8d%9a%e8%a6%a7%e4%bc%9a%ef%bc%89\/%e3%82%b7%e3%83%86%e3%82%a3%e3%82%ad%e3%83%83%e3%83%88\/\",\"name\":\"\u30b7\u30c6\u30a3\u30ad\u30c3\u30c8 - Pal\u00e9o-Energ\u00e9tique\",\"isPartOf\":{\"@id\":\"https:\/\/paleo-energetique.org\/#website\"},\"datePublished\":\"2022-03-31T20:57:44+00:00\",\"breadcrumb\":{\"@id\":\"https:\/\/paleo-energetique.org\/ja\/%e3%82%a8%e3%82%ad%e3%82%b9%e3%83%9d%ef%bc%88%e4%b8%87%e5%9b%bd%e5%8d%9a%e8%a6%a7%e4%bc%9a%ef%bc%89\/%e3%82%b7%e3%83%86%e3%82%a3%e3%82%ad%e3%83%83%e3%83%88\/#breadcrumb\"},\"inLanguage\":\"ja\",\"potentialAction\":[{\"@type\":\"ReadAction\",\"target\":[\"https:\/\/paleo-energetique.org\/ja\/%e3%82%a8%e3%82%ad%e3%82%b9%e3%83%9d%ef%bc%88%e4%b8%87%e5%9b%bd%e5%8d%9a%e8%a6%a7%e4%bc%9a%ef%bc%89\/%e3%82%b7%e3%83%86%e3%82%a3%e3%82%ad%e3%83%83%e3%83%88\/\"]}]},{\"@type\":\"BreadcrumbList\",\"@id\":\"https:\/\/paleo-energetique.org\/ja\/%e3%82%a8%e3%82%ad%e3%82%b9%e3%83%9d%ef%bc%88%e4%b8%87%e5%9b%bd%e5%8d%9a%e8%a6%a7%e4%bc%9a%ef%bc%89\/%e3%82%b7%e3%83%86%e3%82%a3%e3%82%ad%e3%83%83%e3%83%88\/#breadcrumb\",\"itemListElement\":[{\"@type\":\"ListItem\",\"position\":1,\"name\":\"Accueil\",\"item\":\"https:\/\/paleo-energetique.org\/ja\/\"},{\"@type\":\"ListItem\",\"position\":2,\"name\":\"\u30a8\u30ad\u30b9\u30dd\uff08\u4e07\u56fd\u535a\u89a7\u4f1a\uff09\",\"item\":\"https:\/\/paleo-energetique.org\/ja\/%e3%82%a8%e3%82%ad%e3%82%b9%e3%83%9d%ef%bc%88%e4%b8%87%e5%9b%bd%e5%8d%9a%e8%a6%a7%e4%bc%9a%ef%bc%89\/\"},{\"@type\":\"ListItem\",\"position\":3,\"name\":\"\u30b7\u30c6\u30a3\u30ad\u30c3\u30c8\"}]},{\"@type\":\"WebSite\",\"@id\":\"https:\/\/paleo-energetique.org\/#website\",\"url\":\"https:\/\/paleo-energetique.org\/\",\"name\":\"Pal\u00e9o-Energ\u00e9tique\",\"description\":\"R\u00e9inventer l&#039;Histoire de L&#039;\u00e9nergie\",\"potentialAction\":[{\"@type\":\"SearchAction\",\"target\":{\"@type\":\"EntryPoint\",\"urlTemplate\":\"https:\/\/paleo-energetique.org\/?s={search_term_string}\"},\"query-input\":{\"@type\":\"PropertyValueSpecification\",\"valueRequired\":true,\"valueName\":\"search_term_string\"}}],\"inLanguage\":\"ja\"}]}<\/script>\n<!-- \/ Yoast SEO plugin. -->","yoast_head_json":{"title":"\u30b7\u30c6\u30a3\u30ad\u30c3\u30c8 - Pal\u00e9o-Energ\u00e9tique","robots":{"index":"index","follow":"follow","max-snippet":"max-snippet:-1","max-image-preview":"max-image-preview:large","max-video-preview":"max-video-preview:-1"},"canonical":"https:\/\/paleo-energetique.org\/ja\/\u30a8\u30ad\u30b9\u30dd\uff08\u4e07\u56fd\u535a\u89a7\u4f1a\uff09\/\u30b7\u30c6\u30a3\u30ad\u30c3\u30c8\/","og_locale":"ja_JP","og_type":"article","og_title":"\u30b7\u30c6\u30a3\u30ad\u30c3\u30c8 - Pal\u00e9o-Energ\u00e9tique","og_description":"\u30b7\u30c6\u30a3\u30ad\u30c3\u30c8 \u79c1\u305f\u3061\u306f\u3001\u90fd\u5e02\u3001\u5b66\u6821\u3001\u30b3\u30df\u30e5\u30cb\u30c6\u30a3\u3068\u5354\u529b\u3057\u3066\u3001\u30a4\u30d9\u30f3\u30c8\u3092\u958b\u50ac\u3057\u3001\u30a8\u30cd\u30eb\u30ae\u30fc\u7814 [&hellip;]","og_url":"https:\/\/paleo-energetique.org\/ja\/\u30a8\u30ad\u30b9\u30dd\uff08\u4e07\u56fd\u535a\u89a7\u4f1a\uff09\/\u30b7\u30c6\u30a3\u30ad\u30c3\u30c8\/","og_site_name":"Pal\u00e9o-Energ\u00e9tique","article_publisher":"https:\/\/www.facebook.com\/paleoenergie\/","og_image":[{"width":1280,"height":853,"url":"https:\/\/paleo-energetique.org\/wp-content\/uploads\/2017\/02\/paleo-energetique.jpg","type":"image\/jpeg"}],"twitter_card":"summary_large_image","schema":{"@context":"https:\/\/schema.org","@graph":[{"@type":"WebPage","@id":"https:\/\/paleo-energetique.org\/ja\/%e3%82%a8%e3%82%ad%e3%82%b9%e3%83%9d%ef%bc%88%e4%b8%87%e5%9b%bd%e5%8d%9a%e8%a6%a7%e4%bc%9a%ef%bc%89\/%e3%82%b7%e3%83%86%e3%82%a3%e3%82%ad%e3%83%83%e3%83%88\/","url":"https:\/\/paleo-energetique.org\/ja\/%e3%82%a8%e3%82%ad%e3%82%b9%e3%83%9d%ef%bc%88%e4%b8%87%e5%9b%bd%e5%8d%9a%e8%a6%a7%e4%bc%9a%ef%bc%89\/%e3%82%b7%e3%83%86%e3%82%a3%e3%82%ad%e3%83%83%e3%83%88\/","name":"\u30b7\u30c6\u30a3\u30ad\u30c3\u30c8 - Pal\u00e9o-Energ\u00e9tique","isPartOf":{"@id":"https:\/\/paleo-energetique.org\/#website"},"datePublished":"2022-03-31T20:57:44+00:00","breadcrumb":{"@id":"https:\/\/paleo-energetique.org\/ja\/%e3%82%a8%e3%82%ad%e3%82%b9%e3%83%9d%ef%bc%88%e4%b8%87%e5%9b%bd%e5%8d%9a%e8%a6%a7%e4%bc%9a%ef%bc%89\/%e3%82%b7%e3%83%86%e3%82%a3%e3%82%ad%e3%83%83%e3%83%88\/#breadcrumb"},"inLanguage":"ja","potentialAction":[{"@type":"ReadAction","target":["https:\/\/paleo-energetique.org\/ja\/%e3%82%a8%e3%82%ad%e3%82%b9%e3%83%9d%ef%bc%88%e4%b8%87%e5%9b%bd%e5%8d%9a%e8%a6%a7%e4%bc%9a%ef%bc%89\/%e3%82%b7%e3%83%86%e3%82%a3%e3%82%ad%e3%83%83%e3%83%88\/"]}]},{"@type":"BreadcrumbList","@id":"https:\/\/paleo-energetique.org\/ja\/%e3%82%a8%e3%82%ad%e3%82%b9%e3%83%9d%ef%bc%88%e4%b8%87%e5%9b%bd%e5%8d%9a%e8%a6%a7%e4%bc%9a%ef%bc%89\/%e3%82%b7%e3%83%86%e3%82%a3%e3%82%ad%e3%83%83%e3%83%88\/#breadcrumb","itemListElement":[{"@type":"ListItem","position":1,"name":"Accueil","item":"https:\/\/paleo-energetique.org\/ja\/"},{"@type":"ListItem","position":2,"name":"\u30a8\u30ad\u30b9\u30dd\uff08\u4e07\u56fd\u535a\u89a7\u4f1a\uff09","item":"https:\/\/paleo-energetique.org\/ja\/%e3%82%a8%e3%82%ad%e3%82%b9%e3%83%9d%ef%bc%88%e4%b8%87%e5%9b%bd%e5%8d%9a%e8%a6%a7%e4%bc%9a%ef%bc%89\/"},{"@type":"ListItem","position":3,"name":"\u30b7\u30c6\u30a3\u30ad\u30c3\u30c8"}]},{"@type":"WebSite","@id":"https:\/\/paleo-energetique.org\/#website","url":"https:\/\/paleo-energetique.org\/","name":"Pal\u00e9o-Energ\u00e9tique","description":"R\u00e9inventer l&#039;Histoire de L&#039;\u00e9nergie","potentialAction":[{"@type":"SearchAction","target":{"@type":"EntryPoint","urlTemplate":"https:\/\/paleo-energetique.org\/?s={search_term_string}"},"query-input":{"@type":"PropertyValueSpecification","valueRequired":true,"valueName":"search_term_string"}}],"inLanguage":"ja"}]}},"_links":{"self":[{"href":"https:\/\/paleo-energetique.org\/ja\/wp-json\/wp\/v2\/pages\/5849","targetHints":{"allow":["GET"]}}],"collection":[{"href":"https:\/\/paleo-energetique.org\/ja\/wp-json\/wp\/v2\/pages"}],"about":[{"href":"https:\/\/paleo-energetique.org\/ja\/wp-json\/wp\/v2\/types\/page"}],"author":[{"embeddable":true,"href":"https:\/\/paleo-energetique.org\/ja\/wp-json\/wp\/v2\/users\/2"}],"replies":[{"embeddable":true,"href":"https:\/\/paleo-energetique.org\/ja\/wp-json\/wp\/v2\/comments?post=5849"}],"version-history":[{"count":0,"href":"https:\/\/paleo-energetique.org\/ja\/wp-json\/wp\/v2\/pages\/5849\/revisions"}],"up":[{"embeddable":true,"href":"https:\/\/paleo-energetique.org\/ja\/wp-json\/wp\/v2\/pages\/785"}],"wp:attachment":[{"href":"https:\/\/paleo-energetique.org\/ja\/wp-json\/wp\/v2\/media?parent=5849"}],"wp:term":[{"taxonomy":"post_tag","embeddable":true,"href":"https:\/\/paleo-energetique.org\/ja\/wp-json\/wp\/v2\/tags?post=5849"}],"curies":[{"name":"wp","href":"https:\/\/api.w.org\/{rel}","templated":true}]}}