{"id":5848,"date":"2022-03-31T20:56:43","date_gmt":"2022-03-31T20:56:43","guid":{"rendered":"https:\/\/paleo-energetique.org\/?page_id=5848"},"modified":"2022-03-31T20:56:43","modified_gmt":"2022-03-31T20:56:43","slug":"%e3%83%9d%e3%82%b9%e3%82%bf%e3%83%bc%e3%82%ad%e3%83%83%e3%83%88","status":"publish","type":"page","link":"https:\/\/paleo-energetique.org\/ja\/%e5%af%84%e4%bb%98%e3%82%92%e3%81%99%e3%82%8b\/%e3%83%9d%e3%82%b9%e3%82%bf%e3%83%bc%e3%82%ad%e3%83%83%e3%83%88\/","title":{"rendered":"\u30dd\u30b9\u30bf\u30fc\u30ad\u30c3\u30c8"},"content":{"rendered":"<p>&nbsp;<\/p>\n<h2 style=\"text-align: center;\"><span style=\"color: #000000;\">\u53c2\u52a0\u3092\u547c\u3073\u304b\u3051\u308b<\/span><\/h2>\n<p style=\"text-align: center;\">\u30a8\u30cd\u30eb\u30ae\u30fc\u5206\u91ce\u3067\u306e\u53c2\u52a0\u578b\u304a\u3088\u3073\u5e02\u6c11\u7814\u7a76\u30d7\u30ed\u30b8\u30a7\u30af\u30c8\u306e\u4e00\u74b0\u3068\u3057\u3066\u3001\u300c\u53c2\u52a0\u52df\u96c6\u300d\u30ad\u30c3\u30c8\u3092\u30c0\u30a6\u30f3\u30ed\u30fc\u30c9\u3057\u3066\u5370\u5237\u3057\u3001\u8868\u793a\u3057\u3066\u3001\u53e4\u3044\u767a\u660e\u3001\u53e4\u3044\u793e\u4f1a\u30a4\u30ce\u30d9\u30fc\u30b7\u30e7\u30f3\u3001\u96c6\u5408\u7684\u306a\u60f3\u50cf\u529b\u3092\u898b\u3064\u3051\u308b\u3053\u3068\u304c\u3067\u304d\u307e\u3059\u3002<\/p>\n<p style=\"text-align: center;\"><span style=\"color: #3366ff;\"><a href=\"https:\/\/paleo-energetique.org\/kif-affiche.jpg\" target=\"_blank\" class=\"myButton\" rel=\"noopener\">\u30c0\u30a6\u30f3\u30ed\u30fc\u30c9<\/a><\/span><\/p>\n<p style=\"text-align: center;\"><img fetchpriority=\"high\" decoding=\"async\" class=\"alignnone wp-image-2780\" src=\"https:\/\/paleo-energetique.org\/wp-content\/uploads\/2018\/10\/Afficheappelaparticipation.jpg\" alt=\"\" width=\"700\" height=\"989\" srcset=\"https:\/\/paleo-energetique.org\/wp-content\/uploads\/2018\/10\/Afficheappelaparticipation.jpg 1123w, https:\/\/paleo-energetique.org\/wp-content\/uploads\/2018\/10\/Afficheappelaparticipation-184x260.jpg 184w, https:\/\/paleo-energetique.org\/wp-content\/uploads\/2018\/10\/Afficheappelaparticipation-768x1085.jpg 768w, https:\/\/paleo-energetique.org\/wp-content\/uploads\/2018\/10\/Afficheappelaparticipation-725x1024.jpg 725w, https:\/\/paleo-energetique.org\/wp-content\/uploads\/2018\/10\/Afficheappelaparticipation-600x848.jpg 600w\" sizes=\"(max-width: 700px) 100vw, 700px\" \/><\/p>\n<p>&nbsp;<\/p>\n","protected":false},"excerpt":{"rendered":"<p>&nbsp; \u53c2\u52a0\u3092\u547c\u3073\u304b\u3051\u308b \u30a8\u30cd\u30eb\u30ae\u30fc\u5206\u91ce\u3067\u306e\u53c2\u52a0\u578b\u304a\u3088\u3073\u5e02\u6c11\u7814\u7a76\u30d7\u30ed\u30b8\u30a7\u30af\u30c8\u306e\u4e00\u74b0\u3068 [&hellip;]<\/p>\n","protected":false},"author":2,"featured_media":0,"parent":810,"menu_order":0,"comment_status":"closed","ping_status":"closed","template":"","meta":{"_acf_changed":false,"footnotes":""},"tags":[],"class_list":["post-5848","page","type-page","status-publish","hentry"],"acf":[],"yoast_head":"<!-- This site is optimized with the Yoast SEO plugin v26.0 - https:\/\/yoast.com\/wordpress\/plugins\/seo\/ -->\n<title>\u30dd\u30b9\u30bf\u30fc\u30ad\u30c3\u30c8 - Pal\u00e9o-Energ\u00e9tique<\/title>\n<meta name=\"robots\" content=\"index, follow, max-snippet:-1, max-image-preview:large, max-video-preview:-1\" \/>\n<link rel=\"canonical\" href=\"https:\/\/paleo-energetique.org\/ja\/\u30a8\u30ad\u30b9\u30dd\uff08\u4e07\u56fd\u535a\u89a7\u4f1a\uff09\/\u30dd\u30b9\u30bf\u30fc\u30ad\u30c3\u30c8\/\" \/>\n<meta property=\"og:locale\" content=\"ja_JP\" \/>\n<meta property=\"og:type\" content=\"article\" \/>\n<meta property=\"og:title\" content=\"\u30dd\u30b9\u30bf\u30fc\u30ad\u30c3\u30c8 - Pal\u00e9o-Energ\u00e9tique\" \/>\n<meta property=\"og:description\" content=\"&nbsp; \u53c2\u52a0\u3092\u547c\u3073\u304b\u3051\u308b \u30a8\u30cd\u30eb\u30ae\u30fc\u5206\u91ce\u3067\u306e\u53c2\u52a0\u578b\u304a\u3088\u3073\u5e02\u6c11\u7814\u7a76\u30d7\u30ed\u30b8\u30a7\u30af\u30c8\u306e\u4e00\u74b0\u3068 [&hellip;]\" \/>\n<meta property=\"og:url\" content=\"https:\/\/paleo-energetique.org\/ja\/\u30a8\u30ad\u30b9\u30dd\uff08\u4e07\u56fd\u535a\u89a7\u4f1a\uff09\/\u30dd\u30b9\u30bf\u30fc\u30ad\u30c3\u30c8\/\" \/>\n<meta property=\"og:site_name\" content=\"Pal\u00e9o-Energ\u00e9tique\" \/>\n<meta property=\"article:publisher\" content=\"https:\/\/www.facebook.com\/paleoenergie\/\" \/>\n<meta property=\"og:image\" content=\"https:\/\/paleo-energetique.org\/wp-content\/uploads\/2018\/10\/Afficheappelaparticipation.jpg\" \/>\n<meta name=\"twitter:card\" content=\"summary_large_image\" \/>\n<script type=\"application\/ld+json\" class=\"yoast-schema-graph\">{\"@context\":\"https:\/\/schema.org\",\"@graph\":[{\"@type\":\"WebPage\",\"@id\":\"https:\/\/paleo-energetique.org\/ja\/%e3%82%a8%e3%82%ad%e3%82%b9%e3%83%9d%ef%bc%88%e4%b8%87%e5%9b%bd%e5%8d%9a%e8%a6%a7%e4%bc%9a%ef%bc%89\/%e3%83%9d%e3%82%b9%e3%82%bf%e3%83%bc%e3%82%ad%e3%83%83%e3%83%88\/\",\"url\":\"https:\/\/paleo-energetique.org\/ja\/%e3%82%a8%e3%82%ad%e3%82%b9%e3%83%9d%ef%bc%88%e4%b8%87%e5%9b%bd%e5%8d%9a%e8%a6%a7%e4%bc%9a%ef%bc%89\/%e3%83%9d%e3%82%b9%e3%82%bf%e3%83%bc%e3%82%ad%e3%83%83%e3%83%88\/\",\"name\":\"\u30dd\u30b9\u30bf\u30fc\u30ad\u30c3\u30c8 - Pal\u00e9o-Energ\u00e9tique\",\"isPartOf\":{\"@id\":\"https:\/\/paleo-energetique.org\/#website\"},\"primaryImageOfPage\":{\"@id\":\"https:\/\/paleo-energetique.org\/ja\/%e3%82%a8%e3%82%ad%e3%82%b9%e3%83%9d%ef%bc%88%e4%b8%87%e5%9b%bd%e5%8d%9a%e8%a6%a7%e4%bc%9a%ef%bc%89\/%e3%83%9d%e3%82%b9%e3%82%bf%e3%83%bc%e3%82%ad%e3%83%83%e3%83%88\/#primaryimage\"},\"image\":{\"@id\":\"https:\/\/paleo-energetique.org\/ja\/%e3%82%a8%e3%82%ad%e3%82%b9%e3%83%9d%ef%bc%88%e4%b8%87%e5%9b%bd%e5%8d%9a%e8%a6%a7%e4%bc%9a%ef%bc%89\/%e3%83%9d%e3%82%b9%e3%82%bf%e3%83%bc%e3%82%ad%e3%83%83%e3%83%88\/#primaryimage\"},\"thumbnailUrl\":\"https:\/\/paleo-energetique.org\/wp-content\/uploads\/2018\/10\/Afficheappelaparticipation.jpg\",\"datePublished\":\"2022-03-31T20:56:43+00:00\",\"breadcrumb\":{\"@id\":\"https:\/\/paleo-energetique.org\/ja\/%e3%82%a8%e3%82%ad%e3%82%b9%e3%83%9d%ef%bc%88%e4%b8%87%e5%9b%bd%e5%8d%9a%e8%a6%a7%e4%bc%9a%ef%bc%89\/%e3%83%9d%e3%82%b9%e3%82%bf%e3%83%bc%e3%82%ad%e3%83%83%e3%83%88\/#breadcrumb\"},\"inLanguage\":\"ja\",\"potentialAction\":[{\"@type\":\"ReadAction\",\"target\":[\"https:\/\/paleo-energetique.org\/ja\/%e3%82%a8%e3%82%ad%e3%82%b9%e3%83%9d%ef%bc%88%e4%b8%87%e5%9b%bd%e5%8d%9a%e8%a6%a7%e4%bc%9a%ef%bc%89\/%e3%83%9d%e3%82%b9%e3%82%bf%e3%83%bc%e3%82%ad%e3%83%83%e3%83%88\/\"]}]},{\"@type\":\"ImageObject\",\"inLanguage\":\"ja\",\"@id\":\"https:\/\/paleo-energetique.org\/ja\/%e3%82%a8%e3%82%ad%e3%82%b9%e3%83%9d%ef%bc%88%e4%b8%87%e5%9b%bd%e5%8d%9a%e8%a6%a7%e4%bc%9a%ef%bc%89\/%e3%83%9d%e3%82%b9%e3%82%bf%e3%83%bc%e3%82%ad%e3%83%83%e3%83%88\/#primaryimage\",\"url\":\"https:\/\/paleo-energetique.org\/wp-content\/uploads\/2018\/10\/Afficheappelaparticipation.jpg\",\"contentUrl\":\"https:\/\/paleo-energetique.org\/wp-content\/uploads\/2018\/10\/Afficheappelaparticipation.jpg\"},{\"@type\":\"BreadcrumbList\",\"@id\":\"https:\/\/paleo-energetique.org\/ja\/%e3%82%a8%e3%82%ad%e3%82%b9%e3%83%9d%ef%bc%88%e4%b8%87%e5%9b%bd%e5%8d%9a%e8%a6%a7%e4%bc%9a%ef%bc%89\/%e3%83%9d%e3%82%b9%e3%82%bf%e3%83%bc%e3%82%ad%e3%83%83%e3%83%88\/#breadcrumb\",\"itemListElement\":[{\"@type\":\"ListItem\",\"position\":1,\"name\":\"Accueil\",\"item\":\"https:\/\/paleo-energetique.org\/ja\/\"},{\"@type\":\"ListItem\",\"position\":2,\"name\":\"\u30a8\u30ad\u30b9\u30dd\uff08\u4e07\u56fd\u535a\u89a7\u4f1a\uff09\",\"item\":\"https:\/\/paleo-energetique.org\/ja\/%e3%82%a8%e3%82%ad%e3%82%b9%e3%83%9d%ef%bc%88%e4%b8%87%e5%9b%bd%e5%8d%9a%e8%a6%a7%e4%bc%9a%ef%bc%89\/\"},{\"@type\":\"ListItem\",\"position\":3,\"name\":\"\u30dd\u30b9\u30bf\u30fc\u30ad\u30c3\u30c8\"}]},{\"@type\":\"WebSite\",\"@id\":\"https:\/\/paleo-energetique.org\/#website\",\"url\":\"https:\/\/paleo-energetique.org\/\",\"name\":\"Pal\u00e9o-Energ\u00e9tique\",\"description\":\"R\u00e9inventer l&#039;Histoire de L&#039;\u00e9nergie\",\"potentialAction\":[{\"@type\":\"SearchAction\",\"target\":{\"@type\":\"EntryPoint\",\"urlTemplate\":\"https:\/\/paleo-energetique.org\/?s={search_term_string}\"},\"query-input\":{\"@type\":\"PropertyValueSpecification\",\"valueRequired\":true,\"valueName\":\"search_term_string\"}}],\"inLanguage\":\"ja\"}]}<\/script>\n<!-- \/ Yoast SEO plugin. -->","yoast_head_json":{"title":"\u30dd\u30b9\u30bf\u30fc\u30ad\u30c3\u30c8 - Pal\u00e9o-Energ\u00e9tique","robots":{"index":"index","follow":"follow","max-snippet":"max-snippet:-1","max-image-preview":"max-image-preview:large","max-video-preview":"max-video-preview:-1"},"canonical":"https:\/\/paleo-energetique.org\/ja\/\u30a8\u30ad\u30b9\u30dd\uff08\u4e07\u56fd\u535a\u89a7\u4f1a\uff09\/\u30dd\u30b9\u30bf\u30fc\u30ad\u30c3\u30c8\/","og_locale":"ja_JP","og_type":"article","og_title":"\u30dd\u30b9\u30bf\u30fc\u30ad\u30c3\u30c8 - Pal\u00e9o-Energ\u00e9tique","og_description":"&nbsp; \u53c2\u52a0\u3092\u547c\u3073\u304b\u3051\u308b \u30a8\u30cd\u30eb\u30ae\u30fc\u5206\u91ce\u3067\u306e\u53c2\u52a0\u578b\u304a\u3088\u3073\u5e02\u6c11\u7814\u7a76\u30d7\u30ed\u30b8\u30a7\u30af\u30c8\u306e\u4e00\u74b0\u3068 [&hellip;]","og_url":"https:\/\/paleo-energetique.org\/ja\/\u30a8\u30ad\u30b9\u30dd\uff08\u4e07\u56fd\u535a\u89a7\u4f1a\uff09\/\u30dd\u30b9\u30bf\u30fc\u30ad\u30c3\u30c8\/","og_site_name":"Pal\u00e9o-Energ\u00e9tique","article_publisher":"https:\/\/www.facebook.com\/paleoenergie\/","og_image":[{"url":"https:\/\/paleo-energetique.org\/wp-content\/uploads\/2018\/10\/Afficheappelaparticipation.jpg","type":"","width":"","height":""}],"twitter_card":"summary_large_image","schema":{"@context":"https:\/\/schema.org","@graph":[{"@type":"WebPage","@id":"https:\/\/paleo-energetique.org\/ja\/%e3%82%a8%e3%82%ad%e3%82%b9%e3%83%9d%ef%bc%88%e4%b8%87%e5%9b%bd%e5%8d%9a%e8%a6%a7%e4%bc%9a%ef%bc%89\/%e3%83%9d%e3%82%b9%e3%82%bf%e3%83%bc%e3%82%ad%e3%83%83%e3%83%88\/","url":"https:\/\/paleo-energetique.org\/ja\/%e3%82%a8%e3%82%ad%e3%82%b9%e3%83%9d%ef%bc%88%e4%b8%87%e5%9b%bd%e5%8d%9a%e8%a6%a7%e4%bc%9a%ef%bc%89\/%e3%83%9d%e3%82%b9%e3%82%bf%e3%83%bc%e3%82%ad%e3%83%83%e3%83%88\/","name":"\u30dd\u30b9\u30bf\u30fc\u30ad\u30c3\u30c8 - Pal\u00e9o-Energ\u00e9tique","isPartOf":{"@id":"https:\/\/paleo-energetique.org\/#website"},"primaryImageOfPage":{"@id":"https:\/\/paleo-energetique.org\/ja\/%e3%82%a8%e3%82%ad%e3%82%b9%e3%83%9d%ef%bc%88%e4%b8%87%e5%9b%bd%e5%8d%9a%e8%a6%a7%e4%bc%9a%ef%bc%89\/%e3%83%9d%e3%82%b9%e3%82%bf%e3%83%bc%e3%82%ad%e3%83%83%e3%83%88\/#primaryimage"},"image":{"@id":"https:\/\/paleo-energetique.org\/ja\/%e3%82%a8%e3%82%ad%e3%82%b9%e3%83%9d%ef%bc%88%e4%b8%87%e5%9b%bd%e5%8d%9a%e8%a6%a7%e4%bc%9a%ef%bc%89\/%e3%83%9d%e3%82%b9%e3%82%bf%e3%83%bc%e3%82%ad%e3%83%83%e3%83%88\/#primaryimage"},"thumbnailUrl":"https:\/\/paleo-energetique.org\/wp-content\/uploads\/2018\/10\/Afficheappelaparticipation.jpg","datePublished":"2022-03-31T20:56:43+00:00","breadcrumb":{"@id":"https:\/\/paleo-energetique.org\/ja\/%e3%82%a8%e3%82%ad%e3%82%b9%e3%83%9d%ef%bc%88%e4%b8%87%e5%9b%bd%e5%8d%9a%e8%a6%a7%e4%bc%9a%ef%bc%89\/%e3%83%9d%e3%82%b9%e3%82%bf%e3%83%bc%e3%82%ad%e3%83%83%e3%83%88\/#breadcrumb"},"inLanguage":"ja","potentialAction":[{"@type":"ReadAction","target":["https:\/\/paleo-energetique.org\/ja\/%e3%82%a8%e3%82%ad%e3%82%b9%e3%83%9d%ef%bc%88%e4%b8%87%e5%9b%bd%e5%8d%9a%e8%a6%a7%e4%bc%9a%ef%bc%89\/%e3%83%9d%e3%82%b9%e3%82%bf%e3%83%bc%e3%82%ad%e3%83%83%e3%83%88\/"]}]},{"@type":"ImageObject","inLanguage":"ja","@id":"https:\/\/paleo-energetique.org\/ja\/%e3%82%a8%e3%82%ad%e3%82%b9%e3%83%9d%ef%bc%88%e4%b8%87%e5%9b%bd%e5%8d%9a%e8%a6%a7%e4%bc%9a%ef%bc%89\/%e3%83%9d%e3%82%b9%e3%82%bf%e3%83%bc%e3%82%ad%e3%83%83%e3%83%88\/#primaryimage","url":"https:\/\/paleo-energetique.org\/wp-content\/uploads\/2018\/10\/Afficheappelaparticipation.jpg","contentUrl":"https:\/\/paleo-energetique.org\/wp-content\/uploads\/2018\/10\/Afficheappelaparticipation.jpg"},{"@type":"BreadcrumbList","@id":"https:\/\/paleo-energetique.org\/ja\/%e3%82%a8%e3%82%ad%e3%82%b9%e3%83%9d%ef%bc%88%e4%b8%87%e5%9b%bd%e5%8d%9a%e8%a6%a7%e4%bc%9a%ef%bc%89\/%e3%83%9d%e3%82%b9%e3%82%bf%e3%83%bc%e3%82%ad%e3%83%83%e3%83%88\/#breadcrumb","itemListElement":[{"@type":"ListItem","position":1,"name":"Accueil","item":"https:\/\/paleo-energetique.org\/ja\/"},{"@type":"ListItem","position":2,"name":"\u30a8\u30ad\u30b9\u30dd\uff08\u4e07\u56fd\u535a\u89a7\u4f1a\uff09","item":"https:\/\/paleo-energetique.org\/ja\/%e3%82%a8%e3%82%ad%e3%82%b9%e3%83%9d%ef%bc%88%e4%b8%87%e5%9b%bd%e5%8d%9a%e8%a6%a7%e4%bc%9a%ef%bc%89\/"},{"@type":"ListItem","position":3,"name":"\u30dd\u30b9\u30bf\u30fc\u30ad\u30c3\u30c8"}]},{"@type":"WebSite","@id":"https:\/\/paleo-energetique.org\/#website","url":"https:\/\/paleo-energetique.org\/","name":"Pal\u00e9o-Energ\u00e9tique","description":"R\u00e9inventer l&#039;Histoire de L&#039;\u00e9nergie","potentialAction":[{"@type":"SearchAction","target":{"@type":"EntryPoint","urlTemplate":"https:\/\/paleo-energetique.org\/?s={search_term_string}"},"query-input":{"@type":"PropertyValueSpecification","valueRequired":true,"valueName":"search_term_string"}}],"inLanguage":"ja"}]}},"_links":{"self":[{"href":"https:\/\/paleo-energetique.org\/ja\/wp-json\/wp\/v2\/pages\/5848","targetHints":{"allow":["GET"]}}],"collection":[{"href":"https:\/\/paleo-energetique.org\/ja\/wp-json\/wp\/v2\/pages"}],"about":[{"href":"https:\/\/paleo-energetique.org\/ja\/wp-json\/wp\/v2\/types\/page"}],"author":[{"embeddable":true,"href":"https:\/\/paleo-energetique.org\/ja\/wp-json\/wp\/v2\/users\/2"}],"replies":[{"embeddable":true,"href":"https:\/\/paleo-energetique.org\/ja\/wp-json\/wp\/v2\/comments?post=5848"}],"version-history":[{"count":0,"href":"https:\/\/paleo-energetique.org\/ja\/wp-json\/wp\/v2\/pages\/5848\/revisions"}],"up":[{"embeddable":true,"href":"https:\/\/paleo-energetique.org\/ja\/wp-json\/wp\/v2\/pages\/810"}],"wp:attachment":[{"href":"https:\/\/paleo-energetique.org\/ja\/wp-json\/wp\/v2\/media?parent=5848"}],"wp:term":[{"taxonomy":"post_tag","embeddable":true,"href":"https:\/\/paleo-energetique.org\/ja\/wp-json\/wp\/v2\/tags?post=5848"}],"curies":[{"name":"wp","href":"https:\/\/api.w.org\/{rel}","templated":true}]}}