{"id":5778,"date":"2022-03-31T19:07:05","date_gmt":"2022-03-31T19:07:05","guid":{"rendered":"https:\/\/paleo-energetique.org\/?page_id=5778"},"modified":"2022-04-03T14:56:51","modified_gmt":"2022-04-03T14:56:51","slug":"%e3%83%8d%e3%82%af%e3%82%bf%e3%82%a4%e5%a0%b4%e6%89%80","status":"publish","type":"page","link":"https:\/\/paleo-energetique.org\/ja\/%e3%83%ac%e3%83%88%e3%83%ad%e3%83%95%e3%83%a5%e3%83%bc%e3%83%81%e3%83%a3%e3%83%bc%e3%83%9f%e3%83%a5%e3%83%bc%e3%82%b8%e3%82%a2%e3%83%a0\/%e3%83%8d%e3%82%af%e3%82%bf%e3%82%a4%e5%a0%b4%e6%89%80\/","title":{"rendered":"\u30cd\u30af\u30bf\u30a4\u5834\u6240"},"content":{"rendered":"<p>&nbsp;<\/p>\n<p>&nbsp;<\/p>\n<p>&nbsp;<\/p>\n<h1 style=\"text-align: center;\"><strong>\u30ef\u30fc\u30af\u30b7\u30e7\u30c3\u30d7\u535a\u7269\u9928\u3001\u53e4\u30a8\u30cd\u30eb\u30ae\u30fc\u30d7\u30ed\u30b0\u30e9\u30e0\u306e\u65b0\u3057\u3044\u5192\u967a<\/strong><\/h1>\n<p>&nbsp;<\/p>\n<h3 style=\"text-align: center;\"><span style=\"color: #008000;\"><strong>\u518d\u751f\u53ef\u80fd\u30a8\u30cd\u30eb\u30ae\u30fc\u306e\u6b74\u53f2\u3092\u767a\u898b\u3059\u308b\u305f\u3081\u306b\u6587\u5316\u3001\u7814\u7a76\u3001\u4f1d\u9054\u3092\u7d44\u307f\u5408\u308f\u305b\u305f\u5f3e\u529b\u6027\u306e\u3042\u308b3\u4f4d<\/strong><\/span><\/h3>\n<p>&nbsp;<\/p>\n<p>\u79c1\u305f\u3061\u306e\u5354\u4f1aAtelier21\u306f\u3001\u53c2\u52a0\u578b\u7814\u7a76\u30d7\u30ed\u30b0\u30e9\u30e0Pal\u00e9o-\u00e9nerg\u00e9tique\u306b\u57fa\u3065\u3044\u3066\u3001\u65b0\u3057\u30443\u4f4d\u306e\u30d7\u30ed\u30b8\u30a7\u30af\u30c8\u3092\u958b\u59cb\u3057\u3066\u3044\u307e\u3059\u3002\u3053\u306e\u30d7\u30ed\u30b0\u30e9\u30e0\u306f\u3001\u518d\u751f\u53ef\u80fd\u30a8\u30cd\u30eb\u30ae\u30fc\u3092\u4f7f\u7528\u3057\u305f\u53e4\u3044\u767a\u660e\u306b\u95a2\u3059\u308b\u30aa\u30fc\u30d7\u30f3\u30ea\u30b5\u30fc\u30c1\u306b\u53d6\u308a\u7d44\u3093\u3067\u3044\u307e\u3059\u3002\u76ee\u7684\u306f\u3001\u79fb\u884c\u3092\u8996\u91ce\u306b\u5165\u308c\u3066\u3001\u7814\u7a76\u3068\u30a4\u30ce\u30d9\u30fc\u30b7\u30e7\u30f3\u306e\u305f\u3081\u306e\u65b0\u3057\u3044\u9053\u3092\u958b\u767a\u3059\u308b\u3053\u3068\u3067\u3059\u3002<\/p>\n<p>\u904e\u53bb\u306b\u306f\u3001\u751f\u614b\u7cfb\u306e\u79fb\u884c\u3068\u3044\u3046\u4e3b\u8981\u306a\u8ab2\u984c\u306b\u5bfe\u5fdc\u3067\u304d\u308b\u30bd\u30ea\u30e5\u30fc\u30b7\u30e7\u30f3\u3092\u767a\u660e\u307e\u305f\u306f\u518d\u767a\u660e\u3059\u308b\u305f\u3081\u306e\u30a4\u30f3\u30b9\u30d4\u30ec\u30fc\u30b7\u30e7\u30f3\u306e\u6e90\u304c\u8c4a\u5bcc\u306b\u3042\u308a\u307e\u3059\u3002<\/p>\n<p>\u6280\u8853\u306e\u793e\u4f1a\u53f2\u306b\u53d6\u308a\u7d44\u3093\u3067\u3044\u308b\u307b\u3068\u3093\u3069\u306e\u5927\u5b66\u3084\u72ec\u7acb\u3057\u305f\u7814\u7a76\u30bb\u30f3\u30bf\u30fc\u306f\u3001\u5272\u308a\u5f53\u3066\u3089\u308c\u305f\u8cc7\u91d1\u306e\u4e0d\u8db3\u306e\u305f\u3081\u306b\u30c9\u30a2\u3092\u9589\u3081\u3066\u3044\u307e\u3059\u304c\u3001\u3053\u308c\u3089\u306e\u554f\u984c\u306b\u3064\u3044\u3066\u5e02\u6c11\u793e\u4f1a\u3092\u52d5\u54e1\u3059\u308b\u3053\u3068\u306f\u79c1\u305f\u3061\u306b\u3068\u3063\u3066\u4e0d\u53ef\u6b20\u3067\u3042\u308b\u3088\u3046\u306b\u601d\u308f\u308c\u307e\u3057\u305f\u3002<\/p>\n<p>\u51cd\u3063\u305f\u7f8e\u8853\u9928\u3068\u3044\u3046\u3088\u308a\u3082\u3001\u5c55\u793a\u4f1a\u3001\u304a\u796d\u308a\u306e\u30a4\u30d9\u30f3\u30c8\u3001\u71c3\u6599\u306e\u8ca7\u56f0\u306b\u95a2\u3059\u308b\u30ef\u30fc\u30af\u30b7\u30e7\u30c3\u30d7\u30b9\u30da\u30fc\u30b9\u3001\u4f1a\u8b70\u3001\u4f4f\u6c11\u3084\u8a2a\u554f\u8005\u306e\u304f\u3064\u308d\u304e\u306e\u5834\u306a\u3069\u3001\u6280\u8853\u6587\u5316\u3092\u53d6\u308a\u5dfb\u304f\u3059\u3079\u3066\u306e\u4eba\u304c\u96c6\u3046\u30cf\u30a4\u30d6\u30ea\u30c3\u30c9\u306a\u5834\u6240\u3060\u3068\u8003\u3048\u307e\u3057\u305f\u3002<\/p>\n<p>\u4e00\u822c\u516c\u958b\u3055\u308c\u308b\u306e\u3092\u5f85\u3063\u3066\u3044\u308b\u9593\u3001<ahref=\"https:\/\/paleo-energetique.org\/retrofutur-museum\/musee-virtuel-2\/\">\u4eee\u60f3\u30aa\u30f3\u30e9\u30a4\u30f3\u535a\u7269\u9928\u306b\u30a2\u30af\u30bb\u30b9\u3059\u308b\u3053\u3068\u3092\u304a\u52e7\u3081\u3057\u307e\u3059<\/a>.<\/p>\n<p>&nbsp;<\/p>\n<p><img fetchpriority=\"high\" decoding=\"async\" class=\"aligncenter size-full wp-image-5948\" src=\"https:\/\/paleo-energetique.org\/wp-content\/uploads\/2022\/04\/Visuel-RETROFUTUR-MUSEUM-e1648994913382.png\" alt=\"\" width=\"1200\" height=\"699\" \/><\/p>\n<p style=\"text-align: center;\"><em>3\u4f4d\u306e3D\u8996\u899a\u5316<\/em><\/p>\n","protected":false},"excerpt":{"rendered":"<p>&nbsp; &nbsp; &nbsp; \u30ef\u30fc\u30af\u30b7\u30e7\u30c3\u30d7\u535a\u7269\u9928\u3001\u53e4\u30a8\u30cd\u30eb\u30ae\u30fc\u30d7\u30ed\u30b0\u30e9\u30e0\u306e\u65b0 [&hellip;]<\/p>\n","protected":false},"author":2,"featured_media":0,"parent":5774,"menu_order":0,"comment_status":"closed","ping_status":"closed","template":"","meta":{"_acf_changed":false,"footnotes":""},"tags":[],"class_list":["post-5778","page","type-page","status-publish","hentry"],"acf":[],"yoast_head":"<!-- This site is optimized with the Yoast SEO plugin v26.0 - https:\/\/yoast.com\/wordpress\/plugins\/seo\/ -->\n<title>\u30cd\u30af\u30bf\u30a4\u5834\u6240 - Pal\u00e9o-Energ\u00e9tique<\/title>\n<meta name=\"robots\" content=\"index, follow, max-snippet:-1, max-image-preview:large, max-video-preview:-1\" \/>\n<link rel=\"canonical\" href=\"https:\/\/paleo-energetique.org\/ja\/\u30ec\u30c8\u30ed\u30d5\u30e5\u30fc\u30c1\u30e3\u30fc\u30df\u30e5\u30fc\u30b8\u30a2\u30e0\/\u30cd\u30af\u30bf\u30a4\u5834\u6240\/\" \/>\n<meta property=\"og:locale\" content=\"ja_JP\" \/>\n<meta property=\"og:type\" content=\"article\" \/>\n<meta property=\"og:title\" content=\"\u30cd\u30af\u30bf\u30a4\u5834\u6240 - Pal\u00e9o-Energ\u00e9tique\" \/>\n<meta property=\"og:description\" content=\"&nbsp; &nbsp; &nbsp; \u30ef\u30fc\u30af\u30b7\u30e7\u30c3\u30d7\u535a\u7269\u9928\u3001\u53e4\u30a8\u30cd\u30eb\u30ae\u30fc\u30d7\u30ed\u30b0\u30e9\u30e0\u306e\u65b0 [&hellip;]\" \/>\n<meta property=\"og:url\" content=\"https:\/\/paleo-energetique.org\/ja\/\u30ec\u30c8\u30ed\u30d5\u30e5\u30fc\u30c1\u30e3\u30fc\u30df\u30e5\u30fc\u30b8\u30a2\u30e0\/\u30cd\u30af\u30bf\u30a4\u5834\u6240\/\" \/>\n<meta property=\"og:site_name\" content=\"Pal\u00e9o-Energ\u00e9tique\" \/>\n<meta property=\"article:publisher\" content=\"https:\/\/www.facebook.com\/paleoenergie\/\" \/>\n<meta property=\"article:modified_time\" content=\"2022-04-03T14:56:51+00:00\" \/>\n<meta property=\"og:image\" content=\"https:\/\/paleo-energetique.org\/wp-content\/uploads\/2022\/04\/Visuel-RETROFUTUR-MUSEUM-e1648994913382.png\" \/>\n<meta name=\"twitter:card\" content=\"summary_large_image\" \/>\n<script type=\"application\/ld+json\" class=\"yoast-schema-graph\">{\"@context\":\"https:\/\/schema.org\",\"@graph\":[{\"@type\":\"WebPage\",\"@id\":\"https:\/\/paleo-energetique.org\/ja\/%e3%83%ac%e3%83%88%e3%83%ad%e3%83%95%e3%83%a5%e3%83%bc%e3%83%81%e3%83%a3%e3%83%bc%e3%83%9f%e3%83%a5%e3%83%bc%e3%82%b8%e3%82%a2%e3%83%a0\/%e3%83%8d%e3%82%af%e3%82%bf%e3%82%a4%e5%a0%b4%e6%89%80\/\",\"url\":\"https:\/\/paleo-energetique.org\/ja\/%e3%83%ac%e3%83%88%e3%83%ad%e3%83%95%e3%83%a5%e3%83%bc%e3%83%81%e3%83%a3%e3%83%bc%e3%83%9f%e3%83%a5%e3%83%bc%e3%82%b8%e3%82%a2%e3%83%a0\/%e3%83%8d%e3%82%af%e3%82%bf%e3%82%a4%e5%a0%b4%e6%89%80\/\",\"name\":\"\u30cd\u30af\u30bf\u30a4\u5834\u6240 - Pal\u00e9o-Energ\u00e9tique\",\"isPartOf\":{\"@id\":\"https:\/\/paleo-energetique.org\/#website\"},\"primaryImageOfPage\":{\"@id\":\"https:\/\/paleo-energetique.org\/ja\/%e3%83%ac%e3%83%88%e3%83%ad%e3%83%95%e3%83%a5%e3%83%bc%e3%83%81%e3%83%a3%e3%83%bc%e3%83%9f%e3%83%a5%e3%83%bc%e3%82%b8%e3%82%a2%e3%83%a0\/%e3%83%8d%e3%82%af%e3%82%bf%e3%82%a4%e5%a0%b4%e6%89%80\/#primaryimage\"},\"image\":{\"@id\":\"https:\/\/paleo-energetique.org\/ja\/%e3%83%ac%e3%83%88%e3%83%ad%e3%83%95%e3%83%a5%e3%83%bc%e3%83%81%e3%83%a3%e3%83%bc%e3%83%9f%e3%83%a5%e3%83%bc%e3%82%b8%e3%82%a2%e3%83%a0\/%e3%83%8d%e3%82%af%e3%82%bf%e3%82%a4%e5%a0%b4%e6%89%80\/#primaryimage\"},\"thumbnailUrl\":\"https:\/\/paleo-energetique.org\/wp-content\/uploads\/2022\/04\/Visuel-RETROFUTUR-MUSEUM-e1648994913382.png\",\"datePublished\":\"2022-03-31T19:07:05+00:00\",\"dateModified\":\"2022-04-03T14:56:51+00:00\",\"breadcrumb\":{\"@id\":\"https:\/\/paleo-energetique.org\/ja\/%e3%83%ac%e3%83%88%e3%83%ad%e3%83%95%e3%83%a5%e3%83%bc%e3%83%81%e3%83%a3%e3%83%bc%e3%83%9f%e3%83%a5%e3%83%bc%e3%82%b8%e3%82%a2%e3%83%a0\/%e3%83%8d%e3%82%af%e3%82%bf%e3%82%a4%e5%a0%b4%e6%89%80\/#breadcrumb\"},\"inLanguage\":\"ja\",\"potentialAction\":[{\"@type\":\"ReadAction\",\"target\":[\"https:\/\/paleo-energetique.org\/ja\/%e3%83%ac%e3%83%88%e3%83%ad%e3%83%95%e3%83%a5%e3%83%bc%e3%83%81%e3%83%a3%e3%83%bc%e3%83%9f%e3%83%a5%e3%83%bc%e3%82%b8%e3%82%a2%e3%83%a0\/%e3%83%8d%e3%82%af%e3%82%bf%e3%82%a4%e5%a0%b4%e6%89%80\/\"]}]},{\"@type\":\"ImageObject\",\"inLanguage\":\"ja\",\"@id\":\"https:\/\/paleo-energetique.org\/ja\/%e3%83%ac%e3%83%88%e3%83%ad%e3%83%95%e3%83%a5%e3%83%bc%e3%83%81%e3%83%a3%e3%83%bc%e3%83%9f%e3%83%a5%e3%83%bc%e3%82%b8%e3%82%a2%e3%83%a0\/%e3%83%8d%e3%82%af%e3%82%bf%e3%82%a4%e5%a0%b4%e6%89%80\/#primaryimage\",\"url\":\"https:\/\/paleo-energetique.org\/wp-content\/uploads\/2022\/04\/Visuel-RETROFUTUR-MUSEUM-e1648994913382.png\",\"contentUrl\":\"https:\/\/paleo-energetique.org\/wp-content\/uploads\/2022\/04\/Visuel-RETROFUTUR-MUSEUM-e1648994913382.png\"},{\"@type\":\"BreadcrumbList\",\"@id\":\"https:\/\/paleo-energetique.org\/ja\/%e3%83%ac%e3%83%88%e3%83%ad%e3%83%95%e3%83%a5%e3%83%bc%e3%83%81%e3%83%a3%e3%83%bc%e3%83%9f%e3%83%a5%e3%83%bc%e3%82%b8%e3%82%a2%e3%83%a0\/%e3%83%8d%e3%82%af%e3%82%bf%e3%82%a4%e5%a0%b4%e6%89%80\/#breadcrumb\",\"itemListElement\":[{\"@type\":\"ListItem\",\"position\":1,\"name\":\"Accueil\",\"item\":\"https:\/\/paleo-energetique.org\/ja\/\"},{\"@type\":\"ListItem\",\"position\":2,\"name\":\"\u30ec\u30c8\u30ed\u30d5\u30e5\u30fc\u30c1\u30e3\u30fc\u30df\u30e5\u30fc\u30b8\u30a2\u30e0\",\"item\":\"https:\/\/paleo-energetique.org\/ja\/%e3%83%ac%e3%83%88%e3%83%ad%e3%83%95%e3%83%a5%e3%83%bc%e3%83%81%e3%83%a3%e3%83%bc%e3%83%9f%e3%83%a5%e3%83%bc%e3%82%b8%e3%82%a2%e3%83%a0\/\"},{\"@type\":\"ListItem\",\"position\":3,\"name\":\"\u30cd\u30af\u30bf\u30a4\u5834\u6240\"}]},{\"@type\":\"WebSite\",\"@id\":\"https:\/\/paleo-energetique.org\/#website\",\"url\":\"https:\/\/paleo-energetique.org\/\",\"name\":\"Pal\u00e9o-Energ\u00e9tique\",\"description\":\"R\u00e9inventer l&#039;Histoire de L&#039;\u00e9nergie\",\"potentialAction\":[{\"@type\":\"SearchAction\",\"target\":{\"@type\":\"EntryPoint\",\"urlTemplate\":\"https:\/\/paleo-energetique.org\/?s={search_term_string}\"},\"query-input\":{\"@type\":\"PropertyValueSpecification\",\"valueRequired\":true,\"valueName\":\"search_term_string\"}}],\"inLanguage\":\"ja\"}]}<\/script>\n<!-- \/ Yoast SEO plugin. -->","yoast_head_json":{"title":"\u30cd\u30af\u30bf\u30a4\u5834\u6240 - Pal\u00e9o-Energ\u00e9tique","robots":{"index":"index","follow":"follow","max-snippet":"max-snippet:-1","max-image-preview":"max-image-preview:large","max-video-preview":"max-video-preview:-1"},"canonical":"https:\/\/paleo-energetique.org\/ja\/\u30ec\u30c8\u30ed\u30d5\u30e5\u30fc\u30c1\u30e3\u30fc\u30df\u30e5\u30fc\u30b8\u30a2\u30e0\/\u30cd\u30af\u30bf\u30a4\u5834\u6240\/","og_locale":"ja_JP","og_type":"article","og_title":"\u30cd\u30af\u30bf\u30a4\u5834\u6240 - Pal\u00e9o-Energ\u00e9tique","og_description":"&nbsp; &nbsp; &nbsp; \u30ef\u30fc\u30af\u30b7\u30e7\u30c3\u30d7\u535a\u7269\u9928\u3001\u53e4\u30a8\u30cd\u30eb\u30ae\u30fc\u30d7\u30ed\u30b0\u30e9\u30e0\u306e\u65b0 [&hellip;]","og_url":"https:\/\/paleo-energetique.org\/ja\/\u30ec\u30c8\u30ed\u30d5\u30e5\u30fc\u30c1\u30e3\u30fc\u30df\u30e5\u30fc\u30b8\u30a2\u30e0\/\u30cd\u30af\u30bf\u30a4\u5834\u6240\/","og_site_name":"Pal\u00e9o-Energ\u00e9tique","article_publisher":"https:\/\/www.facebook.com\/paleoenergie\/","article_modified_time":"2022-04-03T14:56:51+00:00","og_image":[{"url":"https:\/\/paleo-energetique.org\/wp-content\/uploads\/2022\/04\/Visuel-RETROFUTUR-MUSEUM-e1648994913382.png","type":"","width":"","height":""}],"twitter_card":"summary_large_image","schema":{"@context":"https:\/\/schema.org","@graph":[{"@type":"WebPage","@id":"https:\/\/paleo-energetique.org\/ja\/%e3%83%ac%e3%83%88%e3%83%ad%e3%83%95%e3%83%a5%e3%83%bc%e3%83%81%e3%83%a3%e3%83%bc%e3%83%9f%e3%83%a5%e3%83%bc%e3%82%b8%e3%82%a2%e3%83%a0\/%e3%83%8d%e3%82%af%e3%82%bf%e3%82%a4%e5%a0%b4%e6%89%80\/","url":"https:\/\/paleo-energetique.org\/ja\/%e3%83%ac%e3%83%88%e3%83%ad%e3%83%95%e3%83%a5%e3%83%bc%e3%83%81%e3%83%a3%e3%83%bc%e3%83%9f%e3%83%a5%e3%83%bc%e3%82%b8%e3%82%a2%e3%83%a0\/%e3%83%8d%e3%82%af%e3%82%bf%e3%82%a4%e5%a0%b4%e6%89%80\/","name":"\u30cd\u30af\u30bf\u30a4\u5834\u6240 - Pal\u00e9o-Energ\u00e9tique","isPartOf":{"@id":"https:\/\/paleo-energetique.org\/#website"},"primaryImageOfPage":{"@id":"https:\/\/paleo-energetique.org\/ja\/%e3%83%ac%e3%83%88%e3%83%ad%e3%83%95%e3%83%a5%e3%83%bc%e3%83%81%e3%83%a3%e3%83%bc%e3%83%9f%e3%83%a5%e3%83%bc%e3%82%b8%e3%82%a2%e3%83%a0\/%e3%83%8d%e3%82%af%e3%82%bf%e3%82%a4%e5%a0%b4%e6%89%80\/#primaryimage"},"image":{"@id":"https:\/\/paleo-energetique.org\/ja\/%e3%83%ac%e3%83%88%e3%83%ad%e3%83%95%e3%83%a5%e3%83%bc%e3%83%81%e3%83%a3%e3%83%bc%e3%83%9f%e3%83%a5%e3%83%bc%e3%82%b8%e3%82%a2%e3%83%a0\/%e3%83%8d%e3%82%af%e3%82%bf%e3%82%a4%e5%a0%b4%e6%89%80\/#primaryimage"},"thumbnailUrl":"https:\/\/paleo-energetique.org\/wp-content\/uploads\/2022\/04\/Visuel-RETROFUTUR-MUSEUM-e1648994913382.png","datePublished":"2022-03-31T19:07:05+00:00","dateModified":"2022-04-03T14:56:51+00:00","breadcrumb":{"@id":"https:\/\/paleo-energetique.org\/ja\/%e3%83%ac%e3%83%88%e3%83%ad%e3%83%95%e3%83%a5%e3%83%bc%e3%83%81%e3%83%a3%e3%83%bc%e3%83%9f%e3%83%a5%e3%83%bc%e3%82%b8%e3%82%a2%e3%83%a0\/%e3%83%8d%e3%82%af%e3%82%bf%e3%82%a4%e5%a0%b4%e6%89%80\/#breadcrumb"},"inLanguage":"ja","potentialAction":[{"@type":"ReadAction","target":["https:\/\/paleo-energetique.org\/ja\/%e3%83%ac%e3%83%88%e3%83%ad%e3%83%95%e3%83%a5%e3%83%bc%e3%83%81%e3%83%a3%e3%83%bc%e3%83%9f%e3%83%a5%e3%83%bc%e3%82%b8%e3%82%a2%e3%83%a0\/%e3%83%8d%e3%82%af%e3%82%bf%e3%82%a4%e5%a0%b4%e6%89%80\/"]}]},{"@type":"ImageObject","inLanguage":"ja","@id":"https:\/\/paleo-energetique.org\/ja\/%e3%83%ac%e3%83%88%e3%83%ad%e3%83%95%e3%83%a5%e3%83%bc%e3%83%81%e3%83%a3%e3%83%bc%e3%83%9f%e3%83%a5%e3%83%bc%e3%82%b8%e3%82%a2%e3%83%a0\/%e3%83%8d%e3%82%af%e3%82%bf%e3%82%a4%e5%a0%b4%e6%89%80\/#primaryimage","url":"https:\/\/paleo-energetique.org\/wp-content\/uploads\/2022\/04\/Visuel-RETROFUTUR-MUSEUM-e1648994913382.png","contentUrl":"https:\/\/paleo-energetique.org\/wp-content\/uploads\/2022\/04\/Visuel-RETROFUTUR-MUSEUM-e1648994913382.png"},{"@type":"BreadcrumbList","@id":"https:\/\/paleo-energetique.org\/ja\/%e3%83%ac%e3%83%88%e3%83%ad%e3%83%95%e3%83%a5%e3%83%bc%e3%83%81%e3%83%a3%e3%83%bc%e3%83%9f%e3%83%a5%e3%83%bc%e3%82%b8%e3%82%a2%e3%83%a0\/%e3%83%8d%e3%82%af%e3%82%bf%e3%82%a4%e5%a0%b4%e6%89%80\/#breadcrumb","itemListElement":[{"@type":"ListItem","position":1,"name":"Accueil","item":"https:\/\/paleo-energetique.org\/ja\/"},{"@type":"ListItem","position":2,"name":"\u30ec\u30c8\u30ed\u30d5\u30e5\u30fc\u30c1\u30e3\u30fc\u30df\u30e5\u30fc\u30b8\u30a2\u30e0","item":"https:\/\/paleo-energetique.org\/ja\/%e3%83%ac%e3%83%88%e3%83%ad%e3%83%95%e3%83%a5%e3%83%bc%e3%83%81%e3%83%a3%e3%83%bc%e3%83%9f%e3%83%a5%e3%83%bc%e3%82%b8%e3%82%a2%e3%83%a0\/"},{"@type":"ListItem","position":3,"name":"\u30cd\u30af\u30bf\u30a4\u5834\u6240"}]},{"@type":"WebSite","@id":"https:\/\/paleo-energetique.org\/#website","url":"https:\/\/paleo-energetique.org\/","name":"Pal\u00e9o-Energ\u00e9tique","description":"R\u00e9inventer l&#039;Histoire de L&#039;\u00e9nergie","potentialAction":[{"@type":"SearchAction","target":{"@type":"EntryPoint","urlTemplate":"https:\/\/paleo-energetique.org\/?s={search_term_string}"},"query-input":{"@type":"PropertyValueSpecification","valueRequired":true,"valueName":"search_term_string"}}],"inLanguage":"ja"}]}},"_links":{"self":[{"href":"https:\/\/paleo-energetique.org\/ja\/wp-json\/wp\/v2\/pages\/5778","targetHints":{"allow":["GET"]}}],"collection":[{"href":"https:\/\/paleo-energetique.org\/ja\/wp-json\/wp\/v2\/pages"}],"about":[{"href":"https:\/\/paleo-energetique.org\/ja\/wp-json\/wp\/v2\/types\/page"}],"author":[{"embeddable":true,"href":"https:\/\/paleo-energetique.org\/ja\/wp-json\/wp\/v2\/users\/2"}],"replies":[{"embeddable":true,"href":"https:\/\/paleo-energetique.org\/ja\/wp-json\/wp\/v2\/comments?post=5778"}],"version-history":[{"count":0,"href":"https:\/\/paleo-energetique.org\/ja\/wp-json\/wp\/v2\/pages\/5778\/revisions"}],"up":[{"embeddable":true,"href":"https:\/\/paleo-energetique.org\/ja\/wp-json\/wp\/v2\/pages\/5774"}],"wp:attachment":[{"href":"https:\/\/paleo-energetique.org\/ja\/wp-json\/wp\/v2\/media?parent=5778"}],"wp:term":[{"taxonomy":"post_tag","embeddable":true,"href":"https:\/\/paleo-energetique.org\/ja\/wp-json\/wp\/v2\/tags?post=5778"}],"curies":[{"name":"wp","href":"https:\/\/api.w.org\/{rel}","templated":true}]}}