{"id":5776,"date":"2022-03-31T19:03:35","date_gmt":"2022-03-31T19:03:35","guid":{"rendered":"https:\/\/paleo-energetique.org\/?page_id=5776"},"modified":"2022-03-31T19:13:14","modified_gmt":"2022-03-31T19:13:14","slug":"%e3%83%90%e3%83%bc%e3%83%81%e3%83%a3%e3%83%ab%e5%8d%9a%e7%89%a9%e9%a4%a8","status":"publish","type":"page","link":"https:\/\/paleo-energetique.org\/ja\/%e3%83%ac%e3%83%88%e3%83%ad%e3%83%95%e3%83%a5%e3%83%bc%e3%83%81%e3%83%a3%e3%83%bc%e3%83%9f%e3%83%a5%e3%83%bc%e3%82%b8%e3%82%a2%e3%83%a0\/%e3%83%90%e3%83%bc%e3%83%81%e3%83%a3%e3%83%ab%e5%8d%9a%e7%89%a9%e9%a4%a8\/","title":{"rendered":"\u30d0\u30fc\u30c1\u30e3\u30eb\u535a\u7269\u9928"},"content":{"rendered":"<p>&nbsp;<\/p>\n<p>&nbsp;<\/p>\n<p>&nbsp;<\/p>\n<h1 style=\"text-align: center;\"><b>\u53e4\u30a8\u30cd\u30eb\u30ae\u30fc\u30d7\u30ed\u30b0\u30e9\u30e0\u306e\u65b0\u3057\u3044\u5192\u967a\u3001RETROFUTURMUSEUM\u3092\u767a\u898b\u3057\u3066\u304f\u3060\u3055\u3044<\/b><\/h1>\n<p>&nbsp;<\/p>\n<h3 style=\"text-align: center;\"><span style=\"color: #008000;\"><b>Atelier21\u30c1\u30fc\u30e0\u306f\u3001MozillaHubs\u3067\u958b\u767a\u3055\u308c\u305f\u4eee\u60f3\u535a\u7269\u9928\u3092\u7d39\u4ecb\u3057\u307e\u3059\u3002<\/b><\/span><\/h3>\n<p><head><\/p>\n<style>\n      .wrapper {\n        margin: 10px auto;\n        text-align: center;\n        width: 100%;\n        position: relative;\n      }\n      .button {\n        padding: 15px 100px;\n        margin: 10px 4px;\n        color: #006600;\n        font-family: sans-serif;\n        text-transform: uppercase;\n        text-align: center;\n        position: relative;\n        text-decoration: none;\n        display: inline-block;\n        border: 4px solid;\n      }\n      .button::before {\n        content: \"\";\n        position: absolute;\n        top: 0;\n        left: 0;\n        display: block;\n        width: 100%;\n        height: 100%;\n        z-index: -1;\n        -webkit-transform: scaleY(0.1);\n        transform: scaleY(0.1);\n        transition: all 0.4s;\n      }\n      .button:hover {\n        color: #006600;\n      }\n      .button:hover::before {\n        opacity: 1;\n        background-color: #CCFFCC;\n        -webkit-transform: scaleY(1);\n        transform: scaleY(1);\n        transition: -webkit-transform 0.6s cubic-bezier(0.08, 0.35, 0.13, 1.02), opacity 0.4s;\n        transition: transform 0.6s cubic-bezier(0.08, 0.35, 0.13, 1.02), opacity;\n      }\n    <\/style>\n<p>  <\/head><br \/>\n  <body><\/p>\n<div class=\"wrapper\">\n      <a href=\"https:\/\/hubs.mozilla.com\/qzwyqhy\/a21-musee-virtuel\/\"target=\"_blank\"><br \/>\n        <b class=\"button\">\u30d0\u30fc\u30c1\u30e3\u30eb\u30df\u30e5\u30fc\u30b8\u30a2\u30e0\u3092\u3054\u89a7\u304f\u3060\u3055\u3044<\/b><br \/>\n      <\/a>\n    <\/div>\n<p>  <\/body><br \/>\n<\/html><br \/>\n<span style=\"font-weight: 400;\">\u30a8\u30cd\u30eb\u30ae\u30fc\u9769\u65b0\u306e\u53cd\u6b74\u53f2\u306e\u53e4\u82f1\u96c4\u306e\u9078\u629e\u3092\u5f37\u8abf\u3059\u308b\u3053\u3068\u3092\u76ee\u7684\u3068\u3057\u305f\u53e4\u30a8\u30cd\u30eb\u30ae\u30fc\u53c2\u52a0\u578b\u7814\u7a76\u30d7\u30ed\u30b0\u30e9\u30e0\u304b\u3089\u751f\u307e\u308c\u305f\u6ca1\u5165\u578b\u306e\u5c55\u793a\u4f1a\u3092\u63d0\u4f9b\u3057\u307e\u3059\u3002<\/span><\/p>\n<p>\u767a\u660e\u8005\u306e\u8096\u50cf\u753b\u3092\u4f34\u30463D\u3067\u30e2\u30c7\u30eb\u5316\u3055\u308c\u305f\u767a\u660e\u3068\u3001\u4e0d\u5f53\u306b\u5fd8\u308c\u3089\u308c\u3066\u304d\u305f\u3053\u306e\u9a5a\u304f\u3079\u304d\u907a\u7523\u306b\u58f0\u3092\u4e0e\u3048\u308b\u97f3\u58f0\u30b3\u30e1\u30f3\u30c8\u304c\u3042\u308a\u307e\u3059\u3002<\/p>\n<p>\u30a8\u30cd\u30eb\u30ae\u30fc\u9769\u65b0\u306e\u53cd\u6b74\u53f2\u306e\u4e16\u754c\u306b\u5922\u4e2d\u306b\u306a\u308a\u307e\u3057\u3087\u3046\u3002<br \/>\n\u826f\u3044\u8a2a\u554f\u3001<\/p>\n<p>\u30ef\u30fc\u30af\u30b7\u30e7\u30c3\u30d721<\/p>\n<p><img fetchpriority=\"high\" decoding=\"async\" class=\"aligncenter size-full wp-image-5637\" src=\"https:\/\/paleo-energetique.org\/wp-content\/uploads\/2022\/03\/Capture-decran-2022-03-14-a-00.41.01-e1647451014417.png\" alt=\"\" width=\"1200\" height=\"485\" \/><\/p>\n<p style=\"text-align: center;\"><em>\u30d0\u30fc\u30c1\u30e3\u30eb\u535a\u7269\u9928<\/em><\/p>\n","protected":false},"excerpt":{"rendered":"<p>&nbsp; &nbsp; &nbsp; \u53e4\u30a8\u30cd\u30eb\u30ae\u30fc\u30d7\u30ed\u30b0\u30e9\u30e0\u306e\u65b0\u3057\u3044\u5192\u967a\u3001RETROF [&hellip;]<\/p>\n","protected":false},"author":2,"featured_media":0,"parent":5774,"menu_order":0,"comment_status":"closed","ping_status":"closed","template":"","meta":{"_acf_changed":false,"footnotes":""},"tags":[],"class_list":["post-5776","page","type-page","status-publish","hentry"],"acf":[],"yoast_head":"<!-- This site is optimized with the Yoast SEO plugin v26.0 - https:\/\/yoast.com\/wordpress\/plugins\/seo\/ -->\n<title>\u30d0\u30fc\u30c1\u30e3\u30eb\u535a\u7269\u9928 - Pal\u00e9o-Energ\u00e9tique<\/title>\n<meta name=\"robots\" content=\"index, follow, max-snippet:-1, max-image-preview:large, max-video-preview:-1\" \/>\n<link rel=\"canonical\" href=\"https:\/\/paleo-energetique.org\/ja\/\u30ec\u30c8\u30ed\u30d5\u30e5\u30fc\u30c1\u30e3\u30fc\u30df\u30e5\u30fc\u30b8\u30a2\u30e0\/\u30d0\u30fc\u30c1\u30e3\u30eb\u535a\u7269\u9928\/\" \/>\n<meta property=\"og:locale\" content=\"ja_JP\" \/>\n<meta property=\"og:type\" content=\"article\" \/>\n<meta property=\"og:title\" content=\"\u30d0\u30fc\u30c1\u30e3\u30eb\u535a\u7269\u9928 - Pal\u00e9o-Energ\u00e9tique\" \/>\n<meta property=\"og:description\" content=\"&nbsp; &nbsp; &nbsp; \u53e4\u30a8\u30cd\u30eb\u30ae\u30fc\u30d7\u30ed\u30b0\u30e9\u30e0\u306e\u65b0\u3057\u3044\u5192\u967a\u3001RETROF [&hellip;]\" \/>\n<meta property=\"og:url\" content=\"https:\/\/paleo-energetique.org\/ja\/\u30ec\u30c8\u30ed\u30d5\u30e5\u30fc\u30c1\u30e3\u30fc\u30df\u30e5\u30fc\u30b8\u30a2\u30e0\/\u30d0\u30fc\u30c1\u30e3\u30eb\u535a\u7269\u9928\/\" \/>\n<meta property=\"og:site_name\" content=\"Pal\u00e9o-Energ\u00e9tique\" \/>\n<meta property=\"article:publisher\" content=\"https:\/\/www.facebook.com\/paleoenergie\/\" \/>\n<meta property=\"article:modified_time\" content=\"2022-03-31T19:13:14+00:00\" \/>\n<meta property=\"og:image\" content=\"https:\/\/paleo-energetique.org\/wp-content\/uploads\/2022\/03\/Capture-decran-2022-03-14-a-00.41.01-e1647451014417.png\" \/>\n<meta name=\"twitter:card\" content=\"summary_large_image\" \/>\n<script type=\"application\/ld+json\" class=\"yoast-schema-graph\">{\"@context\":\"https:\/\/schema.org\",\"@graph\":[{\"@type\":\"WebPage\",\"@id\":\"https:\/\/paleo-energetique.org\/ja\/%e3%83%ac%e3%83%88%e3%83%ad%e3%83%95%e3%83%a5%e3%83%bc%e3%83%81%e3%83%a3%e3%83%bc%e3%83%9f%e3%83%a5%e3%83%bc%e3%82%b8%e3%82%a2%e3%83%a0\/%e3%83%90%e3%83%bc%e3%83%81%e3%83%a3%e3%83%ab%e5%8d%9a%e7%89%a9%e9%a4%a8\/\",\"url\":\"https:\/\/paleo-energetique.org\/ja\/%e3%83%ac%e3%83%88%e3%83%ad%e3%83%95%e3%83%a5%e3%83%bc%e3%83%81%e3%83%a3%e3%83%bc%e3%83%9f%e3%83%a5%e3%83%bc%e3%82%b8%e3%82%a2%e3%83%a0\/%e3%83%90%e3%83%bc%e3%83%81%e3%83%a3%e3%83%ab%e5%8d%9a%e7%89%a9%e9%a4%a8\/\",\"name\":\"\u30d0\u30fc\u30c1\u30e3\u30eb\u535a\u7269\u9928 - Pal\u00e9o-Energ\u00e9tique\",\"isPartOf\":{\"@id\":\"https:\/\/paleo-energetique.org\/#website\"},\"primaryImageOfPage\":{\"@id\":\"https:\/\/paleo-energetique.org\/ja\/%e3%83%ac%e3%83%88%e3%83%ad%e3%83%95%e3%83%a5%e3%83%bc%e3%83%81%e3%83%a3%e3%83%bc%e3%83%9f%e3%83%a5%e3%83%bc%e3%82%b8%e3%82%a2%e3%83%a0\/%e3%83%90%e3%83%bc%e3%83%81%e3%83%a3%e3%83%ab%e5%8d%9a%e7%89%a9%e9%a4%a8\/#primaryimage\"},\"image\":{\"@id\":\"https:\/\/paleo-energetique.org\/ja\/%e3%83%ac%e3%83%88%e3%83%ad%e3%83%95%e3%83%a5%e3%83%bc%e3%83%81%e3%83%a3%e3%83%bc%e3%83%9f%e3%83%a5%e3%83%bc%e3%82%b8%e3%82%a2%e3%83%a0\/%e3%83%90%e3%83%bc%e3%83%81%e3%83%a3%e3%83%ab%e5%8d%9a%e7%89%a9%e9%a4%a8\/#primaryimage\"},\"thumbnailUrl\":\"https:\/\/paleo-energetique.org\/wp-content\/uploads\/2022\/03\/Capture-decran-2022-03-14-a-00.41.01-e1647451014417.png\",\"datePublished\":\"2022-03-31T19:03:35+00:00\",\"dateModified\":\"2022-03-31T19:13:14+00:00\",\"breadcrumb\":{\"@id\":\"https:\/\/paleo-energetique.org\/ja\/%e3%83%ac%e3%83%88%e3%83%ad%e3%83%95%e3%83%a5%e3%83%bc%e3%83%81%e3%83%a3%e3%83%bc%e3%83%9f%e3%83%a5%e3%83%bc%e3%82%b8%e3%82%a2%e3%83%a0\/%e3%83%90%e3%83%bc%e3%83%81%e3%83%a3%e3%83%ab%e5%8d%9a%e7%89%a9%e9%a4%a8\/#breadcrumb\"},\"inLanguage\":\"ja\",\"potentialAction\":[{\"@type\":\"ReadAction\",\"target\":[\"https:\/\/paleo-energetique.org\/ja\/%e3%83%ac%e3%83%88%e3%83%ad%e3%83%95%e3%83%a5%e3%83%bc%e3%83%81%e3%83%a3%e3%83%bc%e3%83%9f%e3%83%a5%e3%83%bc%e3%82%b8%e3%82%a2%e3%83%a0\/%e3%83%90%e3%83%bc%e3%83%81%e3%83%a3%e3%83%ab%e5%8d%9a%e7%89%a9%e9%a4%a8\/\"]}]},{\"@type\":\"ImageObject\",\"inLanguage\":\"ja\",\"@id\":\"https:\/\/paleo-energetique.org\/ja\/%e3%83%ac%e3%83%88%e3%83%ad%e3%83%95%e3%83%a5%e3%83%bc%e3%83%81%e3%83%a3%e3%83%bc%e3%83%9f%e3%83%a5%e3%83%bc%e3%82%b8%e3%82%a2%e3%83%a0\/%e3%83%90%e3%83%bc%e3%83%81%e3%83%a3%e3%83%ab%e5%8d%9a%e7%89%a9%e9%a4%a8\/#primaryimage\",\"url\":\"https:\/\/paleo-energetique.org\/wp-content\/uploads\/2022\/03\/Capture-decran-2022-03-14-a-00.41.01-e1647451014417.png\",\"contentUrl\":\"https:\/\/paleo-energetique.org\/wp-content\/uploads\/2022\/03\/Capture-decran-2022-03-14-a-00.41.01-e1647451014417.png\"},{\"@type\":\"BreadcrumbList\",\"@id\":\"https:\/\/paleo-energetique.org\/ja\/%e3%83%ac%e3%83%88%e3%83%ad%e3%83%95%e3%83%a5%e3%83%bc%e3%83%81%e3%83%a3%e3%83%bc%e3%83%9f%e3%83%a5%e3%83%bc%e3%82%b8%e3%82%a2%e3%83%a0\/%e3%83%90%e3%83%bc%e3%83%81%e3%83%a3%e3%83%ab%e5%8d%9a%e7%89%a9%e9%a4%a8\/#breadcrumb\",\"itemListElement\":[{\"@type\":\"ListItem\",\"position\":1,\"name\":\"Accueil\",\"item\":\"https:\/\/paleo-energetique.org\/ja\/\"},{\"@type\":\"ListItem\",\"position\":2,\"name\":\"\u30ec\u30c8\u30ed\u30d5\u30e5\u30fc\u30c1\u30e3\u30fc\u30df\u30e5\u30fc\u30b8\u30a2\u30e0\",\"item\":\"https:\/\/paleo-energetique.org\/ja\/%e3%83%ac%e3%83%88%e3%83%ad%e3%83%95%e3%83%a5%e3%83%bc%e3%83%81%e3%83%a3%e3%83%bc%e3%83%9f%e3%83%a5%e3%83%bc%e3%82%b8%e3%82%a2%e3%83%a0\/\"},{\"@type\":\"ListItem\",\"position\":3,\"name\":\"\u30d0\u30fc\u30c1\u30e3\u30eb\u535a\u7269\u9928\"}]},{\"@type\":\"WebSite\",\"@id\":\"https:\/\/paleo-energetique.org\/#website\",\"url\":\"https:\/\/paleo-energetique.org\/\",\"name\":\"Pal\u00e9o-Energ\u00e9tique\",\"description\":\"R\u00e9inventer l&#039;Histoire de L&#039;\u00e9nergie\",\"potentialAction\":[{\"@type\":\"SearchAction\",\"target\":{\"@type\":\"EntryPoint\",\"urlTemplate\":\"https:\/\/paleo-energetique.org\/?s={search_term_string}\"},\"query-input\":{\"@type\":\"PropertyValueSpecification\",\"valueRequired\":true,\"valueName\":\"search_term_string\"}}],\"inLanguage\":\"ja\"}]}<\/script>\n<!-- \/ Yoast SEO plugin. -->","yoast_head_json":{"title":"\u30d0\u30fc\u30c1\u30e3\u30eb\u535a\u7269\u9928 - Pal\u00e9o-Energ\u00e9tique","robots":{"index":"index","follow":"follow","max-snippet":"max-snippet:-1","max-image-preview":"max-image-preview:large","max-video-preview":"max-video-preview:-1"},"canonical":"https:\/\/paleo-energetique.org\/ja\/\u30ec\u30c8\u30ed\u30d5\u30e5\u30fc\u30c1\u30e3\u30fc\u30df\u30e5\u30fc\u30b8\u30a2\u30e0\/\u30d0\u30fc\u30c1\u30e3\u30eb\u535a\u7269\u9928\/","og_locale":"ja_JP","og_type":"article","og_title":"\u30d0\u30fc\u30c1\u30e3\u30eb\u535a\u7269\u9928 - Pal\u00e9o-Energ\u00e9tique","og_description":"&nbsp; &nbsp; &nbsp; \u53e4\u30a8\u30cd\u30eb\u30ae\u30fc\u30d7\u30ed\u30b0\u30e9\u30e0\u306e\u65b0\u3057\u3044\u5192\u967a\u3001RETROF [&hellip;]","og_url":"https:\/\/paleo-energetique.org\/ja\/\u30ec\u30c8\u30ed\u30d5\u30e5\u30fc\u30c1\u30e3\u30fc\u30df\u30e5\u30fc\u30b8\u30a2\u30e0\/\u30d0\u30fc\u30c1\u30e3\u30eb\u535a\u7269\u9928\/","og_site_name":"Pal\u00e9o-Energ\u00e9tique","article_publisher":"https:\/\/www.facebook.com\/paleoenergie\/","article_modified_time":"2022-03-31T19:13:14+00:00","og_image":[{"url":"https:\/\/paleo-energetique.org\/wp-content\/uploads\/2022\/03\/Capture-decran-2022-03-14-a-00.41.01-e1647451014417.png","type":"","width":"","height":""}],"twitter_card":"summary_large_image","schema":{"@context":"https:\/\/schema.org","@graph":[{"@type":"WebPage","@id":"https:\/\/paleo-energetique.org\/ja\/%e3%83%ac%e3%83%88%e3%83%ad%e3%83%95%e3%83%a5%e3%83%bc%e3%83%81%e3%83%a3%e3%83%bc%e3%83%9f%e3%83%a5%e3%83%bc%e3%82%b8%e3%82%a2%e3%83%a0\/%e3%83%90%e3%83%bc%e3%83%81%e3%83%a3%e3%83%ab%e5%8d%9a%e7%89%a9%e9%a4%a8\/","url":"https:\/\/paleo-energetique.org\/ja\/%e3%83%ac%e3%83%88%e3%83%ad%e3%83%95%e3%83%a5%e3%83%bc%e3%83%81%e3%83%a3%e3%83%bc%e3%83%9f%e3%83%a5%e3%83%bc%e3%82%b8%e3%82%a2%e3%83%a0\/%e3%83%90%e3%83%bc%e3%83%81%e3%83%a3%e3%83%ab%e5%8d%9a%e7%89%a9%e9%a4%a8\/","name":"\u30d0\u30fc\u30c1\u30e3\u30eb\u535a\u7269\u9928 - Pal\u00e9o-Energ\u00e9tique","isPartOf":{"@id":"https:\/\/paleo-energetique.org\/#website"},"primaryImageOfPage":{"@id":"https:\/\/paleo-energetique.org\/ja\/%e3%83%ac%e3%83%88%e3%83%ad%e3%83%95%e3%83%a5%e3%83%bc%e3%83%81%e3%83%a3%e3%83%bc%e3%83%9f%e3%83%a5%e3%83%bc%e3%82%b8%e3%82%a2%e3%83%a0\/%e3%83%90%e3%83%bc%e3%83%81%e3%83%a3%e3%83%ab%e5%8d%9a%e7%89%a9%e9%a4%a8\/#primaryimage"},"image":{"@id":"https:\/\/paleo-energetique.org\/ja\/%e3%83%ac%e3%83%88%e3%83%ad%e3%83%95%e3%83%a5%e3%83%bc%e3%83%81%e3%83%a3%e3%83%bc%e3%83%9f%e3%83%a5%e3%83%bc%e3%82%b8%e3%82%a2%e3%83%a0\/%e3%83%90%e3%83%bc%e3%83%81%e3%83%a3%e3%83%ab%e5%8d%9a%e7%89%a9%e9%a4%a8\/#primaryimage"},"thumbnailUrl":"https:\/\/paleo-energetique.org\/wp-content\/uploads\/2022\/03\/Capture-decran-2022-03-14-a-00.41.01-e1647451014417.png","datePublished":"2022-03-31T19:03:35+00:00","dateModified":"2022-03-31T19:13:14+00:00","breadcrumb":{"@id":"https:\/\/paleo-energetique.org\/ja\/%e3%83%ac%e3%83%88%e3%83%ad%e3%83%95%e3%83%a5%e3%83%bc%e3%83%81%e3%83%a3%e3%83%bc%e3%83%9f%e3%83%a5%e3%83%bc%e3%82%b8%e3%82%a2%e3%83%a0\/%e3%83%90%e3%83%bc%e3%83%81%e3%83%a3%e3%83%ab%e5%8d%9a%e7%89%a9%e9%a4%a8\/#breadcrumb"},"inLanguage":"ja","potentialAction":[{"@type":"ReadAction","target":["https:\/\/paleo-energetique.org\/ja\/%e3%83%ac%e3%83%88%e3%83%ad%e3%83%95%e3%83%a5%e3%83%bc%e3%83%81%e3%83%a3%e3%83%bc%e3%83%9f%e3%83%a5%e3%83%bc%e3%82%b8%e3%82%a2%e3%83%a0\/%e3%83%90%e3%83%bc%e3%83%81%e3%83%a3%e3%83%ab%e5%8d%9a%e7%89%a9%e9%a4%a8\/"]}]},{"@type":"ImageObject","inLanguage":"ja","@id":"https:\/\/paleo-energetique.org\/ja\/%e3%83%ac%e3%83%88%e3%83%ad%e3%83%95%e3%83%a5%e3%83%bc%e3%83%81%e3%83%a3%e3%83%bc%e3%83%9f%e3%83%a5%e3%83%bc%e3%82%b8%e3%82%a2%e3%83%a0\/%e3%83%90%e3%83%bc%e3%83%81%e3%83%a3%e3%83%ab%e5%8d%9a%e7%89%a9%e9%a4%a8\/#primaryimage","url":"https:\/\/paleo-energetique.org\/wp-content\/uploads\/2022\/03\/Capture-decran-2022-03-14-a-00.41.01-e1647451014417.png","contentUrl":"https:\/\/paleo-energetique.org\/wp-content\/uploads\/2022\/03\/Capture-decran-2022-03-14-a-00.41.01-e1647451014417.png"},{"@type":"BreadcrumbList","@id":"https:\/\/paleo-energetique.org\/ja\/%e3%83%ac%e3%83%88%e3%83%ad%e3%83%95%e3%83%a5%e3%83%bc%e3%83%81%e3%83%a3%e3%83%bc%e3%83%9f%e3%83%a5%e3%83%bc%e3%82%b8%e3%82%a2%e3%83%a0\/%e3%83%90%e3%83%bc%e3%83%81%e3%83%a3%e3%83%ab%e5%8d%9a%e7%89%a9%e9%a4%a8\/#breadcrumb","itemListElement":[{"@type":"ListItem","position":1,"name":"Accueil","item":"https:\/\/paleo-energetique.org\/ja\/"},{"@type":"ListItem","position":2,"name":"\u30ec\u30c8\u30ed\u30d5\u30e5\u30fc\u30c1\u30e3\u30fc\u30df\u30e5\u30fc\u30b8\u30a2\u30e0","item":"https:\/\/paleo-energetique.org\/ja\/%e3%83%ac%e3%83%88%e3%83%ad%e3%83%95%e3%83%a5%e3%83%bc%e3%83%81%e3%83%a3%e3%83%bc%e3%83%9f%e3%83%a5%e3%83%bc%e3%82%b8%e3%82%a2%e3%83%a0\/"},{"@type":"ListItem","position":3,"name":"\u30d0\u30fc\u30c1\u30e3\u30eb\u535a\u7269\u9928"}]},{"@type":"WebSite","@id":"https:\/\/paleo-energetique.org\/#website","url":"https:\/\/paleo-energetique.org\/","name":"Pal\u00e9o-Energ\u00e9tique","description":"R\u00e9inventer l&#039;Histoire de L&#039;\u00e9nergie","potentialAction":[{"@type":"SearchAction","target":{"@type":"EntryPoint","urlTemplate":"https:\/\/paleo-energetique.org\/?s={search_term_string}"},"query-input":{"@type":"PropertyValueSpecification","valueRequired":true,"valueName":"search_term_string"}}],"inLanguage":"ja"}]}},"_links":{"self":[{"href":"https:\/\/paleo-energetique.org\/ja\/wp-json\/wp\/v2\/pages\/5776","targetHints":{"allow":["GET"]}}],"collection":[{"href":"https:\/\/paleo-energetique.org\/ja\/wp-json\/wp\/v2\/pages"}],"about":[{"href":"https:\/\/paleo-energetique.org\/ja\/wp-json\/wp\/v2\/types\/page"}],"author":[{"embeddable":true,"href":"https:\/\/paleo-energetique.org\/ja\/wp-json\/wp\/v2\/users\/2"}],"replies":[{"embeddable":true,"href":"https:\/\/paleo-energetique.org\/ja\/wp-json\/wp\/v2\/comments?post=5776"}],"version-history":[{"count":0,"href":"https:\/\/paleo-energetique.org\/ja\/wp-json\/wp\/v2\/pages\/5776\/revisions"}],"up":[{"embeddable":true,"href":"https:\/\/paleo-energetique.org\/ja\/wp-json\/wp\/v2\/pages\/5774"}],"wp:attachment":[{"href":"https:\/\/paleo-energetique.org\/ja\/wp-json\/wp\/v2\/media?parent=5776"}],"wp:term":[{"taxonomy":"post_tag","embeddable":true,"href":"https:\/\/paleo-energetique.org\/ja\/wp-json\/wp\/v2\/tags?post=5776"}],"curies":[{"name":"wp","href":"https:\/\/api.w.org\/{rel}","templated":true}]}}