{"id":5774,"date":"2022-03-31T19:01:03","date_gmt":"2022-03-31T19:01:03","guid":{"rendered":"https:\/\/paleo-energetique.org\/?page_id=5774"},"modified":"2022-03-31T19:01:03","modified_gmt":"2022-03-31T19:01:03","slug":"%e3%83%ac%e3%83%88%e3%83%ad%e3%83%95%e3%83%a5%e3%83%bc%e3%83%81%e3%83%a3%e3%83%bc%e3%83%9f%e3%83%a5%e3%83%bc%e3%82%b8%e3%82%a2%e3%83%a0","status":"publish","type":"page","link":"https:\/\/paleo-energetique.org\/ja\/%e3%83%ac%e3%83%88%e3%83%ad%e3%83%95%e3%83%a5%e3%83%bc%e3%83%81%e3%83%a3%e3%83%bc%e3%83%9f%e3%83%a5%e3%83%bc%e3%82%b8%e3%82%a2%e3%83%a0\/","title":{"rendered":"\u30ec\u30c8\u30ed\u30d5\u30e5\u30fc\u30c1\u30e3\u30fc\u30df\u30e5\u30fc\u30b8\u30a2\u30e0"},"content":{"rendered":"","protected":false},"excerpt":{"rendered":"","protected":false},"author":2,"featured_media":0,"parent":0,"menu_order":0,"comment_status":"closed","ping_status":"closed","template":"","meta":{"_acf_changed":false,"footnotes":""},"tags":[],"class_list":["post-5774","page","type-page","status-publish","hentry"],"acf":[],"yoast_head":"<!-- This site is optimized with the Yoast SEO plugin v26.0 - https:\/\/yoast.com\/wordpress\/plugins\/seo\/ -->\n<title>\u30ec\u30c8\u30ed\u30d5\u30e5\u30fc\u30c1\u30e3\u30fc\u30df\u30e5\u30fc\u30b8\u30a2\u30e0 - Pal\u00e9o-Energ\u00e9tique<\/title>\n<meta name=\"robots\" content=\"index, follow, max-snippet:-1, max-image-preview:large, max-video-preview:-1\" \/>\n<link rel=\"canonical\" href=\"https:\/\/paleo-energetique.org\/ja\/\u30ec\u30c8\u30ed\u30d5\u30e5\u30fc\u30c1\u30e3\u30fc\u30df\u30e5\u30fc\u30b8\u30a2\u30e0\/\" \/>\n<meta property=\"og:locale\" content=\"ja_JP\" \/>\n<meta property=\"og:type\" content=\"article\" \/>\n<meta property=\"og:title\" content=\"\u30ec\u30c8\u30ed\u30d5\u30e5\u30fc\u30c1\u30e3\u30fc\u30df\u30e5\u30fc\u30b8\u30a2\u30e0 - Pal\u00e9o-Energ\u00e9tique\" \/>\n<meta property=\"og:url\" content=\"https:\/\/paleo-energetique.org\/ja\/\u30ec\u30c8\u30ed\u30d5\u30e5\u30fc\u30c1\u30e3\u30fc\u30df\u30e5\u30fc\u30b8\u30a2\u30e0\/\" \/>\n<meta property=\"og:site_name\" content=\"Pal\u00e9o-Energ\u00e9tique\" \/>\n<meta property=\"article:publisher\" content=\"https:\/\/www.facebook.com\/paleoenergie\/\" \/>\n<meta property=\"og:image\" content=\"https:\/\/paleo-energetique.org\/wp-content\/uploads\/2017\/02\/paleo-energetique.jpg\" \/>\n\t<meta property=\"og:image:width\" content=\"1280\" \/>\n\t<meta property=\"og:image:height\" content=\"853\" \/>\n\t<meta property=\"og:image:type\" content=\"image\/jpeg\" \/>\n<meta name=\"twitter:card\" content=\"summary_large_image\" \/>\n<script type=\"application\/ld+json\" class=\"yoast-schema-graph\">{\"@context\":\"https:\/\/schema.org\",\"@graph\":[{\"@type\":\"WebPage\",\"@id\":\"https:\/\/paleo-energetique.org\/ja\/%e3%83%ac%e3%83%88%e3%83%ad%e3%83%95%e3%83%a5%e3%83%bc%e3%83%81%e3%83%a3%e3%83%bc%e3%83%9f%e3%83%a5%e3%83%bc%e3%82%b8%e3%82%a2%e3%83%a0\/\",\"url\":\"https:\/\/paleo-energetique.org\/ja\/%e3%83%ac%e3%83%88%e3%83%ad%e3%83%95%e3%83%a5%e3%83%bc%e3%83%81%e3%83%a3%e3%83%bc%e3%83%9f%e3%83%a5%e3%83%bc%e3%82%b8%e3%82%a2%e3%83%a0\/\",\"name\":\"\u30ec\u30c8\u30ed\u30d5\u30e5\u30fc\u30c1\u30e3\u30fc\u30df\u30e5\u30fc\u30b8\u30a2\u30e0 - Pal\u00e9o-Energ\u00e9tique\",\"isPartOf\":{\"@id\":\"https:\/\/paleo-energetique.org\/#website\"},\"datePublished\":\"2022-03-31T19:01:03+00:00\",\"breadcrumb\":{\"@id\":\"https:\/\/paleo-energetique.org\/ja\/%e3%83%ac%e3%83%88%e3%83%ad%e3%83%95%e3%83%a5%e3%83%bc%e3%83%81%e3%83%a3%e3%83%bc%e3%83%9f%e3%83%a5%e3%83%bc%e3%82%b8%e3%82%a2%e3%83%a0\/#breadcrumb\"},\"inLanguage\":\"ja\",\"potentialAction\":[{\"@type\":\"ReadAction\",\"target\":[\"https:\/\/paleo-energetique.org\/ja\/%e3%83%ac%e3%83%88%e3%83%ad%e3%83%95%e3%83%a5%e3%83%bc%e3%83%81%e3%83%a3%e3%83%bc%e3%83%9f%e3%83%a5%e3%83%bc%e3%82%b8%e3%82%a2%e3%83%a0\/\"]}]},{\"@type\":\"BreadcrumbList\",\"@id\":\"https:\/\/paleo-energetique.org\/ja\/%e3%83%ac%e3%83%88%e3%83%ad%e3%83%95%e3%83%a5%e3%83%bc%e3%83%81%e3%83%a3%e3%83%bc%e3%83%9f%e3%83%a5%e3%83%bc%e3%82%b8%e3%82%a2%e3%83%a0\/#breadcrumb\",\"itemListElement\":[{\"@type\":\"ListItem\",\"position\":1,\"name\":\"Accueil\",\"item\":\"https:\/\/paleo-energetique.org\/ja\/\"},{\"@type\":\"ListItem\",\"position\":2,\"name\":\"\u30ec\u30c8\u30ed\u30d5\u30e5\u30fc\u30c1\u30e3\u30fc\u30df\u30e5\u30fc\u30b8\u30a2\u30e0\"}]},{\"@type\":\"WebSite\",\"@id\":\"https:\/\/paleo-energetique.org\/#website\",\"url\":\"https:\/\/paleo-energetique.org\/\",\"name\":\"Pal\u00e9o-Energ\u00e9tique\",\"description\":\"R\u00e9inventer l&#039;Histoire de L&#039;\u00e9nergie\",\"potentialAction\":[{\"@type\":\"SearchAction\",\"target\":{\"@type\":\"EntryPoint\",\"urlTemplate\":\"https:\/\/paleo-energetique.org\/?s={search_term_string}\"},\"query-input\":{\"@type\":\"PropertyValueSpecification\",\"valueRequired\":true,\"valueName\":\"search_term_string\"}}],\"inLanguage\":\"ja\"}]}<\/script>\n<!-- \/ Yoast SEO plugin. -->","yoast_head_json":{"title":"\u30ec\u30c8\u30ed\u30d5\u30e5\u30fc\u30c1\u30e3\u30fc\u30df\u30e5\u30fc\u30b8\u30a2\u30e0 - Pal\u00e9o-Energ\u00e9tique","robots":{"index":"index","follow":"follow","max-snippet":"max-snippet:-1","max-image-preview":"max-image-preview:large","max-video-preview":"max-video-preview:-1"},"canonical":"https:\/\/paleo-energetique.org\/ja\/\u30ec\u30c8\u30ed\u30d5\u30e5\u30fc\u30c1\u30e3\u30fc\u30df\u30e5\u30fc\u30b8\u30a2\u30e0\/","og_locale":"ja_JP","og_type":"article","og_title":"\u30ec\u30c8\u30ed\u30d5\u30e5\u30fc\u30c1\u30e3\u30fc\u30df\u30e5\u30fc\u30b8\u30a2\u30e0 - Pal\u00e9o-Energ\u00e9tique","og_url":"https:\/\/paleo-energetique.org\/ja\/\u30ec\u30c8\u30ed\u30d5\u30e5\u30fc\u30c1\u30e3\u30fc\u30df\u30e5\u30fc\u30b8\u30a2\u30e0\/","og_site_name":"Pal\u00e9o-Energ\u00e9tique","article_publisher":"https:\/\/www.facebook.com\/paleoenergie\/","og_image":[{"width":1280,"height":853,"url":"https:\/\/paleo-energetique.org\/wp-content\/uploads\/2017\/02\/paleo-energetique.jpg","type":"image\/jpeg"}],"twitter_card":"summary_large_image","schema":{"@context":"https:\/\/schema.org","@graph":[{"@type":"WebPage","@id":"https:\/\/paleo-energetique.org\/ja\/%e3%83%ac%e3%83%88%e3%83%ad%e3%83%95%e3%83%a5%e3%83%bc%e3%83%81%e3%83%a3%e3%83%bc%e3%83%9f%e3%83%a5%e3%83%bc%e3%82%b8%e3%82%a2%e3%83%a0\/","url":"https:\/\/paleo-energetique.org\/ja\/%e3%83%ac%e3%83%88%e3%83%ad%e3%83%95%e3%83%a5%e3%83%bc%e3%83%81%e3%83%a3%e3%83%bc%e3%83%9f%e3%83%a5%e3%83%bc%e3%82%b8%e3%82%a2%e3%83%a0\/","name":"\u30ec\u30c8\u30ed\u30d5\u30e5\u30fc\u30c1\u30e3\u30fc\u30df\u30e5\u30fc\u30b8\u30a2\u30e0 - Pal\u00e9o-Energ\u00e9tique","isPartOf":{"@id":"https:\/\/paleo-energetique.org\/#website"},"datePublished":"2022-03-31T19:01:03+00:00","breadcrumb":{"@id":"https:\/\/paleo-energetique.org\/ja\/%e3%83%ac%e3%83%88%e3%83%ad%e3%83%95%e3%83%a5%e3%83%bc%e3%83%81%e3%83%a3%e3%83%bc%e3%83%9f%e3%83%a5%e3%83%bc%e3%82%b8%e3%82%a2%e3%83%a0\/#breadcrumb"},"inLanguage":"ja","potentialAction":[{"@type":"ReadAction","target":["https:\/\/paleo-energetique.org\/ja\/%e3%83%ac%e3%83%88%e3%83%ad%e3%83%95%e3%83%a5%e3%83%bc%e3%83%81%e3%83%a3%e3%83%bc%e3%83%9f%e3%83%a5%e3%83%bc%e3%82%b8%e3%82%a2%e3%83%a0\/"]}]},{"@type":"BreadcrumbList","@id":"https:\/\/paleo-energetique.org\/ja\/%e3%83%ac%e3%83%88%e3%83%ad%e3%83%95%e3%83%a5%e3%83%bc%e3%83%81%e3%83%a3%e3%83%bc%e3%83%9f%e3%83%a5%e3%83%bc%e3%82%b8%e3%82%a2%e3%83%a0\/#breadcrumb","itemListElement":[{"@type":"ListItem","position":1,"name":"Accueil","item":"https:\/\/paleo-energetique.org\/ja\/"},{"@type":"ListItem","position":2,"name":"\u30ec\u30c8\u30ed\u30d5\u30e5\u30fc\u30c1\u30e3\u30fc\u30df\u30e5\u30fc\u30b8\u30a2\u30e0"}]},{"@type":"WebSite","@id":"https:\/\/paleo-energetique.org\/#website","url":"https:\/\/paleo-energetique.org\/","name":"Pal\u00e9o-Energ\u00e9tique","description":"R\u00e9inventer l&#039;Histoire de L&#039;\u00e9nergie","potentialAction":[{"@type":"SearchAction","target":{"@type":"EntryPoint","urlTemplate":"https:\/\/paleo-energetique.org\/?s={search_term_string}"},"query-input":{"@type":"PropertyValueSpecification","valueRequired":true,"valueName":"search_term_string"}}],"inLanguage":"ja"}]}},"_links":{"self":[{"href":"https:\/\/paleo-energetique.org\/ja\/wp-json\/wp\/v2\/pages\/5774","targetHints":{"allow":["GET"]}}],"collection":[{"href":"https:\/\/paleo-energetique.org\/ja\/wp-json\/wp\/v2\/pages"}],"about":[{"href":"https:\/\/paleo-energetique.org\/ja\/wp-json\/wp\/v2\/types\/page"}],"author":[{"embeddable":true,"href":"https:\/\/paleo-energetique.org\/ja\/wp-json\/wp\/v2\/users\/2"}],"replies":[{"embeddable":true,"href":"https:\/\/paleo-energetique.org\/ja\/wp-json\/wp\/v2\/comments?post=5774"}],"version-history":[{"count":0,"href":"https:\/\/paleo-energetique.org\/ja\/wp-json\/wp\/v2\/pages\/5774\/revisions"}],"wp:attachment":[{"href":"https:\/\/paleo-energetique.org\/ja\/wp-json\/wp\/v2\/media?parent=5774"}],"wp:term":[{"taxonomy":"post_tag","embeddable":true,"href":"https:\/\/paleo-energetique.org\/ja\/wp-json\/wp\/v2\/tags?post=5774"}],"curies":[{"name":"wp","href":"https:\/\/api.w.org\/{rel}","templated":true}]}}