{"id":808,"date":"2016-06-12T19:29:47","date_gmt":"2016-06-12T19:29:47","guid":{"rendered":"http:\/\/paleo-energetique.org\/?page_id=808&#038;lang=es"},"modified":"2022-03-31T21:20:30","modified_gmt":"2022-03-31T21:20:30","slug":"donar","status":"publish","type":"page","link":"https:\/\/paleo-energetique.org\/es\/donar\/","title":{"rendered":"Participar"},"content":{"rendered":"<p><b>PARTICIPA GRACIAS A MISIONES AL ALCANCE DE TODOS SEG\u00daN TUS DESEOS, TU FORMACI\u00d3N O TUS INTERESES.<\/b><\/p>\n<p>&nbsp;<\/p>\n<p>\u00bfPOR QU\u00c9? Desenterramos colectivamente muchas historias e inventos emocionantes. Necesitamos profundizar en algunos de nuestros descubrimientos para entenderlos mejor y poder darles una resonancia m\u00e1s contempor\u00e1nea en la transici\u00f3n energ\u00e9tica.<\/p>\n<p>&nbsp;<\/p>\n<p>\u00bfPARA QUIEN? \u00bfEres estudiante, investigador, docente, en el mundo acad\u00e9mico o no acad\u00e9mico, jubilado o simplemente apasionado por los inventos, las preguntas y los temas energ\u00e9ticos? Esto es para ti !<\/p>\n<p>&nbsp;<\/p>\n<p>\u21e8 \u00a1\u00danete a nuestro equipo de investigaci\u00f3n colaborativo para avanzar en la transici\u00f3n energ\u00e9tica!<\/p>\n<p>\u21e8 \u00bfInteresado? Env\u00edenos un correo electr\u00f3nico con sus preguntas y la misi\u00f3n que le interesa a <a href=\"mailto:hello@paleo-energetique.org\">hello@paleo-energetique.org<\/a> o complete el formulario de participaci\u00f3n en el final de la p\u00e1gina.<\/p>\n<p>&nbsp;<\/p>\n<p>&nbsp;<\/p>\n<hr \/>\n<div class=\"csRow\">\n<p><b>Misi\u00f3n 0 &#8211; Inteligencia Colectiva<\/b>: En busca de las mujeres olvidadas<\/p>\n<p>\u21e8 MISI\u00d3N: \u00a1Despu\u00e9s de todos estos a\u00f1os de investigaci\u00f3n nos dimos cuenta de que solo ten\u00edamos una mujer en nuestra l\u00ednea de tiempo! Hoy queremos equilibrar las cosas. Dirige con nosotras este trabajo de investigaci\u00f3n y ay\u00fadanos a exhumar el trabajo de estas mujeres a\u00fan invisibles pero inevitablemente numerosas. La convocatoria se refiere a todos los inventos relacionados con la energ\u00eda: un panel solar, una lavadora, una l\u00e1mpara, un nuevo tipo de coche, etc&#8230; Puedes ayudarnos buscando inventos pero tambi\u00e9n difundiendo la convocatoria en tu entorno o en tus redes .<\/p>\n<p>No dude en ponerse en contacto con nosotros para obtener m\u00e1s informaci\u00f3n sobre esta misi\u00f3n.<\/p>\n<p>\u21e8 PARA QUI\u00c9N: \u00a1Para todos!<\/p>\n<\/div>\n<p>&nbsp;<\/p>\n<p>&nbsp;<\/p>\n<div class=\"csRow\">\n<p><b>Misi\u00f3n 1 &#8211; Inteligencia Colectiva<\/b>: \u00a1Comparte nuestros proyectos!<\/p>\n<p>\u21e8 MISI\u00d3N: Invita a tus amigos en las redes sociales, comparte nuestras p\u00e1ginas y publicaciones. Para aquellos que no tienen acceso a Internet, no se asusten, tambi\u00e9n pueden imprimir y colocar el cartel de \u00abLlamado a la participaci\u00f3n\u00bb en su vecindario, su lugar de trabajo, su escuela, sus oficinas. Puedes descargarlo <a href=\"https:\/\/paleo-energetique.org\/wp-content\/uploads\/2018\/10\/Affiche_appel_a_participation_Paleo.jpg\">aqu\u00ed<\/a>.<\/p>\n<p>\u21e8 PARA QUI\u00c9N: Cualquier persona interesada en el tema de los paleo-inventos.<\/p>\n<\/div>\n<p>&nbsp;<\/p>\n<p>&nbsp;<\/p>\n<div class=\"csRow\">\n<p><b>Misi\u00f3n 2 &#8211; Investigaci\u00f3n<\/b>: Proyecto de investigaci\u00f3n colaborativa y ciudadan\u00eda<\/p>\n<p>\u21e8 MISI\u00d3N: En el contexto de Paleoenerg\u00eda, nuestro proyecto de investigaci\u00f3n colaborativa y ciudadana en el campo de la energ\u00eda, \u00a1buscamos viejos inventos, viejas innovaciones sociales o imaginarios colectivos!<\/p>\n<p>\u21e8 PARA QUI\u00c9N: Cualquier persona interesada en el tema. Solo necesita saber c\u00f3mo hacer b\u00fasquedas en Internet y archivos.<\/p>\n<\/div>\n<p>&nbsp;<\/p>\n<p>&nbsp;<\/p>\n<div class=\"csRow\">\n<p><b>Misi\u00f3n 3 &#8211; Investigaci\u00f3n<\/b>: Experiencia en energ\u00eda<\/p>\n<p>\u21e8 MISI\u00d3N: Para esta misi\u00f3n necesitamos una experiencia energ\u00e9tica de un proyecto que data de 1945. De hecho, en la regi\u00f3n de Angevin, el Sr. L. Hubault y el Sr. G. Dubled han desarrollado un cami\u00f3n Saurer que funciona con hidr\u00f3geno. El hidr\u00f3geno se fabricaba utilizando una dinamo instalada en su molino de agua. Unos a\u00f1os m\u00e1s tarde, Jean-Luc Perrier, profesor de f\u00edsica en la Universidad Cat\u00f3lica de Angers, prototip\u00f3 un concentrador solar de 50 kW que pod\u00eda transformar la energ\u00eda solar en hidr\u00f3geno por electr\u00f3lisis del agua. El concentrador calentaba agua en su foco central y el vapor presurizado producido hac\u00eda funcionar un generador el\u00e9ctrico necesario para el proceso. Un veh\u00edculo modificado seg\u00fan la G.P.L. El principio del equipo podr\u00eda funcionar emitiendo \u00fanicamente vapor de agua. Por lo tanto, el hidr\u00f3geno puro en combusti\u00f3n directa en veh\u00edculos equipados con motores de combusti\u00f3n funciona bien, incluso si son necesarios algunos ajustes o adaptaciones de piezas.<\/p>\n<p>Considerado como un vector energ\u00e9tico interesante en cuanto al necesario almacenamiento de energ\u00edas renovables debido a su intermitencia, el hidr\u00f3geno vuelve a ser una tecnolog\u00eda interesante y en desarrollo.<\/p>\n<p>En los veh\u00edculos que utilizan hidr\u00f3geno, se piensa sistem\u00e1ticamente que son las pilas de combustible las que proporcionan la transformaci\u00f3n en energ\u00eda mec\u00e1nica. Pero, \u00bfno se puede usar el hidr\u00f3geno directamente como combustible? \u00bfPor qu\u00e9 el ecosistema industrial de motores de combusti\u00f3n\/garajes\/conocimiento y todos los trabajos y habilidades asociados no podr\u00eda adaptarse a esta nueva situaci\u00f3n energ\u00e9tica y as\u00ed proponer innovaciones de transici\u00f3n?<\/p>\n<p>\u21e8 PARA QUI\u00c9N: Cualquier persona con pasi\u00f3n, trabajo o conocimiento en los campos de la f\u00edsica, la qu\u00edmica, la energ\u00eda y\/o la historia de las t\u00e9cnicas relacionadas con el hidr\u00f3geno.<\/p>\n<\/div>\n<p>&nbsp;<\/p>\n<p>&nbsp;<\/p>\n<div class=\"csRow\">\n<p><b>Misi\u00f3n 4 &#8211; Investigaci\u00f3n<\/b>: La investigaci\u00f3n del cami\u00f3n Saurer<\/p>\n<p>\u21e8 MISI\u00d3N: \u00a1En 1945, el Sr. L. Hubault y el Sr. G. Dubled desarrollaron un cami\u00f3n Saurer que funciona con hidr\u00f3geno! (Descripci\u00f3n de la invenci\u00f3n en la l\u00ednea de tiempo paleo). Para ayudarnos en nuestra investigaci\u00f3n, puede contactar o buscar directamente informaci\u00f3n e im\u00e1genes en los archivos de Angers sobre este tema.<\/p>\n<p>\u21e8 PARA QUI\u00c9N: Cualquier persona apasionada, trabajadora o con conocimientos en el campo de la historia, la historia de las t\u00e9cnicas.<\/p>\n<\/div>\n<p>&nbsp;<\/p>\n<p>&nbsp;<\/p>\n<div class=\"csRow\">\n<p><b>Misi\u00f3n 5 &#8211; Ingenier\u00eda:<\/b> La revoluci\u00f3n silenciosa del hidr\u00f3geno<\/p>\n<p>\u21e8 MISI\u00d3N: Proponer peque\u00f1as unidades de almacenamiento de hidr\u00f3geno para el entorno urbano. El hidr\u00f3geno est\u00e1 en camino de convertirse en un portador de energ\u00eda junto con la electricidad y el calor. Tras una fase inicial de desarrollo dedicada a las tecnolog\u00edas de transporte, este vector ha ido adquiriendo un papel cada vez m\u00e1s central en un paisaje donde la capacidad de almacenar y transportar energ\u00eda se est\u00e1 convirtiendo en una prioridad. Al igual que el vector el\u00e9ctrico, se puede utilizar para cualquier prop\u00f3sito, ya sea estacionario o m\u00f3vil. Hoy en d\u00eda, ya se dominan la mayor\u00eda de las tecnolog\u00edas para producir, almacenar y convertir hidr\u00f3geno. La competitividad puede estar en el punto de encuentro en un futuro pr\u00f3ximo, sobre todo si se pone en marcha una aut\u00e9ntica pol\u00edtica de fomento de las energ\u00edas limpias.<\/p>\n<p>En este contexto, \u00bfqu\u00e9 papel puede jugar la innovaci\u00f3n ciudadana colaborativa? Proponer peque\u00f1as unidades de almacenamiento de hidr\u00f3geno para el entorno urbano.<\/p>\n<p>Por ejemplo: Se producir\u00e1 hidr\u00f3geno por cat\u00e1lisis de agua a baja temperatura, la eficiencia energ\u00e9tica es del 35%. La energ\u00eda requerida vendr\u00eda de la fotovoltaica. La principal ventaja de un sistema de este tipo es compensar la intermitencia de esta energ\u00eda. Junto con una celda de combustible, este dispositivo de energ\u00eda proporcionar\u00eda un suministro constante de energ\u00eda para reemplazar, por ejemplo, los generadores necesarios para ciertos eventos.<\/p>\n<p>\u21e8 PARA QUI\u00c9N: Cualquiera con una pasi\u00f3n, trabajo o conocimiento en el campo de la ingenier\u00eda, la f\u00edsica, el mercado energ\u00e9tico o la producci\u00f3n de hidr\u00f3geno.<\/p>\n<\/div>\n<p>&nbsp;<\/p>\n<p>&nbsp;<\/p>\n<div class=\"csRow\">\n<p><b>Misi\u00f3n 6 &#8211; Investigaci\u00f3n<\/b>: Investigando un generador perdido&#8230;<\/p>\n<p>\u21e8 MISI\u00d3N: Mientras estuvo en el mercado, el regenerador de Karl Kordesch vio detenida su producci\u00f3n. \u00bfPor qu\u00e9 desapareci\u00f3 el Regenerador Renovador? \u00bfProblema de rentabilidad? \u00bfAlguno de los proveedores de uno de los componentes de la caja quebr\u00f3? El misterio permanece\u2026<\/p>\n<p>\u21e8 PARA QUI\u00c9N: Cualquier persona apasionada o que trabaje en el campo de la electr\u00f3nica, el periodismo, la historia de la tecnolog\u00eda o la historia en general.<\/p>\n<\/div>\n<p>&nbsp;<\/p>\n<p>&nbsp;<\/p>\n<div class=\"csRow\">\n<p><b>Misi\u00f3n 7 &#8211; Investigaci\u00f3n<\/b>: Las bacterias de Jean Laigret<\/p>\n<p>\u21e8 MISI\u00d3N: Desde principios del siglo XIX se enfrentan dos teor\u00edas sobre el origen del petr\u00f3leo. La m\u00e1s com\u00fanmente aceptada, la teor\u00eda bi\u00f3tica, establece que el petr\u00f3leo se forma por la lenta transformaci\u00f3n de los detritos biol\u00f3gicos. En 1947, Jean Laigret anunci\u00f3 que pod\u00eda reproducir aceite a partir de residuos org\u00e1nicos. En su laboratorio del Instituto Pasteur de T\u00fanez, identific\u00f3 la bacteria que transforma diversos desechos org\u00e1nicos en aceite. Como parte de esta misi\u00f3n, buscar informaci\u00f3n en los archivos que nos permita determinar si se puede establecer un modelo industrial, si el modelo es econ\u00f3micamente viable y, finalmente, cu\u00e1l es la calidad del aceite producido.<\/p>\n<p>\u21e8 PARA QUI\u00c9N: Cualquiera que sea apasionado, trabaje o tenga conocimientos en el campo de la gesti\u00f3n, la biolog\u00eda o la biotecnolog\u00eda.<\/p>\n<\/div>\n<p>&nbsp;<\/p>\n<p>&nbsp;<\/p>\n<div class=\"csRow\">\n<p><b>Misi\u00f3n 8 &#8211; Investigaci\u00f3n<\/b>: Almacenamiento de energ\u00eda<\/p>\n<p>\u21e8 MISI\u00d3N: Con un enfoque en el almacenamiento de energ\u00eda, buscamos innovaciones y tecnolog\u00edas, objetos, m\u00e9todos, mecanismos sociales&#8230; que permitan el almacenamiento y la distribuci\u00f3n de energ\u00eda.<\/p>\n<p>\u21e8 PARA QUI\u00c9N: Cualquiera que tenga una pasi\u00f3n, trabaje o tenga conocimientos en el campo de la ingenier\u00eda, la termica, la sociolog\u00eda, el dise\u00f1o\u2026<\/p>\n<\/div>\n<p>&nbsp;<\/p>\n<p>&nbsp;<\/p>\n<div class=\"csRow\">\n<p><b>Misi\u00f3n 9 &#8211; Investigaci\u00f3n<\/b>: Encuentra en los archivos fotos de exposiciones mundiales<\/p>\n<p>\u21e8 MISI\u00d3N: Encuentra las fotos realizadas por uno de los escritores m\u00e1s documentados del siglo XIX. \u00a1Sabemos de fuente confiable que uno de los principales fot\u00f3grafos de la Exposici\u00f3n Universal de 1900 en Par\u00eds fue Emile Zola! La misi\u00f3n es ir y consultar estas fotos (se conservan en el BNF de Par\u00eds&#8230;) y en particular buscar fotos de los inventos de Abel Mouchot, y de otros inventores que trabajaban en ese momento en la energ\u00eda solar.<\/p>\n<p>\u21e8 PARA QUI\u00c9N: Cualquier persona con pasi\u00f3n, trabajo o conocimiento en el campo del dise\u00f1o, la historia y la fotograf\u00eda antigua.<\/p>\n<\/div>\n<p>&nbsp;<\/p>\n<p>&nbsp;<\/p>\n<div class=\"csRow\">\n<p><b>Misi\u00f3n 10 &#8211; Investigaci\u00f3n<\/b>: encuentra la correspondencia de Emile Zola en los archivos.<\/p>\n<p>\u21e8 MISI\u00d3N: Encontrar en la correspondencia de Emile Zola sus relaciones con los ingenieros e inventores de la \u00e9poca. Mientras escrib\u00eda su libro <i>Travail<\/i> (<i>El Trabajo<\/i> en ingl\u00e9s) entre 1900 y 1901, Zola necesariamente tuvo que recurrir a muchos ingenieros para que le explicaran el funcionamiento de sus m\u00e1quinas con el fin de describirlos en la novela. Seguramente debe haber algunos documentos notables para comprender la mentalidad de estos inventores.<\/p>\n<p>\u21e8 PARA QUI\u00c9N: Cualquier persona apasionada, trabajadora o con conocimientos en el campo de la historia o la literatura. El acceso a los archivos oa la correspondencia completa de Emile Zola ser\u00eda un plus para facilitar la investigaci\u00f3n.<\/p>\n<p>&nbsp;<\/p>\n<h2 style=\"text-align: center;\">Para participar: \u00a1llene el siguiente formulario!<\/h2>\n<p><center>\n<div class=\"wpcf7 no-js\" id=\"wpcf7-f1477-o1\" lang=\"fr-FR\" dir=\"ltr\" data-wpcf7-id=\"1477\">\n<div class=\"screen-reader-response\"><p role=\"status\" aria-live=\"polite\" aria-atomic=\"true\"><\/p> <ul><\/ul><\/div>\n<form action=\"\/es\/wp-json\/wp\/v2\/pages\/808#wpcf7-f1477-o1\" method=\"post\" class=\"wpcf7-form init\" aria-label=\"Formulaire de contact\" novalidate=\"novalidate\" data-status=\"init\">\n<fieldset class=\"hidden-fields-container\"><input type=\"hidden\" name=\"_wpcf7\" value=\"1477\" \/><input type=\"hidden\" name=\"_wpcf7_version\" value=\"6.1.1\" \/><input type=\"hidden\" name=\"_wpcf7_locale\" value=\"fr_FR\" \/><input type=\"hidden\" name=\"_wpcf7_unit_tag\" value=\"wpcf7-f1477-o1\" \/><input type=\"hidden\" name=\"_wpcf7_container_post\" value=\"0\" \/><input type=\"hidden\" name=\"_wpcf7_posted_data_hash\" value=\"\" \/><input type=\"hidden\" name=\"_wpcf7_recaptcha_response\" value=\"\" \/>\n<\/fieldset>\n<p><label> Votre nom (obligatoire)<br \/>\n<span class=\"wpcf7-form-control-wrap\" data-name=\"your-name\"><input size=\"40\" maxlength=\"400\" class=\"wpcf7-form-control wpcf7-text wpcf7-validates-as-required\" aria-required=\"true\" aria-invalid=\"false\" value=\"\" type=\"text\" name=\"your-name\" \/><\/span> <\/label>\n<\/p>\n<p><label> Votre e-mail (obligatoire)<br \/>\n<span class=\"wpcf7-form-control-wrap\" data-name=\"your-email\"><input size=\"40\" maxlength=\"400\" class=\"wpcf7-form-control wpcf7-email wpcf7-validates-as-required wpcf7-text wpcf7-validates-as-email\" aria-required=\"true\" aria-invalid=\"false\" value=\"\" type=\"email\" name=\"your-email\" \/><\/span> <\/label>\n<\/p>\n<p><label> Mission ?<br \/>\n<span class=\"wpcf7-form-control-wrap\" data-name=\"mission\"><select class=\"wpcf7-form-control wpcf7-select wpcf7-validates-as-required\" id=\"mission\" aria-required=\"true\" aria-invalid=\"false\" name=\"mission\"><option value=\"MISSION 0\">MISSION 0<\/option><option value=\"MISSION 1\">MISSION 1<\/option><option value=\"MISSION 2\">MISSION 2<\/option><option value=\"MISSION 3\">MISSION 3<\/option><option value=\"MISSION 4\">MISSION 4<\/option><\/select><\/span><br \/>\n<\/label>\n<\/p>\n<p><label> Vos Connaissances<br \/>\n<span class=\"wpcf7-form-control-wrap\" data-name=\"your-message\"><textarea cols=\"40\" rows=\"10\" maxlength=\"2000\" class=\"wpcf7-form-control wpcf7-textarea wpcf7-validates-as-required\" aria-required=\"true\" aria-invalid=\"false\" name=\"your-message\"><\/textarea><\/span> <\/label>\n<\/p>\n\n<p><input class=\"wpcf7-form-control wpcf7-submit has-spinner\" type=\"submit\" value=\"Envoyer\" \/>\n<\/p><p style=\"display: none !important;\" class=\"akismet-fields-container\" data-prefix=\"_wpcf7_ak_\"><label>&#916;<textarea name=\"_wpcf7_ak_hp_textarea\" cols=\"45\" rows=\"8\" maxlength=\"100\"><\/textarea><\/label><input type=\"hidden\" id=\"ak_js_1\" name=\"_wpcf7_ak_js\" value=\"242\"\/><script>document.getElementById( \"ak_js_1\" ).setAttribute( \"value\", ( new Date() ).getTime() );<\/script><\/p><div class=\"wpcf7-response-output\" aria-hidden=\"true\"><\/div>\n<\/form>\n<\/div>\n<\/center><\/p>\n<hr \/>\n<p><img fetchpriority=\"high\" decoding=\"async\" class=\"alignnone wp-image-609 size-full\" src=\"https:\/\/paleo-energetique.org\/wp-content\/uploads\/2015\/05\/img_20150305_200840-copie.jpg\" alt=\"\" width=\"1280\" height=\"960\" srcset=\"https:\/\/paleo-energetique.org\/wp-content\/uploads\/2015\/05\/img_20150305_200840-copie.jpg 1280w, https:\/\/paleo-energetique.org\/wp-content\/uploads\/2015\/05\/img_20150305_200840-copie-347x260.jpg 347w, https:\/\/paleo-energetique.org\/wp-content\/uploads\/2015\/05\/img_20150305_200840-copie-768x576.jpg 768w, https:\/\/paleo-energetique.org\/wp-content\/uploads\/2015\/05\/img_20150305_200840-copie-1024x768.jpg 1024w, https:\/\/paleo-energetique.org\/wp-content\/uploads\/2015\/05\/img_20150305_200840-copie-600x450.jpg 600w\" sizes=\"(max-width: 1280px) 100vw, 1280px\" \/><\/p>\n<hr \/>\n<p>&nbsp;<\/p>\n<\/div>\n","protected":false},"excerpt":{"rendered":"<p>PARTICIPA GRACIAS A MISIONES AL ALCANCE DE TODOS SEG\u00daN TUS DESEOS, TU FORMACI\u00d3N O TUS INTERESES. &nbsp; \u00bfPOR QU\u00c9? Desenterramos colectivamente muchas historias e inventos emocionantes. Necesitamos profundizar en algunos de nuestros descubrimientos para entenderlos mejor y poder darles una resonancia m\u00e1s contempor\u00e1nea en la [&hellip;]<\/p>\n","protected":false},"author":1,"featured_media":0,"parent":0,"menu_order":0,"comment_status":"closed","ping_status":"closed","template":"","meta":{"_acf_changed":false,"footnotes":""},"class_list":["post-808","page","type-page","status-publish","hentry"],"acf":[],"yoast_head":"<!-- This site is optimized with the Yoast SEO plugin v26.0 - https:\/\/yoast.com\/wordpress\/plugins\/seo\/ -->\n<title>Participar - Pal\u00e9o-Energ\u00e9tique<\/title>\n<meta name=\"robots\" content=\"index, follow, max-snippet:-1, max-image-preview:large, max-video-preview:-1\" \/>\n<link rel=\"canonical\" href=\"https:\/\/paleo-energetique.org\/es\/donar\/\" \/>\n<meta property=\"og:locale\" content=\"es_ES\" \/>\n<meta property=\"og:type\" content=\"article\" \/>\n<meta property=\"og:title\" content=\"Participar - Pal\u00e9o-Energ\u00e9tique\" \/>\n<meta property=\"og:description\" content=\"PARTICIPA GRACIAS A MISIONES AL ALCANCE DE TODOS SEG\u00daN TUS DESEOS, TU FORMACI\u00d3N O TUS INTERESES. &nbsp; \u00bfPOR QU\u00c9? Desenterramos colectivamente muchas historias e inventos emocionantes. Necesitamos profundizar en algunos de nuestros descubrimientos para entenderlos mejor y poder darles una resonancia m\u00e1s contempor\u00e1nea en la [&hellip;]\" \/>\n<meta property=\"og:url\" content=\"https:\/\/paleo-energetique.org\/es\/donar\/\" \/>\n<meta property=\"og:site_name\" content=\"Pal\u00e9o-Energ\u00e9tique\" \/>\n<meta property=\"article:publisher\" content=\"https:\/\/www.facebook.com\/paleoenergie\/\" \/>\n<meta property=\"article:modified_time\" content=\"2022-03-31T21:20:30+00:00\" \/>\n<meta property=\"og:image\" content=\"https:\/\/paleo-energetique.org\/wp-content\/uploads\/2015\/05\/img_20150305_200840-copie.jpg\" \/>\n<meta name=\"twitter:card\" content=\"summary_large_image\" \/>\n<meta name=\"twitter:label1\" content=\"Tiempo de lectura\" \/>\n\t<meta name=\"twitter:data1\" content=\"9 minutos\" \/>\n<script type=\"application\/ld+json\" class=\"yoast-schema-graph\">{\"@context\":\"https:\/\/schema.org\",\"@graph\":[{\"@type\":\"WebPage\",\"@id\":\"https:\/\/paleo-energetique.org\/es\/donar\/\",\"url\":\"https:\/\/paleo-energetique.org\/es\/donar\/\",\"name\":\"Participar - Pal\u00e9o-Energ\u00e9tique\",\"isPartOf\":{\"@id\":\"https:\/\/paleo-energetique.org\/#website\"},\"primaryImageOfPage\":{\"@id\":\"https:\/\/paleo-energetique.org\/es\/donar\/#primaryimage\"},\"image\":{\"@id\":\"https:\/\/paleo-energetique.org\/es\/donar\/#primaryimage\"},\"thumbnailUrl\":\"https:\/\/paleo-energetique.org\/wp-content\/uploads\/2015\/05\/img_20150305_200840-copie.jpg\",\"datePublished\":\"2016-06-12T19:29:47+00:00\",\"dateModified\":\"2022-03-31T21:20:30+00:00\",\"breadcrumb\":{\"@id\":\"https:\/\/paleo-energetique.org\/es\/donar\/#breadcrumb\"},\"inLanguage\":\"es\",\"potentialAction\":[{\"@type\":\"ReadAction\",\"target\":[\"https:\/\/paleo-energetique.org\/es\/donar\/\"]}]},{\"@type\":\"ImageObject\",\"inLanguage\":\"es\",\"@id\":\"https:\/\/paleo-energetique.org\/es\/donar\/#primaryimage\",\"url\":\"https:\/\/paleo-energetique.org\/wp-content\/uploads\/2015\/05\/img_20150305_200840-copie.jpg\",\"contentUrl\":\"https:\/\/paleo-energetique.org\/wp-content\/uploads\/2015\/05\/img_20150305_200840-copie.jpg\"},{\"@type\":\"BreadcrumbList\",\"@id\":\"https:\/\/paleo-energetique.org\/es\/donar\/#breadcrumb\",\"itemListElement\":[{\"@type\":\"ListItem\",\"position\":1,\"name\":\"Accueil\",\"item\":\"https:\/\/paleo-energetique.org\/es\/\"},{\"@type\":\"ListItem\",\"position\":2,\"name\":\"Participar\"}]},{\"@type\":\"WebSite\",\"@id\":\"https:\/\/paleo-energetique.org\/#website\",\"url\":\"https:\/\/paleo-energetique.org\/\",\"name\":\"Pal\u00e9o-Energ\u00e9tique\",\"description\":\"R\u00e9inventer l&#039;Histoire de L&#039;\u00e9nergie\",\"potentialAction\":[{\"@type\":\"SearchAction\",\"target\":{\"@type\":\"EntryPoint\",\"urlTemplate\":\"https:\/\/paleo-energetique.org\/?s={search_term_string}\"},\"query-input\":{\"@type\":\"PropertyValueSpecification\",\"valueRequired\":true,\"valueName\":\"search_term_string\"}}],\"inLanguage\":\"es\"}]}<\/script>\n<!-- \/ Yoast SEO plugin. -->","yoast_head_json":{"title":"Participar - Pal\u00e9o-Energ\u00e9tique","robots":{"index":"index","follow":"follow","max-snippet":"max-snippet:-1","max-image-preview":"max-image-preview:large","max-video-preview":"max-video-preview:-1"},"canonical":"https:\/\/paleo-energetique.org\/es\/donar\/","og_locale":"es_ES","og_type":"article","og_title":"Participar - Pal\u00e9o-Energ\u00e9tique","og_description":"PARTICIPA GRACIAS A MISIONES AL ALCANCE DE TODOS SEG\u00daN TUS DESEOS, TU FORMACI\u00d3N O TUS INTERESES. &nbsp; \u00bfPOR QU\u00c9? Desenterramos colectivamente muchas historias e inventos emocionantes. Necesitamos profundizar en algunos de nuestros descubrimientos para entenderlos mejor y poder darles una resonancia m\u00e1s contempor\u00e1nea en la [&hellip;]","og_url":"https:\/\/paleo-energetique.org\/es\/donar\/","og_site_name":"Pal\u00e9o-Energ\u00e9tique","article_publisher":"https:\/\/www.facebook.com\/paleoenergie\/","article_modified_time":"2022-03-31T21:20:30+00:00","og_image":[{"url":"https:\/\/paleo-energetique.org\/wp-content\/uploads\/2015\/05\/img_20150305_200840-copie.jpg","type":"","width":"","height":""}],"twitter_card":"summary_large_image","twitter_misc":{"Tiempo de lectura":"9 minutos"},"schema":{"@context":"https:\/\/schema.org","@graph":[{"@type":"WebPage","@id":"https:\/\/paleo-energetique.org\/es\/donar\/","url":"https:\/\/paleo-energetique.org\/es\/donar\/","name":"Participar - Pal\u00e9o-Energ\u00e9tique","isPartOf":{"@id":"https:\/\/paleo-energetique.org\/#website"},"primaryImageOfPage":{"@id":"https:\/\/paleo-energetique.org\/es\/donar\/#primaryimage"},"image":{"@id":"https:\/\/paleo-energetique.org\/es\/donar\/#primaryimage"},"thumbnailUrl":"https:\/\/paleo-energetique.org\/wp-content\/uploads\/2015\/05\/img_20150305_200840-copie.jpg","datePublished":"2016-06-12T19:29:47+00:00","dateModified":"2022-03-31T21:20:30+00:00","breadcrumb":{"@id":"https:\/\/paleo-energetique.org\/es\/donar\/#breadcrumb"},"inLanguage":"es","potentialAction":[{"@type":"ReadAction","target":["https:\/\/paleo-energetique.org\/es\/donar\/"]}]},{"@type":"ImageObject","inLanguage":"es","@id":"https:\/\/paleo-energetique.org\/es\/donar\/#primaryimage","url":"https:\/\/paleo-energetique.org\/wp-content\/uploads\/2015\/05\/img_20150305_200840-copie.jpg","contentUrl":"https:\/\/paleo-energetique.org\/wp-content\/uploads\/2015\/05\/img_20150305_200840-copie.jpg"},{"@type":"BreadcrumbList","@id":"https:\/\/paleo-energetique.org\/es\/donar\/#breadcrumb","itemListElement":[{"@type":"ListItem","position":1,"name":"Accueil","item":"https:\/\/paleo-energetique.org\/es\/"},{"@type":"ListItem","position":2,"name":"Participar"}]},{"@type":"WebSite","@id":"https:\/\/paleo-energetique.org\/#website","url":"https:\/\/paleo-energetique.org\/","name":"Pal\u00e9o-Energ\u00e9tique","description":"R\u00e9inventer l&#039;Histoire de L&#039;\u00e9nergie","potentialAction":[{"@type":"SearchAction","target":{"@type":"EntryPoint","urlTemplate":"https:\/\/paleo-energetique.org\/?s={search_term_string}"},"query-input":{"@type":"PropertyValueSpecification","valueRequired":true,"valueName":"search_term_string"}}],"inLanguage":"es"}]}},"_links":{"self":[{"href":"https:\/\/paleo-energetique.org\/es\/wp-json\/wp\/v2\/pages\/808","targetHints":{"allow":["GET"]}}],"collection":[{"href":"https:\/\/paleo-energetique.org\/es\/wp-json\/wp\/v2\/pages"}],"about":[{"href":"https:\/\/paleo-energetique.org\/es\/wp-json\/wp\/v2\/types\/page"}],"author":[{"embeddable":true,"href":"https:\/\/paleo-energetique.org\/es\/wp-json\/wp\/v2\/users\/1"}],"replies":[{"embeddable":true,"href":"https:\/\/paleo-energetique.org\/es\/wp-json\/wp\/v2\/comments?post=808"}],"version-history":[{"count":0,"href":"https:\/\/paleo-energetique.org\/es\/wp-json\/wp\/v2\/pages\/808\/revisions"}],"wp:attachment":[{"href":"https:\/\/paleo-energetique.org\/es\/wp-json\/wp\/v2\/media?parent=808"}],"curies":[{"name":"wp","href":"https:\/\/api.w.org\/{rel}","templated":true}]}}