{"id":757,"date":"2016-06-12T18:32:55","date_gmt":"2016-06-12T18:32:55","guid":{"rendered":"http:\/\/paleo-energetique.org\/?page_id=757&#038;lang=es"},"modified":"2016-08-30T15:54:09","modified_gmt":"2016-08-30T15:54:09","slug":"acerca-de","status":"publish","type":"page","link":"https:\/\/paleo-energetique.org\/es\/acerca-de\/","title":{"rendered":"ACERCA DE"},"content":{"rendered":"<p>&nbsp;<\/p>\n<p style=\"text-align: center;\"><strong>El paleo-Energ\u00e9tico: la histor\u00eda de la energ\u00eda.<\/strong><\/p>\n<p style=\"text-align: center;\">Re descubriendo la tecnolog\u00eda perdida u olvidada, exponiendo la capacidad de innovaci\u00f3n, re tomando las invenciones olvidadas, locales, decentralizadas y aquellas innovaciones sociales inesperadas. Esta investigaci\u00f3n desea incluir la inteligencia colectiva de todas las personas y as\u00ed colaborar a este proyecto difgital.<\/p>\n<p>&nbsp;<\/p>\n<p><iframe title=\"Paleo energ\u00e9tico en Ushuaia TV\" width=\"612\" height=\"344\" src=\"https:\/\/www.youtube.com\/embed\/YlKx2e1NmRo?feature=oembed\" frameborder=\"0\" allow=\"accelerometer; autoplay; clipboard-write; encrypted-media; gyroscope; picture-in-picture; web-share\" referrerpolicy=\"strict-origin-when-cross-origin\" allowfullscreen><\/iframe><\/p>\n<p><\/center><br \/>\n<div class=\"threecol-one\"><strong>\u00bfTal vez conoces?<\/strong><\/p>\n<p>Una creaci\u00f3n social o t\u00e9cnica relacionada con la energ\u00eda, o \u00bfconoces a alguien que haya creado una innovaci\u00f3n que ofrezca una soluci\u00f3n, pero que ha sido ignorada u olvidada?<\/p>\n<\/div> <div class=\"threecol-one\"><strong>LAS PALEO- INVENCIONES<\/strong><\/p>\n<p>En la l\u00ednea de tiempo de las invenciones, puedes descubrir una selecci\u00f3n de nuestros paleo-h\u00e9roes, as\u00ed como el de las personas que los exhumaron\/ identificaron \/ encontraron.<\/p>\n<\/div> <div class=\"threecol-one last\"><strong>\u00bfC\u00d3MO ENVIAR UNA PALEO-INVENCI\u00d3N?<\/strong><\/p>\n<p>Vaya a la r\u00fabrica PROPONER para compartir con nosotros una paleo-invenci\u00f3n, tu Paleo- h\u00e9roe o la hero\u00edna exhumada.<\/p>\n<\/div><div class=\"clear\"><\/div><\/p>\n<p>&nbsp;<\/p>\n<p><iframe title=\"Inteligencia colectiva al servicio de la Transici\u00f3n energ\u00e9tica - C\u00e9dric Carles TEDx 2015\" width=\"612\" height=\"344\" src=\"https:\/\/www.youtube.com\/embed\/0ssSJiQPgpM?feature=oembed\" frameborder=\"0\" allow=\"accelerometer; autoplay; clipboard-write; encrypted-media; gyroscope; picture-in-picture; web-share\" referrerpolicy=\"strict-origin-when-cross-origin\" allowfullscreen><\/iframe><\/p>\n<p>&nbsp;<\/p>\n<p style=\"text-align: justify;\">La historia de la energ\u00eda no es lineal ni darwiniana. Est\u00e1 llena de fant\u00e1sticas innovaciones olvidadas que no fueron generalizadas en su debido tiempo, lo m\u00e1s interesante es que ya solucionaban a problem\u00e1ticas contempor\u00e1neas. Existen numerosos ejemplos:<\/p>\n<ul>\n<li style=\"text-align: justify;\">En 1974, en Holanda comenzaron con el proyecto de veh\u00edculos el\u00e9ctricos de libre servicio.<\/li>\n<li style=\"text-align: justify;\">El mismo a\u00f1o en La Rochelle comenzaron con las bicicletas de libre servicio.<\/li>\n<li style=\"text-align: justify;\">En la Exposici\u00f3n Universal de 1878 fueron presentados los primeros concentradores solares t\u00e9rmicos en Tours dise\u00f1ados por el profesor Augustin Mouchot.<\/li>\n<li style=\"text-align: justify;\">En 1979, Jean-Luc Perrier, profesor de la Universidad Cat\u00f3lica de Angers, construy\u00f3 un veh\u00edculo que funcionaba a hidr\u00f3geno producido con energ\u00eda solar y que solo expulsaba vapor de agua.<\/li>\n<\/ul>\n<p style=\"text-align: justify;\">Mientras que los tranv\u00edas, trenes y aeronaves magn\u00e9ticos volv\u00edan a la moda, esta investigaci\u00f3n propone una inmersi\u00f3n en la historia olvidada de la energ\u00eda.<\/p>\n<p style=\"text-align: left;\"><a href=\"http:\/\/www.paleo-energetique.org\/wp-content\/uploads\/2015\/01\/mouchot-pifre_presse-a-concentration-solaire.jpg\" rel=\"attachment wp-att-334\"><img fetchpriority=\"high\" decoding=\"async\" class=\"alignnone wp-image-334 size-medium\" src=\"http:\/\/www.paleo-energetique.org\/wp-content\/uploads\/2015\/01\/mouchot-pifre_presse-a-concentration-solaire-300x249.jpg\" alt=\"mouchot-pifre_presse-a-concentration-solaire\" width=\"300\" height=\"249\" \/><\/a>\u00a0 \u00a0<a href=\"http:\/\/www.paleo-energetique.org\/wp-content\/uploads\/2014\/12\/2cv-sedan.png\" rel=\"attachment wp-att-279\"><img decoding=\"async\" class=\"alignnone wp-image-279\" src=\"http:\/\/www.paleo-energetique.org\/wp-content\/uploads\/2014\/12\/2cv-sedan-300x242.png\" alt=\"2cv sedan\" width=\"309\" height=\"249\" srcset=\"https:\/\/paleo-energetique.org\/wp-content\/uploads\/2014\/12\/2cv-sedan-300x242.png 300w, https:\/\/paleo-energetique.org\/wp-content\/uploads\/2014\/12\/2cv-sedan-1024x826.png 1024w, https:\/\/paleo-energetique.org\/wp-content\/uploads\/2014\/12\/2cv-sedan.png 1301w\" sizes=\"(max-width: 309px) 100vw, 309px\" \/><\/a>\u00a0\u00a0<a href=\"http:\/\/www.paleo-energetique.org\/wp-content\/uploads\/2014\/12\/86680619_p.jpg\" rel=\"attachment wp-att-511\"><img decoding=\"async\" class=\"alignnone wp-image-511\" src=\"http:\/\/www.paleo-energetique.org\/wp-content\/uploads\/2014\/12\/86680619_p-300x200.jpg\" alt=\"86680619_p\" width=\"374\" height=\"249\" srcset=\"https:\/\/paleo-energetique.org\/wp-content\/uploads\/2014\/12\/86680619_p-300x200.jpg 300w, https:\/\/paleo-energetique.org\/wp-content\/uploads\/2014\/12\/86680619_p.jpg 600w\" sizes=\"(max-width: 374px) 100vw, 374px\" \/><\/a>\u00a0\u00a0<a href=\"http:\/\/www.paleo-energetique.org\/wp-content\/uploads\/2014\/12\/1218656016afqkct-1.jpg\" rel=\"attachment wp-att-578\"><img loading=\"lazy\" decoding=\"async\" class=\"alignnone wp-image-578\" src=\"http:\/\/www.paleo-energetique.org\/wp-content\/uploads\/2014\/12\/1218656016afqkct-1-300x208.jpg\" alt=\"1218656016AfqKCT (1)\" width=\"359\" height=\"249\" \/><\/a><\/p>\n<p style=\"text-align: left;\">\u00bfCu\u00e1les son los contextos para la aparici\u00f3n de estas invenciones, acaso, las crisis son oportunidades para la creatividad? Esta investigaci\u00f3n de la historia de la energ\u00eda intenta comprender y analizar los diferentes contextos que permitieron o no, la generalizaci\u00f3n y el \u00e9xito de algunas innovaciones de energ\u00eda.<\/p>\n<p>&nbsp;<\/p>\n","protected":false},"excerpt":{"rendered":"<p>&nbsp; El paleo-Energ\u00e9tico: la histor\u00eda de la energ\u00eda. Re descubriendo la tecnolog\u00eda perdida u olvidada, exponiendo la capacidad de innovaci\u00f3n, re tomando las invenciones olvidadas, locales, decentralizadas y aquellas innovaciones sociales inesperadas. Esta investigaci\u00f3n desea incluir la inteligencia colectiva de todas las personas y as\u00ed [&hellip;]<\/p>\n","protected":false},"author":1,"featured_media":0,"parent":0,"menu_order":0,"comment_status":"closed","ping_status":"open","template":"","meta":{"_acf_changed":false,"footnotes":""},"tags":[],"class_list":["post-757","page","type-page","status-publish","hentry"],"acf":[],"yoast_head":"<!-- This site is optimized with the Yoast SEO plugin v26.0 - https:\/\/yoast.com\/wordpress\/plugins\/seo\/ -->\n<title>ACERCA DE - Pal\u00e9o-Energ\u00e9tique<\/title>\n<meta name=\"robots\" content=\"index, follow, max-snippet:-1, max-image-preview:large, max-video-preview:-1\" \/>\n<link rel=\"canonical\" href=\"https:\/\/paleo-energetique.org\/es\/acerca-de\/\" \/>\n<meta property=\"og:locale\" content=\"es_ES\" \/>\n<meta property=\"og:type\" content=\"article\" \/>\n<meta property=\"og:title\" content=\"ACERCA DE - Pal\u00e9o-Energ\u00e9tique\" \/>\n<meta property=\"og:description\" content=\"&nbsp; El paleo-Energ\u00e9tico: la histor\u00eda de la energ\u00eda. Re descubriendo la tecnolog\u00eda perdida u olvidada, exponiendo la capacidad de innovaci\u00f3n, re tomando las invenciones olvidadas, locales, decentralizadas y aquellas innovaciones sociales inesperadas. Esta investigaci\u00f3n desea incluir la inteligencia colectiva de todas las personas y as\u00ed [&hellip;]\" \/>\n<meta property=\"og:url\" content=\"https:\/\/paleo-energetique.org\/es\/acerca-de\/\" \/>\n<meta property=\"og:site_name\" content=\"Pal\u00e9o-Energ\u00e9tique\" \/>\n<meta property=\"article:publisher\" content=\"https:\/\/www.facebook.com\/paleoenergie\/\" \/>\n<meta property=\"article:modified_time\" content=\"2016-08-30T15:54:09+00:00\" \/>\n<meta property=\"og:image\" content=\"https:\/\/paleo-energetique.org\/wp-content\/uploads\/2015\/01\/mouchot-pifre_presse-a-concentration-solaire.jpg\" \/>\n\t<meta property=\"og:image:width\" content=\"650\" \/>\n\t<meta property=\"og:image:height\" content=\"540\" \/>\n\t<meta property=\"og:image:type\" content=\"image\/jpeg\" \/>\n<meta name=\"twitter:card\" content=\"summary_large_image\" \/>\n<meta name=\"twitter:label1\" content=\"Tiempo de lectura\" \/>\n\t<meta name=\"twitter:data1\" content=\"2 minutos\" \/>\n<script type=\"application\/ld+json\" class=\"yoast-schema-graph\">{\"@context\":\"https:\/\/schema.org\",\"@graph\":[{\"@type\":\"WebPage\",\"@id\":\"https:\/\/paleo-energetique.org\/es\/acerca-de\/\",\"url\":\"https:\/\/paleo-energetique.org\/es\/acerca-de\/\",\"name\":\"ACERCA DE - Pal\u00e9o-Energ\u00e9tique\",\"isPartOf\":{\"@id\":\"https:\/\/paleo-energetique.org\/#website\"},\"primaryImageOfPage\":{\"@id\":\"https:\/\/paleo-energetique.org\/es\/acerca-de\/#primaryimage\"},\"image\":{\"@id\":\"https:\/\/paleo-energetique.org\/es\/acerca-de\/#primaryimage\"},\"thumbnailUrl\":\"http:\/\/www.paleo-energetique.org\/wp-content\/uploads\/2015\/01\/mouchot-pifre_presse-a-concentration-solaire-300x249.jpg\",\"datePublished\":\"2016-06-12T18:32:55+00:00\",\"dateModified\":\"2016-08-30T15:54:09+00:00\",\"breadcrumb\":{\"@id\":\"https:\/\/paleo-energetique.org\/es\/acerca-de\/#breadcrumb\"},\"inLanguage\":\"es\",\"potentialAction\":[{\"@type\":\"ReadAction\",\"target\":[\"https:\/\/paleo-energetique.org\/es\/acerca-de\/\"]}]},{\"@type\":\"ImageObject\",\"inLanguage\":\"es\",\"@id\":\"https:\/\/paleo-energetique.org\/es\/acerca-de\/#primaryimage\",\"url\":\"http:\/\/www.paleo-energetique.org\/wp-content\/uploads\/2015\/01\/mouchot-pifre_presse-a-concentration-solaire-300x249.jpg\",\"contentUrl\":\"http:\/\/www.paleo-energetique.org\/wp-content\/uploads\/2015\/01\/mouchot-pifre_presse-a-concentration-solaire-300x249.jpg\"},{\"@type\":\"BreadcrumbList\",\"@id\":\"https:\/\/paleo-energetique.org\/es\/acerca-de\/#breadcrumb\",\"itemListElement\":[{\"@type\":\"ListItem\",\"position\":1,\"name\":\"Accueil\",\"item\":\"https:\/\/paleo-energetique.org\/es\/\"},{\"@type\":\"ListItem\",\"position\":2,\"name\":\"ACERCA DE\"}]},{\"@type\":\"WebSite\",\"@id\":\"https:\/\/paleo-energetique.org\/#website\",\"url\":\"https:\/\/paleo-energetique.org\/\",\"name\":\"Pal\u00e9o-Energ\u00e9tique\",\"description\":\"R\u00e9inventer l&#039;Histoire de L&#039;\u00e9nergie\",\"potentialAction\":[{\"@type\":\"SearchAction\",\"target\":{\"@type\":\"EntryPoint\",\"urlTemplate\":\"https:\/\/paleo-energetique.org\/?s={search_term_string}\"},\"query-input\":{\"@type\":\"PropertyValueSpecification\",\"valueRequired\":true,\"valueName\":\"search_term_string\"}}],\"inLanguage\":\"es\"}]}<\/script>\n<!-- \/ Yoast SEO plugin. -->","yoast_head_json":{"title":"ACERCA DE - Pal\u00e9o-Energ\u00e9tique","robots":{"index":"index","follow":"follow","max-snippet":"max-snippet:-1","max-image-preview":"max-image-preview:large","max-video-preview":"max-video-preview:-1"},"canonical":"https:\/\/paleo-energetique.org\/es\/acerca-de\/","og_locale":"es_ES","og_type":"article","og_title":"ACERCA DE - Pal\u00e9o-Energ\u00e9tique","og_description":"&nbsp; El paleo-Energ\u00e9tico: la histor\u00eda de la energ\u00eda. Re descubriendo la tecnolog\u00eda perdida u olvidada, exponiendo la capacidad de innovaci\u00f3n, re tomando las invenciones olvidadas, locales, decentralizadas y aquellas innovaciones sociales inesperadas. Esta investigaci\u00f3n desea incluir la inteligencia colectiva de todas las personas y as\u00ed [&hellip;]","og_url":"https:\/\/paleo-energetique.org\/es\/acerca-de\/","og_site_name":"Pal\u00e9o-Energ\u00e9tique","article_publisher":"https:\/\/www.facebook.com\/paleoenergie\/","article_modified_time":"2016-08-30T15:54:09+00:00","og_image":[{"width":650,"height":540,"url":"https:\/\/paleo-energetique.org\/wp-content\/uploads\/2015\/01\/mouchot-pifre_presse-a-concentration-solaire.jpg","type":"image\/jpeg"}],"twitter_card":"summary_large_image","twitter_misc":{"Tiempo de lectura":"2 minutos"},"schema":{"@context":"https:\/\/schema.org","@graph":[{"@type":"WebPage","@id":"https:\/\/paleo-energetique.org\/es\/acerca-de\/","url":"https:\/\/paleo-energetique.org\/es\/acerca-de\/","name":"ACERCA DE - Pal\u00e9o-Energ\u00e9tique","isPartOf":{"@id":"https:\/\/paleo-energetique.org\/#website"},"primaryImageOfPage":{"@id":"https:\/\/paleo-energetique.org\/es\/acerca-de\/#primaryimage"},"image":{"@id":"https:\/\/paleo-energetique.org\/es\/acerca-de\/#primaryimage"},"thumbnailUrl":"http:\/\/www.paleo-energetique.org\/wp-content\/uploads\/2015\/01\/mouchot-pifre_presse-a-concentration-solaire-300x249.jpg","datePublished":"2016-06-12T18:32:55+00:00","dateModified":"2016-08-30T15:54:09+00:00","breadcrumb":{"@id":"https:\/\/paleo-energetique.org\/es\/acerca-de\/#breadcrumb"},"inLanguage":"es","potentialAction":[{"@type":"ReadAction","target":["https:\/\/paleo-energetique.org\/es\/acerca-de\/"]}]},{"@type":"ImageObject","inLanguage":"es","@id":"https:\/\/paleo-energetique.org\/es\/acerca-de\/#primaryimage","url":"http:\/\/www.paleo-energetique.org\/wp-content\/uploads\/2015\/01\/mouchot-pifre_presse-a-concentration-solaire-300x249.jpg","contentUrl":"http:\/\/www.paleo-energetique.org\/wp-content\/uploads\/2015\/01\/mouchot-pifre_presse-a-concentration-solaire-300x249.jpg"},{"@type":"BreadcrumbList","@id":"https:\/\/paleo-energetique.org\/es\/acerca-de\/#breadcrumb","itemListElement":[{"@type":"ListItem","position":1,"name":"Accueil","item":"https:\/\/paleo-energetique.org\/es\/"},{"@type":"ListItem","position":2,"name":"ACERCA DE"}]},{"@type":"WebSite","@id":"https:\/\/paleo-energetique.org\/#website","url":"https:\/\/paleo-energetique.org\/","name":"Pal\u00e9o-Energ\u00e9tique","description":"R\u00e9inventer l&#039;Histoire de L&#039;\u00e9nergie","potentialAction":[{"@type":"SearchAction","target":{"@type":"EntryPoint","urlTemplate":"https:\/\/paleo-energetique.org\/?s={search_term_string}"},"query-input":{"@type":"PropertyValueSpecification","valueRequired":true,"valueName":"search_term_string"}}],"inLanguage":"es"}]}},"_links":{"self":[{"href":"https:\/\/paleo-energetique.org\/es\/wp-json\/wp\/v2\/pages\/757","targetHints":{"allow":["GET"]}}],"collection":[{"href":"https:\/\/paleo-energetique.org\/es\/wp-json\/wp\/v2\/pages"}],"about":[{"href":"https:\/\/paleo-energetique.org\/es\/wp-json\/wp\/v2\/types\/page"}],"author":[{"embeddable":true,"href":"https:\/\/paleo-energetique.org\/es\/wp-json\/wp\/v2\/users\/1"}],"replies":[{"embeddable":true,"href":"https:\/\/paleo-energetique.org\/es\/wp-json\/wp\/v2\/comments?post=757"}],"version-history":[{"count":0,"href":"https:\/\/paleo-energetique.org\/es\/wp-json\/wp\/v2\/pages\/757\/revisions"}],"wp:attachment":[{"href":"https:\/\/paleo-energetique.org\/es\/wp-json\/wp\/v2\/media?parent=757"}],"wp:term":[{"taxonomy":"post_tag","embeddable":true,"href":"https:\/\/paleo-energetique.org\/es\/wp-json\/wp\/v2\/tags?post=757"}],"curies":[{"name":"wp","href":"https:\/\/api.w.org\/{rel}","templated":true}]}}