{"id":749,"date":"2016-06-12T18:09:01","date_gmt":"2016-06-12T18:09:01","guid":{"rendered":"http:\/\/paleo-energetique.org\/es\/?page_id=749"},"modified":"2024-11-22T13:21:22","modified_gmt":"2024-11-22T13:21:22","slug":"linea-de-tiempo","status":"publish","type":"page","link":"https:\/\/paleo-energetique.org\/es\/","title":{"rendered":"LINEA DE TIEMPO"},"content":{"rendered":"<\/div>\n\n    <div id=\"timeline-embed\"><\/div>\n    <script type=\"text\/javascript\">\/\/ <![CDATA[\n        var timeline_config = {\n            width: \"100%\",\n            height: \"100\",\n            source: \"https:\/\/paleo-energetique.org\/es\/api\/timelinees\/category_postses\/?main_post_id=1429\",\n            embed_id: \"timeline-embed\",\n            start_at_end: false,\n            start_at_slide: \"0\",\n            start_zoom_adjust: \"\",\n            initial_zoom:\"2\",\n            hash_bookmark: false,\n            font: \"Default\",\n            debug: false,\n            lang: \"es\",\n\t\t\tmaptype: \"\",\n\t\t\tscript_path: \"https:\/\/paleo-energetique.org\/wp-content\/plugins\/knight-lab-timelinejs\/v3\/js\/\"\n        }\n\/\/ ]]><\/script>\n        \n","protected":false},"excerpt":{"rendered":"","protected":false},"author":1,"featured_media":244,"parent":0,"menu_order":0,"comment_status":"closed","ping_status":"open","template":"","meta":{"_acf_changed":false,"footnotes":""},"tags":[],"class_list":["post-749","page","type-page","status-publish","has-post-thumbnail","hentry"],"acf":[],"yoast_head":"<!-- This site is optimized with the Yoast SEO plugin v26.0 - https:\/\/yoast.com\/wordpress\/plugins\/seo\/ -->\n<title>LINEA DE TIEMPO - Pal\u00e9o-Energ\u00e9tique<\/title>\n<meta name=\"robots\" content=\"index, follow, max-snippet:-1, max-image-preview:large, max-video-preview:-1\" \/>\n<link rel=\"canonical\" href=\"https:\/\/paleo-energetique.org\/es\/\" \/>\n<meta property=\"og:locale\" content=\"es_ES\" \/>\n<meta property=\"og:type\" content=\"article\" \/>\n<meta property=\"og:title\" content=\"LINEA DE TIEMPO - Pal\u00e9o-Energ\u00e9tique\" \/>\n<meta property=\"og:url\" content=\"https:\/\/paleo-energetique.org\/es\/\" \/>\n<meta property=\"og:site_name\" content=\"Pal\u00e9o-Energ\u00e9tique\" \/>\n<meta property=\"article:publisher\" content=\"https:\/\/www.facebook.com\/paleoenergie\/\" \/>\n<meta property=\"article:modified_time\" content=\"2024-11-22T13:21:22+00:00\" \/>\n<meta property=\"og:image\" content=\"https:\/\/paleo-energetique.org\/wp-content\/uploads\/2015\/02\/logo2.png\" \/>\n\t<meta property=\"og:image:width\" content=\"300\" \/>\n\t<meta property=\"og:image:height\" content=\"300\" \/>\n\t<meta property=\"og:image:type\" content=\"image\/png\" \/>\n<meta name=\"twitter:card\" content=\"summary_large_image\" \/>\n<meta name=\"twitter:label1\" content=\"Tiempo de lectura\" \/>\n\t<meta name=\"twitter:data1\" content=\"1 minuto\" \/>\n<script type=\"application\/ld+json\" class=\"yoast-schema-graph\">{\"@context\":\"https:\/\/schema.org\",\"@graph\":[{\"@type\":\"WebPage\",\"@id\":\"https:\/\/paleo-energetique.org\/es\/\",\"url\":\"https:\/\/paleo-energetique.org\/es\/\",\"name\":\"LINEA DE TIEMPO - Pal\u00e9o-Energ\u00e9tique\",\"isPartOf\":{\"@id\":\"https:\/\/paleo-energetique.org\/#website\"},\"primaryImageOfPage\":{\"@id\":\"https:\/\/paleo-energetique.org\/es\/#primaryimage\"},\"image\":{\"@id\":\"https:\/\/paleo-energetique.org\/es\/#primaryimage\"},\"thumbnailUrl\":\"https:\/\/paleo-energetique.org\/wp-content\/uploads\/2015\/02\/logo2.png\",\"datePublished\":\"2016-06-12T18:09:01+00:00\",\"dateModified\":\"2024-11-22T13:21:22+00:00\",\"breadcrumb\":{\"@id\":\"https:\/\/paleo-energetique.org\/es\/#breadcrumb\"},\"inLanguage\":\"es\",\"potentialAction\":[{\"@type\":\"ReadAction\",\"target\":[\"https:\/\/paleo-energetique.org\/es\/\"]}]},{\"@type\":\"ImageObject\",\"inLanguage\":\"es\",\"@id\":\"https:\/\/paleo-energetique.org\/es\/#primaryimage\",\"url\":\"https:\/\/paleo-energetique.org\/wp-content\/uploads\/2015\/02\/logo2.png\",\"contentUrl\":\"https:\/\/paleo-energetique.org\/wp-content\/uploads\/2015\/02\/logo2.png\",\"width\":300,\"height\":300},{\"@type\":\"BreadcrumbList\",\"@id\":\"https:\/\/paleo-energetique.org\/es\/#breadcrumb\",\"itemListElement\":[{\"@type\":\"ListItem\",\"position\":1,\"name\":\"Accueil\",\"item\":\"https:\/\/paleo-energetique.org\/es\/\"},{\"@type\":\"ListItem\",\"position\":2,\"name\":\"LINEA DE TIEMPO\"}]},{\"@type\":\"WebSite\",\"@id\":\"https:\/\/paleo-energetique.org\/#website\",\"url\":\"https:\/\/paleo-energetique.org\/\",\"name\":\"Pal\u00e9o-Energ\u00e9tique\",\"description\":\"R\u00e9inventer l&#039;Histoire de L&#039;\u00e9nergie\",\"potentialAction\":[{\"@type\":\"SearchAction\",\"target\":{\"@type\":\"EntryPoint\",\"urlTemplate\":\"https:\/\/paleo-energetique.org\/?s={search_term_string}\"},\"query-input\":{\"@type\":\"PropertyValueSpecification\",\"valueRequired\":true,\"valueName\":\"search_term_string\"}}],\"inLanguage\":\"es\"}]}<\/script>\n<!-- \/ Yoast SEO plugin. -->","yoast_head_json":{"title":"LINEA DE TIEMPO - Pal\u00e9o-Energ\u00e9tique","robots":{"index":"index","follow":"follow","max-snippet":"max-snippet:-1","max-image-preview":"max-image-preview:large","max-video-preview":"max-video-preview:-1"},"canonical":"https:\/\/paleo-energetique.org\/es\/","og_locale":"es_ES","og_type":"article","og_title":"LINEA DE TIEMPO - Pal\u00e9o-Energ\u00e9tique","og_url":"https:\/\/paleo-energetique.org\/es\/","og_site_name":"Pal\u00e9o-Energ\u00e9tique","article_publisher":"https:\/\/www.facebook.com\/paleoenergie\/","article_modified_time":"2024-11-22T13:21:22+00:00","og_image":[{"width":300,"height":300,"url":"https:\/\/paleo-energetique.org\/wp-content\/uploads\/2015\/02\/logo2.png","type":"image\/png"}],"twitter_card":"summary_large_image","twitter_misc":{"Tiempo de lectura":"1 minuto"},"schema":{"@context":"https:\/\/schema.org","@graph":[{"@type":"WebPage","@id":"https:\/\/paleo-energetique.org\/es\/","url":"https:\/\/paleo-energetique.org\/es\/","name":"LINEA DE TIEMPO - Pal\u00e9o-Energ\u00e9tique","isPartOf":{"@id":"https:\/\/paleo-energetique.org\/#website"},"primaryImageOfPage":{"@id":"https:\/\/paleo-energetique.org\/es\/#primaryimage"},"image":{"@id":"https:\/\/paleo-energetique.org\/es\/#primaryimage"},"thumbnailUrl":"https:\/\/paleo-energetique.org\/wp-content\/uploads\/2015\/02\/logo2.png","datePublished":"2016-06-12T18:09:01+00:00","dateModified":"2024-11-22T13:21:22+00:00","breadcrumb":{"@id":"https:\/\/paleo-energetique.org\/es\/#breadcrumb"},"inLanguage":"es","potentialAction":[{"@type":"ReadAction","target":["https:\/\/paleo-energetique.org\/es\/"]}]},{"@type":"ImageObject","inLanguage":"es","@id":"https:\/\/paleo-energetique.org\/es\/#primaryimage","url":"https:\/\/paleo-energetique.org\/wp-content\/uploads\/2015\/02\/logo2.png","contentUrl":"https:\/\/paleo-energetique.org\/wp-content\/uploads\/2015\/02\/logo2.png","width":300,"height":300},{"@type":"BreadcrumbList","@id":"https:\/\/paleo-energetique.org\/es\/#breadcrumb","itemListElement":[{"@type":"ListItem","position":1,"name":"Accueil","item":"https:\/\/paleo-energetique.org\/es\/"},{"@type":"ListItem","position":2,"name":"LINEA DE TIEMPO"}]},{"@type":"WebSite","@id":"https:\/\/paleo-energetique.org\/#website","url":"https:\/\/paleo-energetique.org\/","name":"Pal\u00e9o-Energ\u00e9tique","description":"R\u00e9inventer l&#039;Histoire de L&#039;\u00e9nergie","potentialAction":[{"@type":"SearchAction","target":{"@type":"EntryPoint","urlTemplate":"https:\/\/paleo-energetique.org\/?s={search_term_string}"},"query-input":{"@type":"PropertyValueSpecification","valueRequired":true,"valueName":"search_term_string"}}],"inLanguage":"es"}]}},"_links":{"self":[{"href":"https:\/\/paleo-energetique.org\/es\/wp-json\/wp\/v2\/pages\/749","targetHints":{"allow":["GET"]}}],"collection":[{"href":"https:\/\/paleo-energetique.org\/es\/wp-json\/wp\/v2\/pages"}],"about":[{"href":"https:\/\/paleo-energetique.org\/es\/wp-json\/wp\/v2\/types\/page"}],"author":[{"embeddable":true,"href":"https:\/\/paleo-energetique.org\/es\/wp-json\/wp\/v2\/users\/1"}],"replies":[{"embeddable":true,"href":"https:\/\/paleo-energetique.org\/es\/wp-json\/wp\/v2\/comments?post=749"}],"version-history":[{"count":1,"href":"https:\/\/paleo-energetique.org\/es\/wp-json\/wp\/v2\/pages\/749\/revisions"}],"predecessor-version":[{"id":6662,"href":"https:\/\/paleo-energetique.org\/es\/wp-json\/wp\/v2\/pages\/749\/revisions\/6662"}],"wp:featuredmedia":[{"embeddable":true,"href":"https:\/\/paleo-energetique.org\/es\/wp-json\/wp\/v2\/media\/244"}],"wp:attachment":[{"href":"https:\/\/paleo-energetique.org\/es\/wp-json\/wp\/v2\/media?parent=749"}],"wp:term":[{"taxonomy":"post_tag","embeddable":true,"href":"https:\/\/paleo-energetique.org\/es\/wp-json\/wp\/v2\/tags?post=749"}],"curies":[{"name":"wp","href":"https:\/\/api.w.org\/{rel}","templated":true}]}}