{"id":5857,"date":"2022-03-31T21:00:19","date_gmt":"2022-03-31T21:00:19","guid":{"rendered":"https:\/\/paleo-energetique.org\/?page_id=5857"},"modified":"2022-03-31T21:00:19","modified_gmt":"2022-03-31T21:00:19","slug":"juego-de-carteles","status":"publish","type":"page","link":"https:\/\/paleo-energetique.org\/es\/donar\/juego-de-carteles\/","title":{"rendered":"Juego de carteles"},"content":{"rendered":"<p>&nbsp;<\/p>\n<h2 style=\"text-align: center;\"><span style=\"color: #000000;\">CONVOCATORIA DE PARTICIPACI\u00d3N<\/span><\/h2>\n<p style=\"text-align: center;\">Como parte de nuestro proyecto de investigaci\u00f3n participativa y ciudadana en el campo de la energ\u00eda, puedes descargar nuestro kit de \u00abllamada a la participaci\u00f3n\u00bb para imprimirlo y exhibirlo para ayudarnos a encontrar viejos inventos, viejas innovaciones sociales e imaginarios colectivos.<\/p>\n<p style=\"text-align: center;\"><span style=\"color: #3366ff;\"><a href=\"https:\/\/paleo-energetique.org\/kif-affiche.jpg\" target=\"_blank\" class=\"myButton\" rel=\"noopener\">DESCARGAR<\/a><\/span><\/p>\n<p style=\"text-align: center;\"><img fetchpriority=\"high\" decoding=\"async\" class=\"alignnone wp-image-2780\" src=\"https:\/\/paleo-energetique.org\/wp-content\/uploads\/2018\/10\/Afficheappelaparticipation.jpg\" alt=\"\" width=\"700\" height=\"989\" srcset=\"https:\/\/paleo-energetique.org\/wp-content\/uploads\/2018\/10\/Afficheappelaparticipation.jpg 1123w, https:\/\/paleo-energetique.org\/wp-content\/uploads\/2018\/10\/Afficheappelaparticipation-184x260.jpg 184w, https:\/\/paleo-energetique.org\/wp-content\/uploads\/2018\/10\/Afficheappelaparticipation-768x1085.jpg 768w, https:\/\/paleo-energetique.org\/wp-content\/uploads\/2018\/10\/Afficheappelaparticipation-725x1024.jpg 725w, https:\/\/paleo-energetique.org\/wp-content\/uploads\/2018\/10\/Afficheappelaparticipation-600x848.jpg 600w\" sizes=\"(max-width: 700px) 100vw, 700px\" \/><\/p>\n<p>&nbsp;<\/p>\n","protected":false},"excerpt":{"rendered":"<p>&nbsp; CONVOCATORIA DE PARTICIPACI\u00d3N Como parte de nuestro proyecto de investigaci\u00f3n participativa y ciudadana en el campo de la energ\u00eda, puedes descargar nuestro kit de \u00abllamada a la participaci\u00f3n\u00bb para imprimirlo y exhibirlo para ayudarnos a encontrar viejos inventos, viejas innovaciones sociales e imaginarios colectivos. [&hellip;]<\/p>\n","protected":false},"author":2,"featured_media":0,"parent":808,"menu_order":0,"comment_status":"closed","ping_status":"closed","template":"","meta":{"_acf_changed":false,"footnotes":""},"tags":[],"class_list":["post-5857","page","type-page","status-publish","hentry"],"acf":[],"yoast_head":"<!-- This site is optimized with the Yoast SEO plugin v26.0 - https:\/\/yoast.com\/wordpress\/plugins\/seo\/ -->\n<title>Juego de carteles - Pal\u00e9o-Energ\u00e9tique<\/title>\n<meta name=\"robots\" content=\"index, follow, max-snippet:-1, max-image-preview:large, max-video-preview:-1\" \/>\n<link rel=\"canonical\" href=\"https:\/\/paleo-energetique.org\/es\/exposiciones\/juego-de-carteles\/\" \/>\n<meta property=\"og:locale\" content=\"es_ES\" \/>\n<meta property=\"og:type\" content=\"article\" \/>\n<meta property=\"og:title\" content=\"Juego de carteles - Pal\u00e9o-Energ\u00e9tique\" \/>\n<meta property=\"og:description\" content=\"&nbsp; CONVOCATORIA DE PARTICIPACI\u00d3N Como parte de nuestro proyecto de investigaci\u00f3n participativa y ciudadana en el campo de la energ\u00eda, puedes descargar nuestro kit de \u00abllamada a la participaci\u00f3n\u00bb para imprimirlo y exhibirlo para ayudarnos a encontrar viejos inventos, viejas innovaciones sociales e imaginarios colectivos. [&hellip;]\" \/>\n<meta property=\"og:url\" content=\"https:\/\/paleo-energetique.org\/es\/exposiciones\/juego-de-carteles\/\" \/>\n<meta property=\"og:site_name\" content=\"Pal\u00e9o-Energ\u00e9tique\" \/>\n<meta property=\"article:publisher\" content=\"https:\/\/www.facebook.com\/paleoenergie\/\" \/>\n<meta property=\"og:image\" content=\"https:\/\/paleo-energetique.org\/wp-content\/uploads\/2018\/10\/Afficheappelaparticipation.jpg\" \/>\n<meta name=\"twitter:card\" content=\"summary_large_image\" \/>\n<script type=\"application\/ld+json\" class=\"yoast-schema-graph\">{\"@context\":\"https:\/\/schema.org\",\"@graph\":[{\"@type\":\"WebPage\",\"@id\":\"https:\/\/paleo-energetique.org\/es\/exposiciones\/juego-de-carteles\/\",\"url\":\"https:\/\/paleo-energetique.org\/es\/exposiciones\/juego-de-carteles\/\",\"name\":\"Juego de carteles - Pal\u00e9o-Energ\u00e9tique\",\"isPartOf\":{\"@id\":\"https:\/\/paleo-energetique.org\/#website\"},\"primaryImageOfPage\":{\"@id\":\"https:\/\/paleo-energetique.org\/es\/exposiciones\/juego-de-carteles\/#primaryimage\"},\"image\":{\"@id\":\"https:\/\/paleo-energetique.org\/es\/exposiciones\/juego-de-carteles\/#primaryimage\"},\"thumbnailUrl\":\"https:\/\/paleo-energetique.org\/wp-content\/uploads\/2018\/10\/Afficheappelaparticipation.jpg\",\"datePublished\":\"2022-03-31T21:00:19+00:00\",\"breadcrumb\":{\"@id\":\"https:\/\/paleo-energetique.org\/es\/exposiciones\/juego-de-carteles\/#breadcrumb\"},\"inLanguage\":\"es\",\"potentialAction\":[{\"@type\":\"ReadAction\",\"target\":[\"https:\/\/paleo-energetique.org\/es\/exposiciones\/juego-de-carteles\/\"]}]},{\"@type\":\"ImageObject\",\"inLanguage\":\"es\",\"@id\":\"https:\/\/paleo-energetique.org\/es\/exposiciones\/juego-de-carteles\/#primaryimage\",\"url\":\"https:\/\/paleo-energetique.org\/wp-content\/uploads\/2018\/10\/Afficheappelaparticipation.jpg\",\"contentUrl\":\"https:\/\/paleo-energetique.org\/wp-content\/uploads\/2018\/10\/Afficheappelaparticipation.jpg\"},{\"@type\":\"BreadcrumbList\",\"@id\":\"https:\/\/paleo-energetique.org\/es\/exposiciones\/juego-de-carteles\/#breadcrumb\",\"itemListElement\":[{\"@type\":\"ListItem\",\"position\":1,\"name\":\"Accueil\",\"item\":\"https:\/\/paleo-energetique.org\/es\/\"},{\"@type\":\"ListItem\",\"position\":2,\"name\":\"EXPOSICIONES\",\"item\":\"https:\/\/paleo-energetique.org\/es\/exposiciones\/\"},{\"@type\":\"ListItem\",\"position\":3,\"name\":\"Juego de carteles\"}]},{\"@type\":\"WebSite\",\"@id\":\"https:\/\/paleo-energetique.org\/#website\",\"url\":\"https:\/\/paleo-energetique.org\/\",\"name\":\"Pal\u00e9o-Energ\u00e9tique\",\"description\":\"R\u00e9inventer l&#039;Histoire de L&#039;\u00e9nergie\",\"potentialAction\":[{\"@type\":\"SearchAction\",\"target\":{\"@type\":\"EntryPoint\",\"urlTemplate\":\"https:\/\/paleo-energetique.org\/?s={search_term_string}\"},\"query-input\":{\"@type\":\"PropertyValueSpecification\",\"valueRequired\":true,\"valueName\":\"search_term_string\"}}],\"inLanguage\":\"es\"}]}<\/script>\n<!-- \/ Yoast SEO plugin. -->","yoast_head_json":{"title":"Juego de carteles - Pal\u00e9o-Energ\u00e9tique","robots":{"index":"index","follow":"follow","max-snippet":"max-snippet:-1","max-image-preview":"max-image-preview:large","max-video-preview":"max-video-preview:-1"},"canonical":"https:\/\/paleo-energetique.org\/es\/exposiciones\/juego-de-carteles\/","og_locale":"es_ES","og_type":"article","og_title":"Juego de carteles - Pal\u00e9o-Energ\u00e9tique","og_description":"&nbsp; CONVOCATORIA DE PARTICIPACI\u00d3N Como parte de nuestro proyecto de investigaci\u00f3n participativa y ciudadana en el campo de la energ\u00eda, puedes descargar nuestro kit de \u00abllamada a la participaci\u00f3n\u00bb para imprimirlo y exhibirlo para ayudarnos a encontrar viejos inventos, viejas innovaciones sociales e imaginarios colectivos. [&hellip;]","og_url":"https:\/\/paleo-energetique.org\/es\/exposiciones\/juego-de-carteles\/","og_site_name":"Pal\u00e9o-Energ\u00e9tique","article_publisher":"https:\/\/www.facebook.com\/paleoenergie\/","og_image":[{"url":"https:\/\/paleo-energetique.org\/wp-content\/uploads\/2018\/10\/Afficheappelaparticipation.jpg","type":"","width":"","height":""}],"twitter_card":"summary_large_image","schema":{"@context":"https:\/\/schema.org","@graph":[{"@type":"WebPage","@id":"https:\/\/paleo-energetique.org\/es\/exposiciones\/juego-de-carteles\/","url":"https:\/\/paleo-energetique.org\/es\/exposiciones\/juego-de-carteles\/","name":"Juego de carteles - Pal\u00e9o-Energ\u00e9tique","isPartOf":{"@id":"https:\/\/paleo-energetique.org\/#website"},"primaryImageOfPage":{"@id":"https:\/\/paleo-energetique.org\/es\/exposiciones\/juego-de-carteles\/#primaryimage"},"image":{"@id":"https:\/\/paleo-energetique.org\/es\/exposiciones\/juego-de-carteles\/#primaryimage"},"thumbnailUrl":"https:\/\/paleo-energetique.org\/wp-content\/uploads\/2018\/10\/Afficheappelaparticipation.jpg","datePublished":"2022-03-31T21:00:19+00:00","breadcrumb":{"@id":"https:\/\/paleo-energetique.org\/es\/exposiciones\/juego-de-carteles\/#breadcrumb"},"inLanguage":"es","potentialAction":[{"@type":"ReadAction","target":["https:\/\/paleo-energetique.org\/es\/exposiciones\/juego-de-carteles\/"]}]},{"@type":"ImageObject","inLanguage":"es","@id":"https:\/\/paleo-energetique.org\/es\/exposiciones\/juego-de-carteles\/#primaryimage","url":"https:\/\/paleo-energetique.org\/wp-content\/uploads\/2018\/10\/Afficheappelaparticipation.jpg","contentUrl":"https:\/\/paleo-energetique.org\/wp-content\/uploads\/2018\/10\/Afficheappelaparticipation.jpg"},{"@type":"BreadcrumbList","@id":"https:\/\/paleo-energetique.org\/es\/exposiciones\/juego-de-carteles\/#breadcrumb","itemListElement":[{"@type":"ListItem","position":1,"name":"Accueil","item":"https:\/\/paleo-energetique.org\/es\/"},{"@type":"ListItem","position":2,"name":"EXPOSICIONES","item":"https:\/\/paleo-energetique.org\/es\/exposiciones\/"},{"@type":"ListItem","position":3,"name":"Juego de carteles"}]},{"@type":"WebSite","@id":"https:\/\/paleo-energetique.org\/#website","url":"https:\/\/paleo-energetique.org\/","name":"Pal\u00e9o-Energ\u00e9tique","description":"R\u00e9inventer l&#039;Histoire de L&#039;\u00e9nergie","potentialAction":[{"@type":"SearchAction","target":{"@type":"EntryPoint","urlTemplate":"https:\/\/paleo-energetique.org\/?s={search_term_string}"},"query-input":{"@type":"PropertyValueSpecification","valueRequired":true,"valueName":"search_term_string"}}],"inLanguage":"es"}]}},"_links":{"self":[{"href":"https:\/\/paleo-energetique.org\/es\/wp-json\/wp\/v2\/pages\/5857","targetHints":{"allow":["GET"]}}],"collection":[{"href":"https:\/\/paleo-energetique.org\/es\/wp-json\/wp\/v2\/pages"}],"about":[{"href":"https:\/\/paleo-energetique.org\/es\/wp-json\/wp\/v2\/types\/page"}],"author":[{"embeddable":true,"href":"https:\/\/paleo-energetique.org\/es\/wp-json\/wp\/v2\/users\/2"}],"replies":[{"embeddable":true,"href":"https:\/\/paleo-energetique.org\/es\/wp-json\/wp\/v2\/comments?post=5857"}],"version-history":[{"count":0,"href":"https:\/\/paleo-energetique.org\/es\/wp-json\/wp\/v2\/pages\/5857\/revisions"}],"up":[{"embeddable":true,"href":"https:\/\/paleo-energetique.org\/es\/wp-json\/wp\/v2\/pages\/808"}],"wp:attachment":[{"href":"https:\/\/paleo-energetique.org\/es\/wp-json\/wp\/v2\/media?parent=5857"}],"wp:term":[{"taxonomy":"post_tag","embeddable":true,"href":"https:\/\/paleo-energetique.org\/es\/wp-json\/wp\/v2\/tags?post=5857"}],"curies":[{"name":"wp","href":"https:\/\/api.w.org\/{rel}","templated":true}]}}