{"id":5788,"date":"2022-03-31T19:23:07","date_gmt":"2022-03-31T19:23:07","guid":{"rendered":"https:\/\/paleo-energetique.org\/?page_id=5788"},"modified":"2022-04-03T15:03:36","modified_gmt":"2022-04-03T15:03:36","slug":"tercer-lugar","status":"publish","type":"page","link":"https:\/\/paleo-energetique.org\/es\/museo-retrofuturo\/tercer-lugar\/","title":{"rendered":"Tercer lugar"},"content":{"rendered":"<p>&nbsp;<\/p>\n<p>&nbsp;<\/p>\n<p>&nbsp;<\/p>\n<h1 style=\"text-align: center;\"><strong>El museo taller, la nueva aventura del programa Paleoenerg\u00e9tico<\/strong><\/h1>\n<p>&nbsp;<\/p>\n<h3 style=\"text-align: center;\"><span style=\"color: #008000;\"><strong>Un tercer lugar resiliente que mezcla cultura, investigaci\u00f3n y transmisi\u00f3n para descubrir la historia de las energ\u00edas renovables<\/strong><\/span><\/h3>\n<p>&nbsp;<\/p>\n<p>Nuestra asociaci\u00f3n Atelier21 est\u00e1 iniciando un nuevo proyecto de tercer lugar basado en el programa de investigaci\u00f3n participativa Pal\u00e9o-\u00e9nerg\u00e9tique. Este programa est\u00e1 dedicado a la investigaci\u00f3n abierta sobre inventos antiguos que utilizan energ\u00edas renovables. El objetivo es desarrollar nuevas v\u00edas para la investigaci\u00f3n y la innovaci\u00f3n con vistas a la transici\u00f3n.<\/p>\n<p>El pasado es rico en fuentes de inspiraci\u00f3n para inventar o reinventar soluciones que nos permitan enfrentar los grandes desaf\u00edos de la transici\u00f3n ecol\u00f3gica.<\/p>\n<p>Mientras que la mayor\u00eda de los centros de investigaci\u00f3n universitarios o independientes que trabajan en la historia social de las t\u00e9cnicas est\u00e1n cerrando sus puertas por falta de fondos asignados, nos parec\u00eda fundamental movilizar a la sociedad civil en estos temas.<\/p>\n<p>M\u00e1s que un museo congelado, lo pensamos como un lugar h\u00edbrido de encuentro de todos en torno a la cultura t\u00e9cnica: exposiciones, eventos festivos, espacios de talleres sobre pobreza energ\u00e9tica, conferencias, lugar de descanso para residentes y visitantes.<\/p>\n<p>A la espera de poder abrirlo al p\u00fablico, te sugerimos visitar el <a href=\"https:\/\/paleo-energetique.org\/retrofutur-museum\/musee-virtuel-2\/\">museo virtual en l\u00ednea<\/a>.<\/p>\n<p>&nbsp;<\/p>\n<p><img fetchpriority=\"high\" decoding=\"async\" class=\"aligncenter size-full wp-image-5948\" src=\"https:\/\/paleo-energetique.org\/wp-content\/uploads\/2022\/04\/Visuel-RETROFUTUR-MUSEUM-e1648994913382.png\" alt=\"\" width=\"1200\" height=\"699\" \/><\/p>\n<p style=\"text-align: center;\"><em>Visualizaci\u00f3n 3D del tercer puesto<\/em><\/p>\n","protected":false},"excerpt":{"rendered":"<p>&nbsp; &nbsp; &nbsp; El museo taller, la nueva aventura del programa Paleoenerg\u00e9tico &nbsp; Un tercer lugar resiliente que mezcla cultura, investigaci\u00f3n y transmisi\u00f3n para descubrir la historia de las energ\u00edas renovables &nbsp; Nuestra asociaci\u00f3n Atelier21 est\u00e1 iniciando un nuevo proyecto de tercer lugar basado en [&hellip;]<\/p>\n","protected":false},"author":2,"featured_media":0,"parent":5784,"menu_order":0,"comment_status":"closed","ping_status":"closed","template":"","meta":{"_acf_changed":false,"footnotes":""},"tags":[],"class_list":["post-5788","page","type-page","status-publish","hentry"],"acf":[],"yoast_head":"<!-- This site is optimized with the Yoast SEO plugin v26.0 - https:\/\/yoast.com\/wordpress\/plugins\/seo\/ -->\n<title>Tercer lugar - Pal\u00e9o-Energ\u00e9tique<\/title>\n<meta name=\"robots\" content=\"index, follow, max-snippet:-1, max-image-preview:large, max-video-preview:-1\" \/>\n<link rel=\"canonical\" href=\"https:\/\/paleo-energetique.org\/es\/museo-retrofuturo\/tercer-lugar\/\" \/>\n<meta property=\"og:locale\" content=\"es_ES\" \/>\n<meta property=\"og:type\" content=\"article\" \/>\n<meta property=\"og:title\" content=\"Tercer lugar - Pal\u00e9o-Energ\u00e9tique\" \/>\n<meta property=\"og:description\" content=\"&nbsp; &nbsp; &nbsp; El museo taller, la nueva aventura del programa Paleoenerg\u00e9tico &nbsp; Un tercer lugar resiliente que mezcla cultura, investigaci\u00f3n y transmisi\u00f3n para descubrir la historia de las energ\u00edas renovables &nbsp; Nuestra asociaci\u00f3n Atelier21 est\u00e1 iniciando un nuevo proyecto de tercer lugar basado en [&hellip;]\" \/>\n<meta property=\"og:url\" content=\"https:\/\/paleo-energetique.org\/es\/museo-retrofuturo\/tercer-lugar\/\" \/>\n<meta property=\"og:site_name\" content=\"Pal\u00e9o-Energ\u00e9tique\" \/>\n<meta property=\"article:publisher\" content=\"https:\/\/www.facebook.com\/paleoenergie\/\" \/>\n<meta property=\"article:modified_time\" content=\"2022-04-03T15:03:36+00:00\" \/>\n<meta property=\"og:image\" content=\"https:\/\/paleo-energetique.org\/wp-content\/uploads\/2022\/04\/Visuel-RETROFUTUR-MUSEUM-e1648994913382.png\" \/>\n\t<meta property=\"og:image:width\" content=\"1200\" \/>\n\t<meta property=\"og:image:height\" content=\"699\" \/>\n\t<meta property=\"og:image:type\" content=\"image\/png\" \/>\n<meta name=\"twitter:card\" content=\"summary_large_image\" \/>\n<meta name=\"twitter:label1\" content=\"Tiempo de lectura\" \/>\n\t<meta name=\"twitter:data1\" content=\"1 minuto\" \/>\n<script type=\"application\/ld+json\" class=\"yoast-schema-graph\">{\"@context\":\"https:\/\/schema.org\",\"@graph\":[{\"@type\":\"WebPage\",\"@id\":\"https:\/\/paleo-energetique.org\/es\/museo-retrofuturo\/tercer-lugar\/\",\"url\":\"https:\/\/paleo-energetique.org\/es\/museo-retrofuturo\/tercer-lugar\/\",\"name\":\"Tercer lugar - Pal\u00e9o-Energ\u00e9tique\",\"isPartOf\":{\"@id\":\"https:\/\/paleo-energetique.org\/#website\"},\"primaryImageOfPage\":{\"@id\":\"https:\/\/paleo-energetique.org\/es\/museo-retrofuturo\/tercer-lugar\/#primaryimage\"},\"image\":{\"@id\":\"https:\/\/paleo-energetique.org\/es\/museo-retrofuturo\/tercer-lugar\/#primaryimage\"},\"thumbnailUrl\":\"https:\/\/paleo-energetique.org\/wp-content\/uploads\/2022\/04\/Visuel-RETROFUTUR-MUSEUM-e1648994913382.png\",\"datePublished\":\"2022-03-31T19:23:07+00:00\",\"dateModified\":\"2022-04-03T15:03:36+00:00\",\"breadcrumb\":{\"@id\":\"https:\/\/paleo-energetique.org\/es\/museo-retrofuturo\/tercer-lugar\/#breadcrumb\"},\"inLanguage\":\"es\",\"potentialAction\":[{\"@type\":\"ReadAction\",\"target\":[\"https:\/\/paleo-energetique.org\/es\/museo-retrofuturo\/tercer-lugar\/\"]}]},{\"@type\":\"ImageObject\",\"inLanguage\":\"es\",\"@id\":\"https:\/\/paleo-energetique.org\/es\/museo-retrofuturo\/tercer-lugar\/#primaryimage\",\"url\":\"https:\/\/paleo-energetique.org\/wp-content\/uploads\/2022\/04\/Visuel-RETROFUTUR-MUSEUM-e1648994913382.png\",\"contentUrl\":\"https:\/\/paleo-energetique.org\/wp-content\/uploads\/2022\/04\/Visuel-RETROFUTUR-MUSEUM-e1648994913382.png\"},{\"@type\":\"BreadcrumbList\",\"@id\":\"https:\/\/paleo-energetique.org\/es\/museo-retrofuturo\/tercer-lugar\/#breadcrumb\",\"itemListElement\":[{\"@type\":\"ListItem\",\"position\":1,\"name\":\"Accueil\",\"item\":\"https:\/\/paleo-energetique.org\/es\/\"},{\"@type\":\"ListItem\",\"position\":2,\"name\":\"Museo retrofuturo\",\"item\":\"https:\/\/paleo-energetique.org\/es\/museo-retrofuturo\/\"},{\"@type\":\"ListItem\",\"position\":3,\"name\":\"Tercer lugar\"}]},{\"@type\":\"WebSite\",\"@id\":\"https:\/\/paleo-energetique.org\/#website\",\"url\":\"https:\/\/paleo-energetique.org\/\",\"name\":\"Pal\u00e9o-Energ\u00e9tique\",\"description\":\"R\u00e9inventer l&#039;Histoire de L&#039;\u00e9nergie\",\"potentialAction\":[{\"@type\":\"SearchAction\",\"target\":{\"@type\":\"EntryPoint\",\"urlTemplate\":\"https:\/\/paleo-energetique.org\/?s={search_term_string}\"},\"query-input\":{\"@type\":\"PropertyValueSpecification\",\"valueRequired\":true,\"valueName\":\"search_term_string\"}}],\"inLanguage\":\"es\"}]}<\/script>\n<!-- \/ Yoast SEO plugin. -->","yoast_head_json":{"title":"Tercer lugar - Pal\u00e9o-Energ\u00e9tique","robots":{"index":"index","follow":"follow","max-snippet":"max-snippet:-1","max-image-preview":"max-image-preview:large","max-video-preview":"max-video-preview:-1"},"canonical":"https:\/\/paleo-energetique.org\/es\/museo-retrofuturo\/tercer-lugar\/","og_locale":"es_ES","og_type":"article","og_title":"Tercer lugar - Pal\u00e9o-Energ\u00e9tique","og_description":"&nbsp; &nbsp; &nbsp; El museo taller, la nueva aventura del programa Paleoenerg\u00e9tico &nbsp; Un tercer lugar resiliente que mezcla cultura, investigaci\u00f3n y transmisi\u00f3n para descubrir la historia de las energ\u00edas renovables &nbsp; Nuestra asociaci\u00f3n Atelier21 est\u00e1 iniciando un nuevo proyecto de tercer lugar basado en [&hellip;]","og_url":"https:\/\/paleo-energetique.org\/es\/museo-retrofuturo\/tercer-lugar\/","og_site_name":"Pal\u00e9o-Energ\u00e9tique","article_publisher":"https:\/\/www.facebook.com\/paleoenergie\/","article_modified_time":"2022-04-03T15:03:36+00:00","og_image":[{"width":1200,"height":699,"url":"https:\/\/paleo-energetique.org\/wp-content\/uploads\/2022\/04\/Visuel-RETROFUTUR-MUSEUM-e1648994913382.png","type":"image\/png"}],"twitter_card":"summary_large_image","twitter_misc":{"Tiempo de lectura":"1 minuto"},"schema":{"@context":"https:\/\/schema.org","@graph":[{"@type":"WebPage","@id":"https:\/\/paleo-energetique.org\/es\/museo-retrofuturo\/tercer-lugar\/","url":"https:\/\/paleo-energetique.org\/es\/museo-retrofuturo\/tercer-lugar\/","name":"Tercer lugar - Pal\u00e9o-Energ\u00e9tique","isPartOf":{"@id":"https:\/\/paleo-energetique.org\/#website"},"primaryImageOfPage":{"@id":"https:\/\/paleo-energetique.org\/es\/museo-retrofuturo\/tercer-lugar\/#primaryimage"},"image":{"@id":"https:\/\/paleo-energetique.org\/es\/museo-retrofuturo\/tercer-lugar\/#primaryimage"},"thumbnailUrl":"https:\/\/paleo-energetique.org\/wp-content\/uploads\/2022\/04\/Visuel-RETROFUTUR-MUSEUM-e1648994913382.png","datePublished":"2022-03-31T19:23:07+00:00","dateModified":"2022-04-03T15:03:36+00:00","breadcrumb":{"@id":"https:\/\/paleo-energetique.org\/es\/museo-retrofuturo\/tercer-lugar\/#breadcrumb"},"inLanguage":"es","potentialAction":[{"@type":"ReadAction","target":["https:\/\/paleo-energetique.org\/es\/museo-retrofuturo\/tercer-lugar\/"]}]},{"@type":"ImageObject","inLanguage":"es","@id":"https:\/\/paleo-energetique.org\/es\/museo-retrofuturo\/tercer-lugar\/#primaryimage","url":"https:\/\/paleo-energetique.org\/wp-content\/uploads\/2022\/04\/Visuel-RETROFUTUR-MUSEUM-e1648994913382.png","contentUrl":"https:\/\/paleo-energetique.org\/wp-content\/uploads\/2022\/04\/Visuel-RETROFUTUR-MUSEUM-e1648994913382.png"},{"@type":"BreadcrumbList","@id":"https:\/\/paleo-energetique.org\/es\/museo-retrofuturo\/tercer-lugar\/#breadcrumb","itemListElement":[{"@type":"ListItem","position":1,"name":"Accueil","item":"https:\/\/paleo-energetique.org\/es\/"},{"@type":"ListItem","position":2,"name":"Museo retrofuturo","item":"https:\/\/paleo-energetique.org\/es\/museo-retrofuturo\/"},{"@type":"ListItem","position":3,"name":"Tercer lugar"}]},{"@type":"WebSite","@id":"https:\/\/paleo-energetique.org\/#website","url":"https:\/\/paleo-energetique.org\/","name":"Pal\u00e9o-Energ\u00e9tique","description":"R\u00e9inventer l&#039;Histoire de L&#039;\u00e9nergie","potentialAction":[{"@type":"SearchAction","target":{"@type":"EntryPoint","urlTemplate":"https:\/\/paleo-energetique.org\/?s={search_term_string}"},"query-input":{"@type":"PropertyValueSpecification","valueRequired":true,"valueName":"search_term_string"}}],"inLanguage":"es"}]}},"_links":{"self":[{"href":"https:\/\/paleo-energetique.org\/es\/wp-json\/wp\/v2\/pages\/5788","targetHints":{"allow":["GET"]}}],"collection":[{"href":"https:\/\/paleo-energetique.org\/es\/wp-json\/wp\/v2\/pages"}],"about":[{"href":"https:\/\/paleo-energetique.org\/es\/wp-json\/wp\/v2\/types\/page"}],"author":[{"embeddable":true,"href":"https:\/\/paleo-energetique.org\/es\/wp-json\/wp\/v2\/users\/2"}],"replies":[{"embeddable":true,"href":"https:\/\/paleo-energetique.org\/es\/wp-json\/wp\/v2\/comments?post=5788"}],"version-history":[{"count":0,"href":"https:\/\/paleo-energetique.org\/es\/wp-json\/wp\/v2\/pages\/5788\/revisions"}],"up":[{"embeddable":true,"href":"https:\/\/paleo-energetique.org\/es\/wp-json\/wp\/v2\/pages\/5784"}],"wp:attachment":[{"href":"https:\/\/paleo-energetique.org\/es\/wp-json\/wp\/v2\/media?parent=5788"}],"wp:term":[{"taxonomy":"post_tag","embeddable":true,"href":"https:\/\/paleo-energetique.org\/es\/wp-json\/wp\/v2\/tags?post=5788"}],"curies":[{"name":"wp","href":"https:\/\/api.w.org\/{rel}","templated":true}]}}