{"id":5786,"date":"2022-03-31T19:19:24","date_gmt":"2022-03-31T19:19:24","guid":{"rendered":"https:\/\/paleo-energetique.org\/?page_id=5786"},"modified":"2022-04-03T14:54:21","modified_gmt":"2022-04-03T14:54:21","slug":"museo-virtual","status":"publish","type":"page","link":"https:\/\/paleo-energetique.org\/es\/museo-retrofuturo\/museo-virtual\/","title":{"rendered":"Museo virtual"},"content":{"rendered":"<p>&nbsp;<\/p>\n<p>&nbsp;<\/p>\n<p>&nbsp;<\/p>\n<h1 style=\"text-align: center;\"><b>Descubre el MUSEO RETROFUTUR, la nueva aventura del programa Paleoenerg\u00e9tico<\/b><\/h1>\n<p>&nbsp;<\/p>\n<h3 style=\"text-align: center;\"><span style=\"color: #008000;\"><b>El equipo de Atelier21 presenta su MUSEO VIRTUAL desarrollado con Mozilla Hubs.<\/b><\/span><\/h3>\n<p><head><\/p>\n<style>\n      .wrapper {\n        margin: 10px auto;\n        text-align: center;\n        width: 100%;\n        position: relative;\n      }\n      .button {\n        padding: 15px 100px;\n        margin: 10px 4px;\n        color: #006600;\n        font-family: sans-serif;\n        text-transform: uppercase;\n        text-align: center;\n        position: relative;\n        text-decoration: none;\n        display: inline-block;\n        border: 4px solid;\n      }\n      .button::before {\n        content: \"\";\n        position: absolute;\n        top: 0;\n        left: 0;\n        display: block;\n        width: 100%;\n        height: 100%;\n        z-index: -1;\n        -webkit-transform: scaleY(0.1);\n        transform: scaleY(0.1);\n        transition: all 0.4s;\n      }\n      .button:hover {\n        color: #006600;\n      }\n      .button:hover::before {\n        opacity: 1;\n        background-color: #CCFFCC;\n        -webkit-transform: scaleY(1);\n        transform: scaleY(1);\n        transition: -webkit-transform 0.6s cubic-bezier(0.08, 0.35, 0.13, 1.02), opacity 0.4s;\n        transition: transform 0.6s cubic-bezier(0.08, 0.35, 0.13, 1.02), opacity;\n      }\n    <\/style>\n<p>  <\/head><br \/>\n  <body><\/p>\n<div class=\"wrapper\">\n      <a href=\"https:\/\/hubs.mozilla.com\/qzwyqhy\/a21-musee-virtuel\/\"target=\"_blank\"><br \/>\n        <b class=\"button\">VISITA EL MUSEO VIRTUAL<\/b><br \/>\n      <\/a>\n    <\/div>\n<p>  <\/body><br \/>\n<\/html><br \/>\n<span style=\"font-weight: 400;\">Te ofrecemos una exposici\u00f3n inmersiva nacida del programa de investigaci\u00f3n participativa Paleoenerg\u00e9tica cuyo objetivo es destacar una selecci\u00f3n de Paleo-h\u00e9roes de la contrahistoria de las innovaciones energ\u00e9ticas.<\/span><\/p>\n<div class=\"wrapper\"><\/div>\n<p>Encontrar\u00e1s inventos modelados en 3D con sonido, acompa\u00f1ados de retratos de sus inventores, as\u00ed como comentarios en audio para dar voz a este notable patrimonio injustamente olvidado.<\/p>\n<p>D\u00e9jate llevar por el mundo de la contrahistoria de las innovaciones energ\u00e9ticas,<br \/>\nBuena visita,<\/p>\n<p>Taller 21<\/p>\n<p><img fetchpriority=\"high\" decoding=\"async\" class=\"aligncenter size-full wp-image-5637\" src=\"https:\/\/paleo-energetique.org\/wp-content\/uploads\/2022\/03\/Capture-decran-2022-03-14-a-00.41.01-e1647451014417.png\" alt=\"\" width=\"1200\" height=\"485\" \/><\/p>\n<p style=\"text-align: center;\"><em>Museo virtual<\/em><\/p>\n","protected":false},"excerpt":{"rendered":"<p>&nbsp; &nbsp; &nbsp; Descubre el MUSEO RETROFUTUR, la nueva aventura del programa Paleoenerg\u00e9tico &nbsp; El equipo de Atelier21 presenta su MUSEO VIRTUAL desarrollado con Mozilla Hubs. VISITA EL MUSEO VIRTUAL Te ofrecemos una exposici\u00f3n inmersiva nacida del programa de investigaci\u00f3n participativa Paleoenerg\u00e9tica cuyo objetivo es [&hellip;]<\/p>\n","protected":false},"author":2,"featured_media":0,"parent":5784,"menu_order":0,"comment_status":"closed","ping_status":"closed","template":"","meta":{"_acf_changed":false,"footnotes":""},"tags":[],"class_list":["post-5786","page","type-page","status-publish","hentry"],"acf":[],"yoast_head":"<!-- This site is optimized with the Yoast SEO plugin v26.0 - https:\/\/yoast.com\/wordpress\/plugins\/seo\/ -->\n<title>Museo virtual - Pal\u00e9o-Energ\u00e9tique<\/title>\n<meta name=\"robots\" content=\"index, follow, max-snippet:-1, max-image-preview:large, max-video-preview:-1\" \/>\n<link rel=\"canonical\" href=\"https:\/\/paleo-energetique.org\/es\/museo-retrofuturo\/museo-virtual\/\" \/>\n<meta property=\"og:locale\" content=\"es_ES\" \/>\n<meta property=\"og:type\" content=\"article\" \/>\n<meta property=\"og:title\" content=\"Museo virtual - Pal\u00e9o-Energ\u00e9tique\" \/>\n<meta property=\"og:description\" content=\"&nbsp; &nbsp; &nbsp; Descubre el MUSEO RETROFUTUR, la nueva aventura del programa Paleoenerg\u00e9tico &nbsp; El equipo de Atelier21 presenta su MUSEO VIRTUAL desarrollado con Mozilla Hubs. VISITA EL MUSEO VIRTUAL Te ofrecemos una exposici\u00f3n inmersiva nacida del programa de investigaci\u00f3n participativa Paleoenerg\u00e9tica cuyo objetivo es [&hellip;]\" \/>\n<meta property=\"og:url\" content=\"https:\/\/paleo-energetique.org\/es\/museo-retrofuturo\/museo-virtual\/\" \/>\n<meta property=\"og:site_name\" content=\"Pal\u00e9o-Energ\u00e9tique\" \/>\n<meta property=\"article:publisher\" content=\"https:\/\/www.facebook.com\/paleoenergie\/\" \/>\n<meta property=\"article:modified_time\" content=\"2022-04-03T14:54:21+00:00\" \/>\n<meta property=\"og:image\" content=\"https:\/\/paleo-energetique.org\/wp-content\/uploads\/2022\/03\/Capture-decran-2022-03-14-a-00.41.01-e1647451014417.png\" \/>\n<meta name=\"twitter:card\" content=\"summary_large_image\" \/>\n<meta name=\"twitter:label1\" content=\"Tiempo de lectura\" \/>\n\t<meta name=\"twitter:data1\" content=\"1 minuto\" \/>\n<script type=\"application\/ld+json\" class=\"yoast-schema-graph\">{\"@context\":\"https:\/\/schema.org\",\"@graph\":[{\"@type\":\"WebPage\",\"@id\":\"https:\/\/paleo-energetique.org\/es\/museo-retrofuturo\/museo-virtual\/\",\"url\":\"https:\/\/paleo-energetique.org\/es\/museo-retrofuturo\/museo-virtual\/\",\"name\":\"Museo virtual - Pal\u00e9o-Energ\u00e9tique\",\"isPartOf\":{\"@id\":\"https:\/\/paleo-energetique.org\/#website\"},\"primaryImageOfPage\":{\"@id\":\"https:\/\/paleo-energetique.org\/es\/museo-retrofuturo\/museo-virtual\/#primaryimage\"},\"image\":{\"@id\":\"https:\/\/paleo-energetique.org\/es\/museo-retrofuturo\/museo-virtual\/#primaryimage\"},\"thumbnailUrl\":\"https:\/\/paleo-energetique.org\/wp-content\/uploads\/2022\/03\/Capture-decran-2022-03-14-a-00.41.01-e1647451014417.png\",\"datePublished\":\"2022-03-31T19:19:24+00:00\",\"dateModified\":\"2022-04-03T14:54:21+00:00\",\"breadcrumb\":{\"@id\":\"https:\/\/paleo-energetique.org\/es\/museo-retrofuturo\/museo-virtual\/#breadcrumb\"},\"inLanguage\":\"es\",\"potentialAction\":[{\"@type\":\"ReadAction\",\"target\":[\"https:\/\/paleo-energetique.org\/es\/museo-retrofuturo\/museo-virtual\/\"]}]},{\"@type\":\"ImageObject\",\"inLanguage\":\"es\",\"@id\":\"https:\/\/paleo-energetique.org\/es\/museo-retrofuturo\/museo-virtual\/#primaryimage\",\"url\":\"https:\/\/paleo-energetique.org\/wp-content\/uploads\/2022\/03\/Capture-decran-2022-03-14-a-00.41.01-e1647451014417.png\",\"contentUrl\":\"https:\/\/paleo-energetique.org\/wp-content\/uploads\/2022\/03\/Capture-decran-2022-03-14-a-00.41.01-e1647451014417.png\"},{\"@type\":\"BreadcrumbList\",\"@id\":\"https:\/\/paleo-energetique.org\/es\/museo-retrofuturo\/museo-virtual\/#breadcrumb\",\"itemListElement\":[{\"@type\":\"ListItem\",\"position\":1,\"name\":\"Accueil\",\"item\":\"https:\/\/paleo-energetique.org\/es\/\"},{\"@type\":\"ListItem\",\"position\":2,\"name\":\"Museo retrofuturo\",\"item\":\"https:\/\/paleo-energetique.org\/es\/museo-retrofuturo\/\"},{\"@type\":\"ListItem\",\"position\":3,\"name\":\"Museo virtual\"}]},{\"@type\":\"WebSite\",\"@id\":\"https:\/\/paleo-energetique.org\/#website\",\"url\":\"https:\/\/paleo-energetique.org\/\",\"name\":\"Pal\u00e9o-Energ\u00e9tique\",\"description\":\"R\u00e9inventer l&#039;Histoire de L&#039;\u00e9nergie\",\"potentialAction\":[{\"@type\":\"SearchAction\",\"target\":{\"@type\":\"EntryPoint\",\"urlTemplate\":\"https:\/\/paleo-energetique.org\/?s={search_term_string}\"},\"query-input\":{\"@type\":\"PropertyValueSpecification\",\"valueRequired\":true,\"valueName\":\"search_term_string\"}}],\"inLanguage\":\"es\"}]}<\/script>\n<!-- \/ Yoast SEO plugin. -->","yoast_head_json":{"title":"Museo virtual - Pal\u00e9o-Energ\u00e9tique","robots":{"index":"index","follow":"follow","max-snippet":"max-snippet:-1","max-image-preview":"max-image-preview:large","max-video-preview":"max-video-preview:-1"},"canonical":"https:\/\/paleo-energetique.org\/es\/museo-retrofuturo\/museo-virtual\/","og_locale":"es_ES","og_type":"article","og_title":"Museo virtual - Pal\u00e9o-Energ\u00e9tique","og_description":"&nbsp; &nbsp; &nbsp; Descubre el MUSEO RETROFUTUR, la nueva aventura del programa Paleoenerg\u00e9tico &nbsp; El equipo de Atelier21 presenta su MUSEO VIRTUAL desarrollado con Mozilla Hubs. VISITA EL MUSEO VIRTUAL Te ofrecemos una exposici\u00f3n inmersiva nacida del programa de investigaci\u00f3n participativa Paleoenerg\u00e9tica cuyo objetivo es [&hellip;]","og_url":"https:\/\/paleo-energetique.org\/es\/museo-retrofuturo\/museo-virtual\/","og_site_name":"Pal\u00e9o-Energ\u00e9tique","article_publisher":"https:\/\/www.facebook.com\/paleoenergie\/","article_modified_time":"2022-04-03T14:54:21+00:00","og_image":[{"url":"https:\/\/paleo-energetique.org\/wp-content\/uploads\/2022\/03\/Capture-decran-2022-03-14-a-00.41.01-e1647451014417.png","type":"","width":"","height":""}],"twitter_card":"summary_large_image","twitter_misc":{"Tiempo de lectura":"1 minuto"},"schema":{"@context":"https:\/\/schema.org","@graph":[{"@type":"WebPage","@id":"https:\/\/paleo-energetique.org\/es\/museo-retrofuturo\/museo-virtual\/","url":"https:\/\/paleo-energetique.org\/es\/museo-retrofuturo\/museo-virtual\/","name":"Museo virtual - Pal\u00e9o-Energ\u00e9tique","isPartOf":{"@id":"https:\/\/paleo-energetique.org\/#website"},"primaryImageOfPage":{"@id":"https:\/\/paleo-energetique.org\/es\/museo-retrofuturo\/museo-virtual\/#primaryimage"},"image":{"@id":"https:\/\/paleo-energetique.org\/es\/museo-retrofuturo\/museo-virtual\/#primaryimage"},"thumbnailUrl":"https:\/\/paleo-energetique.org\/wp-content\/uploads\/2022\/03\/Capture-decran-2022-03-14-a-00.41.01-e1647451014417.png","datePublished":"2022-03-31T19:19:24+00:00","dateModified":"2022-04-03T14:54:21+00:00","breadcrumb":{"@id":"https:\/\/paleo-energetique.org\/es\/museo-retrofuturo\/museo-virtual\/#breadcrumb"},"inLanguage":"es","potentialAction":[{"@type":"ReadAction","target":["https:\/\/paleo-energetique.org\/es\/museo-retrofuturo\/museo-virtual\/"]}]},{"@type":"ImageObject","inLanguage":"es","@id":"https:\/\/paleo-energetique.org\/es\/museo-retrofuturo\/museo-virtual\/#primaryimage","url":"https:\/\/paleo-energetique.org\/wp-content\/uploads\/2022\/03\/Capture-decran-2022-03-14-a-00.41.01-e1647451014417.png","contentUrl":"https:\/\/paleo-energetique.org\/wp-content\/uploads\/2022\/03\/Capture-decran-2022-03-14-a-00.41.01-e1647451014417.png"},{"@type":"BreadcrumbList","@id":"https:\/\/paleo-energetique.org\/es\/museo-retrofuturo\/museo-virtual\/#breadcrumb","itemListElement":[{"@type":"ListItem","position":1,"name":"Accueil","item":"https:\/\/paleo-energetique.org\/es\/"},{"@type":"ListItem","position":2,"name":"Museo retrofuturo","item":"https:\/\/paleo-energetique.org\/es\/museo-retrofuturo\/"},{"@type":"ListItem","position":3,"name":"Museo virtual"}]},{"@type":"WebSite","@id":"https:\/\/paleo-energetique.org\/#website","url":"https:\/\/paleo-energetique.org\/","name":"Pal\u00e9o-Energ\u00e9tique","description":"R\u00e9inventer l&#039;Histoire de L&#039;\u00e9nergie","potentialAction":[{"@type":"SearchAction","target":{"@type":"EntryPoint","urlTemplate":"https:\/\/paleo-energetique.org\/?s={search_term_string}"},"query-input":{"@type":"PropertyValueSpecification","valueRequired":true,"valueName":"search_term_string"}}],"inLanguage":"es"}]}},"_links":{"self":[{"href":"https:\/\/paleo-energetique.org\/es\/wp-json\/wp\/v2\/pages\/5786","targetHints":{"allow":["GET"]}}],"collection":[{"href":"https:\/\/paleo-energetique.org\/es\/wp-json\/wp\/v2\/pages"}],"about":[{"href":"https:\/\/paleo-energetique.org\/es\/wp-json\/wp\/v2\/types\/page"}],"author":[{"embeddable":true,"href":"https:\/\/paleo-energetique.org\/es\/wp-json\/wp\/v2\/users\/2"}],"replies":[{"embeddable":true,"href":"https:\/\/paleo-energetique.org\/es\/wp-json\/wp\/v2\/comments?post=5786"}],"version-history":[{"count":0,"href":"https:\/\/paleo-energetique.org\/es\/wp-json\/wp\/v2\/pages\/5786\/revisions"}],"up":[{"embeddable":true,"href":"https:\/\/paleo-energetique.org\/es\/wp-json\/wp\/v2\/pages\/5784"}],"wp:attachment":[{"href":"https:\/\/paleo-energetique.org\/es\/wp-json\/wp\/v2\/media?parent=5786"}],"wp:term":[{"taxonomy":"post_tag","embeddable":true,"href":"https:\/\/paleo-energetique.org\/es\/wp-json\/wp\/v2\/tags?post=5786"}],"curies":[{"name":"wp","href":"https:\/\/api.w.org\/{rel}","templated":true}]}}