{"id":5903,"date":"2022-03-31T21:38:56","date_gmt":"2022-03-31T21:38:56","guid":{"rendered":"https:\/\/paleo-energetique.org\/?page_id=5903"},"modified":"2022-04-01T10:11:29","modified_gmt":"2022-04-01T10:11:29","slug":"partners","status":"publish","type":"page","link":"https:\/\/paleo-energetique.org\/en\/partenaires\/","title":{"rendered":"Partners"},"content":{"rendered":"<p>&nbsp;<\/p>\n<hr \/>\n<h3 style=\"text-align: center;\"><strong>THEY SUPPORT US<\/strong><span style=\"text-decoration: underline;\"><br \/>\n<\/span><\/h3>\n<hr \/>\n<p><center><\/center><center><a href=\"https:\/\/www.se.com\/ww\/fr\/\"><img decoding=\"async\" class=\"alignnone wp-image-4384 size-full\" src=\"http:\/\/paleo-energetique.org\/wp-content\/uploads\/2019\/11\/SE_Fondation_Logo_Compact_RGB_Green.png\" alt=\"\" width=\"252\" height=\"100\" \/><\/a>\u00a0 \u00a0 \u00a0 \u00a0\u00a0\u00a0<a href=\"http:\/\/paleo-energetique.org\/wp-content\/uploads\/2014\/12\/ifm.jpg\"><img decoding=\"async\" class=\"alignnone wp-image-1474\" src=\"https:\/\/paleo-energetique.org\/wp-content\/uploads\/2014\/12\/Logo-Fondation-RVB-1-1024x322.jpg\" alt=\"\" width=\"318\" height=\"100\" srcset=\"https:\/\/paleo-energetique.org\/wp-content\/uploads\/2014\/12\/Logo-Fondation-RVB-1-1024x322.jpg 1024w, https:\/\/paleo-energetique.org\/wp-content\/uploads\/2014\/12\/Logo-Fondation-RVB-1-826x260.jpg 826w, https:\/\/paleo-energetique.org\/wp-content\/uploads\/2014\/12\/Logo-Fondation-RVB-1-768x242.jpg 768w, https:\/\/paleo-energetique.org\/wp-content\/uploads\/2014\/12\/Logo-Fondation-RVB-1.jpg 1194w\" sizes=\"(max-width: 318px) 100vw, 318px\" \/><br \/>\n<\/a><\/center><center><\/center><center><a href=\"https:\/\/www.qarnot.com\/\"><img decoding=\"async\" class=\"alignnone wp-image-1240 size-full\" src=\"http:\/\/paleo-energetique.org\/wp-content\/uploads\/2014\/12\/qarnot-computing.png\" alt=\"Qarnot-Computing\" width=\"300\" height=\"99\" \/><\/a><\/center>&nbsp;<\/p>\n<hr \/>\n<p>&nbsp;<\/p>\n<h3 style=\"text-align: center;\"><strong>PALEO-ENERGETIC LAB<\/strong><span style=\"text-decoration: underline;\"><br \/>\n<\/span><\/h3>\n<hr \/>\n<p><a href=\"http:\/\/www.paleo-energetique.org\/wp-content\/uploads\/2014\/12\/paleo-la-pailasse.png\"><img loading=\"lazy\" decoding=\"async\" class=\"aligncenter wp-image-309 size-full \" src=\"http:\/\/www.paleo-energetique.org\/wp-content\/uploads\/2014\/12\/paleo-la-pailasse.png\" alt=\"\" width=\"608\" height=\"138\" srcset=\"https:\/\/paleo-energetique.org\/wp-content\/uploads\/2014\/12\/paleo-la-pailasse.png 608w, https:\/\/paleo-energetique.org\/wp-content\/uploads\/2014\/12\/paleo-la-pailasse-600x136.png 600w\" sizes=\"(max-width: 608px) 100vw, 608px\" \/> <\/a><\/p>\n<p lang=\"fr-FR\">The Paleo-energetic LAB, what is it?<\/p>\n<p lang=\"fr-FR\">The paleo Lab is the experimental part of the research program. A veritable court of energy innovations, the idea is to reassess and reinterpret the patents that have fallen into the public domain, or even to consider updating them&#8230; As with the project <a href=\"http:\/\/paleo -energetique.org\/regen-box-projet-issu-de-recherche-paleo-energetique\/\"> <strong>Regen Box<\/strong> <\/a> resulting from paleo-energetic research which is under development, to find <a href=\"http:\/\/paleo-energetique.org\/regen-box-projet-issu-de-recherche-paleo-energetique\/\">here<\/a>.<\/p>\n<p>La Paillasse is a biohackerspace, a community laboratory for citizen technologies and biotechnologies, which has just moved into new 750m2 premises at 226 rue Saint Denis in Paris. The community of La Paillasse is made up of enthusiasts from very diverse backgrounds who share a curiosity for biology and biotechnology and a desire to learn and create together their own projects around the life sciences by injecting their skills into it. personal. You will meet there, coming from all disciplines, geeks, doctoral students, students, hackers, designers, artists, engineers, researchers, sociologists, philosophers&#8230; The biohackerspace La Paillasse is the first modern biology laboratory in France open to all. La Paillasse also reflects on open research, this open research which already shows by example that participation and collaboration are one of the factors of successful research.<\/p>\n<p lang=\"fr-FR\">For these first unearthed inventions, including a project with bacteria, <a href=\"http:\/\/lapaillasse.org\/\" target=\"_blank\" rel=\"noopener noreferrer\">La Paillasse<\/a> welcomes the <b>Pal\u00e9o-\u00e9nerg\u00e9tique Lab<\/b> which will offer the community of bio-hackers the opportunity to get their hands on a bacterium.<\/p>\n<hr \/>\n<h3 lang=\"fr-FR\" style=\"text-align: center;\"><strong>PALEO-ENERGETIC ECOSYSTEM<\/strong><\/h3>\n<hr \/>\n<p lang=\"fr-FR\" style=\"text-align: center;\"><a href=\"http:\/\/paleo-energetique.org\/wp-content\/uploads\/2014\/12\/ecosysteme-paleo-copie2.jpg\"><img loading=\"lazy\" decoding=\"async\" class=\"alignnone wp-image-1079 size-full\" src=\"http:\/\/paleo-energetique.org\/wp-content\/uploads\/2014\/12\/ecosysteme-paleo-copie2.jpg\" alt=\"ecosysteme-paleo-copie2\" width=\"2500\" height=\"1641\" srcset=\"https:\/\/paleo-energetique.org\/wp-content\/uploads\/2014\/12\/ecosysteme-paleo-copie2.jpg 2500w, https:\/\/paleo-energetique.org\/wp-content\/uploads\/2014\/12\/ecosysteme-paleo-copie2-396x260.jpg 396w, https:\/\/paleo-energetique.org\/wp-content\/uploads\/2014\/12\/ecosysteme-paleo-copie2-768x504.jpg 768w, https:\/\/paleo-energetique.org\/wp-content\/uploads\/2014\/12\/ecosysteme-paleo-copie2-1024x672.jpg 1024w, https:\/\/paleo-energetique.org\/wp-content\/uploads\/2014\/12\/ecosysteme-paleo-copie2-600x394.jpg 600w\" sizes=\"(max-width: 2500px) 100vw, 2500px\" \/><\/a><\/p>\n<div id=\"attachment_1636\" style=\"width: 510px\" class=\"wp-caption aligncenter\"><img loading=\"lazy\" decoding=\"async\" aria-describedby=\"caption-attachment-1636\" class=\"wp-image-1636 size-full\" src=\"https:\/\/paleo-energetique.org\/wp-content\/uploads\/2017\/08\/Logo-Mondo-Agit.png\" alt=\"\" width=\"500\" height=\"300\" srcset=\"https:\/\/paleo-energetique.org\/wp-content\/uploads\/2017\/08\/Logo-Mondo-Agit.png 500w, https:\/\/paleo-energetique.org\/wp-content\/uploads\/2017\/08\/Logo-Mondo-Agit-433x260.png 433w\" sizes=\"(max-width: 500px) 100vw, 500px\" \/><p id=\"caption-attachment-1636\" class=\"wp-caption-text\">\u00dcbersetzung ins Deutsche im Rahmen der PerMondo Initiative f\u00fcr ehrenamtliche \u00dcbersetzung von Dokumenten und Webseiten f\u00fcr NGOs und nicht profitorientierte Vereine.<br \/>Translation into German within the framework of the PerMondo Initiative for the voluntary translation of documents and websites for NGOs and non-professional associations.<\/p><\/div>\n<p lang=\"fr-FR\" style=\"text-align: center;\">\n","protected":false},"excerpt":{"rendered":"<p>&nbsp; THEY SUPPORT US \u00a0 \u00a0 \u00a0 \u00a0\u00a0\u00a0 &nbsp; &nbsp; PALEO-ENERGETIC LAB The Paleo-energetic LAB, what is it? The paleo Lab is the experimental part of the research program. A veritable court of energy innovations, the idea is to reassess and reinterpret the patents that [&hellip;]<\/p>\n","protected":false},"author":2,"featured_media":0,"parent":0,"menu_order":0,"comment_status":"closed","ping_status":"open","template":"","meta":{"_acf_changed":false,"footnotes":""},"tags":[],"class_list":["post-5903","page","type-page","status-publish","hentry"],"acf":[],"yoast_head":"<!-- This site is optimized with the Yoast SEO plugin v26.0 - https:\/\/yoast.com\/wordpress\/plugins\/seo\/ -->\n<title>Partners - Pal\u00e9o-Energ\u00e9tique<\/title>\n<meta name=\"robots\" content=\"index, follow, max-snippet:-1, max-image-preview:large, max-video-preview:-1\" \/>\n<link rel=\"canonical\" href=\"https:\/\/paleo-energetique.org\/en\/partenaires\/\" \/>\n<meta property=\"og:locale\" content=\"en_US\" \/>\n<meta property=\"og:type\" content=\"article\" \/>\n<meta property=\"og:title\" content=\"Partners - Pal\u00e9o-Energ\u00e9tique\" \/>\n<meta property=\"og:description\" content=\"&nbsp; THEY SUPPORT US \u00a0 \u00a0 \u00a0 \u00a0\u00a0\u00a0 &nbsp; &nbsp; PALEO-ENERGETIC LAB The Paleo-energetic LAB, what is it? The paleo Lab is the experimental part of the research program. A veritable court of energy innovations, the idea is to reassess and reinterpret the patents that [&hellip;]\" \/>\n<meta property=\"og:url\" content=\"https:\/\/paleo-energetique.org\/en\/partenaires\/\" \/>\n<meta property=\"og:site_name\" content=\"Pal\u00e9o-Energ\u00e9tique\" \/>\n<meta property=\"article:publisher\" content=\"https:\/\/www.facebook.com\/paleoenergie\/\" \/>\n<meta property=\"article:modified_time\" content=\"2022-04-01T10:11:29+00:00\" \/>\n<meta property=\"og:image\" content=\"http:\/\/paleo-energetique.org\/wp-content\/uploads\/2019\/11\/SE_Fondation_Logo_Compact_RGB_Green.png\" \/>\n<meta name=\"twitter:card\" content=\"summary_large_image\" \/>\n<meta name=\"twitter:label1\" content=\"Est. reading time\" \/>\n\t<meta name=\"twitter:data1\" content=\"1 minute\" \/>\n<script type=\"application\/ld+json\" class=\"yoast-schema-graph\">{\"@context\":\"https:\/\/schema.org\",\"@graph\":[{\"@type\":\"WebPage\",\"@id\":\"https:\/\/paleo-energetique.org\/en\/partenaires\/\",\"url\":\"https:\/\/paleo-energetique.org\/en\/partenaires\/\",\"name\":\"Partners - Pal\u00e9o-Energ\u00e9tique\",\"isPartOf\":{\"@id\":\"https:\/\/paleo-energetique.org\/#website\"},\"primaryImageOfPage\":{\"@id\":\"https:\/\/paleo-energetique.org\/en\/partenaires\/#primaryimage\"},\"image\":{\"@id\":\"https:\/\/paleo-energetique.org\/en\/partenaires\/#primaryimage\"},\"thumbnailUrl\":\"http:\/\/paleo-energetique.org\/wp-content\/uploads\/2019\/11\/SE_Fondation_Logo_Compact_RGB_Green.png\",\"datePublished\":\"2022-03-31T21:38:56+00:00\",\"dateModified\":\"2022-04-01T10:11:29+00:00\",\"breadcrumb\":{\"@id\":\"https:\/\/paleo-energetique.org\/en\/partenaires\/#breadcrumb\"},\"inLanguage\":\"en-US\",\"potentialAction\":[{\"@type\":\"ReadAction\",\"target\":[\"https:\/\/paleo-energetique.org\/en\/partenaires\/\"]}]},{\"@type\":\"ImageObject\",\"inLanguage\":\"en-US\",\"@id\":\"https:\/\/paleo-energetique.org\/en\/partenaires\/#primaryimage\",\"url\":\"http:\/\/paleo-energetique.org\/wp-content\/uploads\/2019\/11\/SE_Fondation_Logo_Compact_RGB_Green.png\",\"contentUrl\":\"http:\/\/paleo-energetique.org\/wp-content\/uploads\/2019\/11\/SE_Fondation_Logo_Compact_RGB_Green.png\"},{\"@type\":\"BreadcrumbList\",\"@id\":\"https:\/\/paleo-energetique.org\/en\/partenaires\/#breadcrumb\",\"itemListElement\":[{\"@type\":\"ListItem\",\"position\":1,\"name\":\"Accueil\",\"item\":\"https:\/\/paleo-energetique.org\/en\/\"},{\"@type\":\"ListItem\",\"position\":2,\"name\":\"Partners\"}]},{\"@type\":\"WebSite\",\"@id\":\"https:\/\/paleo-energetique.org\/#website\",\"url\":\"https:\/\/paleo-energetique.org\/\",\"name\":\"Pal\u00e9o-Energ\u00e9tique\",\"description\":\"Reinventer l&#039;Histoire de L&#039;energie\",\"potentialAction\":[{\"@type\":\"SearchAction\",\"target\":{\"@type\":\"EntryPoint\",\"urlTemplate\":\"https:\/\/paleo-energetique.org\/?s={search_term_string}\"},\"query-input\":{\"@type\":\"PropertyValueSpecification\",\"valueRequired\":true,\"valueName\":\"search_term_string\"}}],\"inLanguage\":\"en-US\"}]}<\/script>\n<!-- \/ Yoast SEO plugin. -->","yoast_head_json":{"title":"Partners - Pal\u00e9o-Energ\u00e9tique","robots":{"index":"index","follow":"follow","max-snippet":"max-snippet:-1","max-image-preview":"max-image-preview:large","max-video-preview":"max-video-preview:-1"},"canonical":"https:\/\/paleo-energetique.org\/en\/partenaires\/","og_locale":"en_US","og_type":"article","og_title":"Partners - Pal\u00e9o-Energ\u00e9tique","og_description":"&nbsp; THEY SUPPORT US \u00a0 \u00a0 \u00a0 \u00a0\u00a0\u00a0 &nbsp; &nbsp; PALEO-ENERGETIC LAB The Paleo-energetic LAB, what is it? The paleo Lab is the experimental part of the research program. A veritable court of energy innovations, the idea is to reassess and reinterpret the patents that [&hellip;]","og_url":"https:\/\/paleo-energetique.org\/en\/partenaires\/","og_site_name":"Pal\u00e9o-Energ\u00e9tique","article_publisher":"https:\/\/www.facebook.com\/paleoenergie\/","article_modified_time":"2022-04-01T10:11:29+00:00","og_image":[{"url":"http:\/\/paleo-energetique.org\/wp-content\/uploads\/2019\/11\/SE_Fondation_Logo_Compact_RGB_Green.png","type":"","width":"","height":""}],"twitter_card":"summary_large_image","twitter_misc":{"Est. reading time":"1 minute"},"schema":{"@context":"https:\/\/schema.org","@graph":[{"@type":"WebPage","@id":"https:\/\/paleo-energetique.org\/en\/partenaires\/","url":"https:\/\/paleo-energetique.org\/en\/partenaires\/","name":"Partners - Pal\u00e9o-Energ\u00e9tique","isPartOf":{"@id":"https:\/\/paleo-energetique.org\/#website"},"primaryImageOfPage":{"@id":"https:\/\/paleo-energetique.org\/en\/partenaires\/#primaryimage"},"image":{"@id":"https:\/\/paleo-energetique.org\/en\/partenaires\/#primaryimage"},"thumbnailUrl":"http:\/\/paleo-energetique.org\/wp-content\/uploads\/2019\/11\/SE_Fondation_Logo_Compact_RGB_Green.png","datePublished":"2022-03-31T21:38:56+00:00","dateModified":"2022-04-01T10:11:29+00:00","breadcrumb":{"@id":"https:\/\/paleo-energetique.org\/en\/partenaires\/#breadcrumb"},"inLanguage":"en-US","potentialAction":[{"@type":"ReadAction","target":["https:\/\/paleo-energetique.org\/en\/partenaires\/"]}]},{"@type":"ImageObject","inLanguage":"en-US","@id":"https:\/\/paleo-energetique.org\/en\/partenaires\/#primaryimage","url":"http:\/\/paleo-energetique.org\/wp-content\/uploads\/2019\/11\/SE_Fondation_Logo_Compact_RGB_Green.png","contentUrl":"http:\/\/paleo-energetique.org\/wp-content\/uploads\/2019\/11\/SE_Fondation_Logo_Compact_RGB_Green.png"},{"@type":"BreadcrumbList","@id":"https:\/\/paleo-energetique.org\/en\/partenaires\/#breadcrumb","itemListElement":[{"@type":"ListItem","position":1,"name":"Accueil","item":"https:\/\/paleo-energetique.org\/en\/"},{"@type":"ListItem","position":2,"name":"Partners"}]},{"@type":"WebSite","@id":"https:\/\/paleo-energetique.org\/#website","url":"https:\/\/paleo-energetique.org\/","name":"Pal\u00e9o-Energ\u00e9tique","description":"Reinventer l&#039;Histoire de L&#039;energie","potentialAction":[{"@type":"SearchAction","target":{"@type":"EntryPoint","urlTemplate":"https:\/\/paleo-energetique.org\/?s={search_term_string}"},"query-input":{"@type":"PropertyValueSpecification","valueRequired":true,"valueName":"search_term_string"}}],"inLanguage":"en-US"}]}},"_links":{"self":[{"href":"https:\/\/paleo-energetique.org\/en\/wp-json\/wp\/v2\/pages\/5903","targetHints":{"allow":["GET"]}}],"collection":[{"href":"https:\/\/paleo-energetique.org\/en\/wp-json\/wp\/v2\/pages"}],"about":[{"href":"https:\/\/paleo-energetique.org\/en\/wp-json\/wp\/v2\/types\/page"}],"author":[{"embeddable":true,"href":"https:\/\/paleo-energetique.org\/en\/wp-json\/wp\/v2\/users\/2"}],"replies":[{"embeddable":true,"href":"https:\/\/paleo-energetique.org\/en\/wp-json\/wp\/v2\/comments?post=5903"}],"version-history":[{"count":0,"href":"https:\/\/paleo-energetique.org\/en\/wp-json\/wp\/v2\/pages\/5903\/revisions"}],"wp:attachment":[{"href":"https:\/\/paleo-energetique.org\/en\/wp-json\/wp\/v2\/media?parent=5903"}],"wp:term":[{"taxonomy":"post_tag","embeddable":true,"href":"https:\/\/paleo-energetique.org\/en\/wp-json\/wp\/v2\/tags?post=5903"}],"curies":[{"name":"wp","href":"https:\/\/api.w.org\/{rel}","templated":true}]}}