{"id":5735,"date":"2022-03-31T18:17:14","date_gmt":"2022-03-31T18:17:14","guid":{"rendered":"https:\/\/paleo-energetique.org\/?page_id=5735"},"modified":"2022-04-03T15:04:10","modified_gmt":"2022-04-03T15:04:10","slug":"third-place","status":"publish","type":"page","link":"https:\/\/paleo-energetique.org\/en\/retrofutur-museum-2\/third-place\/","title":{"rendered":"Third place"},"content":{"rendered":"<p>&nbsp;<\/p>\n<p>&nbsp;<\/p>\n<p>&nbsp;<\/p>\n<h1 style=\"text-align: center;\"><strong>The MUSEUM-WORKSHOP, the new adventure of the Paleo-energetic program<\/strong><\/h1>\n<p>&nbsp;<\/p>\n<h3 style=\"text-align: center;\"><span style=\"color: #008000;\"><strong>A resilient third place that mixes culture, research and transmission to discover the history of renewable energies<\/strong><\/span><\/h3>\n<p>&nbsp;<\/p>\n<p>Our association Atelier21 is initiating a new third-place project based on the participatory research program Pal\u00e9o-\u00e9nerg\u00e9tique. This program is dedicated to open research on old inventions using renewable energies. The aim is to develop new avenues for research and innovation with a view to transition.<\/p>\n<p>The past is rich in sources of inspiration for inventing or reinventing solutions that will allow us to meet the major challenges of ecological transition.<\/p>\n<p>While most university or independent research centers working on the social history of techniques are closing their doors due to a lack of allocated funds, it seemed essential to us to mobilize civil society on these issues.<\/p>\n<p>More than a frozen museum, we thought of it as a hybrid meeting place for everyone around technical culture: exhibitions, festive events, workshop spaces on fuel poverty, conferences, place of relaxation for residents and visitors.<\/p>\n<p>While waiting to be able to open it to the public, we invite you to visit the <a href=\"https:\/\/paleo-energetique.org\/retrofutur-museum\/musee-virtuel-2\/\">virtual online museum<\/a>.<\/p>\n<p>&nbsp;<\/p>\n<p><img fetchpriority=\"high\" decoding=\"async\" class=\"aligncenter size-full wp-image-5948\" src=\"https:\/\/paleo-energetique.org\/wp-content\/uploads\/2022\/04\/Visuel-RETROFUTUR-MUSEUM-e1648994913382.png\" alt=\"\" width=\"1200\" height=\"699\" \/><\/p>\n<p style=\"text-align: center;\"><em>3D visualization of the third place<\/em><\/p>\n","protected":false},"excerpt":{"rendered":"<p>&nbsp; &nbsp; &nbsp; The MUSEUM-WORKSHOP, the new adventure of the Paleo-energetic program &nbsp; A resilient third place that mixes culture, research and transmission to discover the history of renewable energies &nbsp; Our association Atelier21 is initiating a new third-place project based on the participatory research [&hellip;]<\/p>\n","protected":false},"author":2,"featured_media":0,"parent":5748,"menu_order":0,"comment_status":"closed","ping_status":"closed","template":"","meta":{"_acf_changed":false,"footnotes":""},"tags":[],"class_list":["post-5735","page","type-page","status-publish","hentry"],"acf":[],"yoast_head":"<!-- This site is optimized with the Yoast SEO plugin v26.0 - https:\/\/yoast.com\/wordpress\/plugins\/seo\/ -->\n<title>Third place - Pal\u00e9o-Energ\u00e9tique<\/title>\n<meta name=\"robots\" content=\"index, follow, max-snippet:-1, max-image-preview:large, max-video-preview:-1\" \/>\n<link rel=\"canonical\" href=\"https:\/\/paleo-energetique.org\/en\/retrofutur-museum-2\/third-place\/\" \/>\n<meta property=\"og:locale\" content=\"en_US\" \/>\n<meta property=\"og:type\" content=\"article\" \/>\n<meta property=\"og:title\" content=\"Third place - Pal\u00e9o-Energ\u00e9tique\" \/>\n<meta property=\"og:description\" content=\"&nbsp; &nbsp; &nbsp; The MUSEUM-WORKSHOP, the new adventure of the Paleo-energetic program &nbsp; A resilient third place that mixes culture, research and transmission to discover the history of renewable energies &nbsp; Our association Atelier21 is initiating a new third-place project based on the participatory research [&hellip;]\" \/>\n<meta property=\"og:url\" content=\"https:\/\/paleo-energetique.org\/en\/retrofutur-museum-2\/third-place\/\" \/>\n<meta property=\"og:site_name\" content=\"Pal\u00e9o-Energ\u00e9tique\" \/>\n<meta property=\"article:publisher\" content=\"https:\/\/www.facebook.com\/paleoenergie\/\" \/>\n<meta property=\"article:modified_time\" content=\"2022-04-03T15:04:10+00:00\" \/>\n<meta property=\"og:image\" content=\"https:\/\/paleo-energetique.org\/wp-content\/uploads\/2022\/04\/Visuel-RETROFUTUR-MUSEUM-e1648994913382.png\" \/>\n\t<meta property=\"og:image:width\" content=\"1200\" \/>\n\t<meta property=\"og:image:height\" content=\"699\" \/>\n\t<meta property=\"og:image:type\" content=\"image\/png\" \/>\n<meta name=\"twitter:card\" content=\"summary_large_image\" \/>\n<meta name=\"twitter:label1\" content=\"Est. reading time\" \/>\n\t<meta name=\"twitter:data1\" content=\"1 minute\" \/>\n<script type=\"application\/ld+json\" class=\"yoast-schema-graph\">{\"@context\":\"https:\/\/schema.org\",\"@graph\":[{\"@type\":\"WebPage\",\"@id\":\"https:\/\/paleo-energetique.org\/en\/retrofutur-museum-2\/third-place\/\",\"url\":\"https:\/\/paleo-energetique.org\/en\/retrofutur-museum-2\/third-place\/\",\"name\":\"Third place - Pal\u00e9o-Energ\u00e9tique\",\"isPartOf\":{\"@id\":\"https:\/\/paleo-energetique.org\/#website\"},\"primaryImageOfPage\":{\"@id\":\"https:\/\/paleo-energetique.org\/en\/retrofutur-museum-2\/third-place\/#primaryimage\"},\"image\":{\"@id\":\"https:\/\/paleo-energetique.org\/en\/retrofutur-museum-2\/third-place\/#primaryimage\"},\"thumbnailUrl\":\"https:\/\/paleo-energetique.org\/wp-content\/uploads\/2022\/04\/Visuel-RETROFUTUR-MUSEUM-e1648994913382.png\",\"datePublished\":\"2022-03-31T18:17:14+00:00\",\"dateModified\":\"2022-04-03T15:04:10+00:00\",\"breadcrumb\":{\"@id\":\"https:\/\/paleo-energetique.org\/en\/retrofutur-museum-2\/third-place\/#breadcrumb\"},\"inLanguage\":\"en-US\",\"potentialAction\":[{\"@type\":\"ReadAction\",\"target\":[\"https:\/\/paleo-energetique.org\/en\/retrofutur-museum-2\/third-place\/\"]}]},{\"@type\":\"ImageObject\",\"inLanguage\":\"en-US\",\"@id\":\"https:\/\/paleo-energetique.org\/en\/retrofutur-museum-2\/third-place\/#primaryimage\",\"url\":\"https:\/\/paleo-energetique.org\/wp-content\/uploads\/2022\/04\/Visuel-RETROFUTUR-MUSEUM-e1648994913382.png\",\"contentUrl\":\"https:\/\/paleo-energetique.org\/wp-content\/uploads\/2022\/04\/Visuel-RETROFUTUR-MUSEUM-e1648994913382.png\"},{\"@type\":\"BreadcrumbList\",\"@id\":\"https:\/\/paleo-energetique.org\/en\/retrofutur-museum-2\/third-place\/#breadcrumb\",\"itemListElement\":[{\"@type\":\"ListItem\",\"position\":1,\"name\":\"Accueil\",\"item\":\"https:\/\/paleo-energetique.org\/en\/\"},{\"@type\":\"ListItem\",\"position\":2,\"name\":\"Retrofutur museum\",\"item\":\"https:\/\/paleo-energetique.org\/en\/retrofutur-museum-2\/\"},{\"@type\":\"ListItem\",\"position\":3,\"name\":\"Third place\"}]},{\"@type\":\"WebSite\",\"@id\":\"https:\/\/paleo-energetique.org\/#website\",\"url\":\"https:\/\/paleo-energetique.org\/\",\"name\":\"Pal\u00e9o-Energ\u00e9tique\",\"description\":\"Reinventer l&#039;Histoire de L&#039;energie\",\"potentialAction\":[{\"@type\":\"SearchAction\",\"target\":{\"@type\":\"EntryPoint\",\"urlTemplate\":\"https:\/\/paleo-energetique.org\/?s={search_term_string}\"},\"query-input\":{\"@type\":\"PropertyValueSpecification\",\"valueRequired\":true,\"valueName\":\"search_term_string\"}}],\"inLanguage\":\"en-US\"}]}<\/script>\n<!-- \/ Yoast SEO plugin. -->","yoast_head_json":{"title":"Third place - Pal\u00e9o-Energ\u00e9tique","robots":{"index":"index","follow":"follow","max-snippet":"max-snippet:-1","max-image-preview":"max-image-preview:large","max-video-preview":"max-video-preview:-1"},"canonical":"https:\/\/paleo-energetique.org\/en\/retrofutur-museum-2\/third-place\/","og_locale":"en_US","og_type":"article","og_title":"Third place - Pal\u00e9o-Energ\u00e9tique","og_description":"&nbsp; &nbsp; &nbsp; The MUSEUM-WORKSHOP, the new adventure of the Paleo-energetic program &nbsp; A resilient third place that mixes culture, research and transmission to discover the history of renewable energies &nbsp; Our association Atelier21 is initiating a new third-place project based on the participatory research [&hellip;]","og_url":"https:\/\/paleo-energetique.org\/en\/retrofutur-museum-2\/third-place\/","og_site_name":"Pal\u00e9o-Energ\u00e9tique","article_publisher":"https:\/\/www.facebook.com\/paleoenergie\/","article_modified_time":"2022-04-03T15:04:10+00:00","og_image":[{"width":1200,"height":699,"url":"https:\/\/paleo-energetique.org\/wp-content\/uploads\/2022\/04\/Visuel-RETROFUTUR-MUSEUM-e1648994913382.png","type":"image\/png"}],"twitter_card":"summary_large_image","twitter_misc":{"Est. reading time":"1 minute"},"schema":{"@context":"https:\/\/schema.org","@graph":[{"@type":"WebPage","@id":"https:\/\/paleo-energetique.org\/en\/retrofutur-museum-2\/third-place\/","url":"https:\/\/paleo-energetique.org\/en\/retrofutur-museum-2\/third-place\/","name":"Third place - Pal\u00e9o-Energ\u00e9tique","isPartOf":{"@id":"https:\/\/paleo-energetique.org\/#website"},"primaryImageOfPage":{"@id":"https:\/\/paleo-energetique.org\/en\/retrofutur-museum-2\/third-place\/#primaryimage"},"image":{"@id":"https:\/\/paleo-energetique.org\/en\/retrofutur-museum-2\/third-place\/#primaryimage"},"thumbnailUrl":"https:\/\/paleo-energetique.org\/wp-content\/uploads\/2022\/04\/Visuel-RETROFUTUR-MUSEUM-e1648994913382.png","datePublished":"2022-03-31T18:17:14+00:00","dateModified":"2022-04-03T15:04:10+00:00","breadcrumb":{"@id":"https:\/\/paleo-energetique.org\/en\/retrofutur-museum-2\/third-place\/#breadcrumb"},"inLanguage":"en-US","potentialAction":[{"@type":"ReadAction","target":["https:\/\/paleo-energetique.org\/en\/retrofutur-museum-2\/third-place\/"]}]},{"@type":"ImageObject","inLanguage":"en-US","@id":"https:\/\/paleo-energetique.org\/en\/retrofutur-museum-2\/third-place\/#primaryimage","url":"https:\/\/paleo-energetique.org\/wp-content\/uploads\/2022\/04\/Visuel-RETROFUTUR-MUSEUM-e1648994913382.png","contentUrl":"https:\/\/paleo-energetique.org\/wp-content\/uploads\/2022\/04\/Visuel-RETROFUTUR-MUSEUM-e1648994913382.png"},{"@type":"BreadcrumbList","@id":"https:\/\/paleo-energetique.org\/en\/retrofutur-museum-2\/third-place\/#breadcrumb","itemListElement":[{"@type":"ListItem","position":1,"name":"Accueil","item":"https:\/\/paleo-energetique.org\/en\/"},{"@type":"ListItem","position":2,"name":"Retrofutur museum","item":"https:\/\/paleo-energetique.org\/en\/retrofutur-museum-2\/"},{"@type":"ListItem","position":3,"name":"Third place"}]},{"@type":"WebSite","@id":"https:\/\/paleo-energetique.org\/#website","url":"https:\/\/paleo-energetique.org\/","name":"Pal\u00e9o-Energ\u00e9tique","description":"Reinventer l&#039;Histoire de L&#039;energie","potentialAction":[{"@type":"SearchAction","target":{"@type":"EntryPoint","urlTemplate":"https:\/\/paleo-energetique.org\/?s={search_term_string}"},"query-input":{"@type":"PropertyValueSpecification","valueRequired":true,"valueName":"search_term_string"}}],"inLanguage":"en-US"}]}},"_links":{"self":[{"href":"https:\/\/paleo-energetique.org\/en\/wp-json\/wp\/v2\/pages\/5735","targetHints":{"allow":["GET"]}}],"collection":[{"href":"https:\/\/paleo-energetique.org\/en\/wp-json\/wp\/v2\/pages"}],"about":[{"href":"https:\/\/paleo-energetique.org\/en\/wp-json\/wp\/v2\/types\/page"}],"author":[{"embeddable":true,"href":"https:\/\/paleo-energetique.org\/en\/wp-json\/wp\/v2\/users\/2"}],"replies":[{"embeddable":true,"href":"https:\/\/paleo-energetique.org\/en\/wp-json\/wp\/v2\/comments?post=5735"}],"version-history":[{"count":0,"href":"https:\/\/paleo-energetique.org\/en\/wp-json\/wp\/v2\/pages\/5735\/revisions"}],"up":[{"embeddable":true,"href":"https:\/\/paleo-energetique.org\/en\/wp-json\/wp\/v2\/pages\/5748"}],"wp:attachment":[{"href":"https:\/\/paleo-energetique.org\/en\/wp-json\/wp\/v2\/media?parent=5735"}],"wp:term":[{"taxonomy":"post_tag","embeddable":true,"href":"https:\/\/paleo-energetique.org\/en\/wp-json\/wp\/v2\/tags?post=5735"}],"curies":[{"name":"wp","href":"https:\/\/api.w.org\/{rel}","templated":true}]}}