{"id":6531,"date":"2024-05-17T13:31:59","date_gmt":"2024-05-17T13:31:59","guid":{"rendered":"https:\/\/paleo-energetique.org\/?post_type=product&#038;p=6531"},"modified":"2025-09-23T11:39:15","modified_gmt":"2025-09-23T11:39:15","slug":"retrofutur-une-autre-histoire-des-innovations-energetiques","status":"publish","type":"product","link":"https:\/\/paleo-energetique.org\/de\/produit\/retrofutur-une-autre-histoire-des-innovations-energetiques\/","title":{"rendered":"R\u00e9trofutur : une autre histoire des innovations \u00e9nerg\u00e9tiques"},"content":{"rendered":"<p>\u201cUne v\u00e9ritable encyclop\u00e9die \u00e9nerg\u00e9tique.\u201d \u2013 Le Monde Diplomatique<\/p>\n<p>Pr\u00e9face de Bertrand Piccard. Notre plan\u00e8te traverse actuellement une crise \u00e9nerg\u00e9tique sans pr\u00e9c\u00e9dent. Pourtant des solutions existent car l\u2019histoire de l\u2019\u00e9nergie a laiss\u00e9 quantit\u00e9 de bonnes id\u00e9es sur le bord de la route. Cet ouvrage propose un v\u00e9ritable voyage \u00e0 travers le temps, en exhumant de tr\u00e8s nombreuses innovations \u00e9nerg\u00e9tiques des temps pass\u00e9s, m\u00e9connues ou oubli\u00e9es, avec la conviction que c est aussi dans le pass\u00e9 que se trouvent des solutions pour demain\u2026 Ainsi, la pr\u00e9sentation d une soixantaine d inventions parfois improbables mais toujours ing\u00e9nieuses permet de retrouver des pans anciens et ignor\u00e9s de l histoire des \u00e9nergies : des semelles chauffantes de Lavoisier (1780) \u00e0 la voiture \u00e0 hydrog\u00e8ne de Jean-Luc Perrier (1979), du photophone de Bell (1880) au du girobus (1950)\u2026 Chaque invention, illustr\u00e9e par un visuel en pleine page photographies, cartes postales et illustrations d \u00e9poque , est expos\u00e9e en quelques lignes. Des articles transversaux proposent ponctuellement des r\u00e9flexions plus globales sur la notion de progr\u00e8s, l importance des archives et des brevets, les relations entre les sciences et les arts.<\/p>\n","protected":false},"excerpt":{"rendered":"<div style=\"text-align: center;\">\n<div style=\"margin: 8px 0px 4px;\"><a href=\"https:\/\/www.calameo.com\/books\/002525028ac7e3e6f4d61\" target=\"_blank\" rel=\"nofollow noopener\">Feuilletage Retrofutur<\/a><\/div>\n<p><iframe style=\"margin: 0 auto;\" src=\"\/\/v.calameo.com\/?bkcode=002525028ac7e3e6f4d61&amp;mode=mini\" width=\"480\" height=\"300\" frameborder=\"0\" scrolling=\"no\" allowfullscreen=\"allowfullscreen\"><\/iframe><\/p>\n<div style=\"margin: 4px 0px 8px;\"><a href=\"http:\/\/www.calameo.com\/\" target=\"_blank\" rel=\"nofollow noopener\">Lire plus de publications sur Calam\u00e9o<\/a><\/div>\n<\/div>\n<p>&nbsp;<\/p>\n","protected":false},"featured_media":6551,"comment_status":"open","ping_status":"closed","template":"","meta":{"_acf_changed":false},"product_brand":[],"product_cat":[132],"product_tag":[],"class_list":{"0":"post-6531","1":"product","2":"type-product","3":"status-publish","4":"has-post-thumbnail","6":"product_cat-livres","8":"first","9":"instock","10":"shipping-taxable","11":"purchasable","12":"product-type-simple"},"acf":[],"yoast_head":"<!-- This site is optimized with the Yoast SEO plugin v26.0 - https:\/\/yoast.com\/wordpress\/plugins\/seo\/ -->\n<title>R\u00e9trofutur : une autre histoire des innovations \u00e9nerg\u00e9tiques - Pal\u00e4o-Energie<\/title>\n<meta name=\"robots\" content=\"index, follow, max-snippet:-1, max-image-preview:large, max-video-preview:-1\" \/>\n<link rel=\"canonical\" href=\"https:\/\/paleo-energetique.org\/produit\/retrofutur-une-autre-histoire-des-innovations-energetiques\/\" \/>\n<meta property=\"og:locale\" content=\"de_DE\" \/>\n<meta property=\"og:type\" content=\"article\" \/>\n<meta property=\"og:title\" content=\"R\u00e9trofutur : une autre histoire des innovations \u00e9nerg\u00e9tiques - Pal\u00e4o-Energie\" \/>\n<meta property=\"og:description\" content=\"Feuilletage Retrofutur  Lire plus de publications sur Calam\u00e9o  &nbsp;\" \/>\n<meta property=\"og:url\" content=\"https:\/\/paleo-energetique.org\/produit\/retrofutur-une-autre-histoire-des-innovations-energetiques\/\" \/>\n<meta property=\"og:site_name\" content=\"Pal\u00e4o-Energie\" \/>\n<meta property=\"article:publisher\" content=\"https:\/\/www.facebook.com\/paleoenergie\/\" \/>\n<meta property=\"article:modified_time\" content=\"2025-09-23T11:39:15+00:00\" \/>\n<meta property=\"og:image\" content=\"https:\/\/paleo-energetique.org\/wp-content\/uploads\/2024\/05\/Capture-decran-2024-06-06-a-17.37.42.png\" \/>\n\t<meta property=\"og:image:width\" content=\"1028\" \/>\n\t<meta property=\"og:image:height\" content=\"1426\" \/>\n\t<meta property=\"og:image:type\" content=\"image\/png\" \/>\n<meta name=\"twitter:card\" content=\"summary_large_image\" \/>\n<meta name=\"twitter:label1\" content=\"Gesch\u00e4tzte Lesezeit\" \/>\n\t<meta name=\"twitter:data1\" content=\"2\u00a0Minuten\" \/>\n<script type=\"application\/ld+json\" class=\"yoast-schema-graph\">{\"@context\":\"https:\/\/schema.org\",\"@graph\":[{\"@type\":\"WebPage\",\"@id\":\"https:\/\/paleo-energetique.org\/produit\/retrofutur-une-autre-histoire-des-innovations-energetiques\/\",\"url\":\"https:\/\/paleo-energetique.org\/produit\/retrofutur-une-autre-histoire-des-innovations-energetiques\/\",\"name\":\"R\u00e9trofutur : une autre histoire des innovations \u00e9nerg\u00e9tiques - Pal\u00e4o-Energie\",\"isPartOf\":{\"@id\":\"https:\/\/paleo-energetique.org\/#website\"},\"primaryImageOfPage\":{\"@id\":\"https:\/\/paleo-energetique.org\/produit\/retrofutur-une-autre-histoire-des-innovations-energetiques\/#primaryimage\"},\"image\":{\"@id\":\"https:\/\/paleo-energetique.org\/produit\/retrofutur-une-autre-histoire-des-innovations-energetiques\/#primaryimage\"},\"thumbnailUrl\":\"https:\/\/paleo-energetique.org\/wp-content\/uploads\/2024\/05\/Capture-decran-2024-06-06-a-17.37.42.png\",\"datePublished\":\"2024-05-17T13:31:59+00:00\",\"dateModified\":\"2025-09-23T11:39:15+00:00\",\"breadcrumb\":{\"@id\":\"https:\/\/paleo-energetique.org\/produit\/retrofutur-une-autre-histoire-des-innovations-energetiques\/#breadcrumb\"},\"inLanguage\":\"de\",\"potentialAction\":[{\"@type\":\"ReadAction\",\"target\":[\"https:\/\/paleo-energetique.org\/produit\/retrofutur-une-autre-histoire-des-innovations-energetiques\/\"]}]},{\"@type\":\"ImageObject\",\"inLanguage\":\"de\",\"@id\":\"https:\/\/paleo-energetique.org\/produit\/retrofutur-une-autre-histoire-des-innovations-energetiques\/#primaryimage\",\"url\":\"https:\/\/paleo-energetique.org\/wp-content\/uploads\/2024\/05\/Capture-decran-2024-06-06-a-17.37.42.png\",\"contentUrl\":\"https:\/\/paleo-energetique.org\/wp-content\/uploads\/2024\/05\/Capture-decran-2024-06-06-a-17.37.42.png\",\"width\":1028,\"height\":1426,\"caption\":\"Couverture du R\u00e9trofutur\"},{\"@type\":\"BreadcrumbList\",\"@id\":\"https:\/\/paleo-energetique.org\/produit\/retrofutur-une-autre-histoire-des-innovations-energetiques\/#breadcrumb\",\"itemListElement\":[{\"@type\":\"ListItem\",\"position\":1,\"name\":\"Accueil\",\"item\":\"https:\/\/paleo-energetique.org\/de\/\"},{\"@type\":\"ListItem\",\"position\":2,\"name\":\"Boutique\",\"item\":\"https:\/\/paleo-energetique.org\/boutique\/\"},{\"@type\":\"ListItem\",\"position\":3,\"name\":\"R\u00e9trofutur : une autre histoire des innovations \u00e9nerg\u00e9tiques\"}]},{\"@type\":\"WebSite\",\"@id\":\"https:\/\/paleo-energetique.org\/#website\",\"url\":\"https:\/\/paleo-energetique.org\/\",\"name\":\"Pal\u00e4o-Energie\",\"description\":\"Die neue Energiegeschichte\",\"potentialAction\":[{\"@type\":\"SearchAction\",\"target\":{\"@type\":\"EntryPoint\",\"urlTemplate\":\"https:\/\/paleo-energetique.org\/?s={search_term_string}\"},\"query-input\":{\"@type\":\"PropertyValueSpecification\",\"valueRequired\":true,\"valueName\":\"search_term_string\"}}],\"inLanguage\":\"de\"}]}<\/script>\n<!-- \/ Yoast SEO plugin. -->","yoast_head_json":{"title":"R\u00e9trofutur : une autre histoire des innovations \u00e9nerg\u00e9tiques - Pal\u00e4o-Energie","robots":{"index":"index","follow":"follow","max-snippet":"max-snippet:-1","max-image-preview":"max-image-preview:large","max-video-preview":"max-video-preview:-1"},"canonical":"https:\/\/paleo-energetique.org\/produit\/retrofutur-une-autre-histoire-des-innovations-energetiques\/","og_locale":"de_DE","og_type":"article","og_title":"R\u00e9trofutur : une autre histoire des innovations \u00e9nerg\u00e9tiques - Pal\u00e4o-Energie","og_description":"Feuilletage Retrofutur  Lire plus de publications sur Calam\u00e9o  &nbsp;","og_url":"https:\/\/paleo-energetique.org\/produit\/retrofutur-une-autre-histoire-des-innovations-energetiques\/","og_site_name":"Pal\u00e4o-Energie","article_publisher":"https:\/\/www.facebook.com\/paleoenergie\/","article_modified_time":"2025-09-23T11:39:15+00:00","og_image":[{"width":1028,"height":1426,"url":"https:\/\/paleo-energetique.org\/wp-content\/uploads\/2024\/05\/Capture-decran-2024-06-06-a-17.37.42.png","type":"image\/png"}],"twitter_card":"summary_large_image","twitter_misc":{"Gesch\u00e4tzte Lesezeit":"2\u00a0Minuten"},"schema":{"@context":"https:\/\/schema.org","@graph":[{"@type":"WebPage","@id":"https:\/\/paleo-energetique.org\/produit\/retrofutur-une-autre-histoire-des-innovations-energetiques\/","url":"https:\/\/paleo-energetique.org\/produit\/retrofutur-une-autre-histoire-des-innovations-energetiques\/","name":"R\u00e9trofutur : une autre histoire des innovations \u00e9nerg\u00e9tiques - Pal\u00e4o-Energie","isPartOf":{"@id":"https:\/\/paleo-energetique.org\/#website"},"primaryImageOfPage":{"@id":"https:\/\/paleo-energetique.org\/produit\/retrofutur-une-autre-histoire-des-innovations-energetiques\/#primaryimage"},"image":{"@id":"https:\/\/paleo-energetique.org\/produit\/retrofutur-une-autre-histoire-des-innovations-energetiques\/#primaryimage"},"thumbnailUrl":"https:\/\/paleo-energetique.org\/wp-content\/uploads\/2024\/05\/Capture-decran-2024-06-06-a-17.37.42.png","datePublished":"2024-05-17T13:31:59+00:00","dateModified":"2025-09-23T11:39:15+00:00","breadcrumb":{"@id":"https:\/\/paleo-energetique.org\/produit\/retrofutur-une-autre-histoire-des-innovations-energetiques\/#breadcrumb"},"inLanguage":"de","potentialAction":[{"@type":"ReadAction","target":["https:\/\/paleo-energetique.org\/produit\/retrofutur-une-autre-histoire-des-innovations-energetiques\/"]}]},{"@type":"ImageObject","inLanguage":"de","@id":"https:\/\/paleo-energetique.org\/produit\/retrofutur-une-autre-histoire-des-innovations-energetiques\/#primaryimage","url":"https:\/\/paleo-energetique.org\/wp-content\/uploads\/2024\/05\/Capture-decran-2024-06-06-a-17.37.42.png","contentUrl":"https:\/\/paleo-energetique.org\/wp-content\/uploads\/2024\/05\/Capture-decran-2024-06-06-a-17.37.42.png","width":1028,"height":1426,"caption":"Couverture du R\u00e9trofutur"},{"@type":"BreadcrumbList","@id":"https:\/\/paleo-energetique.org\/produit\/retrofutur-une-autre-histoire-des-innovations-energetiques\/#breadcrumb","itemListElement":[{"@type":"ListItem","position":1,"name":"Accueil","item":"https:\/\/paleo-energetique.org\/de\/"},{"@type":"ListItem","position":2,"name":"Boutique","item":"https:\/\/paleo-energetique.org\/boutique\/"},{"@type":"ListItem","position":3,"name":"R\u00e9trofutur : une autre histoire des innovations \u00e9nerg\u00e9tiques"}]},{"@type":"WebSite","@id":"https:\/\/paleo-energetique.org\/#website","url":"https:\/\/paleo-energetique.org\/","name":"Pal\u00e4o-Energie","description":"Die neue Energiegeschichte","potentialAction":[{"@type":"SearchAction","target":{"@type":"EntryPoint","urlTemplate":"https:\/\/paleo-energetique.org\/?s={search_term_string}"},"query-input":{"@type":"PropertyValueSpecification","valueRequired":true,"valueName":"search_term_string"}}],"inLanguage":"de"}]}},"_links":{"self":[{"href":"https:\/\/paleo-energetique.org\/de\/wp-json\/wp\/v2\/product\/6531","targetHints":{"allow":["GET"]}}],"collection":[{"href":"https:\/\/paleo-energetique.org\/de\/wp-json\/wp\/v2\/product"}],"about":[{"href":"https:\/\/paleo-energetique.org\/de\/wp-json\/wp\/v2\/types\/product"}],"replies":[{"embeddable":true,"href":"https:\/\/paleo-energetique.org\/de\/wp-json\/wp\/v2\/comments?post=6531"}],"wp:featuredmedia":[{"embeddable":true,"href":"https:\/\/paleo-energetique.org\/de\/wp-json\/wp\/v2\/media\/6551"}],"wp:attachment":[{"href":"https:\/\/paleo-energetique.org\/de\/wp-json\/wp\/v2\/media?parent=6531"}],"wp:term":[{"taxonomy":"product_brand","embeddable":true,"href":"https:\/\/paleo-energetique.org\/de\/wp-json\/wp\/v2\/product_brand?post=6531"},{"taxonomy":"product_cat","embeddable":true,"href":"https:\/\/paleo-energetique.org\/de\/wp-json\/wp\/v2\/product_cat?post=6531"},{"taxonomy":"product_tag","embeddable":true,"href":"https:\/\/paleo-energetique.org\/de\/wp-json\/wp\/v2\/product_tag?post=6531"}],"curies":[{"name":"wp","href":"https:\/\/api.w.org\/{rel}","templated":true}]}}