{"id":6149,"date":"2022-11-14T14:05:13","date_gmt":"2022-11-14T14:05:13","guid":{"rendered":"https:\/\/paleo-energetique.org\/?post_type=product&#038;p=6149"},"modified":"2024-11-21T11:27:41","modified_gmt":"2024-11-21T11:27:41","slug":"retrofutur-une-autre-histoire-des-machines-a-vent","status":"publish","type":"product","link":"https:\/\/paleo-energetique.org\/de\/produit\/retrofutur-une-autre-histoire-des-machines-a-vent\/","title":{"rendered":"Retrofutur : une autre histoire des machines \u00e0 vent"},"content":{"rendered":"<p><span class=\"bold\">A travers l\u2019Histoire, re-d\u00e9couvrir la modernit\u00e9 des inventions techniques qui ont apprivois\u00e9 le vent permet d\u2019inspirer la transition \u00e9cologique, c\u2019est ce que propose ce nouvel ouvrage co-\u00e9crit par Pal\u00e9o-\u00e9nerg\u00e9tique et Philippe Bruyerre<\/span><\/p>\n<p>Suite \u00e0 la rencontre avec Philippe Bruyerre, ing\u00e9nieur Arts et M\u00e9tiers et docteur de l\u2019EHESS en sciences sociales d\u2019histoire des techniques, nous avons d\u00e9cid\u00e9 de publier avec un lui un ouvrage richement illustr\u00e9. Quand on parle d&#8217;\u00e9oliennes, autant veiller au grain \u00e0 la v\u00e9racit\u00e9 des propos !<\/p>\n<p>Ce livre est pr\u00e9fac\u00e9 par Philippe Bihouix, lui aussi ing\u00e9nieur et prolifique \u00e9crivain sur les questions des low-tech et de la ville demain, qui nous a fait l\u2019honneur d\u2019\u00e9crire un texte in\u00e9dit !<\/p>\n<p>Dans nos recherches nous avons identifi\u00e9 que dans le domaine de l\u2019\u00e9nergie \u00e9olienne, les huit si\u00e8cles et demi qui nous s\u00e9parent de l\u2019\u00e9mergence du moulin \u00e0 vent occidental ont vu se d\u00e9velopper myriades de solutions originales pour tenter de tirer parti du vent.<\/p>\n<p>Ce livre est donc pour tous. Il est d\u00e9di\u00e9 au vent, ce ph\u00e9nom\u00e8ne naturel, si capricieux et invisible qui, depuis des si\u00e8cles, a captiv\u00e9 l\u2019imagination et mobilis\u00e9 la cr\u00e9ativit\u00e9 de nombreux inventeurs, inventeuses, techniciens et techniciennes.<\/p>\n<p>L\u2019objectif de cet ouvrage est de restituer certaines des solutions techniques visant \u00e0 apprivoiser le vent et \u00e0 le mettre au service des citoyens et citoyennes.<\/p>\n<p>Chaque histoire est pr\u00e9sent\u00e9e sur une double page, comprenant un texte court avec des anecdotes ainsi qu&#8217;une illustration et quelques sources \u00e0 explorer plus avant.<\/p>\n<p><span class=\"bold\">\u2192 Format of the book : 18.5 cm x 26 cm ; 212 pages<\/span><\/p>\n<p><span class=\"bold\">\u2192 78 inventions ont \u00e9t\u00e9 s\u00e9lectionn\u00e9es, allant de -1300 av J.C \u00e0 2022.<\/span><\/p>\n<p><span class=\"bold\">\u2192 L&#8217;ouvrage est agr\u00e9ment\u00e9 de textes th\u00e9matiques : <\/span><\/p>\n<p>Pr\u00e9face de Philippe Bihouix \u201c De la fin de l\u2019abondance \u00e0 la sobri\u00e9t\u00e9\u201d<\/p>\n<p>Sauver le climat avec l\u2019\u00e9lectricit\u00e9 ? Imaginer des usages non-\u00e9lectriques de l\u2019\u00e9olien<\/p>\n<p>R\u00e9trofutur de l\u2019\u00e9olien : R\u00e9activer les \u00e9oliennes de moyenne puissance<\/p>\n<p>Resituer l\u2019\u00e9nergie : Associer production locale et ma\u00eetrise de la demande<\/p>\n<p>Pal\u00e9oliennes, entre oubli et m\u00e9moire : Ne pas r\u00e9inventer la roue (\u00e9olienne).<\/p>\n<p>\u00c9oliennes et territoires, retours vers le pass\u00e9<\/p>\n<p>Art contemporain et vent : Susumu Shingu, une nouvelle utopie ?<\/p>\n<p>Exemple d&#8217;une page :<\/p>\n<p><img fetchpriority=\"high\" decoding=\"async\" class=\"aligncenter size-full wp-image-5340\" src=\"https:\/\/paleo-energetique.org\/wp-content\/uploads\/2022\/11\/paleo-eolien-maquette-temp-2.6IVsvgoVyq.jpg\" alt=\"\" width=\"1199\" height=\"809\" \/><\/p>\n<p>&nbsp;<\/p>\n<p>&nbsp;<\/p>\n<p>&nbsp;<\/p>\n","protected":false},"excerpt":{"rendered":"<p><span class=\"bold\">A travers l\u2019Histoire, re-d\u00e9couvrir la modernit\u00e9 des inventions techniques qui ont apprivois\u00e9 le vent permet d\u2019inspirer la transition \u00e9cologique, c\u2019est ce que propose ce nouvel ouvrage co-\u00e9crit par Pal\u00e9o-\u00e9nerg\u00e9tique et Philippe Bruyerre<\/span><\/p>\n<p>Dans nos recherches nous avons identifi\u00e9 que dans le domaine de l\u2019\u00e9nergie \u00e9olienne, les huit si\u00e8cles et demi qui nous s\u00e9parent de l\u2019\u00e9mergence du moulin \u00e0 vent occidental ont vu se d\u00e9velopper myriades de solutions originales pour tenter de tirer parti du vent.<br \/>\nCe livre est donc pour tous. Il est d\u00e9di\u00e9 au vent, ce ph\u00e9nom\u00e8ne naturel, si capricieux et invisible qui, depuis des si\u00e8cles, a captiv\u00e9 l\u2019imagination et mobilis\u00e9 la cr\u00e9ativit\u00e9 de nombreux inventeurs, inventeuses, techniciens et techniciennes.<br \/>\nL\u2019objectif de cet ouvrage est de restituer certaines des solutions techniques visant \u00e0 apprivoiser le vent et \u00e0 le mettre au service des citoyens et citoyennes. 78 inventions ont \u00e9t\u00e9 s\u00e9lectionn\u00e9es, allant de -1300 av J.C \u00e0 2022. L&#8217;ouvrage est agr\u00e9ment\u00e9 de textes th\u00e9matiques.<\/p>\n<p>&nbsp;<\/p>\n","protected":false},"featured_media":6164,"comment_status":"open","ping_status":"closed","template":"","meta":{"_acf_changed":false},"product_brand":[],"product_cat":[132],"product_tag":[],"class_list":{"0":"post-6149","1":"product","2":"type-product","3":"status-publish","4":"has-post-thumbnail","6":"product_cat-livres","8":"first","9":"instock","10":"shipping-taxable","11":"purchasable","12":"product-type-variable"},"acf":[],"yoast_head":"<!-- This site is optimized with the Yoast SEO plugin v26.0 - https:\/\/yoast.com\/wordpress\/plugins\/seo\/ -->\n<title>Retrofutur : une autre histoire des machines \u00e0 vent - Pal\u00e4o-Energie<\/title>\n<meta name=\"robots\" content=\"index, follow, max-snippet:-1, max-image-preview:large, max-video-preview:-1\" \/>\n<link rel=\"canonical\" href=\"https:\/\/paleo-energetique.org\/produit\/retrofutur-une-autre-histoire-des-machines-a-vent\/\" \/>\n<meta property=\"og:locale\" content=\"de_DE\" \/>\n<meta property=\"og:type\" content=\"article\" \/>\n<meta property=\"og:title\" content=\"Retrofutur : une autre histoire des machines \u00e0 vent - Pal\u00e4o-Energie\" \/>\n<meta property=\"og:description\" content=\"A travers l\u2019Histoire, re-d\u00e9couvrir la modernit\u00e9 des inventions techniques qui ont apprivois\u00e9 le vent permet d\u2019inspirer la transition \u00e9cologique, c\u2019est ce que propose ce nouvel ouvrage co-\u00e9crit par Pal\u00e9o-\u00e9nerg\u00e9tique et Philippe Bruyerre  Dans nos recherches nous avons identifi\u00e9 que dans le domaine de l\u2019\u00e9nergie \u00e9olienne, les huit si\u00e8cles et demi qui nous s\u00e9parent de l\u2019\u00e9mergence du moulin \u00e0 vent occidental ont vu se d\u00e9velopper myriades de solutions originales pour tenter de tirer parti du vent. Ce livre est donc pour tous. Il est d\u00e9di\u00e9 au vent, ce ph\u00e9nom\u00e8ne naturel, si capricieux et invisible qui, depuis des si\u00e8cles, a captiv\u00e9 l\u2019imagination et mobilis\u00e9 la cr\u00e9ativit\u00e9 de nombreux inventeurs, inventeuses, techniciens et techniciennes. L\u2019objectif de cet ouvrage est de restituer certaines des solutions techniques visant \u00e0 apprivoiser le vent et \u00e0 le mettre au service des citoyens et citoyennes. 78 inventions ont \u00e9t\u00e9 s\u00e9lectionn\u00e9es, allant de -1300 av J.C \u00e0 2022. L&#039;ouvrage est agr\u00e9ment\u00e9 de textes th\u00e9matiques.  &nbsp;\" \/>\n<meta property=\"og:url\" content=\"https:\/\/paleo-energetique.org\/produit\/retrofutur-une-autre-histoire-des-machines-a-vent\/\" \/>\n<meta property=\"og:site_name\" content=\"Pal\u00e4o-Energie\" \/>\n<meta property=\"article:publisher\" content=\"https:\/\/www.facebook.com\/paleoenergie\/\" \/>\n<meta property=\"article:modified_time\" content=\"2024-11-21T11:27:41+00:00\" \/>\n<meta property=\"og:image\" content=\"https:\/\/paleo-energetique.org\/wp-content\/uploads\/2022\/11\/retrofutur-vent-couv-2-copie.png\" \/>\n\t<meta property=\"og:image:width\" content=\"1000\" \/>\n\t<meta property=\"og:image:height\" content=\"1008\" \/>\n\t<meta property=\"og:image:type\" content=\"image\/png\" \/>\n<meta name=\"twitter:card\" content=\"summary_large_image\" \/>\n<meta name=\"twitter:label1\" content=\"Gesch\u00e4tzte Lesezeit\" \/>\n\t<meta name=\"twitter:data1\" content=\"3\u00a0Minuten\" \/>\n<script type=\"application\/ld+json\" class=\"yoast-schema-graph\">{\"@context\":\"https:\/\/schema.org\",\"@graph\":[{\"@type\":\"WebPage\",\"@id\":\"https:\/\/paleo-energetique.org\/produit\/retrofutur-une-autre-histoire-des-machines-a-vent\/\",\"url\":\"https:\/\/paleo-energetique.org\/produit\/retrofutur-une-autre-histoire-des-machines-a-vent\/\",\"name\":\"Retrofutur : une autre histoire des machines \u00e0 vent - Pal\u00e4o-Energie\",\"isPartOf\":{\"@id\":\"https:\/\/paleo-energetique.org\/#website\"},\"primaryImageOfPage\":{\"@id\":\"https:\/\/paleo-energetique.org\/produit\/retrofutur-une-autre-histoire-des-machines-a-vent\/#primaryimage\"},\"image\":{\"@id\":\"https:\/\/paleo-energetique.org\/produit\/retrofutur-une-autre-histoire-des-machines-a-vent\/#primaryimage\"},\"thumbnailUrl\":\"https:\/\/paleo-energetique.org\/wp-content\/uploads\/2022\/11\/retrofutur-vent-couv-2-copie.png\",\"datePublished\":\"2022-11-14T14:05:13+00:00\",\"dateModified\":\"2024-11-21T11:27:41+00:00\",\"breadcrumb\":{\"@id\":\"https:\/\/paleo-energetique.org\/produit\/retrofutur-une-autre-histoire-des-machines-a-vent\/#breadcrumb\"},\"inLanguage\":\"de\",\"potentialAction\":[{\"@type\":\"ReadAction\",\"target\":[\"https:\/\/paleo-energetique.org\/produit\/retrofutur-une-autre-histoire-des-machines-a-vent\/\"]}]},{\"@type\":\"ImageObject\",\"inLanguage\":\"de\",\"@id\":\"https:\/\/paleo-energetique.org\/produit\/retrofutur-une-autre-histoire-des-machines-a-vent\/#primaryimage\",\"url\":\"https:\/\/paleo-energetique.org\/wp-content\/uploads\/2022\/11\/retrofutur-vent-couv-2-copie.png\",\"contentUrl\":\"https:\/\/paleo-energetique.org\/wp-content\/uploads\/2022\/11\/retrofutur-vent-couv-2-copie.png\",\"width\":1000,\"height\":1008},{\"@type\":\"BreadcrumbList\",\"@id\":\"https:\/\/paleo-energetique.org\/produit\/retrofutur-une-autre-histoire-des-machines-a-vent\/#breadcrumb\",\"itemListElement\":[{\"@type\":\"ListItem\",\"position\":1,\"name\":\"Accueil\",\"item\":\"https:\/\/paleo-energetique.org\/de\/\"},{\"@type\":\"ListItem\",\"position\":2,\"name\":\"Boutique\",\"item\":\"https:\/\/paleo-energetique.org\/boutique\/\"},{\"@type\":\"ListItem\",\"position\":3,\"name\":\"Retrofutur : une autre histoire des machines \u00e0 vent\"}]},{\"@type\":\"WebSite\",\"@id\":\"https:\/\/paleo-energetique.org\/#website\",\"url\":\"https:\/\/paleo-energetique.org\/\",\"name\":\"Pal\u00e4o-Energie\",\"description\":\"Die neue Energiegeschichte\",\"potentialAction\":[{\"@type\":\"SearchAction\",\"target\":{\"@type\":\"EntryPoint\",\"urlTemplate\":\"https:\/\/paleo-energetique.org\/?s={search_term_string}\"},\"query-input\":{\"@type\":\"PropertyValueSpecification\",\"valueRequired\":true,\"valueName\":\"search_term_string\"}}],\"inLanguage\":\"de\"}]}<\/script>\n<!-- \/ Yoast SEO plugin. -->","yoast_head_json":{"title":"Retrofutur : une autre histoire des machines \u00e0 vent - Pal\u00e4o-Energie","robots":{"index":"index","follow":"follow","max-snippet":"max-snippet:-1","max-image-preview":"max-image-preview:large","max-video-preview":"max-video-preview:-1"},"canonical":"https:\/\/paleo-energetique.org\/produit\/retrofutur-une-autre-histoire-des-machines-a-vent\/","og_locale":"de_DE","og_type":"article","og_title":"Retrofutur : une autre histoire des machines \u00e0 vent - Pal\u00e4o-Energie","og_description":"A travers l\u2019Histoire, re-d\u00e9couvrir la modernit\u00e9 des inventions techniques qui ont apprivois\u00e9 le vent permet d\u2019inspirer la transition \u00e9cologique, c\u2019est ce que propose ce nouvel ouvrage co-\u00e9crit par Pal\u00e9o-\u00e9nerg\u00e9tique et Philippe Bruyerre  Dans nos recherches nous avons identifi\u00e9 que dans le domaine de l\u2019\u00e9nergie \u00e9olienne, les huit si\u00e8cles et demi qui nous s\u00e9parent de l\u2019\u00e9mergence du moulin \u00e0 vent occidental ont vu se d\u00e9velopper myriades de solutions originales pour tenter de tirer parti du vent. Ce livre est donc pour tous. Il est d\u00e9di\u00e9 au vent, ce ph\u00e9nom\u00e8ne naturel, si capricieux et invisible qui, depuis des si\u00e8cles, a captiv\u00e9 l\u2019imagination et mobilis\u00e9 la cr\u00e9ativit\u00e9 de nombreux inventeurs, inventeuses, techniciens et techniciennes. L\u2019objectif de cet ouvrage est de restituer certaines des solutions techniques visant \u00e0 apprivoiser le vent et \u00e0 le mettre au service des citoyens et citoyennes. 78 inventions ont \u00e9t\u00e9 s\u00e9lectionn\u00e9es, allant de -1300 av J.C \u00e0 2022. L'ouvrage est agr\u00e9ment\u00e9 de textes th\u00e9matiques.  &nbsp;","og_url":"https:\/\/paleo-energetique.org\/produit\/retrofutur-une-autre-histoire-des-machines-a-vent\/","og_site_name":"Pal\u00e4o-Energie","article_publisher":"https:\/\/www.facebook.com\/paleoenergie\/","article_modified_time":"2024-11-21T11:27:41+00:00","og_image":[{"width":1000,"height":1008,"url":"https:\/\/paleo-energetique.org\/wp-content\/uploads\/2022\/11\/retrofutur-vent-couv-2-copie.png","type":"image\/png"}],"twitter_card":"summary_large_image","twitter_misc":{"Gesch\u00e4tzte Lesezeit":"3\u00a0Minuten"},"schema":{"@context":"https:\/\/schema.org","@graph":[{"@type":"WebPage","@id":"https:\/\/paleo-energetique.org\/produit\/retrofutur-une-autre-histoire-des-machines-a-vent\/","url":"https:\/\/paleo-energetique.org\/produit\/retrofutur-une-autre-histoire-des-machines-a-vent\/","name":"Retrofutur : une autre histoire des machines \u00e0 vent - Pal\u00e4o-Energie","isPartOf":{"@id":"https:\/\/paleo-energetique.org\/#website"},"primaryImageOfPage":{"@id":"https:\/\/paleo-energetique.org\/produit\/retrofutur-une-autre-histoire-des-machines-a-vent\/#primaryimage"},"image":{"@id":"https:\/\/paleo-energetique.org\/produit\/retrofutur-une-autre-histoire-des-machines-a-vent\/#primaryimage"},"thumbnailUrl":"https:\/\/paleo-energetique.org\/wp-content\/uploads\/2022\/11\/retrofutur-vent-couv-2-copie.png","datePublished":"2022-11-14T14:05:13+00:00","dateModified":"2024-11-21T11:27:41+00:00","breadcrumb":{"@id":"https:\/\/paleo-energetique.org\/produit\/retrofutur-une-autre-histoire-des-machines-a-vent\/#breadcrumb"},"inLanguage":"de","potentialAction":[{"@type":"ReadAction","target":["https:\/\/paleo-energetique.org\/produit\/retrofutur-une-autre-histoire-des-machines-a-vent\/"]}]},{"@type":"ImageObject","inLanguage":"de","@id":"https:\/\/paleo-energetique.org\/produit\/retrofutur-une-autre-histoire-des-machines-a-vent\/#primaryimage","url":"https:\/\/paleo-energetique.org\/wp-content\/uploads\/2022\/11\/retrofutur-vent-couv-2-copie.png","contentUrl":"https:\/\/paleo-energetique.org\/wp-content\/uploads\/2022\/11\/retrofutur-vent-couv-2-copie.png","width":1000,"height":1008},{"@type":"BreadcrumbList","@id":"https:\/\/paleo-energetique.org\/produit\/retrofutur-une-autre-histoire-des-machines-a-vent\/#breadcrumb","itemListElement":[{"@type":"ListItem","position":1,"name":"Accueil","item":"https:\/\/paleo-energetique.org\/de\/"},{"@type":"ListItem","position":2,"name":"Boutique","item":"https:\/\/paleo-energetique.org\/boutique\/"},{"@type":"ListItem","position":3,"name":"Retrofutur : une autre histoire des machines \u00e0 vent"}]},{"@type":"WebSite","@id":"https:\/\/paleo-energetique.org\/#website","url":"https:\/\/paleo-energetique.org\/","name":"Pal\u00e4o-Energie","description":"Die neue Energiegeschichte","potentialAction":[{"@type":"SearchAction","target":{"@type":"EntryPoint","urlTemplate":"https:\/\/paleo-energetique.org\/?s={search_term_string}"},"query-input":{"@type":"PropertyValueSpecification","valueRequired":true,"valueName":"search_term_string"}}],"inLanguage":"de"}]}},"_links":{"self":[{"href":"https:\/\/paleo-energetique.org\/de\/wp-json\/wp\/v2\/product\/6149","targetHints":{"allow":["GET"]}}],"collection":[{"href":"https:\/\/paleo-energetique.org\/de\/wp-json\/wp\/v2\/product"}],"about":[{"href":"https:\/\/paleo-energetique.org\/de\/wp-json\/wp\/v2\/types\/product"}],"replies":[{"embeddable":true,"href":"https:\/\/paleo-energetique.org\/de\/wp-json\/wp\/v2\/comments?post=6149"}],"wp:featuredmedia":[{"embeddable":true,"href":"https:\/\/paleo-energetique.org\/de\/wp-json\/wp\/v2\/media\/6164"}],"wp:attachment":[{"href":"https:\/\/paleo-energetique.org\/de\/wp-json\/wp\/v2\/media?parent=6149"}],"wp:term":[{"taxonomy":"product_brand","embeddable":true,"href":"https:\/\/paleo-energetique.org\/de\/wp-json\/wp\/v2\/product_brand?post=6149"},{"taxonomy":"product_cat","embeddable":true,"href":"https:\/\/paleo-energetique.org\/de\/wp-json\/wp\/v2\/product_cat?post=6149"},{"taxonomy":"product_tag","embeddable":true,"href":"https:\/\/paleo-energetique.org\/de\/wp-json\/wp\/v2\/product_tag?post=6149"}],"curies":[{"name":"wp","href":"https:\/\/api.w.org\/{rel}","templated":true}]}}