{"id":5828,"date":"2022-03-31T20:36:28","date_gmt":"2022-03-31T20:36:28","guid":{"rendered":"https:\/\/paleo-energetique.org\/?page_id=5828"},"modified":"2022-03-31T20:37:59","modified_gmt":"2022-03-31T20:37:59","slug":"city-kit","status":"publish","type":"page","link":"https:\/\/paleo-energetique.org\/de\/austellung\/city-kit\/","title":{"rendered":"City-Kit"},"content":{"rendered":"<h2 style=\"text-align: center;\">City-Kit<\/h2>\n<p style=\"text-align: center;\">Wir arbeiten mit St\u00e4dten, Schulen und Gemeinden zusammen, indem wir Veranstaltungen organisieren und die Energieforschung f\u00f6rdern, um sie zu identifizieren, zu st\u00e4rken und zu animieren. Wir berufen uns auf die Geschichte und die kollektive Kreativit\u00e4t: Unser Ziel ist es, die Vergangenheit zu erforschen, um uns die Zukunft vorzustellen, Szenarien zu entwickeln und zu zeigen, dass Energie sowohl f\u00fcr die Bev\u00f6lkerung als auch f\u00fcr Erfinder ein altes Thema ist.<\/p>\n<p style=\"text-align: center;\"><a class=\"myButton\" href=\"https:\/\/paleo-energetique.org\/Kit-pour-les-communes.pdf\" target=\"_blank\" rel=\"noopener\">HERUNTERLADEN<\/a><\/p>\n<p style=\"text-align: center;\"><div style=\"display:block\">\n<!-- FlowPaper PDF flipbook plugin v.2.0.6 wordpress.org\/plugins\/flowpaper\/ -->\n<iframe title=\"FlowPaper flipbook pdf viewer\" width=\"100%\" height=\"500\" scrolling=\"no\" class=\"flowpaper-class\" frameborder=\"0\" allowFullScreen=\"true\" lightbox=\"false\" cover id src = \"https:\/\/flowpaper.com\/flipbook\/?pdf=https:\/\/paleo-energetique.org\/Kit-pour-les-communes.pdf&title=&header=&theme=&singlepage=&thumbs=1&modified=220331837\" seamless=\"seamless\" style=\"margin-bottom:0;display:block;\">Your browser does not seem to support iframes. <a href=\"https:\/\/flowpaper.com\/flipbook\/?pdf=https:\/\/paleo-energetique.org\/Kit-pour-les-communes.pdf\" target=\"_blank\">Click here to read this PDF<\/a>.<\/iframe>\n<div id=\"flowpaper-logo-bottom\" class=\"flowpaper-logo-bg\" style=\"background:linear-gradient(to right, rgba(0,0,0,0.65) 0%,rgba(0,0,0,0) 200px);width:100%;height:19px; padding-bottom: 1px; padding-left: 5px; padding-right: 10px; display: flex; align-items: center;z-index:9999\"><span style=\"height: 37px; padding-left: 6px;width:90%\"> <a id=\"flowpaper-link\" style=\"fill: #fff\" alt=\"FlowPaper logotype\" title=\"FlowPaper logotype\" href=\"https:\/\/flowpaper.com\" target=\"_blank\"> <img decoding=\"async\" alt=\"Publish PDF flipbooks online\" style=\"height:17px;width:auto;margin-top:11px;\" src=\"https:\/\/paleo-energetique.org\/wp-content\/plugins\/flowpaper-lite-pdf-flipbook\/assets\/flowpaper-logo.png\" border=\"0\"> <\/a> <\/span><span style=\" float: right; right: 0; font-size: 10px; white-space: nowrap; opacity:0.8\"><a href=\"https:\/\/flowpaper.com\/flipbook-maker\/\" target=\"_new\" style=\"text-decoration:none;border-bottom:none;\">Created using FlowPaper Flipbook Maker &#8599;<\/a><\/span><\/div><\/div>\r\n                <script>\r\n                document.addEventListener(\"DOMContentLoaded\", function(){\r\n                    var target_element, iframe_element;\r\n                    iframe_element = document.querySelector(\"iframe.flowpaper-class\");\r\n                    target_element = document.querySelector(\"\");\r\n                    iframe_element.style.height = target_element.offsetHeight + \"px\";\r\n                });\r\n                <\/script>\r\n            <\/p>\n","protected":false},"excerpt":{"rendered":"<p>City-Kit Wir arbeiten mit St\u00e4dten, Schulen und Gemeinden zusammen, indem wir Veranstaltungen organisieren und die Energieforschung f\u00f6rdern, um sie zu identifizieren, zu st\u00e4rken und zu animieren. Wir berufen uns auf die Geschichte und die kollektive Kreativit\u00e4t: Unser Ziel ist es, die Vergangenheit zu erforschen, um [&hellip;]<\/p>\n","protected":false},"author":2,"featured_media":0,"parent":2272,"menu_order":0,"comment_status":"closed","ping_status":"closed","template":"","meta":{"_acf_changed":false,"footnotes":""},"tags":[],"class_list":["post-5828","page","type-page","status-publish","hentry"],"acf":[],"yoast_head":"<!-- This site is optimized with the Yoast SEO plugin v26.0 - https:\/\/yoast.com\/wordpress\/plugins\/seo\/ -->\n<title>City-Kit - Pal\u00e4o-Energie<\/title>\n<meta name=\"robots\" content=\"index, follow, max-snippet:-1, max-image-preview:large, max-video-preview:-1\" \/>\n<link rel=\"canonical\" href=\"https:\/\/paleo-energetique.org\/de\/austellung\/city-kit\/\" \/>\n<meta property=\"og:locale\" content=\"de_DE\" \/>\n<meta property=\"og:type\" content=\"article\" \/>\n<meta property=\"og:title\" content=\"City-Kit - Pal\u00e4o-Energie\" \/>\n<meta property=\"og:description\" content=\"City-Kit Wir arbeiten mit St\u00e4dten, Schulen und Gemeinden zusammen, indem wir Veranstaltungen organisieren und die Energieforschung f\u00f6rdern, um sie zu identifizieren, zu st\u00e4rken und zu animieren. Wir berufen uns auf die Geschichte und die kollektive Kreativit\u00e4t: Unser Ziel ist es, die Vergangenheit zu erforschen, um [&hellip;]\" \/>\n<meta property=\"og:url\" content=\"https:\/\/paleo-energetique.org\/de\/austellung\/city-kit\/\" \/>\n<meta property=\"og:site_name\" content=\"Pal\u00e4o-Energie\" \/>\n<meta property=\"article:publisher\" content=\"https:\/\/www.facebook.com\/paleoenergie\/\" \/>\n<meta property=\"article:modified_time\" content=\"2022-03-31T20:37:59+00:00\" \/>\n<meta property=\"og:image\" content=\"https:\/\/paleo-energetique.org\/wp-content\/uploads\/2017\/02\/paleo-energetique.jpg\" \/>\n\t<meta property=\"og:image:width\" content=\"1280\" \/>\n\t<meta property=\"og:image:height\" content=\"853\" \/>\n\t<meta property=\"og:image:type\" content=\"image\/jpeg\" \/>\n<meta name=\"twitter:card\" content=\"summary_large_image\" \/>\n<script type=\"application\/ld+json\" class=\"yoast-schema-graph\">{\"@context\":\"https:\/\/schema.org\",\"@graph\":[{\"@type\":\"WebPage\",\"@id\":\"https:\/\/paleo-energetique.org\/de\/austellung\/city-kit\/\",\"url\":\"https:\/\/paleo-energetique.org\/de\/austellung\/city-kit\/\",\"name\":\"City-Kit - Pal\u00e4o-Energie\",\"isPartOf\":{\"@id\":\"https:\/\/paleo-energetique.org\/#website\"},\"datePublished\":\"2022-03-31T20:36:28+00:00\",\"dateModified\":\"2022-03-31T20:37:59+00:00\",\"breadcrumb\":{\"@id\":\"https:\/\/paleo-energetique.org\/de\/austellung\/city-kit\/#breadcrumb\"},\"inLanguage\":\"de\",\"potentialAction\":[{\"@type\":\"ReadAction\",\"target\":[\"https:\/\/paleo-energetique.org\/de\/austellung\/city-kit\/\"]}]},{\"@type\":\"BreadcrumbList\",\"@id\":\"https:\/\/paleo-energetique.org\/de\/austellung\/city-kit\/#breadcrumb\",\"itemListElement\":[{\"@type\":\"ListItem\",\"position\":1,\"name\":\"Accueil\",\"item\":\"https:\/\/paleo-energetique.org\/de\/\"},{\"@type\":\"ListItem\",\"position\":2,\"name\":\"AUSTELLUNG\",\"item\":\"https:\/\/paleo-energetique.org\/de\/austellung\/\"},{\"@type\":\"ListItem\",\"position\":3,\"name\":\"City-Kit\"}]},{\"@type\":\"WebSite\",\"@id\":\"https:\/\/paleo-energetique.org\/#website\",\"url\":\"https:\/\/paleo-energetique.org\/\",\"name\":\"Pal\u00e4o-Energie\",\"description\":\"Die neue Energiegeschichte\",\"potentialAction\":[{\"@type\":\"SearchAction\",\"target\":{\"@type\":\"EntryPoint\",\"urlTemplate\":\"https:\/\/paleo-energetique.org\/?s={search_term_string}\"},\"query-input\":{\"@type\":\"PropertyValueSpecification\",\"valueRequired\":true,\"valueName\":\"search_term_string\"}}],\"inLanguage\":\"de\"}]}<\/script>\n<!-- \/ Yoast SEO plugin. -->","yoast_head_json":{"title":"City-Kit - Pal\u00e4o-Energie","robots":{"index":"index","follow":"follow","max-snippet":"max-snippet:-1","max-image-preview":"max-image-preview:large","max-video-preview":"max-video-preview:-1"},"canonical":"https:\/\/paleo-energetique.org\/de\/austellung\/city-kit\/","og_locale":"de_DE","og_type":"article","og_title":"City-Kit - Pal\u00e4o-Energie","og_description":"City-Kit Wir arbeiten mit St\u00e4dten, Schulen und Gemeinden zusammen, indem wir Veranstaltungen organisieren und die Energieforschung f\u00f6rdern, um sie zu identifizieren, zu st\u00e4rken und zu animieren. Wir berufen uns auf die Geschichte und die kollektive Kreativit\u00e4t: Unser Ziel ist es, die Vergangenheit zu erforschen, um [&hellip;]","og_url":"https:\/\/paleo-energetique.org\/de\/austellung\/city-kit\/","og_site_name":"Pal\u00e4o-Energie","article_publisher":"https:\/\/www.facebook.com\/paleoenergie\/","article_modified_time":"2022-03-31T20:37:59+00:00","og_image":[{"width":1280,"height":853,"url":"https:\/\/paleo-energetique.org\/wp-content\/uploads\/2017\/02\/paleo-energetique.jpg","type":"image\/jpeg"}],"twitter_card":"summary_large_image","schema":{"@context":"https:\/\/schema.org","@graph":[{"@type":"WebPage","@id":"https:\/\/paleo-energetique.org\/de\/austellung\/city-kit\/","url":"https:\/\/paleo-energetique.org\/de\/austellung\/city-kit\/","name":"City-Kit - Pal\u00e4o-Energie","isPartOf":{"@id":"https:\/\/paleo-energetique.org\/#website"},"datePublished":"2022-03-31T20:36:28+00:00","dateModified":"2022-03-31T20:37:59+00:00","breadcrumb":{"@id":"https:\/\/paleo-energetique.org\/de\/austellung\/city-kit\/#breadcrumb"},"inLanguage":"de","potentialAction":[{"@type":"ReadAction","target":["https:\/\/paleo-energetique.org\/de\/austellung\/city-kit\/"]}]},{"@type":"BreadcrumbList","@id":"https:\/\/paleo-energetique.org\/de\/austellung\/city-kit\/#breadcrumb","itemListElement":[{"@type":"ListItem","position":1,"name":"Accueil","item":"https:\/\/paleo-energetique.org\/de\/"},{"@type":"ListItem","position":2,"name":"AUSTELLUNG","item":"https:\/\/paleo-energetique.org\/de\/austellung\/"},{"@type":"ListItem","position":3,"name":"City-Kit"}]},{"@type":"WebSite","@id":"https:\/\/paleo-energetique.org\/#website","url":"https:\/\/paleo-energetique.org\/","name":"Pal\u00e4o-Energie","description":"Die neue Energiegeschichte","potentialAction":[{"@type":"SearchAction","target":{"@type":"EntryPoint","urlTemplate":"https:\/\/paleo-energetique.org\/?s={search_term_string}"},"query-input":{"@type":"PropertyValueSpecification","valueRequired":true,"valueName":"search_term_string"}}],"inLanguage":"de"}]}},"_links":{"self":[{"href":"https:\/\/paleo-energetique.org\/de\/wp-json\/wp\/v2\/pages\/5828","targetHints":{"allow":["GET"]}}],"collection":[{"href":"https:\/\/paleo-energetique.org\/de\/wp-json\/wp\/v2\/pages"}],"about":[{"href":"https:\/\/paleo-energetique.org\/de\/wp-json\/wp\/v2\/types\/page"}],"author":[{"embeddable":true,"href":"https:\/\/paleo-energetique.org\/de\/wp-json\/wp\/v2\/users\/2"}],"replies":[{"embeddable":true,"href":"https:\/\/paleo-energetique.org\/de\/wp-json\/wp\/v2\/comments?post=5828"}],"version-history":[{"count":0,"href":"https:\/\/paleo-energetique.org\/de\/wp-json\/wp\/v2\/pages\/5828\/revisions"}],"up":[{"embeddable":true,"href":"https:\/\/paleo-energetique.org\/de\/wp-json\/wp\/v2\/pages\/2272"}],"wp:attachment":[{"href":"https:\/\/paleo-energetique.org\/de\/wp-json\/wp\/v2\/media?parent=5828"}],"wp:term":[{"taxonomy":"post_tag","embeddable":true,"href":"https:\/\/paleo-energetique.org\/de\/wp-json\/wp\/v2\/tags?post=5828"}],"curies":[{"name":"wp","href":"https:\/\/api.w.org\/{rel}","templated":true}]}}