{"id":5809,"date":"2022-03-31T20:31:10","date_gmt":"2022-03-31T20:31:10","guid":{"rendered":"https:\/\/paleo-energetique.org\/?page_id=5809"},"modified":"2022-03-31T20:34:59","modified_gmt":"2022-03-31T20:34:59","slug":"poster-kit","status":"publish","type":"page","link":"https:\/\/paleo-energetique.org\/de\/teilnehmen\/poster-kit\/","title":{"rendered":"Poster-Kit"},"content":{"rendered":"<p>&nbsp;<\/p>\n<h2 style=\"text-align: center;\"><span style=\"color: #000000;\">AUFRUF ZUR TEILNAHME<\/span><\/h2>\n<p style=\"text-align: center;\">Als Teil unseres partizipativen und b\u00fcrgerschaftlichen Forschungsprojekts im Bereich Energie k\u00f6nnen Sie unser \u201eCall for Participation\u201c-Kit herunterladen, um es auszudrucken und auszustellen, um uns dabei zu helfen, alte Erfindungen, alte soziale Innovationen und kollektive Vorstellungen zu finden.<\/p>\n<p style=\"text-align: center;\"><span style=\"color: #3366ff;\"><a class=\"myButton\" href=\"https:\/\/paleo-energetique.org\/kif-affiche.jpg\" target=\"_blank\" rel=\"noopener\">HERUNTERLADEN<\/a><\/span><\/p>\n<p style=\"text-align: center;\"><img fetchpriority=\"high\" decoding=\"async\" class=\"alignnone wp-image-2780\" src=\"https:\/\/paleo-energetique.org\/wp-content\/uploads\/2018\/10\/Afficheappelaparticipation.jpg\" alt=\"\" width=\"700\" height=\"989\" srcset=\"https:\/\/paleo-energetique.org\/wp-content\/uploads\/2018\/10\/Afficheappelaparticipation.jpg 1123w, https:\/\/paleo-energetique.org\/wp-content\/uploads\/2018\/10\/Afficheappelaparticipation-184x260.jpg 184w, https:\/\/paleo-energetique.org\/wp-content\/uploads\/2018\/10\/Afficheappelaparticipation-768x1085.jpg 768w, https:\/\/paleo-energetique.org\/wp-content\/uploads\/2018\/10\/Afficheappelaparticipation-725x1024.jpg 725w, https:\/\/paleo-energetique.org\/wp-content\/uploads\/2018\/10\/Afficheappelaparticipation-600x848.jpg 600w\" sizes=\"(max-width: 700px) 100vw, 700px\" \/><\/p>\n<p>&nbsp;<\/p>\n","protected":false},"excerpt":{"rendered":"<p>&nbsp; AUFRUF ZUR TEILNAHME Als Teil unseres partizipativen und b\u00fcrgerschaftlichen Forschungsprojekts im Bereich Energie k\u00f6nnen Sie unser \u201eCall for Participation\u201c-Kit herunterladen, um es auszudrucken und auszustellen, um uns dabei zu helfen, alte Erfindungen, alte soziale Innovationen und kollektive Vorstellungen zu finden. HERUNTERLADEN &nbsp;<\/p>\n","protected":false},"author":2,"featured_media":0,"parent":5882,"menu_order":0,"comment_status":"closed","ping_status":"closed","template":"","meta":{"_acf_changed":false,"footnotes":""},"tags":[],"class_list":["post-5809","page","type-page","status-publish","hentry"],"acf":[],"yoast_head":"<!-- This site is optimized with the Yoast SEO plugin v26.0 - https:\/\/yoast.com\/wordpress\/plugins\/seo\/ -->\n<title>Poster-Kit - Pal\u00e4o-Energie<\/title>\n<meta name=\"robots\" content=\"index, follow, max-snippet:-1, max-image-preview:large, max-video-preview:-1\" \/>\n<link rel=\"canonical\" href=\"https:\/\/paleo-energetique.org\/de\/austellung\/poster-kit\/\" \/>\n<meta property=\"og:locale\" content=\"de_DE\" \/>\n<meta property=\"og:type\" content=\"article\" \/>\n<meta property=\"og:title\" content=\"Poster-Kit - Pal\u00e4o-Energie\" \/>\n<meta property=\"og:description\" content=\"&nbsp; AUFRUF ZUR TEILNAHME Als Teil unseres partizipativen und b\u00fcrgerschaftlichen Forschungsprojekts im Bereich Energie k\u00f6nnen Sie unser \u201eCall for Participation\u201c-Kit herunterladen, um es auszudrucken und auszustellen, um uns dabei zu helfen, alte Erfindungen, alte soziale Innovationen und kollektive Vorstellungen zu finden. HERUNTERLADEN &nbsp;\" \/>\n<meta property=\"og:url\" content=\"https:\/\/paleo-energetique.org\/de\/austellung\/poster-kit\/\" \/>\n<meta property=\"og:site_name\" content=\"Pal\u00e4o-Energie\" \/>\n<meta property=\"article:publisher\" content=\"https:\/\/www.facebook.com\/paleoenergie\/\" \/>\n<meta property=\"article:modified_time\" content=\"2022-03-31T20:34:59+00:00\" \/>\n<meta property=\"og:image\" content=\"https:\/\/paleo-energetique.org\/wp-content\/uploads\/2018\/10\/Afficheappelaparticipation.jpg\" \/>\n<meta name=\"twitter:card\" content=\"summary_large_image\" \/>\n<script type=\"application\/ld+json\" class=\"yoast-schema-graph\">{\"@context\":\"https:\/\/schema.org\",\"@graph\":[{\"@type\":\"WebPage\",\"@id\":\"https:\/\/paleo-energetique.org\/de\/austellung\/poster-kit\/\",\"url\":\"https:\/\/paleo-energetique.org\/de\/austellung\/poster-kit\/\",\"name\":\"Poster-Kit - Pal\u00e4o-Energie\",\"isPartOf\":{\"@id\":\"https:\/\/paleo-energetique.org\/#website\"},\"primaryImageOfPage\":{\"@id\":\"https:\/\/paleo-energetique.org\/de\/austellung\/poster-kit\/#primaryimage\"},\"image\":{\"@id\":\"https:\/\/paleo-energetique.org\/de\/austellung\/poster-kit\/#primaryimage\"},\"thumbnailUrl\":\"https:\/\/paleo-energetique.org\/wp-content\/uploads\/2018\/10\/Afficheappelaparticipation.jpg\",\"datePublished\":\"2022-03-31T20:31:10+00:00\",\"dateModified\":\"2022-03-31T20:34:59+00:00\",\"breadcrumb\":{\"@id\":\"https:\/\/paleo-energetique.org\/de\/austellung\/poster-kit\/#breadcrumb\"},\"inLanguage\":\"de\",\"potentialAction\":[{\"@type\":\"ReadAction\",\"target\":[\"https:\/\/paleo-energetique.org\/de\/austellung\/poster-kit\/\"]}]},{\"@type\":\"ImageObject\",\"inLanguage\":\"de\",\"@id\":\"https:\/\/paleo-energetique.org\/de\/austellung\/poster-kit\/#primaryimage\",\"url\":\"https:\/\/paleo-energetique.org\/wp-content\/uploads\/2018\/10\/Afficheappelaparticipation.jpg\",\"contentUrl\":\"https:\/\/paleo-energetique.org\/wp-content\/uploads\/2018\/10\/Afficheappelaparticipation.jpg\"},{\"@type\":\"BreadcrumbList\",\"@id\":\"https:\/\/paleo-energetique.org\/de\/austellung\/poster-kit\/#breadcrumb\",\"itemListElement\":[{\"@type\":\"ListItem\",\"position\":1,\"name\":\"Accueil\",\"item\":\"https:\/\/paleo-energetique.org\/de\/\"},{\"@type\":\"ListItem\",\"position\":2,\"name\":\"AUSTELLUNG\",\"item\":\"https:\/\/paleo-energetique.org\/de\/austellung\/\"},{\"@type\":\"ListItem\",\"position\":3,\"name\":\"Poster-Kit\"}]},{\"@type\":\"WebSite\",\"@id\":\"https:\/\/paleo-energetique.org\/#website\",\"url\":\"https:\/\/paleo-energetique.org\/\",\"name\":\"Pal\u00e4o-Energie\",\"description\":\"Die neue Energiegeschichte\",\"potentialAction\":[{\"@type\":\"SearchAction\",\"target\":{\"@type\":\"EntryPoint\",\"urlTemplate\":\"https:\/\/paleo-energetique.org\/?s={search_term_string}\"},\"query-input\":{\"@type\":\"PropertyValueSpecification\",\"valueRequired\":true,\"valueName\":\"search_term_string\"}}],\"inLanguage\":\"de\"}]}<\/script>\n<!-- \/ Yoast SEO plugin. -->","yoast_head_json":{"title":"Poster-Kit - Pal\u00e4o-Energie","robots":{"index":"index","follow":"follow","max-snippet":"max-snippet:-1","max-image-preview":"max-image-preview:large","max-video-preview":"max-video-preview:-1"},"canonical":"https:\/\/paleo-energetique.org\/de\/austellung\/poster-kit\/","og_locale":"de_DE","og_type":"article","og_title":"Poster-Kit - Pal\u00e4o-Energie","og_description":"&nbsp; AUFRUF ZUR TEILNAHME Als Teil unseres partizipativen und b\u00fcrgerschaftlichen Forschungsprojekts im Bereich Energie k\u00f6nnen Sie unser \u201eCall for Participation\u201c-Kit herunterladen, um es auszudrucken und auszustellen, um uns dabei zu helfen, alte Erfindungen, alte soziale Innovationen und kollektive Vorstellungen zu finden. HERUNTERLADEN &nbsp;","og_url":"https:\/\/paleo-energetique.org\/de\/austellung\/poster-kit\/","og_site_name":"Pal\u00e4o-Energie","article_publisher":"https:\/\/www.facebook.com\/paleoenergie\/","article_modified_time":"2022-03-31T20:34:59+00:00","og_image":[{"url":"https:\/\/paleo-energetique.org\/wp-content\/uploads\/2018\/10\/Afficheappelaparticipation.jpg","type":"","width":"","height":""}],"twitter_card":"summary_large_image","schema":{"@context":"https:\/\/schema.org","@graph":[{"@type":"WebPage","@id":"https:\/\/paleo-energetique.org\/de\/austellung\/poster-kit\/","url":"https:\/\/paleo-energetique.org\/de\/austellung\/poster-kit\/","name":"Poster-Kit - Pal\u00e4o-Energie","isPartOf":{"@id":"https:\/\/paleo-energetique.org\/#website"},"primaryImageOfPage":{"@id":"https:\/\/paleo-energetique.org\/de\/austellung\/poster-kit\/#primaryimage"},"image":{"@id":"https:\/\/paleo-energetique.org\/de\/austellung\/poster-kit\/#primaryimage"},"thumbnailUrl":"https:\/\/paleo-energetique.org\/wp-content\/uploads\/2018\/10\/Afficheappelaparticipation.jpg","datePublished":"2022-03-31T20:31:10+00:00","dateModified":"2022-03-31T20:34:59+00:00","breadcrumb":{"@id":"https:\/\/paleo-energetique.org\/de\/austellung\/poster-kit\/#breadcrumb"},"inLanguage":"de","potentialAction":[{"@type":"ReadAction","target":["https:\/\/paleo-energetique.org\/de\/austellung\/poster-kit\/"]}]},{"@type":"ImageObject","inLanguage":"de","@id":"https:\/\/paleo-energetique.org\/de\/austellung\/poster-kit\/#primaryimage","url":"https:\/\/paleo-energetique.org\/wp-content\/uploads\/2018\/10\/Afficheappelaparticipation.jpg","contentUrl":"https:\/\/paleo-energetique.org\/wp-content\/uploads\/2018\/10\/Afficheappelaparticipation.jpg"},{"@type":"BreadcrumbList","@id":"https:\/\/paleo-energetique.org\/de\/austellung\/poster-kit\/#breadcrumb","itemListElement":[{"@type":"ListItem","position":1,"name":"Accueil","item":"https:\/\/paleo-energetique.org\/de\/"},{"@type":"ListItem","position":2,"name":"AUSTELLUNG","item":"https:\/\/paleo-energetique.org\/de\/austellung\/"},{"@type":"ListItem","position":3,"name":"Poster-Kit"}]},{"@type":"WebSite","@id":"https:\/\/paleo-energetique.org\/#website","url":"https:\/\/paleo-energetique.org\/","name":"Pal\u00e4o-Energie","description":"Die neue Energiegeschichte","potentialAction":[{"@type":"SearchAction","target":{"@type":"EntryPoint","urlTemplate":"https:\/\/paleo-energetique.org\/?s={search_term_string}"},"query-input":{"@type":"PropertyValueSpecification","valueRequired":true,"valueName":"search_term_string"}}],"inLanguage":"de"}]}},"_links":{"self":[{"href":"https:\/\/paleo-energetique.org\/de\/wp-json\/wp\/v2\/pages\/5809","targetHints":{"allow":["GET"]}}],"collection":[{"href":"https:\/\/paleo-energetique.org\/de\/wp-json\/wp\/v2\/pages"}],"about":[{"href":"https:\/\/paleo-energetique.org\/de\/wp-json\/wp\/v2\/types\/page"}],"author":[{"embeddable":true,"href":"https:\/\/paleo-energetique.org\/de\/wp-json\/wp\/v2\/users\/2"}],"replies":[{"embeddable":true,"href":"https:\/\/paleo-energetique.org\/de\/wp-json\/wp\/v2\/comments?post=5809"}],"version-history":[{"count":0,"href":"https:\/\/paleo-energetique.org\/de\/wp-json\/wp\/v2\/pages\/5809\/revisions"}],"up":[{"embeddable":true,"href":"https:\/\/paleo-energetique.org\/de\/wp-json\/wp\/v2\/pages\/5882"}],"wp:attachment":[{"href":"https:\/\/paleo-energetique.org\/de\/wp-json\/wp\/v2\/media?parent=5809"}],"wp:term":[{"taxonomy":"post_tag","embeddable":true,"href":"https:\/\/paleo-energetique.org\/de\/wp-json\/wp\/v2\/tags?post=5809"}],"curies":[{"name":"wp","href":"https:\/\/api.w.org\/{rel}","templated":true}]}}