{"id":5761,"date":"2022-03-31T18:45:27","date_gmt":"2022-03-31T18:45:27","guid":{"rendered":"https:\/\/paleo-energetique.org\/?page_id=5761"},"modified":"2022-04-03T14:50:09","modified_gmt":"2022-04-03T14:50:09","slug":"dritter-platz","status":"publish","type":"page","link":"https:\/\/paleo-energetique.org\/de\/retrofutur-museum\/dritter-platz\/","title":{"rendered":"Dritter Platz"},"content":{"rendered":"<p>&nbsp;<\/p>\n<p>&nbsp;<\/p>\n<p>&nbsp;<\/p>\n<h1 style=\"text-align: center;\"><strong>Das WERKSTATTMUSEUM, das neue Abenteuer des pal\u00e4oenergetischen Programms<\/strong><\/h1>\n<p>&nbsp;<\/p>\n<h3 style=\"text-align: center;\"><span style=\"color: #008000;\"><strong>Ein belastbarer dritter Ort, der Kultur, Forschung und \u00dcbertragung verbindet, um die Geschichte der erneuerbaren Energien zu entdecken<\/strong><\/span><\/h3>\n<p>&nbsp;<\/p>\n<p>Unser Verein Atelier21 initiiert ein neues Drittplatzierungsprojekt auf Basis des partizipativen Forschungsprogramms Pal\u00e9o-\u00e9nerg\u00e9tique. Dieses Programm widmet sich der offenen Erforschung alter Erfindungen unter Verwendung erneuerbarer Energien. Ziel ist es, mit Blick auf den Wandel neue Wege f\u00fcr Forschung und Innovation zu erschlie\u00dfen.<\/p>\n<p>Die Vergangenheit ist reich an Inspirationsquellen, um L\u00f6sungen zu erfinden oder neu zu erfinden, die es uns erm\u00f6glichen, die gro\u00dfen Herausforderungen des \u00f6kologischen Wandels zu meistern.<\/p>\n<p>W\u00e4hrend die meisten Universit\u00e4ten oder unabh\u00e4ngigen Forschungszentren, die sich mit der Sozialgeschichte von Techniken befassen, ihre T\u00fcren aufgrund fehlender zugewiesener Mittel schlie\u00dfen, erschien es uns unerl\u00e4sslich, die Zivilgesellschaft f\u00fcr diese Fragen zu mobilisieren.<\/p>\n<p>Mehr als ein eingefrorenes Museum, wir haben es als hybriden Treffpunkt f\u00fcr alle rund um die Technikkultur gedacht: Ausstellungen, festliche Veranstaltungen, Workshop-R\u00e4ume zum Thema Energiearmut, Konferenzen, Orte der Entspannung f\u00fcr Bewohner und Besucher. .euse.s.<\/p>\n<p>W\u00e4hrend Sie darauf warten, es der \u00d6ffentlichkeit zug\u00e4nglich zu machen, empfehlen wir Ihnen, das <a href=\"https:\/\/paleo-energetique.org\/retrofutur-museum\/musee-virtuel-2\/\">virtuelle Online-Museum zu besuchen<\/a>.<\/p>\n<p>&nbsp;<\/p>\n<p><img fetchpriority=\"high\" decoding=\"async\" class=\"aligncenter size-full wp-image-5948\" src=\"https:\/\/paleo-energetique.org\/wp-content\/uploads\/2022\/04\/Visuel-RETROFUTUR-MUSEUM-e1648994913382.png\" alt=\"\" width=\"1200\" height=\"699\" \/><\/p>\n<p style=\"text-align: center;\"><em>3D-Visualisierung des dritten Platzes<\/em><\/p>\n","protected":false},"excerpt":{"rendered":"<p>&nbsp; &nbsp; &nbsp; Das WERKSTATTMUSEUM, das neue Abenteuer des pal\u00e4oenergetischen Programms &nbsp; Ein belastbarer dritter Ort, der Kultur, Forschung und \u00dcbertragung verbindet, um die Geschichte der erneuerbaren Energien zu entdecken &nbsp; Unser Verein Atelier21 initiiert ein neues Drittplatzierungsprojekt auf Basis des partizipativen Forschungsprogramms Pal\u00e9o-\u00e9nerg\u00e9tique. Dieses [&hellip;]<\/p>\n","protected":false},"author":2,"featured_media":0,"parent":5756,"menu_order":0,"comment_status":"closed","ping_status":"closed","template":"","meta":{"_acf_changed":false,"footnotes":""},"tags":[],"class_list":["post-5761","page","type-page","status-publish","hentry"],"acf":[],"yoast_head":"<!-- This site is optimized with the Yoast SEO plugin v26.0 - https:\/\/yoast.com\/wordpress\/plugins\/seo\/ -->\n<title>Dritter Platz - Pal\u00e4o-Energie<\/title>\n<meta name=\"robots\" content=\"index, follow, max-snippet:-1, max-image-preview:large, max-video-preview:-1\" \/>\n<link rel=\"canonical\" href=\"https:\/\/paleo-energetique.org\/de\/retrofutur-museum\/dritter-platz\/\" \/>\n<meta property=\"og:locale\" content=\"de_DE\" \/>\n<meta property=\"og:type\" content=\"article\" \/>\n<meta property=\"og:title\" content=\"Dritter Platz - Pal\u00e4o-Energie\" \/>\n<meta property=\"og:description\" content=\"&nbsp; &nbsp; &nbsp; Das WERKSTATTMUSEUM, das neue Abenteuer des pal\u00e4oenergetischen Programms &nbsp; Ein belastbarer dritter Ort, der Kultur, Forschung und \u00dcbertragung verbindet, um die Geschichte der erneuerbaren Energien zu entdecken &nbsp; Unser Verein Atelier21 initiiert ein neues Drittplatzierungsprojekt auf Basis des partizipativen Forschungsprogramms Pal\u00e9o-\u00e9nerg\u00e9tique. Dieses [&hellip;]\" \/>\n<meta property=\"og:url\" content=\"https:\/\/paleo-energetique.org\/de\/retrofutur-museum\/dritter-platz\/\" \/>\n<meta property=\"og:site_name\" content=\"Pal\u00e4o-Energie\" \/>\n<meta property=\"article:publisher\" content=\"https:\/\/www.facebook.com\/paleoenergie\/\" \/>\n<meta property=\"article:modified_time\" content=\"2022-04-03T14:50:09+00:00\" \/>\n<meta property=\"og:image\" content=\"https:\/\/paleo-energetique.org\/wp-content\/uploads\/2022\/04\/Visuel-RETROFUTUR-MUSEUM-e1648994913382.png\" \/>\n\t<meta property=\"og:image:width\" content=\"1200\" \/>\n\t<meta property=\"og:image:height\" content=\"699\" \/>\n\t<meta property=\"og:image:type\" content=\"image\/png\" \/>\n<meta name=\"twitter:card\" content=\"summary_large_image\" \/>\n<meta name=\"twitter:label1\" content=\"Gesch\u00e4tzte Lesezeit\" \/>\n\t<meta name=\"twitter:data1\" content=\"1\u00a0Minute\" \/>\n<script type=\"application\/ld+json\" class=\"yoast-schema-graph\">{\"@context\":\"https:\/\/schema.org\",\"@graph\":[{\"@type\":\"WebPage\",\"@id\":\"https:\/\/paleo-energetique.org\/de\/retrofutur-museum\/dritter-platz\/\",\"url\":\"https:\/\/paleo-energetique.org\/de\/retrofutur-museum\/dritter-platz\/\",\"name\":\"Dritter Platz - Pal\u00e4o-Energie\",\"isPartOf\":{\"@id\":\"https:\/\/paleo-energetique.org\/#website\"},\"primaryImageOfPage\":{\"@id\":\"https:\/\/paleo-energetique.org\/de\/retrofutur-museum\/dritter-platz\/#primaryimage\"},\"image\":{\"@id\":\"https:\/\/paleo-energetique.org\/de\/retrofutur-museum\/dritter-platz\/#primaryimage\"},\"thumbnailUrl\":\"https:\/\/paleo-energetique.org\/wp-content\/uploads\/2022\/04\/Visuel-RETROFUTUR-MUSEUM-e1648994913382.png\",\"datePublished\":\"2022-03-31T18:45:27+00:00\",\"dateModified\":\"2022-04-03T14:50:09+00:00\",\"breadcrumb\":{\"@id\":\"https:\/\/paleo-energetique.org\/de\/retrofutur-museum\/dritter-platz\/#breadcrumb\"},\"inLanguage\":\"de\",\"potentialAction\":[{\"@type\":\"ReadAction\",\"target\":[\"https:\/\/paleo-energetique.org\/de\/retrofutur-museum\/dritter-platz\/\"]}]},{\"@type\":\"ImageObject\",\"inLanguage\":\"de\",\"@id\":\"https:\/\/paleo-energetique.org\/de\/retrofutur-museum\/dritter-platz\/#primaryimage\",\"url\":\"https:\/\/paleo-energetique.org\/wp-content\/uploads\/2022\/04\/Visuel-RETROFUTUR-MUSEUM-e1648994913382.png\",\"contentUrl\":\"https:\/\/paleo-energetique.org\/wp-content\/uploads\/2022\/04\/Visuel-RETROFUTUR-MUSEUM-e1648994913382.png\"},{\"@type\":\"BreadcrumbList\",\"@id\":\"https:\/\/paleo-energetique.org\/de\/retrofutur-museum\/dritter-platz\/#breadcrumb\",\"itemListElement\":[{\"@type\":\"ListItem\",\"position\":1,\"name\":\"Accueil\",\"item\":\"https:\/\/paleo-energetique.org\/de\/\"},{\"@type\":\"ListItem\",\"position\":2,\"name\":\"Retrofutur museum\",\"item\":\"https:\/\/paleo-energetique.org\/de\/retrofutur-museum\/\"},{\"@type\":\"ListItem\",\"position\":3,\"name\":\"Dritter Platz\"}]},{\"@type\":\"WebSite\",\"@id\":\"https:\/\/paleo-energetique.org\/#website\",\"url\":\"https:\/\/paleo-energetique.org\/\",\"name\":\"Pal\u00e4o-Energie\",\"description\":\"Die neue Energiegeschichte\",\"potentialAction\":[{\"@type\":\"SearchAction\",\"target\":{\"@type\":\"EntryPoint\",\"urlTemplate\":\"https:\/\/paleo-energetique.org\/?s={search_term_string}\"},\"query-input\":{\"@type\":\"PropertyValueSpecification\",\"valueRequired\":true,\"valueName\":\"search_term_string\"}}],\"inLanguage\":\"de\"}]}<\/script>\n<!-- \/ Yoast SEO plugin. -->","yoast_head_json":{"title":"Dritter Platz - Pal\u00e4o-Energie","robots":{"index":"index","follow":"follow","max-snippet":"max-snippet:-1","max-image-preview":"max-image-preview:large","max-video-preview":"max-video-preview:-1"},"canonical":"https:\/\/paleo-energetique.org\/de\/retrofutur-museum\/dritter-platz\/","og_locale":"de_DE","og_type":"article","og_title":"Dritter Platz - Pal\u00e4o-Energie","og_description":"&nbsp; &nbsp; &nbsp; Das WERKSTATTMUSEUM, das neue Abenteuer des pal\u00e4oenergetischen Programms &nbsp; Ein belastbarer dritter Ort, der Kultur, Forschung und \u00dcbertragung verbindet, um die Geschichte der erneuerbaren Energien zu entdecken &nbsp; Unser Verein Atelier21 initiiert ein neues Drittplatzierungsprojekt auf Basis des partizipativen Forschungsprogramms Pal\u00e9o-\u00e9nerg\u00e9tique. Dieses [&hellip;]","og_url":"https:\/\/paleo-energetique.org\/de\/retrofutur-museum\/dritter-platz\/","og_site_name":"Pal\u00e4o-Energie","article_publisher":"https:\/\/www.facebook.com\/paleoenergie\/","article_modified_time":"2022-04-03T14:50:09+00:00","og_image":[{"width":1200,"height":699,"url":"https:\/\/paleo-energetique.org\/wp-content\/uploads\/2022\/04\/Visuel-RETROFUTUR-MUSEUM-e1648994913382.png","type":"image\/png"}],"twitter_card":"summary_large_image","twitter_misc":{"Gesch\u00e4tzte Lesezeit":"1\u00a0Minute"},"schema":{"@context":"https:\/\/schema.org","@graph":[{"@type":"WebPage","@id":"https:\/\/paleo-energetique.org\/de\/retrofutur-museum\/dritter-platz\/","url":"https:\/\/paleo-energetique.org\/de\/retrofutur-museum\/dritter-platz\/","name":"Dritter Platz - Pal\u00e4o-Energie","isPartOf":{"@id":"https:\/\/paleo-energetique.org\/#website"},"primaryImageOfPage":{"@id":"https:\/\/paleo-energetique.org\/de\/retrofutur-museum\/dritter-platz\/#primaryimage"},"image":{"@id":"https:\/\/paleo-energetique.org\/de\/retrofutur-museum\/dritter-platz\/#primaryimage"},"thumbnailUrl":"https:\/\/paleo-energetique.org\/wp-content\/uploads\/2022\/04\/Visuel-RETROFUTUR-MUSEUM-e1648994913382.png","datePublished":"2022-03-31T18:45:27+00:00","dateModified":"2022-04-03T14:50:09+00:00","breadcrumb":{"@id":"https:\/\/paleo-energetique.org\/de\/retrofutur-museum\/dritter-platz\/#breadcrumb"},"inLanguage":"de","potentialAction":[{"@type":"ReadAction","target":["https:\/\/paleo-energetique.org\/de\/retrofutur-museum\/dritter-platz\/"]}]},{"@type":"ImageObject","inLanguage":"de","@id":"https:\/\/paleo-energetique.org\/de\/retrofutur-museum\/dritter-platz\/#primaryimage","url":"https:\/\/paleo-energetique.org\/wp-content\/uploads\/2022\/04\/Visuel-RETROFUTUR-MUSEUM-e1648994913382.png","contentUrl":"https:\/\/paleo-energetique.org\/wp-content\/uploads\/2022\/04\/Visuel-RETROFUTUR-MUSEUM-e1648994913382.png"},{"@type":"BreadcrumbList","@id":"https:\/\/paleo-energetique.org\/de\/retrofutur-museum\/dritter-platz\/#breadcrumb","itemListElement":[{"@type":"ListItem","position":1,"name":"Accueil","item":"https:\/\/paleo-energetique.org\/de\/"},{"@type":"ListItem","position":2,"name":"Retrofutur museum","item":"https:\/\/paleo-energetique.org\/de\/retrofutur-museum\/"},{"@type":"ListItem","position":3,"name":"Dritter Platz"}]},{"@type":"WebSite","@id":"https:\/\/paleo-energetique.org\/#website","url":"https:\/\/paleo-energetique.org\/","name":"Pal\u00e4o-Energie","description":"Die neue Energiegeschichte","potentialAction":[{"@type":"SearchAction","target":{"@type":"EntryPoint","urlTemplate":"https:\/\/paleo-energetique.org\/?s={search_term_string}"},"query-input":{"@type":"PropertyValueSpecification","valueRequired":true,"valueName":"search_term_string"}}],"inLanguage":"de"}]}},"_links":{"self":[{"href":"https:\/\/paleo-energetique.org\/de\/wp-json\/wp\/v2\/pages\/5761","targetHints":{"allow":["GET"]}}],"collection":[{"href":"https:\/\/paleo-energetique.org\/de\/wp-json\/wp\/v2\/pages"}],"about":[{"href":"https:\/\/paleo-energetique.org\/de\/wp-json\/wp\/v2\/types\/page"}],"author":[{"embeddable":true,"href":"https:\/\/paleo-energetique.org\/de\/wp-json\/wp\/v2\/users\/2"}],"replies":[{"embeddable":true,"href":"https:\/\/paleo-energetique.org\/de\/wp-json\/wp\/v2\/comments?post=5761"}],"version-history":[{"count":0,"href":"https:\/\/paleo-energetique.org\/de\/wp-json\/wp\/v2\/pages\/5761\/revisions"}],"up":[{"embeddable":true,"href":"https:\/\/paleo-energetique.org\/de\/wp-json\/wp\/v2\/pages\/5756"}],"wp:attachment":[{"href":"https:\/\/paleo-energetique.org\/de\/wp-json\/wp\/v2\/media?parent=5761"}],"wp:term":[{"taxonomy":"post_tag","embeddable":true,"href":"https:\/\/paleo-energetique.org\/de\/wp-json\/wp\/v2\/tags?post=5761"}],"curies":[{"name":"wp","href":"https:\/\/api.w.org\/{rel}","templated":true}]}}