{"id":5759,"date":"2022-03-31T18:44:09","date_gmt":"2022-03-31T18:44:09","guid":{"rendered":"https:\/\/paleo-energetique.org\/?page_id=5759"},"modified":"2022-03-31T18:46:24","modified_gmt":"2022-03-31T18:46:24","slug":"virtuelles-museum","status":"publish","type":"page","link":"https:\/\/paleo-energetique.org\/de\/retrofutur-museum\/virtuelles-museum\/","title":{"rendered":"Virtuelles Museum"},"content":{"rendered":"<p>&nbsp;<\/p>\n<p>&nbsp;<\/p>\n<p>&nbsp;<\/p>\n<h1 style=\"text-align: center;\"><b>Entdecken Sie das RETROFUTUR MUSEUM, das neue Abenteuer des pal\u00e4o-energetischen Programms<\/b><\/h1>\n<p>&nbsp;<\/p>\n<h3 style=\"text-align: center;\"><span style=\"color: #008000;\"><b>Das Atelier21-Team pr\u00e4sentiert sein mit Mozilla Hubs entwickeltes VIRTUELLES MUSEUM.<\/b><\/span><\/h3>\n<p><head><\/p>\n<style>\n      .wrapper {\n        margin: 10px auto;\n        text-align: center;\n        width: 100%;\n        position: relative;\n      }\n      .button {\n        padding: 15px 100px;\n        margin: 10px 4px;\n        color: #006600;\n        font-family: sans-serif;\n        text-transform: uppercase;\n        text-align: center;\n        position: relative;\n        text-decoration: none;\n        display: inline-block;\n        border: 4px solid;\n      }\n      .button::before {\n        content: \"\";\n        position: absolute;\n        top: 0;\n        left: 0;\n        display: block;\n        width: 100%;\n        height: 100%;\n        z-index: -1;\n        -webkit-transform: scaleY(0.1);\n        transform: scaleY(0.1);\n        transition: all 0.4s;\n      }\n      .button:hover {\n        color: #006600;\n      }\n      .button:hover::before {\n        opacity: 1;\n        background-color: #CCFFCC;\n        -webkit-transform: scaleY(1);\n        transform: scaleY(1);\n        transition: -webkit-transform 0.6s cubic-bezier(0.08, 0.35, 0.13, 1.02), opacity 0.4s;\n        transition: transform 0.6s cubic-bezier(0.08, 0.35, 0.13, 1.02), opacity;\n      }\n    <\/style>\n<p>  <\/head><br \/>\n  <body><\/p>\n<div class=\"wrapper\">\n      <a href=\"https:\/\/hubs.mozilla.com\/qzwyqhy\/a21-musee-virtuel\/\"target=\"_blank\"><br \/>\n        <b class=\"button\">BESUCHEN SIE DAS VIRTUELLE MUSEUM<\/b><br \/>\n      <\/a>\n    <\/div>\n<p>  <\/body><br \/>\n<\/html><br \/>\n<span style=\"font-weight: 400;\">Wir bieten Ihnen eine umfassende Ausstellung, die aus dem pal\u00e4o-energetischen partizipativen Forschungsprogramm hervorgegangen ist, dessen Ziel es ist, eine Auswahl von Pal\u00e4o-Helden der Gegengeschichte von Energieinnovationen hervorzuheben.<\/p>\n<p>Sie finden in 3D modellierte Erfindungen mit Sound, begleitet von Portr\u00e4ts ihrer Erfinder, sowie Audiokommentare, um diesem bemerkenswerten Erbe, das zu Unrecht in Vergessenheit geraten ist, eine Stimme zu verleihen.<\/p>\n<p>Lassen Sie sich entf\u00fchren in die Welt der Gegengeschichte der Energieinnovationen,<br \/>\nGuten Besuch,<\/p>\n<p>Werkstatt 21<\/p>\n<p><img fetchpriority=\"high\" decoding=\"async\" class=\"aligncenter size-full wp-image-5637\" src=\"https:\/\/paleo-energetique.org\/wp-content\/uploads\/2022\/03\/Capture-decran-2022-03-14-a-00.41.01-e1647451014417.png\" alt=\"\" width=\"1200\" height=\"485\" \/><\/p>\n<p style=\"text-align: center;\"><em>Virtuelles Museum<\/em><\/p>\n","protected":false},"excerpt":{"rendered":"<p>&nbsp; &nbsp; &nbsp; Entdecken Sie das RETROFUTUR MUSEUM, das neue Abenteuer des pal\u00e4o-energetischen Programms &nbsp; Das Atelier21-Team pr\u00e4sentiert sein mit Mozilla Hubs entwickeltes VIRTUELLES MUSEUM. BESUCHEN SIE DAS VIRTUELLE MUSEUM Wir bieten Ihnen eine umfassende Ausstellung, die aus dem pal\u00e4o-energetischen partizipativen Forschungsprogramm hervorgegangen ist, dessen [&hellip;]<\/p>\n","protected":false},"author":2,"featured_media":0,"parent":5756,"menu_order":0,"comment_status":"closed","ping_status":"closed","template":"","meta":{"_acf_changed":false,"footnotes":""},"tags":[],"class_list":["post-5759","page","type-page","status-publish","hentry"],"acf":[],"yoast_head":"<!-- This site is optimized with the Yoast SEO plugin v26.0 - https:\/\/yoast.com\/wordpress\/plugins\/seo\/ -->\n<title>Virtuelles Museum - Pal\u00e4o-Energie<\/title>\n<meta name=\"robots\" content=\"index, follow, max-snippet:-1, max-image-preview:large, max-video-preview:-1\" \/>\n<link rel=\"canonical\" href=\"https:\/\/paleo-energetique.org\/de\/retrofutur-museum\/virtuelles-museum\/\" \/>\n<meta property=\"og:locale\" content=\"de_DE\" \/>\n<meta property=\"og:type\" content=\"article\" \/>\n<meta property=\"og:title\" content=\"Virtuelles Museum - Pal\u00e4o-Energie\" \/>\n<meta property=\"og:description\" content=\"&nbsp; &nbsp; &nbsp; Entdecken Sie das RETROFUTUR MUSEUM, das neue Abenteuer des pal\u00e4o-energetischen Programms &nbsp; Das Atelier21-Team pr\u00e4sentiert sein mit Mozilla Hubs entwickeltes VIRTUELLES MUSEUM. BESUCHEN SIE DAS VIRTUELLE MUSEUM Wir bieten Ihnen eine umfassende Ausstellung, die aus dem pal\u00e4o-energetischen partizipativen Forschungsprogramm hervorgegangen ist, dessen [&hellip;]\" \/>\n<meta property=\"og:url\" content=\"https:\/\/paleo-energetique.org\/de\/retrofutur-museum\/virtuelles-museum\/\" \/>\n<meta property=\"og:site_name\" content=\"Pal\u00e4o-Energie\" \/>\n<meta property=\"article:publisher\" content=\"https:\/\/www.facebook.com\/paleoenergie\/\" \/>\n<meta property=\"article:modified_time\" content=\"2022-03-31T18:46:24+00:00\" \/>\n<meta property=\"og:image\" content=\"https:\/\/paleo-energetique.org\/wp-content\/uploads\/2022\/03\/Capture-decran-2022-03-14-a-00.41.01-e1647451014417.png\" \/>\n<meta name=\"twitter:card\" content=\"summary_large_image\" \/>\n<meta name=\"twitter:label1\" content=\"Gesch\u00e4tzte Lesezeit\" \/>\n\t<meta name=\"twitter:data1\" content=\"1\u00a0Minute\" \/>\n<script type=\"application\/ld+json\" class=\"yoast-schema-graph\">{\"@context\":\"https:\/\/schema.org\",\"@graph\":[{\"@type\":\"WebPage\",\"@id\":\"https:\/\/paleo-energetique.org\/de\/retrofutur-museum\/virtuelles-museum\/\",\"url\":\"https:\/\/paleo-energetique.org\/de\/retrofutur-museum\/virtuelles-museum\/\",\"name\":\"Virtuelles Museum - Pal\u00e4o-Energie\",\"isPartOf\":{\"@id\":\"https:\/\/paleo-energetique.org\/#website\"},\"primaryImageOfPage\":{\"@id\":\"https:\/\/paleo-energetique.org\/de\/retrofutur-museum\/virtuelles-museum\/#primaryimage\"},\"image\":{\"@id\":\"https:\/\/paleo-energetique.org\/de\/retrofutur-museum\/virtuelles-museum\/#primaryimage\"},\"thumbnailUrl\":\"https:\/\/paleo-energetique.org\/wp-content\/uploads\/2022\/03\/Capture-decran-2022-03-14-a-00.41.01-e1647451014417.png\",\"datePublished\":\"2022-03-31T18:44:09+00:00\",\"dateModified\":\"2022-03-31T18:46:24+00:00\",\"breadcrumb\":{\"@id\":\"https:\/\/paleo-energetique.org\/de\/retrofutur-museum\/virtuelles-museum\/#breadcrumb\"},\"inLanguage\":\"de\",\"potentialAction\":[{\"@type\":\"ReadAction\",\"target\":[\"https:\/\/paleo-energetique.org\/de\/retrofutur-museum\/virtuelles-museum\/\"]}]},{\"@type\":\"ImageObject\",\"inLanguage\":\"de\",\"@id\":\"https:\/\/paleo-energetique.org\/de\/retrofutur-museum\/virtuelles-museum\/#primaryimage\",\"url\":\"https:\/\/paleo-energetique.org\/wp-content\/uploads\/2022\/03\/Capture-decran-2022-03-14-a-00.41.01-e1647451014417.png\",\"contentUrl\":\"https:\/\/paleo-energetique.org\/wp-content\/uploads\/2022\/03\/Capture-decran-2022-03-14-a-00.41.01-e1647451014417.png\"},{\"@type\":\"BreadcrumbList\",\"@id\":\"https:\/\/paleo-energetique.org\/de\/retrofutur-museum\/virtuelles-museum\/#breadcrumb\",\"itemListElement\":[{\"@type\":\"ListItem\",\"position\":1,\"name\":\"Accueil\",\"item\":\"https:\/\/paleo-energetique.org\/de\/\"},{\"@type\":\"ListItem\",\"position\":2,\"name\":\"Retrofutur museum\",\"item\":\"https:\/\/paleo-energetique.org\/de\/retrofutur-museum\/\"},{\"@type\":\"ListItem\",\"position\":3,\"name\":\"Virtuelles Museum\"}]},{\"@type\":\"WebSite\",\"@id\":\"https:\/\/paleo-energetique.org\/#website\",\"url\":\"https:\/\/paleo-energetique.org\/\",\"name\":\"Pal\u00e4o-Energie\",\"description\":\"Die neue Energiegeschichte\",\"potentialAction\":[{\"@type\":\"SearchAction\",\"target\":{\"@type\":\"EntryPoint\",\"urlTemplate\":\"https:\/\/paleo-energetique.org\/?s={search_term_string}\"},\"query-input\":{\"@type\":\"PropertyValueSpecification\",\"valueRequired\":true,\"valueName\":\"search_term_string\"}}],\"inLanguage\":\"de\"}]}<\/script>\n<!-- \/ Yoast SEO plugin. -->","yoast_head_json":{"title":"Virtuelles Museum - Pal\u00e4o-Energie","robots":{"index":"index","follow":"follow","max-snippet":"max-snippet:-1","max-image-preview":"max-image-preview:large","max-video-preview":"max-video-preview:-1"},"canonical":"https:\/\/paleo-energetique.org\/de\/retrofutur-museum\/virtuelles-museum\/","og_locale":"de_DE","og_type":"article","og_title":"Virtuelles Museum - Pal\u00e4o-Energie","og_description":"&nbsp; &nbsp; &nbsp; Entdecken Sie das RETROFUTUR MUSEUM, das neue Abenteuer des pal\u00e4o-energetischen Programms &nbsp; Das Atelier21-Team pr\u00e4sentiert sein mit Mozilla Hubs entwickeltes VIRTUELLES MUSEUM. BESUCHEN SIE DAS VIRTUELLE MUSEUM Wir bieten Ihnen eine umfassende Ausstellung, die aus dem pal\u00e4o-energetischen partizipativen Forschungsprogramm hervorgegangen ist, dessen [&hellip;]","og_url":"https:\/\/paleo-energetique.org\/de\/retrofutur-museum\/virtuelles-museum\/","og_site_name":"Pal\u00e4o-Energie","article_publisher":"https:\/\/www.facebook.com\/paleoenergie\/","article_modified_time":"2022-03-31T18:46:24+00:00","og_image":[{"url":"https:\/\/paleo-energetique.org\/wp-content\/uploads\/2022\/03\/Capture-decran-2022-03-14-a-00.41.01-e1647451014417.png","type":"","width":"","height":""}],"twitter_card":"summary_large_image","twitter_misc":{"Gesch\u00e4tzte Lesezeit":"1\u00a0Minute"},"schema":{"@context":"https:\/\/schema.org","@graph":[{"@type":"WebPage","@id":"https:\/\/paleo-energetique.org\/de\/retrofutur-museum\/virtuelles-museum\/","url":"https:\/\/paleo-energetique.org\/de\/retrofutur-museum\/virtuelles-museum\/","name":"Virtuelles Museum - Pal\u00e4o-Energie","isPartOf":{"@id":"https:\/\/paleo-energetique.org\/#website"},"primaryImageOfPage":{"@id":"https:\/\/paleo-energetique.org\/de\/retrofutur-museum\/virtuelles-museum\/#primaryimage"},"image":{"@id":"https:\/\/paleo-energetique.org\/de\/retrofutur-museum\/virtuelles-museum\/#primaryimage"},"thumbnailUrl":"https:\/\/paleo-energetique.org\/wp-content\/uploads\/2022\/03\/Capture-decran-2022-03-14-a-00.41.01-e1647451014417.png","datePublished":"2022-03-31T18:44:09+00:00","dateModified":"2022-03-31T18:46:24+00:00","breadcrumb":{"@id":"https:\/\/paleo-energetique.org\/de\/retrofutur-museum\/virtuelles-museum\/#breadcrumb"},"inLanguage":"de","potentialAction":[{"@type":"ReadAction","target":["https:\/\/paleo-energetique.org\/de\/retrofutur-museum\/virtuelles-museum\/"]}]},{"@type":"ImageObject","inLanguage":"de","@id":"https:\/\/paleo-energetique.org\/de\/retrofutur-museum\/virtuelles-museum\/#primaryimage","url":"https:\/\/paleo-energetique.org\/wp-content\/uploads\/2022\/03\/Capture-decran-2022-03-14-a-00.41.01-e1647451014417.png","contentUrl":"https:\/\/paleo-energetique.org\/wp-content\/uploads\/2022\/03\/Capture-decran-2022-03-14-a-00.41.01-e1647451014417.png"},{"@type":"BreadcrumbList","@id":"https:\/\/paleo-energetique.org\/de\/retrofutur-museum\/virtuelles-museum\/#breadcrumb","itemListElement":[{"@type":"ListItem","position":1,"name":"Accueil","item":"https:\/\/paleo-energetique.org\/de\/"},{"@type":"ListItem","position":2,"name":"Retrofutur museum","item":"https:\/\/paleo-energetique.org\/de\/retrofutur-museum\/"},{"@type":"ListItem","position":3,"name":"Virtuelles Museum"}]},{"@type":"WebSite","@id":"https:\/\/paleo-energetique.org\/#website","url":"https:\/\/paleo-energetique.org\/","name":"Pal\u00e4o-Energie","description":"Die neue Energiegeschichte","potentialAction":[{"@type":"SearchAction","target":{"@type":"EntryPoint","urlTemplate":"https:\/\/paleo-energetique.org\/?s={search_term_string}"},"query-input":{"@type":"PropertyValueSpecification","valueRequired":true,"valueName":"search_term_string"}}],"inLanguage":"de"}]}},"_links":{"self":[{"href":"https:\/\/paleo-energetique.org\/de\/wp-json\/wp\/v2\/pages\/5759","targetHints":{"allow":["GET"]}}],"collection":[{"href":"https:\/\/paleo-energetique.org\/de\/wp-json\/wp\/v2\/pages"}],"about":[{"href":"https:\/\/paleo-energetique.org\/de\/wp-json\/wp\/v2\/types\/page"}],"author":[{"embeddable":true,"href":"https:\/\/paleo-energetique.org\/de\/wp-json\/wp\/v2\/users\/2"}],"replies":[{"embeddable":true,"href":"https:\/\/paleo-energetique.org\/de\/wp-json\/wp\/v2\/comments?post=5759"}],"version-history":[{"count":0,"href":"https:\/\/paleo-energetique.org\/de\/wp-json\/wp\/v2\/pages\/5759\/revisions"}],"up":[{"embeddable":true,"href":"https:\/\/paleo-energetique.org\/de\/wp-json\/wp\/v2\/pages\/5756"}],"wp:attachment":[{"href":"https:\/\/paleo-energetique.org\/de\/wp-json\/wp\/v2\/media?parent=5759"}],"wp:term":[{"taxonomy":"post_tag","embeddable":true,"href":"https:\/\/paleo-energetique.org\/de\/wp-json\/wp\/v2\/tags?post=5759"}],"curies":[{"name":"wp","href":"https:\/\/api.w.org\/{rel}","templated":true}]}}