{"id":2265,"date":"2017-10-29T15:49:46","date_gmt":"2017-10-29T15:49:46","guid":{"rendered":"https:\/\/paleo-energetique.org\/?page_id=2265"},"modified":"2022-04-01T09:15:58","modified_gmt":"2022-04-01T09:15:58","slug":"partenaires","status":"publish","type":"page","link":"https:\/\/paleo-energetique.org\/de\/partenaires\/","title":{"rendered":"Partner"},"content":{"rendered":"<p>&nbsp;<\/p>\n<hr \/>\n<h3 style=\"text-align: center;\"><strong>SIE UNTERST\u00dcTZEN UNS<\/strong><span style=\"text-decoration: underline;\"><br \/>\n<\/span><\/h3>\n<hr \/>\n<p><center><\/center><center><a href=\"https:\/\/www.se.com\/ww\/fr\/\"><img decoding=\"async\" class=\"alignnone wp-image-4384 size-full\" src=\"http:\/\/paleo-energetique.org\/wp-content\/uploads\/2019\/11\/SE_Fondation_Logo_Compact_RGB_Green.png\" alt=\"\" width=\"252\" height=\"100\" \/><\/a>\u00a0 \u00a0 \u00a0 \u00a0\u00a0\u00a0<a href=\"http:\/\/paleo-energetique.org\/wp-content\/uploads\/2014\/12\/ifm.jpg\"><img decoding=\"async\" class=\"alignnone wp-image-1474\" src=\"https:\/\/paleo-energetique.org\/wp-content\/uploads\/2014\/12\/Logo-Fondation-RVB-1-1024x322.jpg\" alt=\"\" width=\"318\" height=\"100\" srcset=\"https:\/\/paleo-energetique.org\/wp-content\/uploads\/2014\/12\/Logo-Fondation-RVB-1-1024x322.jpg 1024w, https:\/\/paleo-energetique.org\/wp-content\/uploads\/2014\/12\/Logo-Fondation-RVB-1-826x260.jpg 826w, https:\/\/paleo-energetique.org\/wp-content\/uploads\/2014\/12\/Logo-Fondation-RVB-1-768x242.jpg 768w, https:\/\/paleo-energetique.org\/wp-content\/uploads\/2014\/12\/Logo-Fondation-RVB-1.jpg 1194w\" sizes=\"(max-width: 318px) 100vw, 318px\" \/><br \/>\n<\/a><\/center><center><\/center><center><a href=\"https:\/\/www.qarnot.com\/\"><img decoding=\"async\" class=\"alignnone wp-image-1240 size-full\" src=\"http:\/\/paleo-energetique.org\/wp-content\/uploads\/2014\/12\/qarnot-computing.png\" alt=\"Qarnot-Computing\" width=\"300\" height=\"99\" \/><\/a><\/center>&nbsp;<\/p>\n<hr \/>\n<p>&nbsp;<\/p>\n<h3 style=\"text-align: center;\"><strong>PALEO-ENERGETIQUE LAB<\/strong><span style=\"text-decoration: underline;\"><br \/>\n<\/span><\/h3>\n<hr \/>\n<p><a href=\"http:\/\/www.paleo-energetique.org\/wp-content\/uploads\/2014\/12\/paleo-la-pailasse.png\"><img loading=\"lazy\" decoding=\"async\" class=\"aligncenter wp-image-309 size-full \" src=\"http:\/\/www.paleo-energetique.org\/wp-content\/uploads\/2014\/12\/paleo-la-pailasse.png\" alt=\"\" width=\"608\" height=\"138\" srcset=\"https:\/\/paleo-energetique.org\/wp-content\/uploads\/2014\/12\/paleo-la-pailasse.png 608w, https:\/\/paleo-energetique.org\/wp-content\/uploads\/2014\/12\/paleo-la-pailasse-600x136.png 600w\" sizes=\"(max-width: 608px) 100vw, 608px\" \/> <\/a><\/p>\n<p lang=\"fr-FR\">Das Pal\u00e4o-energetische LAB, was ist das?<\/p>\n<p lang=\"fr-FR\">Das Paleo Lab ist der experimentelle Teil des Forschungsprogramms. Als wahres Gericht der Energieinnovationen besteht die Idee darin, die \u00f6ffentlich zug\u00e4nglichen Patente neu zu bewerten und neu zu interpretieren oder sogar ihre Aktualisierung in Betracht zu ziehen &#8230; Wie beim Projekt <a href=\"http:\/\/paleo - energetique.org\/regen-box-projet-issu-de-recherche-paleo-energetique\/\"> <strong>Regen Box<\/strong> <\/a> resultierend aus pal\u00e4o-energetischer Forschung, die sich in der Entwicklung befindet, um <a href=\"http:\/\/paleo-energetique.org\/regen-box-projet-issu-de-recherche-paleo-energetique\/\">hier<\/a>.<\/p>\n<p>La Paillasse ist ein Biohackerspace, ein Gemeinschaftslabor f\u00fcr B\u00fcrgertechnologien und Biotechnologien, das gerade in neue, 750 m\u00b2 gro\u00dfe R\u00e4umlichkeiten in der Rue Saint Denis 226 in Paris umgezogen ist. Die Gemeinschaft von La Paillasse besteht aus Enthusiasten mit sehr unterschiedlichen Hintergr\u00fcnden, die eine Neugier f\u00fcr Biologie und Biotechnologie und den Wunsch teilen, zu lernen und gemeinsam ihre eigenen Projekte rund um die Biowissenschaften zu entwickeln, indem sie ihre F\u00e4higkeiten einbringen. Sie treffen sich dort aus allen Disziplinen, Geeks, Doktoranden, Studenten, Hacker, Designer, K\u00fcnstler, Ingenieure, Forscher, Soziologen, Philosophen&#8230; Der Biohackerspace La Paillasse ist das erste moderne Biologielabor in Frankreich, das allen offen steht. La Paillasse reflektiert auch offene Forschung, diese offene Forschung, die bereits exemplarisch zeigt, dass Partizipation und Kollaboration einer der Erfolgsfaktoren von Forschung sind.<\/p>\n<p lang=\"fr-FR\">F\u00fcr diese ersten ausgegrabenen Erfindungen, darunter ein Projekt mit Bakterien, <a href=\"http:\/\/lapaillasse.org\/\" target=\"_blank\" rel=\"noopener noreferrer\">La Paillasse <\/a> begr\u00fc\u00dft das <b>Pal\u00e9o-\u00e9nerg\u00e9tique Lab<\/b>, das der Community von Bio-Hackern die M\u00f6glichkeit bieten wird, ein Bakterium in die Finger zu bekommen.<\/p>\n<hr \/>\n<h3 lang=\"fr-FR\" style=\"text-align: center;\"><strong>PALEO-ENERGETIQUE ECOSYSTEME<\/strong><\/h3>\n<hr \/>\n<p lang=\"fr-FR\" style=\"text-align: center;\"><a href=\"http:\/\/paleo-energetique.org\/wp-content\/uploads\/2014\/12\/ecosysteme-paleo-copie2.jpg\"><img loading=\"lazy\" decoding=\"async\" class=\"alignnone wp-image-1079 size-full\" src=\"http:\/\/paleo-energetique.org\/wp-content\/uploads\/2014\/12\/ecosysteme-paleo-copie2.jpg\" alt=\"ecosysteme-paleo-copie2\" width=\"2500\" height=\"1641\" srcset=\"https:\/\/paleo-energetique.org\/wp-content\/uploads\/2014\/12\/ecosysteme-paleo-copie2.jpg 2500w, https:\/\/paleo-energetique.org\/wp-content\/uploads\/2014\/12\/ecosysteme-paleo-copie2-396x260.jpg 396w, https:\/\/paleo-energetique.org\/wp-content\/uploads\/2014\/12\/ecosysteme-paleo-copie2-768x504.jpg 768w, https:\/\/paleo-energetique.org\/wp-content\/uploads\/2014\/12\/ecosysteme-paleo-copie2-1024x672.jpg 1024w, https:\/\/paleo-energetique.org\/wp-content\/uploads\/2014\/12\/ecosysteme-paleo-copie2-600x394.jpg 600w\" sizes=\"(max-width: 2500px) 100vw, 2500px\" \/><\/a><\/p>\n<div id=\"attachment_1636\" style=\"width: 510px\" class=\"wp-caption aligncenter\"><img loading=\"lazy\" decoding=\"async\" aria-describedby=\"caption-attachment-1636\" class=\"wp-image-1636 size-full\" src=\"https:\/\/paleo-energetique.org\/wp-content\/uploads\/2017\/08\/Logo-Mondo-Agit.png\" alt=\"\" width=\"500\" height=\"300\" srcset=\"https:\/\/paleo-energetique.org\/wp-content\/uploads\/2017\/08\/Logo-Mondo-Agit.png 500w, https:\/\/paleo-energetique.org\/wp-content\/uploads\/2017\/08\/Logo-Mondo-Agit-433x260.png 433w\" sizes=\"(max-width: 500px) 100vw, 500px\" \/><p id=\"caption-attachment-1636\" class=\"wp-caption-text\">\u00dcbersetzung ins Deutsche im Rahmen der PerMondo Initiative f\u00fcr ehrenamtliche \u00dcbersetzung von Dokumenten und Webseiten f\u00fcr NGOs und nicht profitorientierte Vereine.<br \/>Translation into German within the framework of the PerMondo Initiative for the voluntary translation of documents and websites for NGOs and non-professional associations.<\/p><\/div>\n","protected":false},"excerpt":{"rendered":"<p>&nbsp; SIE UNTERST\u00dcTZEN UNS \u00a0 \u00a0 \u00a0 \u00a0\u00a0\u00a0 &nbsp; &nbsp; PALEO-ENERGETIQUE LAB Das Pal\u00e4o-energetische LAB, was ist das? Das Paleo Lab ist der experimentelle Teil des Forschungsprogramms. Als wahres Gericht der Energieinnovationen besteht die Idee darin, die \u00f6ffentlich zug\u00e4nglichen Patente neu zu bewerten und neu [&hellip;]<\/p>\n","protected":false},"author":2,"featured_media":0,"parent":0,"menu_order":0,"comment_status":"closed","ping_status":"open","template":"","meta":{"_acf_changed":false,"footnotes":""},"tags":[],"class_list":["post-2265","page","type-page","status-publish","hentry"],"acf":[],"yoast_head":"<!-- This site is optimized with the Yoast SEO plugin v26.0 - https:\/\/yoast.com\/wordpress\/plugins\/seo\/ -->\n<title>Partner - Pal\u00e4o-Energie<\/title>\n<meta name=\"robots\" content=\"index, follow, max-snippet:-1, max-image-preview:large, max-video-preview:-1\" \/>\n<link rel=\"canonical\" href=\"https:\/\/paleo-energetique.org\/de\/partenaires\/\" \/>\n<meta property=\"og:locale\" content=\"de_DE\" \/>\n<meta property=\"og:type\" content=\"article\" \/>\n<meta property=\"og:title\" content=\"Partner - Pal\u00e4o-Energie\" \/>\n<meta property=\"og:description\" content=\"&nbsp; SIE UNTERST\u00dcTZEN UNS \u00a0 \u00a0 \u00a0 \u00a0\u00a0\u00a0 &nbsp; &nbsp; PALEO-ENERGETIQUE LAB Das Pal\u00e4o-energetische LAB, was ist das? Das Paleo Lab ist der experimentelle Teil des Forschungsprogramms. Als wahres Gericht der Energieinnovationen besteht die Idee darin, die \u00f6ffentlich zug\u00e4nglichen Patente neu zu bewerten und neu [&hellip;]\" \/>\n<meta property=\"og:url\" content=\"https:\/\/paleo-energetique.org\/de\/partenaires\/\" \/>\n<meta property=\"og:site_name\" content=\"Pal\u00e4o-Energie\" \/>\n<meta property=\"article:publisher\" content=\"https:\/\/www.facebook.com\/paleoenergie\/\" \/>\n<meta property=\"article:modified_time\" content=\"2022-04-01T09:15:58+00:00\" \/>\n<meta property=\"og:image\" content=\"http:\/\/paleo-energetique.org\/wp-content\/uploads\/2019\/11\/SE_Fondation_Logo_Compact_RGB_Green.png\" \/>\n<meta name=\"twitter:card\" content=\"summary_large_image\" \/>\n<meta name=\"twitter:label1\" content=\"Gesch\u00e4tzte Lesezeit\" \/>\n\t<meta name=\"twitter:data1\" content=\"1\u00a0Minute\" \/>\n<script type=\"application\/ld+json\" class=\"yoast-schema-graph\">{\"@context\":\"https:\/\/schema.org\",\"@graph\":[{\"@type\":\"WebPage\",\"@id\":\"https:\/\/paleo-energetique.org\/de\/partenaires\/\",\"url\":\"https:\/\/paleo-energetique.org\/de\/partenaires\/\",\"name\":\"Partner - Pal\u00e4o-Energie\",\"isPartOf\":{\"@id\":\"https:\/\/paleo-energetique.org\/#website\"},\"primaryImageOfPage\":{\"@id\":\"https:\/\/paleo-energetique.org\/de\/partenaires\/#primaryimage\"},\"image\":{\"@id\":\"https:\/\/paleo-energetique.org\/de\/partenaires\/#primaryimage\"},\"thumbnailUrl\":\"http:\/\/paleo-energetique.org\/wp-content\/uploads\/2019\/11\/SE_Fondation_Logo_Compact_RGB_Green.png\",\"datePublished\":\"2017-10-29T15:49:46+00:00\",\"dateModified\":\"2022-04-01T09:15:58+00:00\",\"breadcrumb\":{\"@id\":\"https:\/\/paleo-energetique.org\/de\/partenaires\/#breadcrumb\"},\"inLanguage\":\"de\",\"potentialAction\":[{\"@type\":\"ReadAction\",\"target\":[\"https:\/\/paleo-energetique.org\/de\/partenaires\/\"]}]},{\"@type\":\"ImageObject\",\"inLanguage\":\"de\",\"@id\":\"https:\/\/paleo-energetique.org\/de\/partenaires\/#primaryimage\",\"url\":\"http:\/\/paleo-energetique.org\/wp-content\/uploads\/2019\/11\/SE_Fondation_Logo_Compact_RGB_Green.png\",\"contentUrl\":\"http:\/\/paleo-energetique.org\/wp-content\/uploads\/2019\/11\/SE_Fondation_Logo_Compact_RGB_Green.png\"},{\"@type\":\"BreadcrumbList\",\"@id\":\"https:\/\/paleo-energetique.org\/de\/partenaires\/#breadcrumb\",\"itemListElement\":[{\"@type\":\"ListItem\",\"position\":1,\"name\":\"Accueil\",\"item\":\"https:\/\/paleo-energetique.org\/de\/\"},{\"@type\":\"ListItem\",\"position\":2,\"name\":\"Partner\"}]},{\"@type\":\"WebSite\",\"@id\":\"https:\/\/paleo-energetique.org\/#website\",\"url\":\"https:\/\/paleo-energetique.org\/\",\"name\":\"Pal\u00e4o-Energie\",\"description\":\"Die neue Energiegeschichte\",\"potentialAction\":[{\"@type\":\"SearchAction\",\"target\":{\"@type\":\"EntryPoint\",\"urlTemplate\":\"https:\/\/paleo-energetique.org\/?s={search_term_string}\"},\"query-input\":{\"@type\":\"PropertyValueSpecification\",\"valueRequired\":true,\"valueName\":\"search_term_string\"}}],\"inLanguage\":\"de\"}]}<\/script>\n<!-- \/ Yoast SEO plugin. -->","yoast_head_json":{"title":"Partner - Pal\u00e4o-Energie","robots":{"index":"index","follow":"follow","max-snippet":"max-snippet:-1","max-image-preview":"max-image-preview:large","max-video-preview":"max-video-preview:-1"},"canonical":"https:\/\/paleo-energetique.org\/de\/partenaires\/","og_locale":"de_DE","og_type":"article","og_title":"Partner - Pal\u00e4o-Energie","og_description":"&nbsp; SIE UNTERST\u00dcTZEN UNS \u00a0 \u00a0 \u00a0 \u00a0\u00a0\u00a0 &nbsp; &nbsp; PALEO-ENERGETIQUE LAB Das Pal\u00e4o-energetische LAB, was ist das? Das Paleo Lab ist der experimentelle Teil des Forschungsprogramms. Als wahres Gericht der Energieinnovationen besteht die Idee darin, die \u00f6ffentlich zug\u00e4nglichen Patente neu zu bewerten und neu [&hellip;]","og_url":"https:\/\/paleo-energetique.org\/de\/partenaires\/","og_site_name":"Pal\u00e4o-Energie","article_publisher":"https:\/\/www.facebook.com\/paleoenergie\/","article_modified_time":"2022-04-01T09:15:58+00:00","og_image":[{"url":"http:\/\/paleo-energetique.org\/wp-content\/uploads\/2019\/11\/SE_Fondation_Logo_Compact_RGB_Green.png","type":"","width":"","height":""}],"twitter_card":"summary_large_image","twitter_misc":{"Gesch\u00e4tzte Lesezeit":"1\u00a0Minute"},"schema":{"@context":"https:\/\/schema.org","@graph":[{"@type":"WebPage","@id":"https:\/\/paleo-energetique.org\/de\/partenaires\/","url":"https:\/\/paleo-energetique.org\/de\/partenaires\/","name":"Partner - Pal\u00e4o-Energie","isPartOf":{"@id":"https:\/\/paleo-energetique.org\/#website"},"primaryImageOfPage":{"@id":"https:\/\/paleo-energetique.org\/de\/partenaires\/#primaryimage"},"image":{"@id":"https:\/\/paleo-energetique.org\/de\/partenaires\/#primaryimage"},"thumbnailUrl":"http:\/\/paleo-energetique.org\/wp-content\/uploads\/2019\/11\/SE_Fondation_Logo_Compact_RGB_Green.png","datePublished":"2017-10-29T15:49:46+00:00","dateModified":"2022-04-01T09:15:58+00:00","breadcrumb":{"@id":"https:\/\/paleo-energetique.org\/de\/partenaires\/#breadcrumb"},"inLanguage":"de","potentialAction":[{"@type":"ReadAction","target":["https:\/\/paleo-energetique.org\/de\/partenaires\/"]}]},{"@type":"ImageObject","inLanguage":"de","@id":"https:\/\/paleo-energetique.org\/de\/partenaires\/#primaryimage","url":"http:\/\/paleo-energetique.org\/wp-content\/uploads\/2019\/11\/SE_Fondation_Logo_Compact_RGB_Green.png","contentUrl":"http:\/\/paleo-energetique.org\/wp-content\/uploads\/2019\/11\/SE_Fondation_Logo_Compact_RGB_Green.png"},{"@type":"BreadcrumbList","@id":"https:\/\/paleo-energetique.org\/de\/partenaires\/#breadcrumb","itemListElement":[{"@type":"ListItem","position":1,"name":"Accueil","item":"https:\/\/paleo-energetique.org\/de\/"},{"@type":"ListItem","position":2,"name":"Partner"}]},{"@type":"WebSite","@id":"https:\/\/paleo-energetique.org\/#website","url":"https:\/\/paleo-energetique.org\/","name":"Pal\u00e4o-Energie","description":"Die neue Energiegeschichte","potentialAction":[{"@type":"SearchAction","target":{"@type":"EntryPoint","urlTemplate":"https:\/\/paleo-energetique.org\/?s={search_term_string}"},"query-input":{"@type":"PropertyValueSpecification","valueRequired":true,"valueName":"search_term_string"}}],"inLanguage":"de"}]}},"_links":{"self":[{"href":"https:\/\/paleo-energetique.org\/de\/wp-json\/wp\/v2\/pages\/2265","targetHints":{"allow":["GET"]}}],"collection":[{"href":"https:\/\/paleo-energetique.org\/de\/wp-json\/wp\/v2\/pages"}],"about":[{"href":"https:\/\/paleo-energetique.org\/de\/wp-json\/wp\/v2\/types\/page"}],"author":[{"embeddable":true,"href":"https:\/\/paleo-energetique.org\/de\/wp-json\/wp\/v2\/users\/2"}],"replies":[{"embeddable":true,"href":"https:\/\/paleo-energetique.org\/de\/wp-json\/wp\/v2\/comments?post=2265"}],"version-history":[{"count":0,"href":"https:\/\/paleo-energetique.org\/de\/wp-json\/wp\/v2\/pages\/2265\/revisions"}],"wp:attachment":[{"href":"https:\/\/paleo-energetique.org\/de\/wp-json\/wp\/v2\/media?parent=2265"}],"wp:term":[{"taxonomy":"post_tag","embeddable":true,"href":"https:\/\/paleo-energetique.org\/de\/wp-json\/wp\/v2\/tags?post=2265"}],"curies":[{"name":"wp","href":"https:\/\/api.w.org\/{rel}","templated":true}]}}