{"id":1580,"date":"2017-08-10T13:56:57","date_gmt":"2017-08-10T13:56:57","guid":{"rendered":"https:\/\/paleo-energetique.org\/?page_id=1580\/"},"modified":"2017-10-19T19:30:02","modified_gmt":"2017-10-19T19:30:02","slug":"ueber-uns","status":"publish","type":"page","link":"https:\/\/paleo-energetique.org\/de\/ueber-uns\/","title":{"rendered":"\u00dcber uns"},"content":{"rendered":"<p>&nbsp;<\/p>\n<p style=\"text-align: center;\"><strong>Die Pal\u00e4o-Energie: die Geschichte der Energie<\/strong><\/p>\n<p style=\"text-align: center;\">Verloren gegangene Techniken zum Leben erwecken, Innovationsf\u00e4higkeit aufzeigen, in Vergessenheit geratene Erfindungen sowie die F\u00e4higkeit zu volkst\u00fcmlichen, dezentralisierten und unerwarteten sozialen Innovationen hervorheben. Dieses Forschungsprojekt hat es sich zum Ziel gesetzt, offen zu sein und m\u00f6chte an die kollektive Intelligenz und die F\u00e4higkeit zur Zusammenarbeit in unserer digitalen Welt appellieren.<\/p>\n<p><img fetchpriority=\"high\" decoding=\"async\" class=\"size-full wp-image-2238 aligncenter\" src=\"https:\/\/de.paleo-energetique.org\/wp-content\/uploads\/2017\/08\/Affiche_appel_Paleo-allemand-cop23-final-copie-copie.jpg\" alt=\"\" width=\"1123\" height=\"1587\" srcset=\"https:\/\/paleo-energetique.org\/wp-content\/uploads\/2017\/08\/Affiche_appel_Paleo-allemand-cop23-final-copie-copie.jpg 1123w, https:\/\/paleo-energetique.org\/wp-content\/uploads\/2017\/08\/Affiche_appel_Paleo-allemand-cop23-final-copie-copie-184x260.jpg 184w, https:\/\/paleo-energetique.org\/wp-content\/uploads\/2017\/08\/Affiche_appel_Paleo-allemand-cop23-final-copie-copie-768x1085.jpg 768w, https:\/\/paleo-energetique.org\/wp-content\/uploads\/2017\/08\/Affiche_appel_Paleo-allemand-cop23-final-copie-copie-725x1024.jpg 725w\" sizes=\"(max-width: 1123px) 100vw, 1123px\" \/><\/p>\n<p><div class=\"threecol-one\"><strong>KENNEN SIE DAS?<\/strong><\/p>\n<p>Eine soziale oder technische Neusch\u00f6pfung, die in Zusammenhang mit Energie steht, oder eine Person, die eine Innovation geschaffen hat, welche eine L\u00f6sung bietet, die jedoch ignoriert wurde oder in Vergessenheit geraten ist?<\/p>\n<\/div> <div class=\"threecol-one\"><strong>PAL\u00c4O-ERFINDUNGEN<\/strong><\/p>\n<p>Auf der <a href=\"http:\/\/www.paleo-energetique.org\">Zeitleiste der Erfindungen<\/a> k\u00f6nnen Sie eine Auswahl an nominierten Pal\u00e4o-Helden entdecken sowie die Menschen, die sie gefunden \/ identifiziert \/ ausgegraben haben.<\/p>\n<\/div> <div class=\"threecol-one last\"><strong>WIE SIE EINE PAL\u00c4O-ERFINDUNG EINREICHEN K\u00d6NNEN<\/strong><\/p>\n<p>Gehen Sie zur Rubrik VORSCHLAGEN, um Ihre Pal\u00e4o-Erfindung oder Ihren Pal\u00e4o-Helden mit uns zu teilen.<\/p>\n<\/div><div class=\"clear\"><\/div><\/p>\n<p>&nbsp;<\/p>\n<p>&nbsp;<\/p>\n<p style=\"text-align: justify;\">Die Geschichte der Energie ist weder linear noch darwinistisch. Sie ist voll von vergessenen fantastischen Innovationen, die zu der damaligen Zeit keine Verbreitung fanden, obwohl sie bereits Antworten auf zeitgen\u00f6ssische Fragestellungen gaben. Es gibt zahlreiche Beispiele:<\/p>\n<ul>\n<li style=\"text-align: justify;\">Carsharing mit elektrischen Fahrzeugen wurde 1974 in Holland getestet.<\/li>\n<li style=\"text-align: justify;\">Ein \u00f6ffentliches Fahrradverleihsystem existierte etwa zur gleichen Zeit in La Rochelle (Frankreich).<\/li>\n<li style=\"text-align: justify;\">Jean-Luc Perrier, Professor an der Katholischen Universit\u00e4t in Angers, baute 1979 ein Automobil, das mit durch Sonnenenergie produziertem Wasserstoff angetrieben wurde und nur Wasserdampf ausstie\u00df.<\/li>\n<li style=\"text-align: justify;\">Die ersten, von Professor Augustin Mouchot in Tours entwickelten, solarthermischen Konzentratoren wurden bereits bei der Weltausstellung von 1878 pr\u00e4sentiert.<\/li>\n<\/ul>\n<p style=\"text-align: justify;\">W\u00e4hrend Stra\u00dfenbahnen, Magnetbahnen und Luftschiffe wieder in Mode kommen, soll dieses Forschungsprojekt eine Reise in die vergessene Geschichte der Energie erm\u00f6glichen<\/p>\n<p style=\"text-align: left;\"><a href=\"http:\/\/www.paleo-energetique.org\/wp-content\/uploads\/2015\/01\/mouchot-pifre_presse-a-concentration-solaire.jpg\" rel=\"attachment wp-att-334\"><img decoding=\"async\" class=\"alignnone wp-image-334 size-medium\" src=\"http:\/\/www.paleo-energetique.org\/wp-content\/uploads\/2015\/01\/mouchot-pifre_presse-a-concentration-solaire-300x249.jpg\" alt=\"mouchot-pifre_presse-a-concentration-solaire\" width=\"300\" height=\"249\" \/><\/a> <a href=\"http:\/\/www.paleo-energetique.org\/wp-content\/uploads\/2014\/12\/2cv-sedan.png\" rel=\"attachment wp-att-279\"><img decoding=\"async\" class=\"alignnone wp-image-279\" src=\"http:\/\/www.paleo-energetique.org\/wp-content\/uploads\/2014\/12\/2cv-sedan-300x242.png\" alt=\"2cv sedan\" width=\"309\" height=\"249\" srcset=\"https:\/\/paleo-energetique.org\/wp-content\/uploads\/2014\/12\/2cv-sedan-300x242.png 300w, https:\/\/paleo-energetique.org\/wp-content\/uploads\/2014\/12\/2cv-sedan-1024x826.png 1024w, https:\/\/paleo-energetique.org\/wp-content\/uploads\/2014\/12\/2cv-sedan.png 1301w\" sizes=\"(max-width: 309px) 100vw, 309px\" \/><\/a> <a href=\"http:\/\/www.paleo-energetique.org\/wp-content\/uploads\/2014\/12\/86680619_p.jpg\" rel=\"attachment wp-att-511\"><img loading=\"lazy\" decoding=\"async\" class=\"alignnone wp-image-511\" src=\"http:\/\/www.paleo-energetique.org\/wp-content\/uploads\/2014\/12\/86680619_p-300x200.jpg\" alt=\"86680619_p\" width=\"374\" height=\"249\" srcset=\"https:\/\/paleo-energetique.org\/wp-content\/uploads\/2014\/12\/86680619_p-300x200.jpg 300w, https:\/\/paleo-energetique.org\/wp-content\/uploads\/2014\/12\/86680619_p.jpg 600w\" sizes=\"(max-width: 374px) 100vw, 374px\" \/><\/a> <a href=\"http:\/\/www.paleo-energetique.org\/wp-content\/uploads\/2014\/12\/1218656016afqkct-1.jpg\" rel=\"attachment wp-att-578\"><img loading=\"lazy\" decoding=\"async\" class=\"alignnone wp-image-578\" src=\"http:\/\/www.paleo-energetique.org\/wp-content\/uploads\/2014\/12\/1218656016afqkct-1-300x208.jpg\" alt=\"1218656016AfqKCT (1)\" width=\"359\" height=\"249\" \/><\/a><\/p>\n<p style=\"text-align: left;\">Welche Zusammenh\u00e4nge beg\u00fcnstigen das Aufkommen dieser Erfindungen? K\u00f6nnen Krisen Gelegenheit zur Kreativit\u00e4t geben? Diese neue Darstellungsweise der Geschichte der Energie ist ein Versuch, die Zusammenh\u00e4nge zu verstehen und zu analysieren, welche es einigen Energie-Innovationen erm\u00f6glicht haben (oder auch nicht), sich zu verbreiten und Erfolg zu haben. \u00dcbersetzung ins Deutsche im Rahmen der PerMondo Initiative f\u00fcr ehrenamtliche \u00dcbersetzung von Dokumenten und Webseiten f\u00fcr NGOs und nicht profitorientierte Vereine. Leitung: \u00dcbersetzungsagentur Mondo Agit. \u00dcbersetzerin: Laura Barbier, Korrektur: Melissa Roberts<\/p>\n<p>&nbsp;<\/p>\n","protected":false},"excerpt":{"rendered":"<p>&nbsp; Die Pal\u00e4o-Energie: die Geschichte der Energie Verloren gegangene Techniken zum Leben erwecken, Innovationsf\u00e4higkeit aufzeigen, in Vergessenheit geratene Erfindungen sowie die F\u00e4higkeit zu volkst\u00fcmlichen, dezentralisierten und unerwarteten sozialen Innovationen hervorheben. Dieses Forschungsprojekt hat es sich zum Ziel gesetzt, offen zu sein und m\u00f6chte an die [&hellip;]<\/p>\n","protected":false},"author":2,"featured_media":0,"parent":0,"menu_order":0,"comment_status":"closed","ping_status":"open","template":"","meta":{"_acf_changed":false,"footnotes":""},"tags":[],"class_list":["post-1580","page","type-page","status-publish","hentry"],"acf":[],"yoast_head":"<!-- This site is optimized with the Yoast SEO plugin v26.0 - https:\/\/yoast.com\/wordpress\/plugins\/seo\/ -->\n<title>\u00dcber uns - Pal\u00e4o-Energie<\/title>\n<meta name=\"robots\" content=\"index, follow, max-snippet:-1, max-image-preview:large, max-video-preview:-1\" \/>\n<link rel=\"canonical\" href=\"https:\/\/paleo-energetique.org\/de\/ueber-uns\/\" \/>\n<meta property=\"og:locale\" content=\"de_DE\" \/>\n<meta property=\"og:type\" content=\"article\" \/>\n<meta property=\"og:title\" content=\"\u00dcber uns - Pal\u00e4o-Energie\" \/>\n<meta property=\"og:description\" content=\"&nbsp; Die Pal\u00e4o-Energie: die Geschichte der Energie Verloren gegangene Techniken zum Leben erwecken, Innovationsf\u00e4higkeit aufzeigen, in Vergessenheit geratene Erfindungen sowie die F\u00e4higkeit zu volkst\u00fcmlichen, dezentralisierten und unerwarteten sozialen Innovationen hervorheben. Dieses Forschungsprojekt hat es sich zum Ziel gesetzt, offen zu sein und m\u00f6chte an die [&hellip;]\" \/>\n<meta property=\"og:url\" content=\"https:\/\/paleo-energetique.org\/de\/ueber-uns\/\" \/>\n<meta property=\"og:site_name\" content=\"Pal\u00e4o-Energie\" \/>\n<meta property=\"article:publisher\" content=\"https:\/\/www.facebook.com\/paleoenergie\/\" \/>\n<meta property=\"article:modified_time\" content=\"2017-10-19T19:30:02+00:00\" \/>\n<meta property=\"og:image\" content=\"https:\/\/de.paleo-energetique.org\/wp-content\/uploads\/2017\/08\/Affiche_appel_Paleo-allemand-cop23-final-copie-copie.jpg\" \/>\n<meta name=\"twitter:card\" content=\"summary_large_image\" \/>\n<meta name=\"twitter:label1\" content=\"Gesch\u00e4tzte Lesezeit\" \/>\n\t<meta name=\"twitter:data1\" content=\"2\u00a0Minuten\" \/>\n<script type=\"application\/ld+json\" class=\"yoast-schema-graph\">{\"@context\":\"https:\/\/schema.org\",\"@graph\":[{\"@type\":\"WebPage\",\"@id\":\"https:\/\/paleo-energetique.org\/de\/ueber-uns\/\",\"url\":\"https:\/\/paleo-energetique.org\/de\/ueber-uns\/\",\"name\":\"\u00dcber uns - Pal\u00e4o-Energie\",\"isPartOf\":{\"@id\":\"https:\/\/paleo-energetique.org\/#website\"},\"primaryImageOfPage\":{\"@id\":\"https:\/\/paleo-energetique.org\/de\/ueber-uns\/#primaryimage\"},\"image\":{\"@id\":\"https:\/\/paleo-energetique.org\/de\/ueber-uns\/#primaryimage\"},\"thumbnailUrl\":\"https:\/\/de.paleo-energetique.org\/wp-content\/uploads\/2017\/08\/Affiche_appel_Paleo-allemand-cop23-final-copie-copie.jpg\",\"datePublished\":\"2017-08-10T13:56:57+00:00\",\"dateModified\":\"2017-10-19T19:30:02+00:00\",\"breadcrumb\":{\"@id\":\"https:\/\/paleo-energetique.org\/de\/ueber-uns\/#breadcrumb\"},\"inLanguage\":\"de\",\"potentialAction\":[{\"@type\":\"ReadAction\",\"target\":[\"https:\/\/paleo-energetique.org\/de\/ueber-uns\/\"]}]},{\"@type\":\"ImageObject\",\"inLanguage\":\"de\",\"@id\":\"https:\/\/paleo-energetique.org\/de\/ueber-uns\/#primaryimage\",\"url\":\"https:\/\/de.paleo-energetique.org\/wp-content\/uploads\/2017\/08\/Affiche_appel_Paleo-allemand-cop23-final-copie-copie.jpg\",\"contentUrl\":\"https:\/\/de.paleo-energetique.org\/wp-content\/uploads\/2017\/08\/Affiche_appel_Paleo-allemand-cop23-final-copie-copie.jpg\"},{\"@type\":\"BreadcrumbList\",\"@id\":\"https:\/\/paleo-energetique.org\/de\/ueber-uns\/#breadcrumb\",\"itemListElement\":[{\"@type\":\"ListItem\",\"position\":1,\"name\":\"Accueil\",\"item\":\"https:\/\/paleo-energetique.org\/de\/\"},{\"@type\":\"ListItem\",\"position\":2,\"name\":\"\u00dcber uns\"}]},{\"@type\":\"WebSite\",\"@id\":\"https:\/\/paleo-energetique.org\/#website\",\"url\":\"https:\/\/paleo-energetique.org\/\",\"name\":\"Pal\u00e4o-Energie\",\"description\":\"Die neue Energiegeschichte\",\"potentialAction\":[{\"@type\":\"SearchAction\",\"target\":{\"@type\":\"EntryPoint\",\"urlTemplate\":\"https:\/\/paleo-energetique.org\/?s={search_term_string}\"},\"query-input\":{\"@type\":\"PropertyValueSpecification\",\"valueRequired\":true,\"valueName\":\"search_term_string\"}}],\"inLanguage\":\"de\"}]}<\/script>\n<!-- \/ Yoast SEO plugin. -->","yoast_head_json":{"title":"\u00dcber uns - Pal\u00e4o-Energie","robots":{"index":"index","follow":"follow","max-snippet":"max-snippet:-1","max-image-preview":"max-image-preview:large","max-video-preview":"max-video-preview:-1"},"canonical":"https:\/\/paleo-energetique.org\/de\/ueber-uns\/","og_locale":"de_DE","og_type":"article","og_title":"\u00dcber uns - Pal\u00e4o-Energie","og_description":"&nbsp; Die Pal\u00e4o-Energie: die Geschichte der Energie Verloren gegangene Techniken zum Leben erwecken, Innovationsf\u00e4higkeit aufzeigen, in Vergessenheit geratene Erfindungen sowie die F\u00e4higkeit zu volkst\u00fcmlichen, dezentralisierten und unerwarteten sozialen Innovationen hervorheben. Dieses Forschungsprojekt hat es sich zum Ziel gesetzt, offen zu sein und m\u00f6chte an die [&hellip;]","og_url":"https:\/\/paleo-energetique.org\/de\/ueber-uns\/","og_site_name":"Pal\u00e4o-Energie","article_publisher":"https:\/\/www.facebook.com\/paleoenergie\/","article_modified_time":"2017-10-19T19:30:02+00:00","og_image":[{"url":"https:\/\/de.paleo-energetique.org\/wp-content\/uploads\/2017\/08\/Affiche_appel_Paleo-allemand-cop23-final-copie-copie.jpg","type":"","width":"","height":""}],"twitter_card":"summary_large_image","twitter_misc":{"Gesch\u00e4tzte Lesezeit":"2\u00a0Minuten"},"schema":{"@context":"https:\/\/schema.org","@graph":[{"@type":"WebPage","@id":"https:\/\/paleo-energetique.org\/de\/ueber-uns\/","url":"https:\/\/paleo-energetique.org\/de\/ueber-uns\/","name":"\u00dcber uns - Pal\u00e4o-Energie","isPartOf":{"@id":"https:\/\/paleo-energetique.org\/#website"},"primaryImageOfPage":{"@id":"https:\/\/paleo-energetique.org\/de\/ueber-uns\/#primaryimage"},"image":{"@id":"https:\/\/paleo-energetique.org\/de\/ueber-uns\/#primaryimage"},"thumbnailUrl":"https:\/\/de.paleo-energetique.org\/wp-content\/uploads\/2017\/08\/Affiche_appel_Paleo-allemand-cop23-final-copie-copie.jpg","datePublished":"2017-08-10T13:56:57+00:00","dateModified":"2017-10-19T19:30:02+00:00","breadcrumb":{"@id":"https:\/\/paleo-energetique.org\/de\/ueber-uns\/#breadcrumb"},"inLanguage":"de","potentialAction":[{"@type":"ReadAction","target":["https:\/\/paleo-energetique.org\/de\/ueber-uns\/"]}]},{"@type":"ImageObject","inLanguage":"de","@id":"https:\/\/paleo-energetique.org\/de\/ueber-uns\/#primaryimage","url":"https:\/\/de.paleo-energetique.org\/wp-content\/uploads\/2017\/08\/Affiche_appel_Paleo-allemand-cop23-final-copie-copie.jpg","contentUrl":"https:\/\/de.paleo-energetique.org\/wp-content\/uploads\/2017\/08\/Affiche_appel_Paleo-allemand-cop23-final-copie-copie.jpg"},{"@type":"BreadcrumbList","@id":"https:\/\/paleo-energetique.org\/de\/ueber-uns\/#breadcrumb","itemListElement":[{"@type":"ListItem","position":1,"name":"Accueil","item":"https:\/\/paleo-energetique.org\/de\/"},{"@type":"ListItem","position":2,"name":"\u00dcber uns"}]},{"@type":"WebSite","@id":"https:\/\/paleo-energetique.org\/#website","url":"https:\/\/paleo-energetique.org\/","name":"Pal\u00e4o-Energie","description":"Die neue Energiegeschichte","potentialAction":[{"@type":"SearchAction","target":{"@type":"EntryPoint","urlTemplate":"https:\/\/paleo-energetique.org\/?s={search_term_string}"},"query-input":{"@type":"PropertyValueSpecification","valueRequired":true,"valueName":"search_term_string"}}],"inLanguage":"de"}]}},"_links":{"self":[{"href":"https:\/\/paleo-energetique.org\/de\/wp-json\/wp\/v2\/pages\/1580","targetHints":{"allow":["GET"]}}],"collection":[{"href":"https:\/\/paleo-energetique.org\/de\/wp-json\/wp\/v2\/pages"}],"about":[{"href":"https:\/\/paleo-energetique.org\/de\/wp-json\/wp\/v2\/types\/page"}],"author":[{"embeddable":true,"href":"https:\/\/paleo-energetique.org\/de\/wp-json\/wp\/v2\/users\/2"}],"replies":[{"embeddable":true,"href":"https:\/\/paleo-energetique.org\/de\/wp-json\/wp\/v2\/comments?post=1580"}],"version-history":[{"count":0,"href":"https:\/\/paleo-energetique.org\/de\/wp-json\/wp\/v2\/pages\/1580\/revisions"}],"wp:attachment":[{"href":"https:\/\/paleo-energetique.org\/de\/wp-json\/wp\/v2\/media?parent=1580"}],"wp:term":[{"taxonomy":"post_tag","embeddable":true,"href":"https:\/\/paleo-energetique.org\/de\/wp-json\/wp\/v2\/tags?post=1580"}],"curies":[{"name":"wp","href":"https:\/\/api.w.org\/{rel}","templated":true}]}}