{"id":2645,"date":"2018-10-01T10:22:16","date_gmt":"2018-10-01T10:22:16","guid":{"rendered":"https:\/\/paleo-energetique.org\/?post_type=product&#038;p=2645"},"modified":"2024-11-19T09:37:42","modified_gmt":"2024-11-19T09:37:42","slug":"retrofutur","status":"publish","type":"product","link":"https:\/\/paleo-energetique.org\/ar\/retrofutur\/","title":{"rendered":"R\u00e9trofutur (\u00e9puis\u00e9) [Fran\u00e7ais]"},"content":{"rendered":"<p>&#8220;Une v\u00e9ritable encyclop\u00e9die \u00e9nerg\u00e9tique.&#8221; &#8211; Le Monde Diplomatique<\/p>\n<p>Pr\u00e9face de Bertrand Piccard. Notre plan\u00e8te traverse actuellement une crise \u00e9nerg\u00e9tique sans pr\u00e9c\u00e9dent. Pourtant des solutions existent car l\u2019histoire de l\u2019\u00e9nergie a laiss\u00e9 quantit\u00e9 de bonnes id\u00e9es sur le bord de la route. Cet ouvrage propose un v\u00e9ritable voyage \u00e0 travers le temps, en exhumant de tr\u00e8s nombreuses innovations \u00e9nerg\u00e9tiques des temps pass\u00e9s, m\u00e9connues ou oubli\u00e9es, avec la conviction que c est aussi dans le pass\u00e9 que se trouvent des solutions pour demain\u2026 Ainsi, la pr\u00e9sentation d une soixantaine d inventions parfois improbables mais toujours ing\u00e9nieuses permet de retrouver des pans anciens et ignor\u00e9s de l histoire des \u00e9nergies : des semelles chauffantes de Lavoisier (1780) \u00e0 la voiture \u00e0 hydrog\u00e8ne de Jean-Luc Perrier (1979), du photophone de Bell (1880) au du girobus (1950)\u2026 Chaque invention, illustr\u00e9e par un visuel en pleine page photographies, cartes postales et illustrations d \u00e9poque , est expos\u00e9e en quelques lignes. Des articles transversaux proposent ponctuellement des r\u00e9flexions plus globales sur la notion de progr\u00e8s, l importance des archives et des brevets, les relations entre les sciences et les arts.<\/p>\n","protected":false},"excerpt":{"rendered":"<div style=\"text-align: center;\">\n<div style=\"margin: 8px 0px 4px;\"><a href=\"https:\/\/www.calameo.com\/books\/002525028818e7060f0bb?authid=6F3puV1uYqWA\" target=\"_blank\" rel=\"nofollow noopener\">Feuilletage R\u00e9trofutur<\/a><\/div>\n<p><iframe style=\"margin: 0 auto;\" src=\"\/\/v.calameo.com\/?bkcode=002525028818e7060f0bb&amp;AuthID=6F3puV1uYqWA\" width=\"700\" height=\"453\" frameborder=\"0\" scrolling=\"no\" allowfullscreen=\"allowfullscreen\"><\/iframe><\/p>\n<\/div>\n<p>&nbsp;<\/p>\n","protected":false},"featured_media":5111,"comment_status":"open","ping_status":"closed","template":"","meta":{"_acf_changed":false},"product_brand":[],"product_cat":[132],"product_tag":[131,130,129],"class_list":{"0":"post-2645","1":"product","2":"type-product","3":"status-publish","4":"has-post-thumbnail","6":"product_cat-livres","7":"product_tag-inventions","8":"product_tag-paleo-energetique","9":"product_tag-retrofutur","11":"first","12":"outofstock","13":"shipping-taxable","14":"purchasable","15":"product-type-simple"},"acf":[],"yoast_head":"<!-- This site is optimized with the Yoast SEO plugin v26.0 - https:\/\/yoast.com\/wordpress\/plugins\/seo\/ -->\n<title>R\u00e9trofutur (\u00e9puis\u00e9) [Fran\u00e7ais] - Pal\u00e9o-Energ\u00e9tique<\/title>\n<meta name=\"description\" content=\"Notre plan\u00e8te traverse actuellement une crise \u00e9nerg\u00e9tique sans pr\u00e9c\u00e9dent. Pourtant des solutions existent car l\u2019histoire de l\u2019\u00e9nergie a laiss\u00e9 quantit\u00e9... %\" \/>\n<meta name=\"robots\" content=\"index, follow, max-snippet:-1, max-image-preview:large, max-video-preview:-1\" \/>\n<link rel=\"canonical\" href=\"https:\/\/paleo-energetique.org\/retrofutur\/\" \/>\n<meta property=\"og:locale\" content=\"ar_AR\" \/>\n<meta property=\"og:type\" content=\"article\" \/>\n<meta property=\"og:title\" content=\"R\u00e9trofutur (\u00e9puis\u00e9) [Fran\u00e7ais] - Pal\u00e9o-Energ\u00e9tique\" \/>\n<meta property=\"og:description\" content=\"Notre plan\u00e8te traverse actuellement une crise \u00e9nerg\u00e9tique sans pr\u00e9c\u00e9dent. Pourtant des solutions existent car l\u2019histoire de l\u2019\u00e9nergie a laiss\u00e9 quantit\u00e9... %\" \/>\n<meta property=\"og:url\" content=\"https:\/\/paleo-energetique.org\/retrofutur\/\" \/>\n<meta property=\"og:site_name\" content=\"Pal\u00e9o-Energ\u00e9tique\" \/>\n<meta property=\"article:publisher\" content=\"https:\/\/www.facebook.com\/paleoenergie\/\" \/>\n<meta property=\"article:modified_time\" content=\"2024-11-19T09:37:42+00:00\" \/>\n<meta property=\"og:image\" content=\"https:\/\/paleo-energetique.org\/wp-content\/uploads\/2018\/10\/couverture-de\u0301toure\u0301-1.png\" \/>\n\t<meta property=\"og:image:width\" content=\"677\" \/>\n\t<meta property=\"og:image:height\" content=\"920\" \/>\n\t<meta property=\"og:image:type\" content=\"image\/png\" \/>\n<meta name=\"twitter:card\" content=\"summary_large_image\" \/>\n<meta name=\"twitter:label1\" content=\"\u0648\u0642\u062a \u0627\u0644\u0642\u0631\u0627\u0621\u0629 \u0627\u0644\u0645\u064f\u0642\u062f\u0651\u0631\" \/>\n\t<meta name=\"twitter:data1\" content=\"1 \u062f\u0642\u064a\u0642\u0629\" \/>\n<script type=\"application\/ld+json\" class=\"yoast-schema-graph\">{\"@context\":\"https:\/\/schema.org\",\"@graph\":[{\"@type\":\"WebPage\",\"@id\":\"https:\/\/paleo-energetique.org\/retrofutur\/\",\"url\":\"https:\/\/paleo-energetique.org\/retrofutur\/\",\"name\":\"R\u00e9trofutur (\u00e9puis\u00e9) [Fran\u00e7ais] - Pal\u00e9o-Energ\u00e9tique\",\"isPartOf\":{\"@id\":\"https:\/\/paleo-energetique.org\/#website\"},\"primaryImageOfPage\":{\"@id\":\"https:\/\/paleo-energetique.org\/retrofutur\/#primaryimage\"},\"image\":{\"@id\":\"https:\/\/paleo-energetique.org\/retrofutur\/#primaryimage\"},\"thumbnailUrl\":\"https:\/\/paleo-energetique.org\/wp-content\/uploads\/2018\/10\/couverture-de\u0301toure\u0301-1.png\",\"datePublished\":\"2018-10-01T10:22:16+00:00\",\"dateModified\":\"2024-11-19T09:37:42+00:00\",\"description\":\"Notre plan\u00e8te traverse actuellement une crise \u00e9nerg\u00e9tique sans pr\u00e9c\u00e9dent. Pourtant des solutions existent car l\u2019histoire de l\u2019\u00e9nergie a laiss\u00e9 quantit\u00e9... %\",\"breadcrumb\":{\"@id\":\"https:\/\/paleo-energetique.org\/retrofutur\/#breadcrumb\"},\"inLanguage\":\"ar\",\"potentialAction\":[{\"@type\":\"ReadAction\",\"target\":[\"https:\/\/paleo-energetique.org\/retrofutur\/\"]}]},{\"@type\":\"ImageObject\",\"inLanguage\":\"ar\",\"@id\":\"https:\/\/paleo-energetique.org\/retrofutur\/#primaryimage\",\"url\":\"https:\/\/paleo-energetique.org\/wp-content\/uploads\/2018\/10\/couverture-de\u0301toure\u0301-1.png\",\"contentUrl\":\"https:\/\/paleo-energetique.org\/wp-content\/uploads\/2018\/10\/couverture-de\u0301toure\u0301-1.png\",\"width\":677,\"height\":920},{\"@type\":\"BreadcrumbList\",\"@id\":\"https:\/\/paleo-energetique.org\/retrofutur\/#breadcrumb\",\"itemListElement\":[{\"@type\":\"ListItem\",\"position\":1,\"name\":\"Accueil\",\"item\":\"https:\/\/paleo-energetique.org\/ar\/\"},{\"@type\":\"ListItem\",\"position\":2,\"name\":\"Boutique\",\"item\":\"https:\/\/paleo-energetique.org\/boutique\/\"},{\"@type\":\"ListItem\",\"position\":3,\"name\":\"R\u00e9trofutur (\u00e9puis\u00e9) [Fran\u00e7ais]\"}]},{\"@type\":\"WebSite\",\"@id\":\"https:\/\/paleo-energetique.org\/#website\",\"url\":\"https:\/\/paleo-energetique.org\/\",\"name\":\"Pal\u00e9o-Energ\u00e9tique\",\"description\":\"R\u00e9inventer l&#039;Histoire de L&#039;\u00e9nergie\",\"potentialAction\":[{\"@type\":\"SearchAction\",\"target\":{\"@type\":\"EntryPoint\",\"urlTemplate\":\"https:\/\/paleo-energetique.org\/?s={search_term_string}\"},\"query-input\":{\"@type\":\"PropertyValueSpecification\",\"valueRequired\":true,\"valueName\":\"search_term_string\"}}],\"inLanguage\":\"ar\"}]}<\/script>\n<!-- \/ Yoast SEO plugin. -->","yoast_head_json":{"title":"R\u00e9trofutur (\u00e9puis\u00e9) [Fran\u00e7ais] - Pal\u00e9o-Energ\u00e9tique","description":"Notre plan\u00e8te traverse actuellement une crise \u00e9nerg\u00e9tique sans pr\u00e9c\u00e9dent. Pourtant des solutions existent car l\u2019histoire de l\u2019\u00e9nergie a laiss\u00e9 quantit\u00e9... %","robots":{"index":"index","follow":"follow","max-snippet":"max-snippet:-1","max-image-preview":"max-image-preview:large","max-video-preview":"max-video-preview:-1"},"canonical":"https:\/\/paleo-energetique.org\/retrofutur\/","og_locale":"ar_AR","og_type":"article","og_title":"R\u00e9trofutur (\u00e9puis\u00e9) [Fran\u00e7ais] - Pal\u00e9o-Energ\u00e9tique","og_description":"Notre plan\u00e8te traverse actuellement une crise \u00e9nerg\u00e9tique sans pr\u00e9c\u00e9dent. Pourtant des solutions existent car l\u2019histoire de l\u2019\u00e9nergie a laiss\u00e9 quantit\u00e9... %","og_url":"https:\/\/paleo-energetique.org\/retrofutur\/","og_site_name":"Pal\u00e9o-Energ\u00e9tique","article_publisher":"https:\/\/www.facebook.com\/paleoenergie\/","article_modified_time":"2024-11-19T09:37:42+00:00","og_image":[{"width":677,"height":920,"url":"https:\/\/paleo-energetique.org\/wp-content\/uploads\/2018\/10\/couverture-de\u0301toure\u0301-1.png","type":"image\/png"}],"twitter_card":"summary_large_image","twitter_misc":{"\u0648\u0642\u062a \u0627\u0644\u0642\u0631\u0627\u0621\u0629 \u0627\u0644\u0645\u064f\u0642\u062f\u0651\u0631":"1 \u062f\u0642\u064a\u0642\u0629"},"schema":{"@context":"https:\/\/schema.org","@graph":[{"@type":"WebPage","@id":"https:\/\/paleo-energetique.org\/retrofutur\/","url":"https:\/\/paleo-energetique.org\/retrofutur\/","name":"R\u00e9trofutur (\u00e9puis\u00e9) [Fran\u00e7ais] - Pal\u00e9o-Energ\u00e9tique","isPartOf":{"@id":"https:\/\/paleo-energetique.org\/#website"},"primaryImageOfPage":{"@id":"https:\/\/paleo-energetique.org\/retrofutur\/#primaryimage"},"image":{"@id":"https:\/\/paleo-energetique.org\/retrofutur\/#primaryimage"},"thumbnailUrl":"https:\/\/paleo-energetique.org\/wp-content\/uploads\/2018\/10\/couverture-de\u0301toure\u0301-1.png","datePublished":"2018-10-01T10:22:16+00:00","dateModified":"2024-11-19T09:37:42+00:00","description":"Notre plan\u00e8te traverse actuellement une crise \u00e9nerg\u00e9tique sans pr\u00e9c\u00e9dent. Pourtant des solutions existent car l\u2019histoire de l\u2019\u00e9nergie a laiss\u00e9 quantit\u00e9... %","breadcrumb":{"@id":"https:\/\/paleo-energetique.org\/retrofutur\/#breadcrumb"},"inLanguage":"ar","potentialAction":[{"@type":"ReadAction","target":["https:\/\/paleo-energetique.org\/retrofutur\/"]}]},{"@type":"ImageObject","inLanguage":"ar","@id":"https:\/\/paleo-energetique.org\/retrofutur\/#primaryimage","url":"https:\/\/paleo-energetique.org\/wp-content\/uploads\/2018\/10\/couverture-de\u0301toure\u0301-1.png","contentUrl":"https:\/\/paleo-energetique.org\/wp-content\/uploads\/2018\/10\/couverture-de\u0301toure\u0301-1.png","width":677,"height":920},{"@type":"BreadcrumbList","@id":"https:\/\/paleo-energetique.org\/retrofutur\/#breadcrumb","itemListElement":[{"@type":"ListItem","position":1,"name":"Accueil","item":"https:\/\/paleo-energetique.org\/ar\/"},{"@type":"ListItem","position":2,"name":"Boutique","item":"https:\/\/paleo-energetique.org\/boutique\/"},{"@type":"ListItem","position":3,"name":"R\u00e9trofutur (\u00e9puis\u00e9) [Fran\u00e7ais]"}]},{"@type":"WebSite","@id":"https:\/\/paleo-energetique.org\/#website","url":"https:\/\/paleo-energetique.org\/","name":"Pal\u00e9o-Energ\u00e9tique","description":"R\u00e9inventer l&#039;Histoire de L&#039;\u00e9nergie","potentialAction":[{"@type":"SearchAction","target":{"@type":"EntryPoint","urlTemplate":"https:\/\/paleo-energetique.org\/?s={search_term_string}"},"query-input":{"@type":"PropertyValueSpecification","valueRequired":true,"valueName":"search_term_string"}}],"inLanguage":"ar"}]}},"_links":{"self":[{"href":"https:\/\/paleo-energetique.org\/ar\/wp-json\/wp\/v2\/product\/2645","targetHints":{"allow":["GET"]}}],"collection":[{"href":"https:\/\/paleo-energetique.org\/ar\/wp-json\/wp\/v2\/product"}],"about":[{"href":"https:\/\/paleo-energetique.org\/ar\/wp-json\/wp\/v2\/types\/product"}],"replies":[{"embeddable":true,"href":"https:\/\/paleo-energetique.org\/ar\/wp-json\/wp\/v2\/comments?post=2645"}],"wp:featuredmedia":[{"embeddable":true,"href":"https:\/\/paleo-energetique.org\/ar\/wp-json\/wp\/v2\/media\/5111"}],"wp:attachment":[{"href":"https:\/\/paleo-energetique.org\/ar\/wp-json\/wp\/v2\/media?parent=2645"}],"wp:term":[{"taxonomy":"product_brand","embeddable":true,"href":"https:\/\/paleo-energetique.org\/ar\/wp-json\/wp\/v2\/product_brand?post=2645"},{"taxonomy":"product_cat","embeddable":true,"href":"https:\/\/paleo-energetique.org\/ar\/wp-json\/wp\/v2\/product_cat?post=2645"},{"taxonomy":"product_tag","embeddable":true,"href":"https:\/\/paleo-energetique.org\/ar\/wp-json\/wp\/v2\/product_tag?post=2645"}],"curies":[{"name":"wp","href":"https:\/\/api.w.org\/{rel}","templated":true}]}}