{"id":793,"date":"2016-06-12T19:16:45","date_gmt":"2016-06-12T19:16:45","guid":{"rendered":"http:\/\/paleo-energetique.org\/?page_id=793&#038;lang=ar"},"modified":"2022-03-31T21:21:39","modified_gmt":"2022-03-31T21:21:39","slug":"proponer","status":"publish","type":"page","link":"https:\/\/paleo-energetique.org\/ar\/%d8%aa%d9%8e%d8%a8%d9%8e%d8%b1%d9%8e%d8%b9\/proponer\/","title":{"rendered":"\u064a\u0642\u062a\u0631\u062d"},"content":{"rendered":"<p>&nbsp;<\/p>\n<h4 style=\"text-align: center;\">\u062a\u0634\u064a\u0631 \u0625\u0644\u0649 \u0627\u062e\u062a\u0631\u0627\u0639<\/h4>\n<p>&nbsp;<\/p>\n<p>&nbsp;<\/p>\n<p><center>\n<div class=\"wpcf7 no-js\" id=\"wpcf7-f801-o1\" lang=\"fr-FR\" dir=\"ltr\" data-wpcf7-id=\"801\">\n<div class=\"screen-reader-response\"><p role=\"status\" aria-live=\"polite\" aria-atomic=\"true\"><\/p> <ul><\/ul><\/div>\n<form action=\"\/ar\/wp-json\/wp\/v2\/pages\/793#wpcf7-f801-o1\" method=\"post\" class=\"wpcf7-form init\" aria-label=\"Formulaire de contact\" enctype=\"multipart\/form-data\" novalidate=\"novalidate\" data-status=\"init\">\n<fieldset class=\"hidden-fields-container\"><input type=\"hidden\" name=\"_wpcf7\" value=\"801\" \/><input type=\"hidden\" name=\"_wpcf7_version\" value=\"6.1.1\" \/><input type=\"hidden\" name=\"_wpcf7_locale\" value=\"fr_FR\" \/><input type=\"hidden\" name=\"_wpcf7_unit_tag\" value=\"wpcf7-f801-o1\" \/><input type=\"hidden\" name=\"_wpcf7_container_post\" value=\"0\" \/><input type=\"hidden\" name=\"_wpcf7_posted_data_hash\" value=\"\" \/><input type=\"hidden\" name=\"_wpcf7_recaptcha_response\" value=\"\" \/>\n<\/fieldset>\n<table>\n\t<tr>\n\t\t<td>\n\t\t\t<div id=\"noms\">\n\t\t\t\t<p>\u0627\u0644\u0623\u0633\u0645 \u0627\u0644\u0643\u0627\u0645\u0644 (\u0645\u0637\u0644\u0648\u0628):\n\t\t\t\t<\/p>\n\t\t\t\t<p><span class=\"wpcf7-form-control-wrap\" data-name=\"your-name\"><input size=\"40\" maxlength=\"400\" class=\"wpcf7-form-control wpcf7-text wpcf7-validates-as-required\" aria-required=\"true\" aria-invalid=\"false\" value=\"\" type=\"text\" name=\"your-name\" \/><\/span>\n\t\t\t\t<\/p>\n\t\t\t<\/div>\n\t\t\t<div id=\"emaill\">\n\t\t\t\t<p>\u0639\u0646\u0648\u0627\u0646 \u0627\u0644\u0628\u0631\u064a\u062f \u0627\u0644\u0625\u0644\u0643\u062a\u0631\u0648\u0646\u064a (\u0645\u0637\u0644\u0648\u0628):\n\t\t\t\t<\/p>\n\t\t\t\t<p><span class=\"wpcf7-form-control-wrap\" data-name=\"your-email\"><input size=\"40\" maxlength=\"400\" class=\"wpcf7-form-control wpcf7-email wpcf7-validates-as-required wpcf7-text wpcf7-validates-as-email\" aria-required=\"true\" aria-invalid=\"false\" value=\"\" type=\"email\" name=\"your-email\" \/><\/span>\n\t\t\t\t<\/p>\n\t\t\t<\/div>\n\t\t<\/td>\n\t<\/tr>\n\t<tr>\n\t\t<td>\n\t\t\t<div id=\"etudes\">\n\t\t\t\t<p>\u0627\u0644\u0645\u0647\u0646\u0629 \/ \u0627\u0644\u062a\u0639\u0644\u064a\u0645\n\t\t\t\t<\/p>\n\t\t\t\t<p><span class=\"wpcf7-form-control-wrap\" data-name=\"text-799\"><input size=\"40\" maxlength=\"400\" class=\"wpcf7-form-control wpcf7-text\" aria-invalid=\"false\" value=\"\" type=\"text\" name=\"text-799\" \/><\/span>\n\t\t\t\t<\/p>\n\t\t\t<\/div>\n\t\t\t<div id=\"photoprofil\">\n\t\t\t\t<p>\u0627\u0644\u0635\u0648\u0631\u0629 \u0627\u0644\u0634\u062e\u0635\u064a\u0629\n\t\t\t\t<\/p>\n\t\t\t\t<p><span class=\"wpcf7-form-control-wrap\" data-name=\"file-15\"><input size=\"40\" class=\"wpcf7-form-control wpcf7-file\" id=\"photoprofil\" accept=\"audio\/*,video\/*,image\/*\" aria-invalid=\"false\" type=\"file\" name=\"file-15\" \/><\/span>\n\t\t\t\t<\/p>\n\t\t\t<\/div>\n\t\t<\/td>\n\t<\/tr>\n\t<tr>\n\t\t<td>\n\t\t\t<div id=\"centreinteret\">\n\t\t\t\t<p>\u0627\u0644\u0647\u0648\u0627\u064a\u0627\u062a\n\t\t\t\t<\/p>\n\t\t\t\t<p><span class=\"wpcf7-form-control-wrap\" data-name=\"text-136\"><input size=\"16\" maxlength=\"400\" class=\"wpcf7-form-control wpcf7-text\" id=\"centreinteret\" aria-invalid=\"false\" value=\"\" type=\"text\" name=\"text-136\" \/><\/span>\n\t\t\t\t<\/p>\n\t\t\t<\/div>\n\t\t\t<div id=\"motspaleos\">\n\t\t\t\t<p>\u0628\u0639\u0636 \u0627\u0644\u0643\u0644\u0645\u0627\u062a \u0639\u0646\u0647....\n\t\t\t\t<\/p>\n\t\t\t\t<p><span class=\"wpcf7-form-control-wrap\" data-name=\"textarea-941\"><textarea cols=\"8\" rows=\"4\" maxlength=\"2000\" class=\"wpcf7-form-control wpcf7-textarea\" id=\"motspaleoss\" aria-invalid=\"false\" name=\"textarea-941\"><\/textarea><\/span>\n\t\t\t\t<\/p>\n\t\t\t<\/div>\n\t\t<\/td>\n\t<\/tr>\n\t<tr>\n\t\t<td>\n\t\t<hr \/>\n\t\t\t<p><b>\n\t\t\t\t\t<center>\n\t\t\t\t\t<\/center><\/b>\n\t\t\t<\/p>\n\t\t\t<p>\"\u0623\u0636\u0641 \u0627\u0644\u0625\u062e\u062a\u0631\u0627\u0639 \u0627\u0644\u0628\u062f\u0627\u0626\u064a \u0627\u0644\u0630\u064a \u062a\u0639\u0631\u0641\u0647 \u0623\u0648 \u0627\u0644\u0628\u0637\u0644 \u0627\u0644\u0630\u064a \u0625\u062e\u062a\u0631\u0639\u0647, \u0648 \u0633\u062a\u062a\u0645 \u0645\u0631\u0627\u062c\u0639\u062a\u0647 \u0645\u0646 \u0642\u0628\u0644 \u0625\u0634\u0631\u0627\u0641 \u0627\u0644\u0645\u0648\u0642\u0639 \u0642\u0628\u0644 \u0646\u0634\u0631\u0647.<br \/>\n\"\n\t\t\t<\/p>\n\t\t\t<p>(\u0628\u0625\u0645\u0643\u0627\u0646\u0643 \u0625\u0636\u0627\u0641\u0629 \u0631\u0648\u0627\u0628\u0637).\n\t\t\t<\/p>\n\t\t<\/td>\n\t<\/tr>\n\t<tr>\n\t\t<td>\n\t\t\t<div id=\"decouverteu\">\n\t\t\t\t<p>\u0634\u0631\u062d \u0639\u0646 \u0627\u0644\u0625\u062e\u062a\u0631\u0627\u0639 \/ \u0643\u064a\u0641 \u0648\u062c\u062f\u062a\u0647 \u061f\n\t\t\t\t<\/p>\n\t\t\t\t<p><span class=\"wpcf7-form-control-wrap\" data-name=\"textarea-610\"><textarea cols=\"10\" rows=\"4\" maxlength=\"2000\" class=\"wpcf7-form-control wpcf7-textarea\" id=\"decouverte\" aria-invalid=\"false\" name=\"textarea-610\"><\/textarea><\/span>\n\t\t\t\t<\/p>\n\t\t\t<\/div>\n\t\t<\/td>\n\t<\/tr>\n\t<tr>\n\t\t<td>\n\t\t\t<div id=\"quelinteret\">\n\t\t\t\t<p>\u0645\u0627 \u0647\u064a \u0639\u0644\u0627\u0642\u062a\u0647 \u0628\u0645\u062c\u0627\u0644 \u0627\u0644\u0637\u0627\u0642\u0629 \u061f\n\t\t\t\t<\/p>\n\t\t\t\t<p><span class=\"wpcf7-form-control-wrap\" data-name=\"textarea-952\"><textarea cols=\"10\" rows=\"4\" maxlength=\"2000\" class=\"wpcf7-form-control wpcf7-textarea\" id=\"interet3\" aria-invalid=\"false\" name=\"textarea-952\"><\/textarea><\/span>\n\t\t\t\t<\/p>\n\t\t\t<\/div>\n\t\t<\/td>\n\t<\/tr>\n\t<tr>\n\t\t<td>\n\t\t\t<div id=\"lesimages2\">\n\t\t\t\t<p>\u0625\u0636\u0627\u0641\u0629 \u0635\u0648\u0631:\n\t\t\t\t<\/p>\n\t\t\t\t<p><span class=\"wpcf7-form-control-wrap\" data-name=\"file-358\"><input size=\"40\" class=\"wpcf7-form-control wpcf7-file\" id=\"photopaleoo\" accept=\"audio\/*,video\/*,image\/*\" aria-invalid=\"false\" type=\"file\" name=\"file-358\" \/><\/span><br \/>\n<span class=\"wpcf7-form-control-wrap\" data-name=\"file-640\"><input size=\"40\" class=\"wpcf7-form-control wpcf7-file\" id=\"photopaleo2\" accept=\"audio\/*,video\/*,image\/*\" aria-invalid=\"false\" type=\"file\" name=\"file-640\" \/><\/span><br \/>\n<span class=\"wpcf7-form-control-wrap\" data-name=\"file-139\"><input size=\"40\" class=\"wpcf7-form-control wpcf7-file\" id=\"photopaleo4\" accept=\"audio\/*,video\/*,image\/*\" aria-invalid=\"false\" type=\"file\" name=\"file-139\" \/><\/span>\n\t\t\t\t<\/p>\n\t\t\t<\/div>\n\t\t\t<div id=\"linkswww\">\n\t\t\t\t<p>\u0625\u0636\u0627\u0641\u0629 \u0631\u0648\u0627\u0628\u0637:\n\t\t\t\t<\/p>\n\t\t\t\t<p><span class=\"wpcf7-form-control-wrap\" data-name=\"url-728\"><input size=\"40\" maxlength=\"400\" class=\"wpcf7-form-control wpcf7-url wpcf7-text wpcf7-validates-as-url\" aria-invalid=\"false\" value=\"\" type=\"url\" name=\"url-728\" \/><\/span><br \/>\n<span class=\"wpcf7-form-control-wrap\" data-name=\"url-602\"><input size=\"40\" maxlength=\"400\" class=\"wpcf7-form-control wpcf7-url wpcf7-text wpcf7-validates-as-url\" aria-invalid=\"false\" value=\"\" type=\"url\" name=\"url-602\" \/><\/span><br \/>\n<span class=\"wpcf7-form-control-wrap\" data-name=\"url-732\"><input size=\"40\" maxlength=\"400\" class=\"wpcf7-form-control wpcf7-url wpcf7-text wpcf7-validates-as-url\" aria-invalid=\"false\" value=\"\" type=\"url\" name=\"url-732\" \/><\/span>\n\t\t\t\t<\/p>\n\t\t\t<\/div>\n\t\t<\/td>\n\t<\/tr>\n\t<tr>\n\t\t<td>\n\t\t\t<p><input type=\"hidden\" name=\"_mc4wp_lists[]\" value=\"fb35b4eb61\" \/>\n\t\t\t<\/p>\n\t\t\t<div id=\"acacher\">\n\t\t\t\t<p>[mc4wp_checkbox]\n\t\t\t\t<\/p>\n\t\t\t<\/div>\n\t\t\t<center>\n\t\t\t\n\t\t\t<\/center>\n\t\t\t<center>\n\t\t\t\t<p><input class=\"wpcf7-form-control wpcf7-submit has-spinner\" type=\"submit\" value=\"\u0633\u0627\u0647\u0645 !\" \/>\n\t\t\t\t<\/p>\n\t\t\t<\/center>\n\t\t<\/td>\n\t<\/tr>\n<\/table>\n\n<p style=\"display: none !important;\" class=\"akismet-fields-container\" data-prefix=\"_wpcf7_ak_\"><label>&#916;<textarea name=\"_wpcf7_ak_hp_textarea\" cols=\"45\" rows=\"8\" maxlength=\"100\"><\/textarea><\/label><input type=\"hidden\" id=\"ak_js_1\" name=\"_wpcf7_ak_js\" value=\"186\"\/><script>document.getElementById( \"ak_js_1\" ).setAttribute( \"value\", ( new Date() ).getTime() );<\/script><\/p><div class=\"wpcf7-response-output\" aria-hidden=\"true\"><\/div>\n<\/form>\n<\/div>\n<\/center><\/p>\n","protected":false},"excerpt":{"rendered":"<p>&nbsp; \u062a\u0634\u064a\u0631 \u0625\u0644\u0649 \u0627\u062e\u062a\u0631\u0627\u0639 &nbsp; &nbsp;<\/p>\n","protected":false},"author":1,"featured_media":0,"parent":812,"menu_order":0,"comment_status":"closed","ping_status":"closed","template":"","meta":{"_acf_changed":false,"footnotes":""},"class_list":["post-793","page","type-page","status-publish","hentry"],"acf":[],"yoast_head":"<!-- This site is optimized with the Yoast SEO plugin v26.0 - https:\/\/yoast.com\/wordpress\/plugins\/seo\/ -->\n<title>\u064a\u0642\u062a\u0631\u062d - Pal\u00e9o-Energ\u00e9tique<\/title>\n<meta name=\"robots\" content=\"index, follow, max-snippet:-1, max-image-preview:large, max-video-preview:-1\" \/>\n<link rel=\"canonical\" href=\"https:\/\/paleo-energetique.org\/ar\/\u062a\u064e\u0628\u064e\u0631\u064e\u0639\/proponer\/\" \/>\n<meta property=\"og:locale\" content=\"ar_AR\" \/>\n<meta property=\"og:type\" content=\"article\" \/>\n<meta property=\"og:title\" content=\"\u064a\u0642\u062a\u0631\u062d - Pal\u00e9o-Energ\u00e9tique\" \/>\n<meta property=\"og:description\" content=\"&nbsp; \u062a\u0634\u064a\u0631 \u0625\u0644\u0649 \u0627\u062e\u062a\u0631\u0627\u0639 &nbsp; &nbsp;\" \/>\n<meta property=\"og:url\" content=\"https:\/\/paleo-energetique.org\/ar\/\u062a\u064e\u0628\u064e\u0631\u064e\u0639\/proponer\/\" \/>\n<meta property=\"og:site_name\" content=\"Pal\u00e9o-Energ\u00e9tique\" \/>\n<meta property=\"article:publisher\" content=\"https:\/\/www.facebook.com\/paleoenergie\/\" \/>\n<meta property=\"article:modified_time\" content=\"2022-03-31T21:21:39+00:00\" \/>\n<meta property=\"og:image\" content=\"https:\/\/paleo-energetique.org\/wp-content\/uploads\/2017\/02\/paleo-energetique.jpg\" \/>\n\t<meta property=\"og:image:width\" content=\"1280\" \/>\n\t<meta property=\"og:image:height\" content=\"853\" \/>\n\t<meta property=\"og:image:type\" content=\"image\/jpeg\" \/>\n<meta name=\"twitter:card\" content=\"summary_large_image\" \/>\n<script type=\"application\/ld+json\" class=\"yoast-schema-graph\">{\"@context\":\"https:\/\/schema.org\",\"@graph\":[{\"@type\":\"WebPage\",\"@id\":\"https:\/\/paleo-energetique.org\/ar\/%d8%aa%d9%8e%d8%a8%d9%8e%d8%b1%d9%8e%d8%b9\/proponer\/\",\"url\":\"https:\/\/paleo-energetique.org\/ar\/%d8%aa%d9%8e%d8%a8%d9%8e%d8%b1%d9%8e%d8%b9\/proponer\/\",\"name\":\"\u064a\u0642\u062a\u0631\u062d - Pal\u00e9o-Energ\u00e9tique\",\"isPartOf\":{\"@id\":\"https:\/\/paleo-energetique.org\/#website\"},\"datePublished\":\"2016-06-12T19:16:45+00:00\",\"dateModified\":\"2022-03-31T21:21:39+00:00\",\"breadcrumb\":{\"@id\":\"https:\/\/paleo-energetique.org\/ar\/%d8%aa%d9%8e%d8%a8%d9%8e%d8%b1%d9%8e%d8%b9\/proponer\/#breadcrumb\"},\"inLanguage\":\"ar\",\"potentialAction\":[{\"@type\":\"ReadAction\",\"target\":[\"https:\/\/paleo-energetique.org\/ar\/%d8%aa%d9%8e%d8%a8%d9%8e%d8%b1%d9%8e%d8%b9\/proponer\/\"]}]},{\"@type\":\"BreadcrumbList\",\"@id\":\"https:\/\/paleo-energetique.org\/ar\/%d8%aa%d9%8e%d8%a8%d9%8e%d8%b1%d9%8e%d8%b9\/proponer\/#breadcrumb\",\"itemListElement\":[{\"@type\":\"ListItem\",\"position\":1,\"name\":\"Accueil\",\"item\":\"https:\/\/paleo-energetique.org\/ar\/\"},{\"@type\":\"ListItem\",\"position\":2,\"name\":\"\u0645\u0634\u0627\u0631\u0643\u0629\",\"item\":\"https:\/\/paleo-energetique.org\/ar\/%d8%aa%d9%8e%d8%a8%d9%8e%d8%b1%d9%8e%d8%b9\/\"},{\"@type\":\"ListItem\",\"position\":3,\"name\":\"\u064a\u0642\u062a\u0631\u062d\"}]},{\"@type\":\"WebSite\",\"@id\":\"https:\/\/paleo-energetique.org\/#website\",\"url\":\"https:\/\/paleo-energetique.org\/\",\"name\":\"Pal\u00e9o-Energ\u00e9tique\",\"description\":\"R\u00e9inventer l&#039;Histoire de L&#039;\u00e9nergie\",\"potentialAction\":[{\"@type\":\"SearchAction\",\"target\":{\"@type\":\"EntryPoint\",\"urlTemplate\":\"https:\/\/paleo-energetique.org\/?s={search_term_string}\"},\"query-input\":{\"@type\":\"PropertyValueSpecification\",\"valueRequired\":true,\"valueName\":\"search_term_string\"}}],\"inLanguage\":\"ar\"}]}<\/script>\n<!-- \/ Yoast SEO plugin. -->","yoast_head_json":{"title":"\u064a\u0642\u062a\u0631\u062d - Pal\u00e9o-Energ\u00e9tique","robots":{"index":"index","follow":"follow","max-snippet":"max-snippet:-1","max-image-preview":"max-image-preview:large","max-video-preview":"max-video-preview:-1"},"canonical":"https:\/\/paleo-energetique.org\/ar\/\u062a\u064e\u0628\u064e\u0631\u064e\u0639\/proponer\/","og_locale":"ar_AR","og_type":"article","og_title":"\u064a\u0642\u062a\u0631\u062d - Pal\u00e9o-Energ\u00e9tique","og_description":"&nbsp; \u062a\u0634\u064a\u0631 \u0625\u0644\u0649 \u0627\u062e\u062a\u0631\u0627\u0639 &nbsp; &nbsp;","og_url":"https:\/\/paleo-energetique.org\/ar\/\u062a\u064e\u0628\u064e\u0631\u064e\u0639\/proponer\/","og_site_name":"Pal\u00e9o-Energ\u00e9tique","article_publisher":"https:\/\/www.facebook.com\/paleoenergie\/","article_modified_time":"2022-03-31T21:21:39+00:00","og_image":[{"width":1280,"height":853,"url":"https:\/\/paleo-energetique.org\/wp-content\/uploads\/2017\/02\/paleo-energetique.jpg","type":"image\/jpeg"}],"twitter_card":"summary_large_image","schema":{"@context":"https:\/\/schema.org","@graph":[{"@type":"WebPage","@id":"https:\/\/paleo-energetique.org\/ar\/%d8%aa%d9%8e%d8%a8%d9%8e%d8%b1%d9%8e%d8%b9\/proponer\/","url":"https:\/\/paleo-energetique.org\/ar\/%d8%aa%d9%8e%d8%a8%d9%8e%d8%b1%d9%8e%d8%b9\/proponer\/","name":"\u064a\u0642\u062a\u0631\u062d - Pal\u00e9o-Energ\u00e9tique","isPartOf":{"@id":"https:\/\/paleo-energetique.org\/#website"},"datePublished":"2016-06-12T19:16:45+00:00","dateModified":"2022-03-31T21:21:39+00:00","breadcrumb":{"@id":"https:\/\/paleo-energetique.org\/ar\/%d8%aa%d9%8e%d8%a8%d9%8e%d8%b1%d9%8e%d8%b9\/proponer\/#breadcrumb"},"inLanguage":"ar","potentialAction":[{"@type":"ReadAction","target":["https:\/\/paleo-energetique.org\/ar\/%d8%aa%d9%8e%d8%a8%d9%8e%d8%b1%d9%8e%d8%b9\/proponer\/"]}]},{"@type":"BreadcrumbList","@id":"https:\/\/paleo-energetique.org\/ar\/%d8%aa%d9%8e%d8%a8%d9%8e%d8%b1%d9%8e%d8%b9\/proponer\/#breadcrumb","itemListElement":[{"@type":"ListItem","position":1,"name":"Accueil","item":"https:\/\/paleo-energetique.org\/ar\/"},{"@type":"ListItem","position":2,"name":"\u0645\u0634\u0627\u0631\u0643\u0629","item":"https:\/\/paleo-energetique.org\/ar\/%d8%aa%d9%8e%d8%a8%d9%8e%d8%b1%d9%8e%d8%b9\/"},{"@type":"ListItem","position":3,"name":"\u064a\u0642\u062a\u0631\u062d"}]},{"@type":"WebSite","@id":"https:\/\/paleo-energetique.org\/#website","url":"https:\/\/paleo-energetique.org\/","name":"Pal\u00e9o-Energ\u00e9tique","description":"R\u00e9inventer l&#039;Histoire de L&#039;\u00e9nergie","potentialAction":[{"@type":"SearchAction","target":{"@type":"EntryPoint","urlTemplate":"https:\/\/paleo-energetique.org\/?s={search_term_string}"},"query-input":{"@type":"PropertyValueSpecification","valueRequired":true,"valueName":"search_term_string"}}],"inLanguage":"ar"}]}},"_links":{"self":[{"href":"https:\/\/paleo-energetique.org\/ar\/wp-json\/wp\/v2\/pages\/793","targetHints":{"allow":["GET"]}}],"collection":[{"href":"https:\/\/paleo-energetique.org\/ar\/wp-json\/wp\/v2\/pages"}],"about":[{"href":"https:\/\/paleo-energetique.org\/ar\/wp-json\/wp\/v2\/types\/page"}],"author":[{"embeddable":true,"href":"https:\/\/paleo-energetique.org\/ar\/wp-json\/wp\/v2\/users\/1"}],"replies":[{"embeddable":true,"href":"https:\/\/paleo-energetique.org\/ar\/wp-json\/wp\/v2\/comments?post=793"}],"version-history":[{"count":0,"href":"https:\/\/paleo-energetique.org\/ar\/wp-json\/wp\/v2\/pages\/793\/revisions"}],"up":[{"embeddable":true,"href":"https:\/\/paleo-energetique.org\/ar\/wp-json\/wp\/v2\/pages\/812"}],"wp:attachment":[{"href":"https:\/\/paleo-energetique.org\/ar\/wp-json\/wp\/v2\/media?parent=793"}],"curies":[{"name":"wp","href":"https:\/\/api.w.org\/{rel}","templated":true}]}}