{"id":5899,"date":"2022-03-31T21:41:23","date_gmt":"2022-03-31T21:41:23","guid":{"rendered":"https:\/\/paleo-energetique.org\/?page_id=5899"},"modified":"2022-04-01T09:55:12","modified_gmt":"2022-04-01T09:55:12","slug":"partners","status":"publish","type":"page","link":"https:\/\/paleo-energetique.org\/ar\/partners\/","title":{"rendered":"\u0634\u0631\u0643\u0627\u0621"},"content":{"rendered":"<p>&nbsp;<\/p>\n<hr \/>\n<h3 style=\"text-align: center;\"><strong>\u0625\u0646\u0647\u0645 \u064a\u062f\u0639\u0645\u0648\u0646\u0646\u0627<\/strong><span style=\"text-decoration: underline;\"><br \/>\n<\/span><\/h3>\n<hr \/>\n<p><center><\/center><center><a href=\"https:\/\/www.se.com\/ww\/fr\/\"><img decoding=\"async\" class=\"alignnone wp-image-4384 size-full\" src=\"http:\/\/paleo-energetique.org\/wp-content\/uploads\/2019\/11\/SE_Fondation_Logo_Compact_RGB_Green.png\" alt=\"\" width=\"252\" height=\"100\" \/><\/a>\u00a0 \u00a0 \u00a0 \u00a0\u00a0\u00a0<a href=\"http:\/\/paleo-energetique.org\/wp-content\/uploads\/2014\/12\/ifm.jpg\"><img decoding=\"async\" class=\"alignnone wp-image-1474\" src=\"https:\/\/paleo-energetique.org\/wp-content\/uploads\/2014\/12\/Logo-Fondation-RVB-1-1024x322.jpg\" alt=\"\" width=\"318\" height=\"100\" srcset=\"https:\/\/paleo-energetique.org\/wp-content\/uploads\/2014\/12\/Logo-Fondation-RVB-1-1024x322.jpg 1024w, https:\/\/paleo-energetique.org\/wp-content\/uploads\/2014\/12\/Logo-Fondation-RVB-1-826x260.jpg 826w, https:\/\/paleo-energetique.org\/wp-content\/uploads\/2014\/12\/Logo-Fondation-RVB-1-768x242.jpg 768w, https:\/\/paleo-energetique.org\/wp-content\/uploads\/2014\/12\/Logo-Fondation-RVB-1.jpg 1194w\" sizes=\"(max-width: 318px) 100vw, 318px\" \/><br \/>\n<\/a><\/center><center><\/center><center><a href=\"https:\/\/www.qarnot.com\/\"><img decoding=\"async\" class=\"alignnone wp-image-1240 size-full\" src=\"http:\/\/paleo-energetique.org\/wp-content\/uploads\/2014\/12\/qarnot-computing.png\" alt=\"Qarnot-Computing\" width=\"300\" height=\"99\" \/><\/a><\/center>&nbsp;<\/p>\n<hr \/>\n<p>&nbsp;<\/p>\n<h3 style=\"text-align: center;\"><strong>PALEO-ENERGETIQUE LAB<\/strong><span style=\"text-decoration: underline;\"><br \/>\n<\/span><\/h3>\n<hr \/>\n<p><a href=\"http:\/\/www.paleo-energetique.org\/wp-content\/uploads\/2014\/12\/paleo-la-pailasse.png\"> <img decoding=\"async\" class=\"aligncenter wp-image-309 size-full \" src=\" http:\/\/www.paleo-energetique.org\/wp-content\/uploads\/2014\/12\/paleo-la-pailasse.png \" alt=\" \" width=\" 608 \" height=\" 138 \" srcset=\"https:\/\/paleo-energetique.org\/wp-content\/uploads\/2014\/12\/paleo-la-pailasse.png 608w, https:\/\/paleo-energetique.org\/wp-content\/uploads\/2014\/12\/paleo-la-pailasse-600x136.png 600w\" sizes=\"(max-width: 608px) 100vw, 608px\" \/> <\/a><\/p>\n<p lang=\"fr-FR\">\u0645\u0639\u0645\u0644 Paleo-energetic \u060c \u0645\u0627 \u0647\u0648\u061f &lt;\/ p&gt;<\/p>\n<p lang=\"fr-FR\">\u0645\u0639\u0645\u0644 \u0628\u0627\u0644\u064a\u0648 \u0647\u0648 \u0627\u0644\u062c\u0632\u0621 \u0627\u0644\u062a\u062c\u0631\u064a\u0628\u064a \u0645\u0646 \u0628\u0631\u0646\u0627\u0645\u062c \u0627\u0644\u0628\u062d\u062b. \u0645\u062d\u0643\u0645\u0629 \u062d\u0642\u064a\u0642\u064a\u0629 \u0644\u0627\u0628\u062a\u0643\u0627\u0631\u0627\u062a \u0627\u0644\u0637\u0627\u0642\u0629 \u060c \u0627\u0644\u0641\u0643\u0631\u0629 \u0647\u064a \u0625\u0639\u0627\u062f\u0629 \u062a\u0642\u064a\u064a\u0645 \u0648\u0625\u0639\u0627\u062f\u0629 \u062a\u0641\u0633\u064a\u0631 \u0628\u0631\u0627\u0621\u0627\u062a \u0627\u0644\u0627\u062e\u062a\u0631\u0627\u0639 \u0627\u0644\u062a\u064a \u0648\u0642\u0639\u062a \u0641\u064a \u0627\u0644\u0645\u062c\u0627\u0644 \u0627\u0644\u0639\u0627\u0645 \u060c \u0623\u0648 \u062d\u062a\u0649 \u0627\u0644\u0646\u0638\u0631 \u0641\u064a \u062a\u062d\u062f\u064a\u062b\u0647\u0627 &#8230; \u0643\u0645\u0627 \u0647\u0648 \u0627\u0644\u062d\u0627\u0644 \u0645\u0639 \u0627\u0644\u0645\u0634\u0631\u0648\u0639 <a href=\"http: \/\/ paleo - energetique.org\/regen-box-projet-issu-de-recherche-paleo-energetique \/ \"> <strong> Regen Box <\/strong> <\/a> \u0627\u0644\u0646\u0627\u062a\u062c \u0639\u0646 \u0623\u0628\u062d\u0627\u062b \u0627\u0644\u0637\u0627\u0642\u0629 \u0627\u0644\u0642\u062f\u064a\u0645\u0629 \u0627\u0644\u062a\u064a \u0647\u064a \u0642\u064a\u062f \u0627\u0644\u062a\u0637\u0648\u064a\u0631 \u060c \u0644\u0644\u0639\u062b\u0648\u0631 \u0639\u0644\u0649 <a href=\"http:\/\/paleo-energetique.org\/regen-box-projet-issu-de-recherche-paleo-energetique\/\"> \u0647\u0646\u0627 <\/a>.<\/p>\n<p>La Paillasse \u0647\u0648 \u0639\u0628\u0627\u0631\u0629 \u0639\u0646 \u0641\u0636\u0627\u0621 \u0644\u0644\u0642\u0631\u0635\u0646\u0629 \u0627\u0644\u0628\u064a\u0648\u0644\u0648\u062c\u064a\u0629 \u060c \u0648\u0647\u0648 \u0645\u062e\u062a\u0628\u0631 \u0645\u062c\u062a\u0645\u0639\u064a \u0644\u062a\u0642\u0646\u064a\u0627\u062a \u0627\u0644\u0645\u0648\u0627\u0637\u0646\u064a\u0646 \u0648\u0627\u0644\u062a\u0642\u0646\u064a\u0627\u062a \u0627\u0644\u062d\u064a\u0648\u064a\u0629 \u060c \u0648\u0642\u062f \u0627\u0646\u062a\u0642\u0644 \u0644\u0644\u062a\u0648 \u0625\u0644\u0649 \u0645\u0628\u0646\u0649 \u062c\u062f\u064a\u062f \u0628\u0645\u0633\u0627\u062d\u0629 750 \u0645\u062a\u0631\u064b\u0627 \u0645\u0631\u0628\u0639\u064b\u0627 \u0641\u064a 226 \u0634\u0627\u0631\u0639 \u0633\u0627\u0646\u062a \u062f\u064a\u0646\u064a\u0633 \u0641\u064a \u0628\u0627\u0631\u064a\u0633. \u064a\u062a\u0623\u0644\u0641 \u0645\u062c\u062a\u0645\u0639 La Paillasse \u0645\u0646 \u0645\u062a\u062d\u0645\u0633\u064a\u0646 \u0645\u0646 \u062e\u0644\u0641\u064a\u0627\u062a \u0645\u062a\u0646\u0648\u0639\u0629 \u0644\u0644\u063a\u0627\u064a\u0629 \u064a\u0634\u0627\u0631\u0643\u0648\u0646\u0647\u0645 \u0641\u0636\u0648\u0644 \u0639\u0644\u0645 \u0627\u0644\u0623\u062d\u064a\u0627\u0621 \u0648\u0627\u0644\u062a\u0643\u0646\u0648\u0644\u0648\u062c\u064a\u0627 \u0627\u0644\u062d\u064a\u0648\u064a\u0629 \u0648\u0627\u0644\u0631\u063a\u0628\u0629 \u0641\u064a \u0627\u0644\u062a\u0639\u0644\u0645 \u0648\u0625\u0646\u0634\u0627\u0621 \u0645\u0634\u0627\u0631\u064a\u0639\u0647\u0645 \u0627\u0644\u062e\u0627\u0635\u0629 \u0645\u0639\u064b\u0627 \u062d\u0648\u0644 \u0639\u0644\u0648\u0645 \u0627\u0644\u062d\u064a\u0627\u0629 \u0645\u0646 \u062e\u0644\u0627\u0644 \u0636\u062e \u0645\u0647\u0627\u0631\u0627\u062a\u0647\u0645 \u0641\u064a\u0647\u0627. \u0634\u062e\u0635\u064a\u0629. \u0633\u0648\u0641 \u062a\u0644\u062a\u0642\u064a \u0647\u0646\u0627\u0643 \u060c \u0642\u0627\u062f\u0645\u064b\u0627 \u0645\u0646 \u062c\u0645\u064a\u0639 \u0627\u0644\u062a\u062e\u0635\u0635\u0627\u062a \u060c \u0648\u0627\u0644\u0645\u0647\u0648\u0633\u0648\u0646 \u060c \u0648\u0637\u0644\u0627\u0628 \u0627\u0644\u062f\u0643\u062a\u0648\u0631\u0627\u0647 \u060c \u0648\u0627\u0644\u0637\u0644\u0627\u0628 \u060c \u0648\u0627\u0644\u0645\u062a\u0633\u0644\u0644\u0648\u0646 \u060c \u0648\u0627\u0644\u0645\u0635\u0645\u0645\u064a\u0646 \u060c \u0648\u0627\u0644\u0641\u0646\u0627\u0646\u064a\u0646 \u060c \u0648\u0627\u0644\u0645\u0647\u0646\u062f\u0633\u064a\u0646 \u060c \u0648\u0627\u0644\u0628\u0627\u062d\u062b\u064a\u0646 \u060c \u0648\u0639\u0644\u0645\u0627\u0621 \u0627\u0644\u0627\u062c\u062a\u0645\u0627\u0639 \u060c \u0648\u0627\u0644\u0641\u0644\u0627\u0633\u0641\u0629 &#8230; \u064a\u0639\u062f \u0627\u0644\u0641\u0636\u0627\u0621 \u0627\u0644\u062d\u064a\u0648\u064a La Paillasse \u0623\u0648\u0644 \u0645\u062e\u062a\u0628\u0631 \u0623\u062d\u064a\u0627\u0621 \u062d\u062f\u064a\u062b \u0641\u064a \u0641\u0631\u0646\u0633\u0627 \u0645\u0641\u062a\u0648\u062d \u0644\u0644\u062c\u0645\u064a\u0639. \u064a\u0646\u0639\u0643\u0633 La Paillasse \u0623\u064a\u0636\u064b\u0627 \u0639\u0644\u0649 \u0627\u0644\u0628\u062d\u062b \u0627\u0644\u0645\u0641\u062a\u0648\u062d \u060c \u0647\u0630\u0627 \u0627\u0644\u0628\u062d\u062b \u0627\u0644\u0645\u0641\u062a\u0648\u062d \u0627\u0644\u0630\u064a \u064a\u064f\u0638\u0647\u0631 \u0628\u0627\u0644\u0641\u0639\u0644 \u0639\u0644\u0649 \u0633\u0628\u064a\u0644 \u0627\u0644\u0645\u062b\u0627\u0644 \u0623\u0646 \u0627\u0644\u0645\u0634\u0627\u0631\u0643\u0629 \u0648\u0627\u0644\u062a\u0639\u0627\u0648\u0646 \u0647\u0645\u0627 \u0623\u062d\u062f \u0639\u0648\u0627\u0645\u0644 \u0646\u062c\u0627\u062d \u0627\u0644\u0628\u062d\u062b.<\/p>\n<p lang=\"fr-FR\">\u0644\u0647\u0630\u0647 \u0627\u0644\u0627\u062e\u062a\u0631\u0627\u0639\u0627\u062a \u0627\u0644\u0623\u0648\u0644\u0649 \u0627\u0644\u0645\u0643\u062a\u0634\u0641\u0629 \u060c \u0628\u0645\u0627 \u0641\u064a \u0630\u0644\u0643 \u0645\u0634\u0631\u0648\u0639 \u0645\u0639 \u0627\u0644\u0628\u0643\u062a\u064a\u0631\u064a\u0627 \u060c <a href=\"http:\/\/lapaillasse.org\/\" target=\"_blank\" rel=\"noopener noreferrer\"> La Paillasse \u062a\u0631\u062d\u0628 <\/a> \u0628\u0640 <b> Pal\u00e9o-\u00e9nerg\u00e9tique Lab <\/b> \u0627\u0644\u0630\u064a \u0633\u064a\u0648\u0641\u0631 \u0644\u0645\u062c\u062a\u0645\u0639 \u0627\u0644\u0647\u0627\u0643\u0631\u0632 \u0627\u0644\u0628\u064a\u0648\u0644\u0648\u062c\u064a\u064a\u0646 \u0627\u0644\u0641\u0631\u0635\u0629 \u0644\u0648\u0636\u0639 \u0623\u064a\u062f\u064a\u0647\u0645 \u0639\u0644\u0649 \u0627\u0644\u0628\u0643\u062a\u064a\u0631\u064a\u0627. &lt;\/ p&gt;<\/p>\n<hr \/>\n<h3 lang=\"fr-FR\" style=\"text-align: center;\"><strong>PALEO-ENERGETIQUE ECOSYSTEME<\/strong><\/h3>\n<hr \/>\n<p lang=\"fr-FR\" style=\"text-align: center;\"><a href=\"http:\/\/paleo-energetique.org\/wp-content\/uploads\/2014\/12\/ecosysteme-paleo-copie2.jpg\"><img loading=\"lazy\" decoding=\"async\" class=\"alignnone wp-image-1079 size-full\" src=\"http:\/\/paleo-energetique.org\/wp-content\/uploads\/2014\/12\/ecosysteme-paleo-copie2.jpg\" alt=\"ecosysteme-paleo-copie2\" width=\"2500\" height=\"1641\" srcset=\"https:\/\/paleo-energetique.org\/wp-content\/uploads\/2014\/12\/ecosysteme-paleo-copie2.jpg 2500w, https:\/\/paleo-energetique.org\/wp-content\/uploads\/2014\/12\/ecosysteme-paleo-copie2-396x260.jpg 396w, https:\/\/paleo-energetique.org\/wp-content\/uploads\/2014\/12\/ecosysteme-paleo-copie2-768x504.jpg 768w, https:\/\/paleo-energetique.org\/wp-content\/uploads\/2014\/12\/ecosysteme-paleo-copie2-1024x672.jpg 1024w, https:\/\/paleo-energetique.org\/wp-content\/uploads\/2014\/12\/ecosysteme-paleo-copie2-600x394.jpg 600w\" sizes=\"(max-width: 2500px) 100vw, 2500px\" \/><\/a><\/p>\n<div id=\"attachment_1636\" style=\"width: 510px\" class=\"wp-caption aligncenter\"><img loading=\"lazy\" decoding=\"async\" aria-describedby=\"caption-attachment-1636\" class=\"wp-image-1636 size-full\" src=\"https:\/\/paleo-energetique.org\/wp-content\/uploads\/2017\/08\/Logo-Mondo-Agit.png\" alt=\"\" width=\"500\" height=\"300\" srcset=\"https:\/\/paleo-energetique.org\/wp-content\/uploads\/2017\/08\/Logo-Mondo-Agit.png 500w, https:\/\/paleo-energetique.org\/wp-content\/uploads\/2017\/08\/Logo-Mondo-Agit-433x260.png 433w\" sizes=\"(max-width: 500px) 100vw, 500px\" \/><p id=\"caption-attachment-1636\" class=\"wp-caption-text\">\u00dcbersetzung ins Deutsche im Rahmen der PerMondo Initiative f\u00fcr ehrenamtliche \u00dcbersetzung von Dokumenten und Webseiten f\u00fcr NGOs und nicht profitorientierte Vereine.<br \/>Translation into German within the framework of the PerMondo Initiative for the voluntary translation of documents and websites for NGOs and non-professional associations.<\/p><\/div>\n<p lang=\"fr-FR\" style=\"text-align: center;\">\n","protected":false},"excerpt":{"rendered":"<p>&nbsp; \u0625\u0646\u0647\u0645 \u064a\u062f\u0639\u0645\u0648\u0646\u0646\u0627 \u00a0 \u00a0 \u00a0 \u00a0\u00a0\u00a0 &nbsp; &nbsp; PALEO-ENERGETIQUE LAB \u0645\u0639\u0645\u0644 Paleo-energetic \u060c \u0645\u0627 \u0647\u0648\u061f &lt;\/ p&gt; \u0645\u0639\u0645\u0644 \u0628\u0627\u0644\u064a\u0648 \u0647\u0648 \u0627\u0644\u062c\u0632\u0621 \u0627\u0644\u062a\u062c\u0631\u064a\u0628\u064a \u0645\u0646 \u0628\u0631\u0646\u0627\u0645\u062c \u0627\u0644\u0628\u062d\u062b. \u0645\u062d\u0643\u0645\u0629 \u062d\u0642\u064a\u0642\u064a\u0629 \u0644\u0627\u0628\u062a\u0643\u0627\u0631\u0627\u062a \u0627\u0644\u0637\u0627\u0642\u0629 \u060c \u0627\u0644\u0641\u0643\u0631\u0629 \u0647\u064a \u0625\u0639\u0627\u062f\u0629 \u062a\u0642\u064a\u064a\u0645 \u0648\u0625\u0639\u0627\u062f\u0629 \u062a\u0641\u0633\u064a\u0631 \u0628\u0631\u0627\u0621\u0627\u062a \u0627\u0644\u0627\u062e\u062a\u0631\u0627\u0639 \u0627\u0644\u062a\u064a \u0648\u0642\u0639\u062a \u0641\u064a \u0627\u0644\u0645\u062c\u0627\u0644 \u0627\u0644\u0639\u0627\u0645 \u060c [&hellip;]<\/p>\n","protected":false},"author":2,"featured_media":0,"parent":0,"menu_order":0,"comment_status":"closed","ping_status":"open","template":"","meta":{"_acf_changed":false,"footnotes":""},"tags":[],"class_list":["post-5899","page","type-page","status-publish","hentry"],"acf":[],"yoast_head":"<!-- This site is optimized with the Yoast SEO plugin v26.0 - https:\/\/yoast.com\/wordpress\/plugins\/seo\/ -->\n<title>\u0634\u0631\u0643\u0627\u0621 - Pal\u00e9o-Energ\u00e9tique<\/title>\n<meta name=\"robots\" content=\"index, follow, max-snippet:-1, max-image-preview:large, max-video-preview:-1\" \/>\n<link rel=\"canonical\" href=\"https:\/\/paleo-energetique.org\/ar\/partners\/\" \/>\n<meta property=\"og:locale\" content=\"ar_AR\" \/>\n<meta property=\"og:type\" content=\"article\" \/>\n<meta property=\"og:title\" content=\"\u0634\u0631\u0643\u0627\u0621 - Pal\u00e9o-Energ\u00e9tique\" \/>\n<meta property=\"og:description\" content=\"&nbsp; \u0625\u0646\u0647\u0645 \u064a\u062f\u0639\u0645\u0648\u0646\u0646\u0627 \u00a0 \u00a0 \u00a0 \u00a0\u00a0\u00a0 &nbsp; &nbsp; PALEO-ENERGETIQUE LAB \u0645\u0639\u0645\u0644 Paleo-energetic \u060c \u0645\u0627 \u0647\u0648\u061f &lt;\/ p&gt; \u0645\u0639\u0645\u0644 \u0628\u0627\u0644\u064a\u0648 \u0647\u0648 \u0627\u0644\u062c\u0632\u0621 \u0627\u0644\u062a\u062c\u0631\u064a\u0628\u064a \u0645\u0646 \u0628\u0631\u0646\u0627\u0645\u062c \u0627\u0644\u0628\u062d\u062b. \u0645\u062d\u0643\u0645\u0629 \u062d\u0642\u064a\u0642\u064a\u0629 \u0644\u0627\u0628\u062a\u0643\u0627\u0631\u0627\u062a \u0627\u0644\u0637\u0627\u0642\u0629 \u060c \u0627\u0644\u0641\u0643\u0631\u0629 \u0647\u064a \u0625\u0639\u0627\u062f\u0629 \u062a\u0642\u064a\u064a\u0645 \u0648\u0625\u0639\u0627\u062f\u0629 \u062a\u0641\u0633\u064a\u0631 \u0628\u0631\u0627\u0621\u0627\u062a \u0627\u0644\u0627\u062e\u062a\u0631\u0627\u0639 \u0627\u0644\u062a\u064a \u0648\u0642\u0639\u062a \u0641\u064a \u0627\u0644\u0645\u062c\u0627\u0644 \u0627\u0644\u0639\u0627\u0645 \u060c [&hellip;]\" \/>\n<meta property=\"og:url\" content=\"https:\/\/paleo-energetique.org\/ar\/partners\/\" \/>\n<meta property=\"og:site_name\" content=\"Pal\u00e9o-Energ\u00e9tique\" \/>\n<meta property=\"article:publisher\" content=\"https:\/\/www.facebook.com\/paleoenergie\/\" \/>\n<meta property=\"article:modified_time\" content=\"2022-04-01T09:55:12+00:00\" \/>\n<meta property=\"og:image\" content=\"http:\/\/paleo-energetique.org\/wp-content\/uploads\/2019\/11\/SE_Fondation_Logo_Compact_RGB_Green.png\" \/>\n<meta name=\"twitter:card\" content=\"summary_large_image\" \/>\n<script type=\"application\/ld+json\" class=\"yoast-schema-graph\">{\"@context\":\"https:\/\/schema.org\",\"@graph\":[{\"@type\":\"WebPage\",\"@id\":\"https:\/\/paleo-energetique.org\/ar\/partners\/\",\"url\":\"https:\/\/paleo-energetique.org\/ar\/partners\/\",\"name\":\"\u0634\u0631\u0643\u0627\u0621 - Pal\u00e9o-Energ\u00e9tique\",\"isPartOf\":{\"@id\":\"https:\/\/paleo-energetique.org\/#website\"},\"primaryImageOfPage\":{\"@id\":\"https:\/\/paleo-energetique.org\/ar\/partners\/#primaryimage\"},\"image\":{\"@id\":\"https:\/\/paleo-energetique.org\/ar\/partners\/#primaryimage\"},\"thumbnailUrl\":\"http:\/\/paleo-energetique.org\/wp-content\/uploads\/2019\/11\/SE_Fondation_Logo_Compact_RGB_Green.png\",\"datePublished\":\"2022-03-31T21:41:23+00:00\",\"dateModified\":\"2022-04-01T09:55:12+00:00\",\"breadcrumb\":{\"@id\":\"https:\/\/paleo-energetique.org\/ar\/partners\/#breadcrumb\"},\"inLanguage\":\"ar\",\"potentialAction\":[{\"@type\":\"ReadAction\",\"target\":[\"https:\/\/paleo-energetique.org\/ar\/partners\/\"]}]},{\"@type\":\"ImageObject\",\"inLanguage\":\"ar\",\"@id\":\"https:\/\/paleo-energetique.org\/ar\/partners\/#primaryimage\",\"url\":\"http:\/\/paleo-energetique.org\/wp-content\/uploads\/2019\/11\/SE_Fondation_Logo_Compact_RGB_Green.png\",\"contentUrl\":\"http:\/\/paleo-energetique.org\/wp-content\/uploads\/2019\/11\/SE_Fondation_Logo_Compact_RGB_Green.png\"},{\"@type\":\"BreadcrumbList\",\"@id\":\"https:\/\/paleo-energetique.org\/ar\/partners\/#breadcrumb\",\"itemListElement\":[{\"@type\":\"ListItem\",\"position\":1,\"name\":\"Accueil\",\"item\":\"https:\/\/paleo-energetique.org\/ar\/\"},{\"@type\":\"ListItem\",\"position\":2,\"name\":\"\u0634\u0631\u0643\u0627\u0621\"}]},{\"@type\":\"WebSite\",\"@id\":\"https:\/\/paleo-energetique.org\/#website\",\"url\":\"https:\/\/paleo-energetique.org\/\",\"name\":\"Pal\u00e9o-Energ\u00e9tique\",\"description\":\"R\u00e9inventer l&#039;Histoire de L&#039;\u00e9nergie\",\"potentialAction\":[{\"@type\":\"SearchAction\",\"target\":{\"@type\":\"EntryPoint\",\"urlTemplate\":\"https:\/\/paleo-energetique.org\/?s={search_term_string}\"},\"query-input\":{\"@type\":\"PropertyValueSpecification\",\"valueRequired\":true,\"valueName\":\"search_term_string\"}}],\"inLanguage\":\"ar\"}]}<\/script>\n<!-- \/ Yoast SEO plugin. -->","yoast_head_json":{"title":"\u0634\u0631\u0643\u0627\u0621 - Pal\u00e9o-Energ\u00e9tique","robots":{"index":"index","follow":"follow","max-snippet":"max-snippet:-1","max-image-preview":"max-image-preview:large","max-video-preview":"max-video-preview:-1"},"canonical":"https:\/\/paleo-energetique.org\/ar\/partners\/","og_locale":"ar_AR","og_type":"article","og_title":"\u0634\u0631\u0643\u0627\u0621 - Pal\u00e9o-Energ\u00e9tique","og_description":"&nbsp; \u0625\u0646\u0647\u0645 \u064a\u062f\u0639\u0645\u0648\u0646\u0646\u0627 \u00a0 \u00a0 \u00a0 \u00a0\u00a0\u00a0 &nbsp; &nbsp; PALEO-ENERGETIQUE LAB \u0645\u0639\u0645\u0644 Paleo-energetic \u060c \u0645\u0627 \u0647\u0648\u061f &lt;\/ p&gt; \u0645\u0639\u0645\u0644 \u0628\u0627\u0644\u064a\u0648 \u0647\u0648 \u0627\u0644\u062c\u0632\u0621 \u0627\u0644\u062a\u062c\u0631\u064a\u0628\u064a \u0645\u0646 \u0628\u0631\u0646\u0627\u0645\u062c \u0627\u0644\u0628\u062d\u062b. \u0645\u062d\u0643\u0645\u0629 \u062d\u0642\u064a\u0642\u064a\u0629 \u0644\u0627\u0628\u062a\u0643\u0627\u0631\u0627\u062a \u0627\u0644\u0637\u0627\u0642\u0629 \u060c \u0627\u0644\u0641\u0643\u0631\u0629 \u0647\u064a \u0625\u0639\u0627\u062f\u0629 \u062a\u0642\u064a\u064a\u0645 \u0648\u0625\u0639\u0627\u062f\u0629 \u062a\u0641\u0633\u064a\u0631 \u0628\u0631\u0627\u0621\u0627\u062a \u0627\u0644\u0627\u062e\u062a\u0631\u0627\u0639 \u0627\u0644\u062a\u064a \u0648\u0642\u0639\u062a \u0641\u064a \u0627\u0644\u0645\u062c\u0627\u0644 \u0627\u0644\u0639\u0627\u0645 \u060c [&hellip;]","og_url":"https:\/\/paleo-energetique.org\/ar\/partners\/","og_site_name":"Pal\u00e9o-Energ\u00e9tique","article_publisher":"https:\/\/www.facebook.com\/paleoenergie\/","article_modified_time":"2022-04-01T09:55:12+00:00","og_image":[{"url":"http:\/\/paleo-energetique.org\/wp-content\/uploads\/2019\/11\/SE_Fondation_Logo_Compact_RGB_Green.png","type":"","width":"","height":""}],"twitter_card":"summary_large_image","schema":{"@context":"https:\/\/schema.org","@graph":[{"@type":"WebPage","@id":"https:\/\/paleo-energetique.org\/ar\/partners\/","url":"https:\/\/paleo-energetique.org\/ar\/partners\/","name":"\u0634\u0631\u0643\u0627\u0621 - Pal\u00e9o-Energ\u00e9tique","isPartOf":{"@id":"https:\/\/paleo-energetique.org\/#website"},"primaryImageOfPage":{"@id":"https:\/\/paleo-energetique.org\/ar\/partners\/#primaryimage"},"image":{"@id":"https:\/\/paleo-energetique.org\/ar\/partners\/#primaryimage"},"thumbnailUrl":"http:\/\/paleo-energetique.org\/wp-content\/uploads\/2019\/11\/SE_Fondation_Logo_Compact_RGB_Green.png","datePublished":"2022-03-31T21:41:23+00:00","dateModified":"2022-04-01T09:55:12+00:00","breadcrumb":{"@id":"https:\/\/paleo-energetique.org\/ar\/partners\/#breadcrumb"},"inLanguage":"ar","potentialAction":[{"@type":"ReadAction","target":["https:\/\/paleo-energetique.org\/ar\/partners\/"]}]},{"@type":"ImageObject","inLanguage":"ar","@id":"https:\/\/paleo-energetique.org\/ar\/partners\/#primaryimage","url":"http:\/\/paleo-energetique.org\/wp-content\/uploads\/2019\/11\/SE_Fondation_Logo_Compact_RGB_Green.png","contentUrl":"http:\/\/paleo-energetique.org\/wp-content\/uploads\/2019\/11\/SE_Fondation_Logo_Compact_RGB_Green.png"},{"@type":"BreadcrumbList","@id":"https:\/\/paleo-energetique.org\/ar\/partners\/#breadcrumb","itemListElement":[{"@type":"ListItem","position":1,"name":"Accueil","item":"https:\/\/paleo-energetique.org\/ar\/"},{"@type":"ListItem","position":2,"name":"\u0634\u0631\u0643\u0627\u0621"}]},{"@type":"WebSite","@id":"https:\/\/paleo-energetique.org\/#website","url":"https:\/\/paleo-energetique.org\/","name":"Pal\u00e9o-Energ\u00e9tique","description":"R\u00e9inventer l&#039;Histoire de L&#039;\u00e9nergie","potentialAction":[{"@type":"SearchAction","target":{"@type":"EntryPoint","urlTemplate":"https:\/\/paleo-energetique.org\/?s={search_term_string}"},"query-input":{"@type":"PropertyValueSpecification","valueRequired":true,"valueName":"search_term_string"}}],"inLanguage":"ar"}]}},"_links":{"self":[{"href":"https:\/\/paleo-energetique.org\/ar\/wp-json\/wp\/v2\/pages\/5899","targetHints":{"allow":["GET"]}}],"collection":[{"href":"https:\/\/paleo-energetique.org\/ar\/wp-json\/wp\/v2\/pages"}],"about":[{"href":"https:\/\/paleo-energetique.org\/ar\/wp-json\/wp\/v2\/types\/page"}],"author":[{"embeddable":true,"href":"https:\/\/paleo-energetique.org\/ar\/wp-json\/wp\/v2\/users\/2"}],"replies":[{"embeddable":true,"href":"https:\/\/paleo-energetique.org\/ar\/wp-json\/wp\/v2\/comments?post=5899"}],"version-history":[{"count":0,"href":"https:\/\/paleo-energetique.org\/ar\/wp-json\/wp\/v2\/pages\/5899\/revisions"}],"wp:attachment":[{"href":"https:\/\/paleo-energetique.org\/ar\/wp-json\/wp\/v2\/media?parent=5899"}],"wp:term":[{"taxonomy":"post_tag","embeddable":true,"href":"https:\/\/paleo-energetique.org\/ar\/wp-json\/wp\/v2\/tags?post=5899"}],"curies":[{"name":"wp","href":"https:\/\/api.w.org\/{rel}","templated":true}]}}