{"id":5840,"date":"2022-03-31T20:49:30","date_gmt":"2022-03-31T20:49:30","guid":{"rendered":"https:\/\/paleo-energetique.org\/?page_id=5840"},"modified":"2022-03-31T20:49:30","modified_gmt":"2022-03-31T20:49:30","slug":"%d8%b7%d9%82%d9%85-%d8%a7%d9%84%d9%85%d8%af%d9%8a%d9%86%d8%a9","status":"publish","type":"page","link":"https:\/\/paleo-energetique.org\/ar\/%d9%85%d8%b9%d8%a7%d8%b1%d8%b6\/%d8%b7%d9%82%d9%85-%d8%a7%d9%84%d9%85%d8%af%d9%8a%d9%86%d8%a9\/","title":{"rendered":"\u0637\u0642\u0645 \u0627\u0644\u0645\u062f\u064a\u0646\u0629"},"content":{"rendered":"<h2 style=\"text-align: center;\">\u0637\u0642\u0645 \u0627\u0644\u0645\u062f\u064a\u0646\u0629<\/h2>\n<p style=\"text-align: center;\">\u0646\u062d\u0646 \u0646\u0639\u0645\u0644 \u0645\u0639 \u0627\u0644\u0645\u062f\u0646 \u0648\u0627\u0644\u0645\u062f\u0627\u0631\u0633 \u0648\u0627\u0644\u0645\u062c\u062a\u0645\u0639\u0627\u062a \u0645\u0646 \u062e\u0644\u0627\u0644 \u062a\u0646\u0638\u064a\u0645 \u0627\u0644\u0623\u062d\u062f\u0627\u062b \u0648\u062a\u0634\u062c\u064a\u0639 \u0623\u0628\u062d\u0627\u062b \u0627\u0644\u0637\u0627\u0642\u0629 \u0644\u062a\u062d\u062f\u064a\u062f\u0647\u0627 \u0648\u062a\u0642\u0648\u064a\u062a\u0647\u0627 \u0648\u062a\u0646\u0634\u064a\u0637\u0647\u0627. \u0646\u062d\u0646 \u0646\u062f\u0639\u0648 \u0625\u0644\u0649 \u0627\u0644\u062a\u0627\u0631\u064a\u062e \u0648\u0627\u0644\u0625\u0628\u062f\u0627\u0639 \u0627\u0644\u062c\u0645\u0627\u0639\u064a: \u0647\u062f\u0641\u0646\u0627 \u0647\u0648 \u0627\u0633\u062a\u0643\u0634\u0627\u0641 \u0627\u0644\u0645\u0627\u0636\u064a \u0644\u062a\u062e\u064a\u0644 \u0627\u0644\u0645\u0633\u062a\u0642\u0628\u0644 \u060c \u0648\u062a\u0637\u0648\u064a\u0631 \u0627\u0644\u0633\u064a\u0646\u0627\u0631\u064a\u0648\u0647\u0627\u062a \u0648\u0625\u0638\u0647\u0627\u0631 \u0623\u0646 \u0627\u0644\u0637\u0627\u0642\u0629 \u0647\u064a \u0642\u0636\u064a\u0629 \u0642\u062f\u064a\u0645\u0629 \u0644\u0643\u0644 \u0645\u0646 \u0627\u0644\u0633\u0643\u0627\u0646 \u0648\u0627\u0644\u0645\u062e\u062a\u0631\u0639\u064a\u0646.<\/p>\n<p style=\"text-align: center;\"><a class=\"myButton\" href=\"https:\/\/paleo-energetique.org\/Kit-pour-les-communes.pdf\" target=\"_blank\" rel=\"noopener\">\u062a\u062d\u0645\u064a\u0644<\/a><\/p>\n<p style=\"text-align: center;\"><div style=\"display:block\">\n<!-- FlowPaper PDF flipbook plugin v.2.0.6 wordpress.org\/plugins\/flowpaper\/ -->\n<iframe title=\"FlowPaper flipbook pdf viewer\" width=\"100%\" height=\"500\" scrolling=\"no\" class=\"flowpaper-class\" frameborder=\"0\" allowFullScreen=\"true\" lightbox=\"false\" cover id src = \"https:\/\/flowpaper.com\/flipbook\/?pdf=https:\/\/paleo-energetique.org\/Kit-pour-les-communes.pdf&title=&header=&theme=&singlepage=&thumbs=1&modified=220331849\" seamless=\"seamless\" style=\"margin-bottom:0;display:block;\">Your browser does not seem to support iframes. <a href=\"https:\/\/flowpaper.com\/flipbook\/?pdf=https:\/\/paleo-energetique.org\/Kit-pour-les-communes.pdf\" target=\"_blank\">Click here to read this PDF<\/a>.<\/iframe>\n<div id=\"flowpaper-logo-bottom\" class=\"flowpaper-logo-bg\" style=\"background:linear-gradient(to right, rgba(0,0,0,0.65) 0%,rgba(0,0,0,0) 200px);width:100%;height:19px; padding-bottom: 1px; padding-left: 5px; padding-right: 10px; display: flex; align-items: center;z-index:9999\"><span style=\"height: 37px; padding-left: 6px;width:90%\"> <a id=\"flowpaper-link\" style=\"fill: #fff\" alt=\"FlowPaper logotype\" title=\"FlowPaper logotype\" href=\"https:\/\/flowpaper.com\" target=\"_blank\"> <img decoding=\"async\" alt=\"Publish PDF flipbooks online\" style=\"height:17px;width:auto;margin-top:11px;\" src=\"https:\/\/paleo-energetique.org\/wp-content\/plugins\/flowpaper-lite-pdf-flipbook\/assets\/flowpaper-logo.png\" border=\"0\"> <\/a> <\/span><span style=\" float: right; right: 0; font-size: 10px; white-space: nowrap; opacity:0.8\"><a href=\"https:\/\/flowpaper.com\/flipbook-maker\/\" target=\"_new\" style=\"text-decoration:none;border-bottom:none;\">Created using FlowPaper Flipbook Maker &#8599;<\/a><\/span><\/div><\/div>\r\n                <script>\r\n                document.addEventListener(\"DOMContentLoaded\", function(){\r\n                    var target_element, iframe_element;\r\n                    iframe_element = document.querySelector(\"iframe.flowpaper-class\");\r\n                    target_element = document.querySelector(\"\");\r\n                    iframe_element.style.height = target_element.offsetHeight + \"px\";\r\n                });\r\n                <\/script>\r\n            <\/p>\n","protected":false},"excerpt":{"rendered":"<p>\u0637\u0642\u0645 \u0627\u0644\u0645\u062f\u064a\u0646\u0629 \u0646\u062d\u0646 \u0646\u0639\u0645\u0644 \u0645\u0639 \u0627\u0644\u0645\u062f\u0646 \u0648\u0627\u0644\u0645\u062f\u0627\u0631\u0633 \u0648\u0627\u0644\u0645\u062c\u062a\u0645\u0639\u0627\u062a \u0645\u0646 \u062e\u0644\u0627\u0644 \u062a\u0646\u0638\u064a\u0645 \u0627\u0644\u0623\u062d\u062f\u0627\u062b \u0648\u062a\u0634\u062c\u064a\u0639 \u0623\u0628\u062d\u0627\u062b \u0627\u0644\u0637\u0627\u0642\u0629 \u0644\u062a\u062d\u062f\u064a\u062f\u0647\u0627 \u0648\u062a\u0642\u0648\u064a\u062a\u0647\u0627 \u0648\u062a\u0646\u0634\u064a\u0637\u0647\u0627. \u0646\u062d\u0646 \u0646\u062f\u0639\u0648 \u0625\u0644\u0649 \u0627\u0644\u062a\u0627\u0631\u064a\u062e \u0648\u0627\u0644\u0625\u0628\u062f\u0627\u0639 \u0627\u0644\u062c\u0645\u0627\u0639\u064a: \u0647\u062f\u0641\u0646\u0627 \u0647\u0648 \u0627\u0633\u062a\u0643\u0634\u0627\u0641 \u0627\u0644\u0645\u0627\u0636\u064a \u0644\u062a\u062e\u064a\u0644 \u0627\u0644\u0645\u0633\u062a\u0642\u0628\u0644 \u060c \u0648\u062a\u0637\u0648\u064a\u0631 \u0627\u0644\u0633\u064a\u0646\u0627\u0631\u064a\u0648\u0647\u0627\u062a \u0648\u0625\u0638\u0647\u0627\u0631 \u0623\u0646 \u0627\u0644\u0637\u0627\u0642\u0629 \u0647\u064a \u0642\u0636\u064a\u0629 \u0642\u062f\u064a\u0645\u0629 \u0644\u0643\u0644 \u0645\u0646 \u0627\u0644\u0633\u0643\u0627\u0646 \u0648\u0627\u0644\u0645\u062e\u062a\u0631\u0639\u064a\u0646. \u062a\u062d\u0645\u064a\u0644<\/p>\n","protected":false},"author":2,"featured_media":0,"parent":787,"menu_order":0,"comment_status":"closed","ping_status":"closed","template":"","meta":{"_acf_changed":false,"footnotes":""},"tags":[],"class_list":["post-5840","page","type-page","status-publish","hentry"],"acf":[],"yoast_head":"<!-- This site is optimized with the Yoast SEO plugin v26.0 - https:\/\/yoast.com\/wordpress\/plugins\/seo\/ -->\n<title>\u0637\u0642\u0645 \u0627\u0644\u0645\u062f\u064a\u0646\u0629 - Pal\u00e9o-Energ\u00e9tique<\/title>\n<meta name=\"robots\" content=\"index, follow, max-snippet:-1, max-image-preview:large, max-video-preview:-1\" \/>\n<link rel=\"canonical\" href=\"https:\/\/paleo-energetique.org\/ar\/\u0645\u0639\u0627\u0631\u0636\/\u0637\u0642\u0645-\u0627\u0644\u0645\u062f\u064a\u0646\u0629\/\" \/>\n<meta property=\"og:locale\" content=\"ar_AR\" \/>\n<meta property=\"og:type\" content=\"article\" \/>\n<meta property=\"og:title\" content=\"\u0637\u0642\u0645 \u0627\u0644\u0645\u062f\u064a\u0646\u0629 - Pal\u00e9o-Energ\u00e9tique\" \/>\n<meta property=\"og:description\" content=\"\u0637\u0642\u0645 \u0627\u0644\u0645\u062f\u064a\u0646\u0629 \u0646\u062d\u0646 \u0646\u0639\u0645\u0644 \u0645\u0639 \u0627\u0644\u0645\u062f\u0646 \u0648\u0627\u0644\u0645\u062f\u0627\u0631\u0633 \u0648\u0627\u0644\u0645\u062c\u062a\u0645\u0639\u0627\u062a \u0645\u0646 \u062e\u0644\u0627\u0644 \u062a\u0646\u0638\u064a\u0645 \u0627\u0644\u0623\u062d\u062f\u0627\u062b \u0648\u062a\u0634\u062c\u064a\u0639 \u0623\u0628\u062d\u0627\u062b \u0627\u0644\u0637\u0627\u0642\u0629 \u0644\u062a\u062d\u062f\u064a\u062f\u0647\u0627 \u0648\u062a\u0642\u0648\u064a\u062a\u0647\u0627 \u0648\u062a\u0646\u0634\u064a\u0637\u0647\u0627. \u0646\u062d\u0646 \u0646\u062f\u0639\u0648 \u0625\u0644\u0649 \u0627\u0644\u062a\u0627\u0631\u064a\u062e \u0648\u0627\u0644\u0625\u0628\u062f\u0627\u0639 \u0627\u0644\u062c\u0645\u0627\u0639\u064a: \u0647\u062f\u0641\u0646\u0627 \u0647\u0648 \u0627\u0633\u062a\u0643\u0634\u0627\u0641 \u0627\u0644\u0645\u0627\u0636\u064a \u0644\u062a\u062e\u064a\u0644 \u0627\u0644\u0645\u0633\u062a\u0642\u0628\u0644 \u060c \u0648\u062a\u0637\u0648\u064a\u0631 \u0627\u0644\u0633\u064a\u0646\u0627\u0631\u064a\u0648\u0647\u0627\u062a \u0648\u0625\u0638\u0647\u0627\u0631 \u0623\u0646 \u0627\u0644\u0637\u0627\u0642\u0629 \u0647\u064a \u0642\u0636\u064a\u0629 \u0642\u062f\u064a\u0645\u0629 \u0644\u0643\u0644 \u0645\u0646 \u0627\u0644\u0633\u0643\u0627\u0646 \u0648\u0627\u0644\u0645\u062e\u062a\u0631\u0639\u064a\u0646. \u062a\u062d\u0645\u064a\u0644\" \/>\n<meta property=\"og:url\" content=\"https:\/\/paleo-energetique.org\/ar\/\u0645\u0639\u0627\u0631\u0636\/\u0637\u0642\u0645-\u0627\u0644\u0645\u062f\u064a\u0646\u0629\/\" \/>\n<meta property=\"og:site_name\" content=\"Pal\u00e9o-Energ\u00e9tique\" \/>\n<meta property=\"article:publisher\" content=\"https:\/\/www.facebook.com\/paleoenergie\/\" \/>\n<meta property=\"og:image\" content=\"https:\/\/paleo-energetique.org\/wp-content\/uploads\/2017\/02\/paleo-energetique.jpg\" \/>\n\t<meta property=\"og:image:width\" content=\"1280\" \/>\n\t<meta property=\"og:image:height\" content=\"853\" \/>\n\t<meta property=\"og:image:type\" content=\"image\/jpeg\" \/>\n<meta name=\"twitter:card\" content=\"summary_large_image\" \/>\n<script type=\"application\/ld+json\" class=\"yoast-schema-graph\">{\"@context\":\"https:\/\/schema.org\",\"@graph\":[{\"@type\":\"WebPage\",\"@id\":\"https:\/\/paleo-energetique.org\/ar\/%d9%85%d8%b9%d8%a7%d8%b1%d8%b6\/%d8%b7%d9%82%d9%85-%d8%a7%d9%84%d9%85%d8%af%d9%8a%d9%86%d8%a9\/\",\"url\":\"https:\/\/paleo-energetique.org\/ar\/%d9%85%d8%b9%d8%a7%d8%b1%d8%b6\/%d8%b7%d9%82%d9%85-%d8%a7%d9%84%d9%85%d8%af%d9%8a%d9%86%d8%a9\/\",\"name\":\"\u0637\u0642\u0645 \u0627\u0644\u0645\u062f\u064a\u0646\u0629 - Pal\u00e9o-Energ\u00e9tique\",\"isPartOf\":{\"@id\":\"https:\/\/paleo-energetique.org\/#website\"},\"datePublished\":\"2022-03-31T20:49:30+00:00\",\"breadcrumb\":{\"@id\":\"https:\/\/paleo-energetique.org\/ar\/%d9%85%d8%b9%d8%a7%d8%b1%d8%b6\/%d8%b7%d9%82%d9%85-%d8%a7%d9%84%d9%85%d8%af%d9%8a%d9%86%d8%a9\/#breadcrumb\"},\"inLanguage\":\"ar\",\"potentialAction\":[{\"@type\":\"ReadAction\",\"target\":[\"https:\/\/paleo-energetique.org\/ar\/%d9%85%d8%b9%d8%a7%d8%b1%d8%b6\/%d8%b7%d9%82%d9%85-%d8%a7%d9%84%d9%85%d8%af%d9%8a%d9%86%d8%a9\/\"]}]},{\"@type\":\"BreadcrumbList\",\"@id\":\"https:\/\/paleo-energetique.org\/ar\/%d9%85%d8%b9%d8%a7%d8%b1%d8%b6\/%d8%b7%d9%82%d9%85-%d8%a7%d9%84%d9%85%d8%af%d9%8a%d9%86%d8%a9\/#breadcrumb\",\"itemListElement\":[{\"@type\":\"ListItem\",\"position\":1,\"name\":\"Accueil\",\"item\":\"https:\/\/paleo-energetique.org\/ar\/\"},{\"@type\":\"ListItem\",\"position\":2,\"name\":\"\u0645\u0639\u0627\u0631\u0636\",\"item\":\"https:\/\/paleo-energetique.org\/ar\/%d9%85%d8%b9%d8%a7%d8%b1%d8%b6\/\"},{\"@type\":\"ListItem\",\"position\":3,\"name\":\"\u0637\u0642\u0645 \u0627\u0644\u0645\u062f\u064a\u0646\u0629\"}]},{\"@type\":\"WebSite\",\"@id\":\"https:\/\/paleo-energetique.org\/#website\",\"url\":\"https:\/\/paleo-energetique.org\/\",\"name\":\"Pal\u00e9o-Energ\u00e9tique\",\"description\":\"R\u00e9inventer l&#039;Histoire de L&#039;\u00e9nergie\",\"potentialAction\":[{\"@type\":\"SearchAction\",\"target\":{\"@type\":\"EntryPoint\",\"urlTemplate\":\"https:\/\/paleo-energetique.org\/?s={search_term_string}\"},\"query-input\":{\"@type\":\"PropertyValueSpecification\",\"valueRequired\":true,\"valueName\":\"search_term_string\"}}],\"inLanguage\":\"ar\"}]}<\/script>\n<!-- \/ Yoast SEO plugin. -->","yoast_head_json":{"title":"\u0637\u0642\u0645 \u0627\u0644\u0645\u062f\u064a\u0646\u0629 - Pal\u00e9o-Energ\u00e9tique","robots":{"index":"index","follow":"follow","max-snippet":"max-snippet:-1","max-image-preview":"max-image-preview:large","max-video-preview":"max-video-preview:-1"},"canonical":"https:\/\/paleo-energetique.org\/ar\/\u0645\u0639\u0627\u0631\u0636\/\u0637\u0642\u0645-\u0627\u0644\u0645\u062f\u064a\u0646\u0629\/","og_locale":"ar_AR","og_type":"article","og_title":"\u0637\u0642\u0645 \u0627\u0644\u0645\u062f\u064a\u0646\u0629 - Pal\u00e9o-Energ\u00e9tique","og_description":"\u0637\u0642\u0645 \u0627\u0644\u0645\u062f\u064a\u0646\u0629 \u0646\u062d\u0646 \u0646\u0639\u0645\u0644 \u0645\u0639 \u0627\u0644\u0645\u062f\u0646 \u0648\u0627\u0644\u0645\u062f\u0627\u0631\u0633 \u0648\u0627\u0644\u0645\u062c\u062a\u0645\u0639\u0627\u062a \u0645\u0646 \u062e\u0644\u0627\u0644 \u062a\u0646\u0638\u064a\u0645 \u0627\u0644\u0623\u062d\u062f\u0627\u062b \u0648\u062a\u0634\u062c\u064a\u0639 \u0623\u0628\u062d\u0627\u062b \u0627\u0644\u0637\u0627\u0642\u0629 \u0644\u062a\u062d\u062f\u064a\u062f\u0647\u0627 \u0648\u062a\u0642\u0648\u064a\u062a\u0647\u0627 \u0648\u062a\u0646\u0634\u064a\u0637\u0647\u0627. \u0646\u062d\u0646 \u0646\u062f\u0639\u0648 \u0625\u0644\u0649 \u0627\u0644\u062a\u0627\u0631\u064a\u062e \u0648\u0627\u0644\u0625\u0628\u062f\u0627\u0639 \u0627\u0644\u062c\u0645\u0627\u0639\u064a: \u0647\u062f\u0641\u0646\u0627 \u0647\u0648 \u0627\u0633\u062a\u0643\u0634\u0627\u0641 \u0627\u0644\u0645\u0627\u0636\u064a \u0644\u062a\u062e\u064a\u0644 \u0627\u0644\u0645\u0633\u062a\u0642\u0628\u0644 \u060c \u0648\u062a\u0637\u0648\u064a\u0631 \u0627\u0644\u0633\u064a\u0646\u0627\u0631\u064a\u0648\u0647\u0627\u062a \u0648\u0625\u0638\u0647\u0627\u0631 \u0623\u0646 \u0627\u0644\u0637\u0627\u0642\u0629 \u0647\u064a \u0642\u0636\u064a\u0629 \u0642\u062f\u064a\u0645\u0629 \u0644\u0643\u0644 \u0645\u0646 \u0627\u0644\u0633\u0643\u0627\u0646 \u0648\u0627\u0644\u0645\u062e\u062a\u0631\u0639\u064a\u0646. \u062a\u062d\u0645\u064a\u0644","og_url":"https:\/\/paleo-energetique.org\/ar\/\u0645\u0639\u0627\u0631\u0636\/\u0637\u0642\u0645-\u0627\u0644\u0645\u062f\u064a\u0646\u0629\/","og_site_name":"Pal\u00e9o-Energ\u00e9tique","article_publisher":"https:\/\/www.facebook.com\/paleoenergie\/","og_image":[{"width":1280,"height":853,"url":"https:\/\/paleo-energetique.org\/wp-content\/uploads\/2017\/02\/paleo-energetique.jpg","type":"image\/jpeg"}],"twitter_card":"summary_large_image","schema":{"@context":"https:\/\/schema.org","@graph":[{"@type":"WebPage","@id":"https:\/\/paleo-energetique.org\/ar\/%d9%85%d8%b9%d8%a7%d8%b1%d8%b6\/%d8%b7%d9%82%d9%85-%d8%a7%d9%84%d9%85%d8%af%d9%8a%d9%86%d8%a9\/","url":"https:\/\/paleo-energetique.org\/ar\/%d9%85%d8%b9%d8%a7%d8%b1%d8%b6\/%d8%b7%d9%82%d9%85-%d8%a7%d9%84%d9%85%d8%af%d9%8a%d9%86%d8%a9\/","name":"\u0637\u0642\u0645 \u0627\u0644\u0645\u062f\u064a\u0646\u0629 - Pal\u00e9o-Energ\u00e9tique","isPartOf":{"@id":"https:\/\/paleo-energetique.org\/#website"},"datePublished":"2022-03-31T20:49:30+00:00","breadcrumb":{"@id":"https:\/\/paleo-energetique.org\/ar\/%d9%85%d8%b9%d8%a7%d8%b1%d8%b6\/%d8%b7%d9%82%d9%85-%d8%a7%d9%84%d9%85%d8%af%d9%8a%d9%86%d8%a9\/#breadcrumb"},"inLanguage":"ar","potentialAction":[{"@type":"ReadAction","target":["https:\/\/paleo-energetique.org\/ar\/%d9%85%d8%b9%d8%a7%d8%b1%d8%b6\/%d8%b7%d9%82%d9%85-%d8%a7%d9%84%d9%85%d8%af%d9%8a%d9%86%d8%a9\/"]}]},{"@type":"BreadcrumbList","@id":"https:\/\/paleo-energetique.org\/ar\/%d9%85%d8%b9%d8%a7%d8%b1%d8%b6\/%d8%b7%d9%82%d9%85-%d8%a7%d9%84%d9%85%d8%af%d9%8a%d9%86%d8%a9\/#breadcrumb","itemListElement":[{"@type":"ListItem","position":1,"name":"Accueil","item":"https:\/\/paleo-energetique.org\/ar\/"},{"@type":"ListItem","position":2,"name":"\u0645\u0639\u0627\u0631\u0636","item":"https:\/\/paleo-energetique.org\/ar\/%d9%85%d8%b9%d8%a7%d8%b1%d8%b6\/"},{"@type":"ListItem","position":3,"name":"\u0637\u0642\u0645 \u0627\u0644\u0645\u062f\u064a\u0646\u0629"}]},{"@type":"WebSite","@id":"https:\/\/paleo-energetique.org\/#website","url":"https:\/\/paleo-energetique.org\/","name":"Pal\u00e9o-Energ\u00e9tique","description":"R\u00e9inventer l&#039;Histoire de L&#039;\u00e9nergie","potentialAction":[{"@type":"SearchAction","target":{"@type":"EntryPoint","urlTemplate":"https:\/\/paleo-energetique.org\/?s={search_term_string}"},"query-input":{"@type":"PropertyValueSpecification","valueRequired":true,"valueName":"search_term_string"}}],"inLanguage":"ar"}]}},"_links":{"self":[{"href":"https:\/\/paleo-energetique.org\/ar\/wp-json\/wp\/v2\/pages\/5840","targetHints":{"allow":["GET"]}}],"collection":[{"href":"https:\/\/paleo-energetique.org\/ar\/wp-json\/wp\/v2\/pages"}],"about":[{"href":"https:\/\/paleo-energetique.org\/ar\/wp-json\/wp\/v2\/types\/page"}],"author":[{"embeddable":true,"href":"https:\/\/paleo-energetique.org\/ar\/wp-json\/wp\/v2\/users\/2"}],"replies":[{"embeddable":true,"href":"https:\/\/paleo-energetique.org\/ar\/wp-json\/wp\/v2\/comments?post=5840"}],"version-history":[{"count":0,"href":"https:\/\/paleo-energetique.org\/ar\/wp-json\/wp\/v2\/pages\/5840\/revisions"}],"up":[{"embeddable":true,"href":"https:\/\/paleo-energetique.org\/ar\/wp-json\/wp\/v2\/pages\/787"}],"wp:attachment":[{"href":"https:\/\/paleo-energetique.org\/ar\/wp-json\/wp\/v2\/media?parent=5840"}],"wp:term":[{"taxonomy":"post_tag","embeddable":true,"href":"https:\/\/paleo-energetique.org\/ar\/wp-json\/wp\/v2\/tags?post=5840"}],"curies":[{"name":"wp","href":"https:\/\/api.w.org\/{rel}","templated":true}]}}