{"id":5837,"date":"2022-03-31T20:48:27","date_gmt":"2022-03-31T20:48:27","guid":{"rendered":"https:\/\/paleo-energetique.org\/?page_id=5837"},"modified":"2022-03-31T20:51:27","modified_gmt":"2022-03-31T20:51:27","slug":"5837-2","status":"publish","type":"page","link":"https:\/\/paleo-energetique.org\/ar\/%d8%aa%d9%8e%d8%a8%d9%8e%d8%b1%d9%8e%d8%b9\/5837-2\/","title":{"rendered":"\u0637\u0642\u0645 \u0645\u0644\u0635\u0642"},"content":{"rendered":"<p>&nbsp;<\/p>\n<h2 style=\"text-align: center;\"><span style=\"color: #000000;\">\u062f\u0639\u0648\u0629 \u0644\u0644\u0645\u0634\u0627\u0631\u0643\u0629<\/span><\/h2>\n<p style=\"text-align: center;\">\u0643\u062c\u0632\u0621 \u0645\u0646 \u0645\u0634\u0631\u0648\u0639\u0646\u0627 \u0627\u0644\u0628\u062d\u062b\u064a \u0627\u0644\u062a\u0634\u0627\u0631\u0643\u064a \u0648\u0627\u0644\u0645\u0648\u0627\u0637\u0646 \u0641\u064a \u0645\u062c\u0627\u0644 \u0627\u0644\u0637\u0627\u0642\u0629 \u060c \u064a\u0645\u0643\u0646\u0643 \u062a\u0646\u0632\u064a\u0644 \u0645\u062c\u0645\u0648\u0639\u0629 &#8220;\u062f\u0639\u0648\u0629 \u0644\u0644\u0645\u0634\u0627\u0631\u0643\u0629&#8221; \u0645\u0646 \u0623\u062c\u0644 \u0637\u0628\u0627\u0639\u062a\u0647\u0627 \u0648\u0639\u0631\u0636\u0647\u0627 \u0644\u0645\u0633\u0627\u0639\u062f\u062a\u0646\u0627 \u0641\u064a \u0627\u0644\u0639\u062b\u0648\u0631 \u0639\u0644\u0649 \u0627\u0644\u0627\u062e\u062a\u0631\u0627\u0639\u0627\u062a \u0627\u0644\u0642\u062f\u064a\u0645\u0629 \u0648\u0627\u0644\u0627\u0628\u062a\u0643\u0627\u0631\u0627\u062a \u0627\u0644\u0627\u062c\u062a\u0645\u0627\u0639\u064a\u0629 \u0627\u0644\u0642\u062f\u064a\u0645\u0629 \u0648\u0627\u0644\u062a\u062e\u064a\u0644\u0627\u062a \u0627\u0644\u062c\u0645\u0627\u0639\u064a\u0629.<\/p>\n<p style=\"text-align: center;\"><span style=\"color: #3366ff;\"><a class=\"myButton\" href=\"https:\/\/paleo-energetique.org\/kif-affiche.jpg\" target=\"_blank\" rel=\"noopener\">\u062a\u062d\u0645\u064a\u0644<\/a><\/span><\/p>\n<p style=\"text-align: center;\"><img fetchpriority=\"high\" decoding=\"async\" class=\"alignnone wp-image-2780\" src=\"https:\/\/paleo-energetique.org\/wp-content\/uploads\/2018\/10\/Afficheappelaparticipation.jpg\" alt=\"\" width=\"700\" height=\"989\" srcset=\"https:\/\/paleo-energetique.org\/wp-content\/uploads\/2018\/10\/Afficheappelaparticipation.jpg 1123w, https:\/\/paleo-energetique.org\/wp-content\/uploads\/2018\/10\/Afficheappelaparticipation-184x260.jpg 184w, https:\/\/paleo-energetique.org\/wp-content\/uploads\/2018\/10\/Afficheappelaparticipation-768x1085.jpg 768w, https:\/\/paleo-energetique.org\/wp-content\/uploads\/2018\/10\/Afficheappelaparticipation-725x1024.jpg 725w, https:\/\/paleo-energetique.org\/wp-content\/uploads\/2018\/10\/Afficheappelaparticipation-600x848.jpg 600w\" sizes=\"(max-width: 700px) 100vw, 700px\" \/><\/p>\n<p>&nbsp;<\/p>\n","protected":false},"excerpt":{"rendered":"<p>&nbsp; \u062f\u0639\u0648\u0629 \u0644\u0644\u0645\u0634\u0627\u0631\u0643\u0629 \u0643\u062c\u0632\u0621 \u0645\u0646 \u0645\u0634\u0631\u0648\u0639\u0646\u0627 \u0627\u0644\u0628\u062d\u062b\u064a \u0627\u0644\u062a\u0634\u0627\u0631\u0643\u064a \u0648\u0627\u0644\u0645\u0648\u0627\u0637\u0646 \u0641\u064a \u0645\u062c\u0627\u0644 \u0627\u0644\u0637\u0627\u0642\u0629 \u060c \u064a\u0645\u0643\u0646\u0643 \u062a\u0646\u0632\u064a\u0644 \u0645\u062c\u0645\u0648\u0639\u0629 &#8220;\u062f\u0639\u0648\u0629 \u0644\u0644\u0645\u0634\u0627\u0631\u0643\u0629&#8221; \u0645\u0646 \u0623\u062c\u0644 \u0637\u0628\u0627\u0639\u062a\u0647\u0627 \u0648\u0639\u0631\u0636\u0647\u0627 \u0644\u0645\u0633\u0627\u0639\u062f\u062a\u0646\u0627 \u0641\u064a \u0627\u0644\u0639\u062b\u0648\u0631 \u0639\u0644\u0649 \u0627\u0644\u0627\u062e\u062a\u0631\u0627\u0639\u0627\u062a \u0627\u0644\u0642\u062f\u064a\u0645\u0629 \u0648\u0627\u0644\u0627\u0628\u062a\u0643\u0627\u0631\u0627\u062a \u0627\u0644\u0627\u062c\u062a\u0645\u0627\u0639\u064a\u0629 \u0627\u0644\u0642\u062f\u064a\u0645\u0629 \u0648\u0627\u0644\u062a\u062e\u064a\u0644\u0627\u062a \u0627\u0644\u062c\u0645\u0627\u0639\u064a\u0629. \u062a\u062d\u0645\u064a\u0644 &nbsp;<\/p>\n","protected":false},"author":2,"featured_media":0,"parent":812,"menu_order":0,"comment_status":"closed","ping_status":"closed","template":"","meta":{"_acf_changed":false,"footnotes":""},"tags":[],"class_list":["post-5837","page","type-page","status-publish","hentry"],"acf":[],"yoast_head":"<!-- This site is optimized with the Yoast SEO plugin v26.0 - https:\/\/yoast.com\/wordpress\/plugins\/seo\/ -->\n<title>\u0637\u0642\u0645 \u0645\u0644\u0635\u0642 - Pal\u00e9o-Energ\u00e9tique<\/title>\n<meta name=\"robots\" content=\"index, follow, max-snippet:-1, max-image-preview:large, max-video-preview:-1\" \/>\n<link rel=\"canonical\" href=\"https:\/\/paleo-energetique.org\/ar\/\u0645\u0639\u0627\u0631\u0636\/5837-2\/\" \/>\n<meta property=\"og:locale\" content=\"ar_AR\" \/>\n<meta property=\"og:type\" content=\"article\" \/>\n<meta property=\"og:title\" content=\"\u0637\u0642\u0645 \u0645\u0644\u0635\u0642 - Pal\u00e9o-Energ\u00e9tique\" \/>\n<meta property=\"og:description\" content=\"&nbsp; \u062f\u0639\u0648\u0629 \u0644\u0644\u0645\u0634\u0627\u0631\u0643\u0629 \u0643\u062c\u0632\u0621 \u0645\u0646 \u0645\u0634\u0631\u0648\u0639\u0646\u0627 \u0627\u0644\u0628\u062d\u062b\u064a \u0627\u0644\u062a\u0634\u0627\u0631\u0643\u064a \u0648\u0627\u0644\u0645\u0648\u0627\u0637\u0646 \u0641\u064a \u0645\u062c\u0627\u0644 \u0627\u0644\u0637\u0627\u0642\u0629 \u060c \u064a\u0645\u0643\u0646\u0643 \u062a\u0646\u0632\u064a\u0644 \u0645\u062c\u0645\u0648\u0639\u0629 &#8220;\u062f\u0639\u0648\u0629 \u0644\u0644\u0645\u0634\u0627\u0631\u0643\u0629&#8221; \u0645\u0646 \u0623\u062c\u0644 \u0637\u0628\u0627\u0639\u062a\u0647\u0627 \u0648\u0639\u0631\u0636\u0647\u0627 \u0644\u0645\u0633\u0627\u0639\u062f\u062a\u0646\u0627 \u0641\u064a \u0627\u0644\u0639\u062b\u0648\u0631 \u0639\u0644\u0649 \u0627\u0644\u0627\u062e\u062a\u0631\u0627\u0639\u0627\u062a \u0627\u0644\u0642\u062f\u064a\u0645\u0629 \u0648\u0627\u0644\u0627\u0628\u062a\u0643\u0627\u0631\u0627\u062a \u0627\u0644\u0627\u062c\u062a\u0645\u0627\u0639\u064a\u0629 \u0627\u0644\u0642\u062f\u064a\u0645\u0629 \u0648\u0627\u0644\u062a\u062e\u064a\u0644\u0627\u062a \u0627\u0644\u062c\u0645\u0627\u0639\u064a\u0629. \u062a\u062d\u0645\u064a\u0644 &nbsp;\" \/>\n<meta property=\"og:url\" content=\"https:\/\/paleo-energetique.org\/ar\/\u0645\u0639\u0627\u0631\u0636\/5837-2\/\" \/>\n<meta property=\"og:site_name\" content=\"Pal\u00e9o-Energ\u00e9tique\" \/>\n<meta property=\"article:publisher\" content=\"https:\/\/www.facebook.com\/paleoenergie\/\" \/>\n<meta property=\"article:modified_time\" content=\"2022-03-31T20:51:27+00:00\" \/>\n<meta property=\"og:image\" content=\"https:\/\/paleo-energetique.org\/wp-content\/uploads\/2018\/10\/Afficheappelaparticipation.jpg\" \/>\n<meta name=\"twitter:card\" content=\"summary_large_image\" \/>\n<script type=\"application\/ld+json\" class=\"yoast-schema-graph\">{\"@context\":\"https:\/\/schema.org\",\"@graph\":[{\"@type\":\"WebPage\",\"@id\":\"https:\/\/paleo-energetique.org\/ar\/%d9%85%d8%b9%d8%a7%d8%b1%d8%b6\/5837-2\/\",\"url\":\"https:\/\/paleo-energetique.org\/ar\/%d9%85%d8%b9%d8%a7%d8%b1%d8%b6\/5837-2\/\",\"name\":\"\u0637\u0642\u0645 \u0645\u0644\u0635\u0642 - Pal\u00e9o-Energ\u00e9tique\",\"isPartOf\":{\"@id\":\"https:\/\/paleo-energetique.org\/#website\"},\"primaryImageOfPage\":{\"@id\":\"https:\/\/paleo-energetique.org\/ar\/%d9%85%d8%b9%d8%a7%d8%b1%d8%b6\/5837-2\/#primaryimage\"},\"image\":{\"@id\":\"https:\/\/paleo-energetique.org\/ar\/%d9%85%d8%b9%d8%a7%d8%b1%d8%b6\/5837-2\/#primaryimage\"},\"thumbnailUrl\":\"https:\/\/paleo-energetique.org\/wp-content\/uploads\/2018\/10\/Afficheappelaparticipation.jpg\",\"datePublished\":\"2022-03-31T20:48:27+00:00\",\"dateModified\":\"2022-03-31T20:51:27+00:00\",\"breadcrumb\":{\"@id\":\"https:\/\/paleo-energetique.org\/ar\/%d9%85%d8%b9%d8%a7%d8%b1%d8%b6\/5837-2\/#breadcrumb\"},\"inLanguage\":\"ar\",\"potentialAction\":[{\"@type\":\"ReadAction\",\"target\":[\"https:\/\/paleo-energetique.org\/ar\/%d9%85%d8%b9%d8%a7%d8%b1%d8%b6\/5837-2\/\"]}]},{\"@type\":\"ImageObject\",\"inLanguage\":\"ar\",\"@id\":\"https:\/\/paleo-energetique.org\/ar\/%d9%85%d8%b9%d8%a7%d8%b1%d8%b6\/5837-2\/#primaryimage\",\"url\":\"https:\/\/paleo-energetique.org\/wp-content\/uploads\/2018\/10\/Afficheappelaparticipation.jpg\",\"contentUrl\":\"https:\/\/paleo-energetique.org\/wp-content\/uploads\/2018\/10\/Afficheappelaparticipation.jpg\"},{\"@type\":\"BreadcrumbList\",\"@id\":\"https:\/\/paleo-energetique.org\/ar\/%d9%85%d8%b9%d8%a7%d8%b1%d8%b6\/5837-2\/#breadcrumb\",\"itemListElement\":[{\"@type\":\"ListItem\",\"position\":1,\"name\":\"Accueil\",\"item\":\"https:\/\/paleo-energetique.org\/ar\/\"},{\"@type\":\"ListItem\",\"position\":2,\"name\":\"\u0645\u0639\u0627\u0631\u0636\",\"item\":\"https:\/\/paleo-energetique.org\/ar\/%d9%85%d8%b9%d8%a7%d8%b1%d8%b6\/\"},{\"@type\":\"ListItem\",\"position\":3,\"name\":\"\u0637\u0642\u0645 \u0645\u0644\u0635\u0642\"}]},{\"@type\":\"WebSite\",\"@id\":\"https:\/\/paleo-energetique.org\/#website\",\"url\":\"https:\/\/paleo-energetique.org\/\",\"name\":\"Pal\u00e9o-Energ\u00e9tique\",\"description\":\"R\u00e9inventer l&#039;Histoire de L&#039;\u00e9nergie\",\"potentialAction\":[{\"@type\":\"SearchAction\",\"target\":{\"@type\":\"EntryPoint\",\"urlTemplate\":\"https:\/\/paleo-energetique.org\/?s={search_term_string}\"},\"query-input\":{\"@type\":\"PropertyValueSpecification\",\"valueRequired\":true,\"valueName\":\"search_term_string\"}}],\"inLanguage\":\"ar\"}]}<\/script>\n<!-- \/ Yoast SEO plugin. -->","yoast_head_json":{"title":"\u0637\u0642\u0645 \u0645\u0644\u0635\u0642 - Pal\u00e9o-Energ\u00e9tique","robots":{"index":"index","follow":"follow","max-snippet":"max-snippet:-1","max-image-preview":"max-image-preview:large","max-video-preview":"max-video-preview:-1"},"canonical":"https:\/\/paleo-energetique.org\/ar\/\u0645\u0639\u0627\u0631\u0636\/5837-2\/","og_locale":"ar_AR","og_type":"article","og_title":"\u0637\u0642\u0645 \u0645\u0644\u0635\u0642 - Pal\u00e9o-Energ\u00e9tique","og_description":"&nbsp; \u062f\u0639\u0648\u0629 \u0644\u0644\u0645\u0634\u0627\u0631\u0643\u0629 \u0643\u062c\u0632\u0621 \u0645\u0646 \u0645\u0634\u0631\u0648\u0639\u0646\u0627 \u0627\u0644\u0628\u062d\u062b\u064a \u0627\u0644\u062a\u0634\u0627\u0631\u0643\u064a \u0648\u0627\u0644\u0645\u0648\u0627\u0637\u0646 \u0641\u064a \u0645\u062c\u0627\u0644 \u0627\u0644\u0637\u0627\u0642\u0629 \u060c \u064a\u0645\u0643\u0646\u0643 \u062a\u0646\u0632\u064a\u0644 \u0645\u062c\u0645\u0648\u0639\u0629 &#8220;\u062f\u0639\u0648\u0629 \u0644\u0644\u0645\u0634\u0627\u0631\u0643\u0629&#8221; \u0645\u0646 \u0623\u062c\u0644 \u0637\u0628\u0627\u0639\u062a\u0647\u0627 \u0648\u0639\u0631\u0636\u0647\u0627 \u0644\u0645\u0633\u0627\u0639\u062f\u062a\u0646\u0627 \u0641\u064a \u0627\u0644\u0639\u062b\u0648\u0631 \u0639\u0644\u0649 \u0627\u0644\u0627\u062e\u062a\u0631\u0627\u0639\u0627\u062a \u0627\u0644\u0642\u062f\u064a\u0645\u0629 \u0648\u0627\u0644\u0627\u0628\u062a\u0643\u0627\u0631\u0627\u062a \u0627\u0644\u0627\u062c\u062a\u0645\u0627\u0639\u064a\u0629 \u0627\u0644\u0642\u062f\u064a\u0645\u0629 \u0648\u0627\u0644\u062a\u062e\u064a\u0644\u0627\u062a \u0627\u0644\u062c\u0645\u0627\u0639\u064a\u0629. \u062a\u062d\u0645\u064a\u0644 &nbsp;","og_url":"https:\/\/paleo-energetique.org\/ar\/\u0645\u0639\u0627\u0631\u0636\/5837-2\/","og_site_name":"Pal\u00e9o-Energ\u00e9tique","article_publisher":"https:\/\/www.facebook.com\/paleoenergie\/","article_modified_time":"2022-03-31T20:51:27+00:00","og_image":[{"url":"https:\/\/paleo-energetique.org\/wp-content\/uploads\/2018\/10\/Afficheappelaparticipation.jpg","type":"","width":"","height":""}],"twitter_card":"summary_large_image","schema":{"@context":"https:\/\/schema.org","@graph":[{"@type":"WebPage","@id":"https:\/\/paleo-energetique.org\/ar\/%d9%85%d8%b9%d8%a7%d8%b1%d8%b6\/5837-2\/","url":"https:\/\/paleo-energetique.org\/ar\/%d9%85%d8%b9%d8%a7%d8%b1%d8%b6\/5837-2\/","name":"\u0637\u0642\u0645 \u0645\u0644\u0635\u0642 - Pal\u00e9o-Energ\u00e9tique","isPartOf":{"@id":"https:\/\/paleo-energetique.org\/#website"},"primaryImageOfPage":{"@id":"https:\/\/paleo-energetique.org\/ar\/%d9%85%d8%b9%d8%a7%d8%b1%d8%b6\/5837-2\/#primaryimage"},"image":{"@id":"https:\/\/paleo-energetique.org\/ar\/%d9%85%d8%b9%d8%a7%d8%b1%d8%b6\/5837-2\/#primaryimage"},"thumbnailUrl":"https:\/\/paleo-energetique.org\/wp-content\/uploads\/2018\/10\/Afficheappelaparticipation.jpg","datePublished":"2022-03-31T20:48:27+00:00","dateModified":"2022-03-31T20:51:27+00:00","breadcrumb":{"@id":"https:\/\/paleo-energetique.org\/ar\/%d9%85%d8%b9%d8%a7%d8%b1%d8%b6\/5837-2\/#breadcrumb"},"inLanguage":"ar","potentialAction":[{"@type":"ReadAction","target":["https:\/\/paleo-energetique.org\/ar\/%d9%85%d8%b9%d8%a7%d8%b1%d8%b6\/5837-2\/"]}]},{"@type":"ImageObject","inLanguage":"ar","@id":"https:\/\/paleo-energetique.org\/ar\/%d9%85%d8%b9%d8%a7%d8%b1%d8%b6\/5837-2\/#primaryimage","url":"https:\/\/paleo-energetique.org\/wp-content\/uploads\/2018\/10\/Afficheappelaparticipation.jpg","contentUrl":"https:\/\/paleo-energetique.org\/wp-content\/uploads\/2018\/10\/Afficheappelaparticipation.jpg"},{"@type":"BreadcrumbList","@id":"https:\/\/paleo-energetique.org\/ar\/%d9%85%d8%b9%d8%a7%d8%b1%d8%b6\/5837-2\/#breadcrumb","itemListElement":[{"@type":"ListItem","position":1,"name":"Accueil","item":"https:\/\/paleo-energetique.org\/ar\/"},{"@type":"ListItem","position":2,"name":"\u0645\u0639\u0627\u0631\u0636","item":"https:\/\/paleo-energetique.org\/ar\/%d9%85%d8%b9%d8%a7%d8%b1%d8%b6\/"},{"@type":"ListItem","position":3,"name":"\u0637\u0642\u0645 \u0645\u0644\u0635\u0642"}]},{"@type":"WebSite","@id":"https:\/\/paleo-energetique.org\/#website","url":"https:\/\/paleo-energetique.org\/","name":"Pal\u00e9o-Energ\u00e9tique","description":"R\u00e9inventer l&#039;Histoire de L&#039;\u00e9nergie","potentialAction":[{"@type":"SearchAction","target":{"@type":"EntryPoint","urlTemplate":"https:\/\/paleo-energetique.org\/?s={search_term_string}"},"query-input":{"@type":"PropertyValueSpecification","valueRequired":true,"valueName":"search_term_string"}}],"inLanguage":"ar"}]}},"_links":{"self":[{"href":"https:\/\/paleo-energetique.org\/ar\/wp-json\/wp\/v2\/pages\/5837","targetHints":{"allow":["GET"]}}],"collection":[{"href":"https:\/\/paleo-energetique.org\/ar\/wp-json\/wp\/v2\/pages"}],"about":[{"href":"https:\/\/paleo-energetique.org\/ar\/wp-json\/wp\/v2\/types\/page"}],"author":[{"embeddable":true,"href":"https:\/\/paleo-energetique.org\/ar\/wp-json\/wp\/v2\/users\/2"}],"replies":[{"embeddable":true,"href":"https:\/\/paleo-energetique.org\/ar\/wp-json\/wp\/v2\/comments?post=5837"}],"version-history":[{"count":0,"href":"https:\/\/paleo-energetique.org\/ar\/wp-json\/wp\/v2\/pages\/5837\/revisions"}],"up":[{"embeddable":true,"href":"https:\/\/paleo-energetique.org\/ar\/wp-json\/wp\/v2\/pages\/812"}],"wp:attachment":[{"href":"https:\/\/paleo-energetique.org\/ar\/wp-json\/wp\/v2\/media?parent=5837"}],"wp:term":[{"taxonomy":"post_tag","embeddable":true,"href":"https:\/\/paleo-energetique.org\/ar\/wp-json\/wp\/v2\/tags?post=5837"}],"curies":[{"name":"wp","href":"https:\/\/api.w.org\/{rel}","templated":true}]}}