{"id":5737,"date":"2022-03-31T18:29:11","date_gmt":"2022-03-31T18:29:11","guid":{"rendered":"https:\/\/paleo-energetique.org\/?page_id=5737"},"modified":"2022-03-31T18:53:44","modified_gmt":"2022-03-31T18:53:44","slug":"%d9%85%d8%aa%d8%ad%d9%81-%d8%a7%d9%81%d8%aa%d8%b1%d8%a7%d8%b6%d9%8a","status":"publish","type":"page","link":"https:\/\/paleo-energetique.org\/ar\/%d9%85%d8%aa%d8%ad%d9%81-retrofutur\/%d9%85%d8%aa%d8%ad%d9%81-%d8%a7%d9%81%d8%aa%d8%b1%d8%a7%d8%b6%d9%8a\/","title":{"rendered":"\u0645\u062a\u062d\u0641 \u0627\u0641\u062a\u0631\u0627\u0636\u064a"},"content":{"rendered":"<p>&nbsp;<\/p>\n<p>&nbsp;<\/p>\n<p>&nbsp;<\/p>\n<h1 style=\"text-align: center;\"><b>\u0627\u0643\u062a\u0634\u0641 \u0645\u062a\u062d\u0641 RETROFUTUR MUSEUM \u060c \u0627\u0644\u0645\u063a\u0627\u0645\u0631\u0629 \u0627\u0644\u062c\u062f\u064a\u062f\u0629 \u0644\u0628\u0631\u0646\u0627\u0645\u062c Paleo-energetic<\/b><\/h1>\n<p>&nbsp;<\/p>\n<h3 style=\"text-align: center;\"><span style=\"color: #008000;\"><b>\u064a\u0642\u062f\u0645 \u0641\u0631\u064a\u0642 Atelier21 \u0645\u062a\u062d\u0641\u0647 \u0627\u0644\u0627\u0641\u062a\u0631\u0627\u0636\u064a \u0627\u0644\u0630\u064a \u062a\u0645 \u062a\u0637\u0648\u064a\u0631\u0647 \u0628\u0627\u0633\u062a\u062e\u062f\u0627\u0645 Mozilla Hubs.<\/b><\/span><\/h3>\n<p><head><\/p>\n<style>\n      .wrapper {\n        margin: 10px auto;\n        text-align: center;\n        width: 100%;\n        position: relative;\n      }\n      .button {\n        padding: 15px 100px;\n        margin: 10px 4px;\n        color: #006600;\n        font-family: sans-serif;\n        text-transform: uppercase;\n        text-align: center;\n        position: relative;\n        text-decoration: none;\n        display: inline-block;\n        border: 4px solid;\n      }\n      .button::before {\n        content: \"\";\n        position: absolute;\n        top: 0;\n        left: 0;\n        display: block;\n        width: 100%;\n        height: 100%;\n        z-index: -1;\n        -webkit-transform: scaleY(0.1);\n        transform: scaleY(0.1);\n        transition: all 0.4s;\n      }\n      .button:hover {\n        color: #006600;\n      }\n      .button:hover::before {\n        opacity: 1;\n        background-color: #CCFFCC;\n        -webkit-transform: scaleY(1);\n        transform: scaleY(1);\n        transition: -webkit-transform 0.6s cubic-bezier(0.08, 0.35, 0.13, 1.02), opacity 0.4s;\n        transition: transform 0.6s cubic-bezier(0.08, 0.35, 0.13, 1.02), opacity;\n      }\n    <\/style>\n<p>  <\/head><br \/>\n  <body><\/p>\n<div class=\"wrapper\">\n      <a href=\"https:\/\/hubs.mozilla.com\/qzwyqhy\/a21-musee-virtuel\/\"target=\"_blank\"><br \/>\n        <b class=\"button\">\u0642\u0645 \u0628\u0632\u064a\u0627\u0631\u0629 \u0627\u0644\u0645\u062a\u062d\u0641 \u0627\u0644\u0627\u0641\u062a\u0631\u0627\u0636\u064a<\/b><br \/>\n      <\/a>\n    <\/div>\n<p>  <\/body><br \/>\n<\/html><br \/>\n&nbsp;<\/p>\n<p><span style=\"font-weight: 400;\">\u0646\u062d\u0646 \u0646\u0642\u062f\u0645 \u0644\u0643 \u0645\u0639\u0631\u0636\u064b\u0627 \u063a\u0627\u0645\u0631\u064b\u0627 \u0648\u0644\u062f \u0645\u0646 \u0628\u0631\u0646\u0627\u0645\u062c \u0627\u0644\u0628\u062d\u062b \u0627\u0644\u062a\u0634\u0627\u0631\u0643\u064a Paleo-energetic \u0627\u0644\u0630\u064a \u064a\u0647\u062f\u0641 \u0625\u0644\u0649 \u062a\u0633\u0644\u064a\u0637 \u0627\u0644\u0636\u0648\u0621 \u0639\u0644\u0649 \u0645\u062c\u0645\u0648\u0639\u0629 \u0645\u062e\u062a\u0627\u0631\u0629 \u0645\u0646 \u0623\u0628\u0637\u0627\u0644 Paleo \u0644\u0644\u062a\u0627\u0631\u064a\u062e \u0627\u0644\u0645\u0636\u0627\u062f \u0644\u0627\u0628\u062a\u0643\u0627\u0631\u0627\u062a \u0627\u0644\u0637\u0627\u0642\u0629.<\/span><\/p>\n<p>\u0633\u062a\u062c\u062f \u0627\u062e\u062a\u0631\u0627\u0639\u0627\u062a \u0639\u0644\u0649 \u063a\u0631\u0627\u0631 \u062b\u0644\u0627\u062b\u064a \u0627\u0644\u0623\u0628\u0639\u0627\u062f \u0645\u0639 \u0635\u0648\u062a \u060c \u0645\u0635\u062d\u0648\u0628\u0629 \u0628\u0635\u0648\u0631 \u0644\u0645\u062e\u062a\u0631\u0639\u064a\u0647\u0627 \u060c \u0628\u0627\u0644\u0625\u0636\u0627\u0641\u0629 \u0625\u0644\u0649 \u062a\u0639\u0644\u064a\u0642\u0627\u062a \u0635\u0648\u062a\u064a\u0629 \u0644\u0625\u0639\u0637\u0627\u0621 \u0635\u0648\u062a \u0644\u0647\u0630\u0627 \u0627\u0644\u062a\u0631\u0627\u062b \u0627\u0644\u0631\u0627\u0626\u0639 \u0627\u0644\u0630\u064a \u062a\u0645 \u0646\u0633\u064a\u0627\u0646\u0647 \u0638\u0644\u0645\u0627\u064b.<\/p>\n<p>\u062f\u0639 \u0646\u0641\u0633\u0643 \u062a\u0646\u062c\u0631\u0641 \u0628\u0639\u064a\u062f\u064b\u0627 \u0625\u0644\u0649 \u0639\u0627\u0644\u0645 \u0627\u0644\u062a\u0627\u0631\u064a\u062e \u0627\u0644\u0645\u0636\u0627\u062f \u0644\u0627\u0628\u062a\u0643\u0627\u0631\u0627\u062a \u0627\u0644\u0637\u0627\u0642\u0629 \u060c<br \/>\n\u0632\u064a\u0627\u0631\u0629 \u062c\u064a\u062f\u0629 \u060c<\/p>\n<p>\u0648\u0631\u0634\u0629 \u0639\u0645\u0644 21<\/p>\n<p><img fetchpriority=\"high\" decoding=\"async\" class=\"aligncenter size-full wp-image-5637\" src=\"https:\/\/paleo-energetique.org\/wp-content\/uploads\/2022\/03\/Capture-decran-2022-03-14-a-00.41.01-e1647451014417.png\" alt=\"\" width=\"1200\" height=\"485\" \/><\/p>\n<p style=\"text-align: center;\"><em>\u0645\u062a\u062d\u0641 \u0627\u0641\u062a\u0631\u0627\u0636\u064a<\/em><\/p>\n","protected":false},"excerpt":{"rendered":"<p>&nbsp; &nbsp; &nbsp; \u0627\u0643\u062a\u0634\u0641 \u0645\u062a\u062d\u0641 RETROFUTUR MUSEUM \u060c \u0627\u0644\u0645\u063a\u0627\u0645\u0631\u0629 \u0627\u0644\u062c\u062f\u064a\u062f\u0629 \u0644\u0628\u0631\u0646\u0627\u0645\u062c Paleo-energetic &nbsp; \u064a\u0642\u062f\u0645 \u0641\u0631\u064a\u0642 Atelier21 \u0645\u062a\u062d\u0641\u0647 \u0627\u0644\u0627\u0641\u062a\u0631\u0627\u0636\u064a \u0627\u0644\u0630\u064a \u062a\u0645 \u062a\u0637\u0648\u064a\u0631\u0647 \u0628\u0627\u0633\u062a\u062e\u062f\u0627\u0645 Mozilla Hubs. \u0642\u0645 \u0628\u0632\u064a\u0627\u0631\u0629 \u0627\u0644\u0645\u062a\u062d\u0641 \u0627\u0644\u0627\u0641\u062a\u0631\u0627\u0636\u064a &nbsp; \u0646\u062d\u0646 \u0646\u0642\u062f\u0645 \u0644\u0643 \u0645\u0639\u0631\u0636\u064b\u0627 \u063a\u0627\u0645\u0631\u064b\u0627 \u0648\u0644\u062f \u0645\u0646 \u0628\u0631\u0646\u0627\u0645\u062c \u0627\u0644\u0628\u062d\u062b \u0627\u0644\u062a\u0634\u0627\u0631\u0643\u064a Paleo-energetic \u0627\u0644\u0630\u064a \u064a\u0647\u062f\u0641 \u0625\u0644\u0649 \u062a\u0633\u0644\u064a\u0637 \u0627\u0644\u0636\u0648\u0621 [&hellip;]<\/p>\n","protected":false},"author":2,"featured_media":0,"parent":5744,"menu_order":0,"comment_status":"closed","ping_status":"closed","template":"","meta":{"_acf_changed":false,"footnotes":""},"tags":[],"class_list":["post-5737","page","type-page","status-publish","hentry"],"acf":[],"yoast_head":"<!-- This site is optimized with the Yoast SEO plugin v26.0 - https:\/\/yoast.com\/wordpress\/plugins\/seo\/ -->\n<title>\u0645\u062a\u062d\u0641 \u0627\u0641\u062a\u0631\u0627\u0636\u064a - Pal\u00e9o-Energ\u00e9tique<\/title>\n<meta name=\"robots\" content=\"index, follow, max-snippet:-1, max-image-preview:large, max-video-preview:-1\" \/>\n<link rel=\"canonical\" href=\"https:\/\/paleo-energetique.org\/ar\/\u0645\u062a\u062d\u0641-retrofutur\/\u0645\u062a\u062d\u0641-\u0627\u0641\u062a\u0631\u0627\u0636\u064a\/\" \/>\n<meta property=\"og:locale\" content=\"ar_AR\" \/>\n<meta property=\"og:type\" content=\"article\" \/>\n<meta property=\"og:title\" content=\"\u0645\u062a\u062d\u0641 \u0627\u0641\u062a\u0631\u0627\u0636\u064a - Pal\u00e9o-Energ\u00e9tique\" \/>\n<meta property=\"og:description\" content=\"&nbsp; &nbsp; &nbsp; \u0627\u0643\u062a\u0634\u0641 \u0645\u062a\u062d\u0641 RETROFUTUR MUSEUM \u060c \u0627\u0644\u0645\u063a\u0627\u0645\u0631\u0629 \u0627\u0644\u062c\u062f\u064a\u062f\u0629 \u0644\u0628\u0631\u0646\u0627\u0645\u062c Paleo-energetic &nbsp; \u064a\u0642\u062f\u0645 \u0641\u0631\u064a\u0642 Atelier21 \u0645\u062a\u062d\u0641\u0647 \u0627\u0644\u0627\u0641\u062a\u0631\u0627\u0636\u064a \u0627\u0644\u0630\u064a \u062a\u0645 \u062a\u0637\u0648\u064a\u0631\u0647 \u0628\u0627\u0633\u062a\u062e\u062f\u0627\u0645 Mozilla Hubs. \u0642\u0645 \u0628\u0632\u064a\u0627\u0631\u0629 \u0627\u0644\u0645\u062a\u062d\u0641 \u0627\u0644\u0627\u0641\u062a\u0631\u0627\u0636\u064a &nbsp; \u0646\u062d\u0646 \u0646\u0642\u062f\u0645 \u0644\u0643 \u0645\u0639\u0631\u0636\u064b\u0627 \u063a\u0627\u0645\u0631\u064b\u0627 \u0648\u0644\u062f \u0645\u0646 \u0628\u0631\u0646\u0627\u0645\u062c \u0627\u0644\u0628\u062d\u062b \u0627\u0644\u062a\u0634\u0627\u0631\u0643\u064a Paleo-energetic \u0627\u0644\u0630\u064a \u064a\u0647\u062f\u0641 \u0625\u0644\u0649 \u062a\u0633\u0644\u064a\u0637 \u0627\u0644\u0636\u0648\u0621 [&hellip;]\" \/>\n<meta property=\"og:url\" content=\"https:\/\/paleo-energetique.org\/ar\/\u0645\u062a\u062d\u0641-retrofutur\/\u0645\u062a\u062d\u0641-\u0627\u0641\u062a\u0631\u0627\u0636\u064a\/\" \/>\n<meta property=\"og:site_name\" content=\"Pal\u00e9o-Energ\u00e9tique\" \/>\n<meta property=\"article:publisher\" content=\"https:\/\/www.facebook.com\/paleoenergie\/\" \/>\n<meta property=\"article:modified_time\" content=\"2022-03-31T18:53:44+00:00\" \/>\n<meta property=\"og:image\" content=\"https:\/\/paleo-energetique.org\/wp-content\/uploads\/2022\/03\/Capture-decran-2022-03-14-a-00.41.01-e1647451014417.png\" \/>\n<meta name=\"twitter:card\" content=\"summary_large_image\" \/>\n<script type=\"application\/ld+json\" class=\"yoast-schema-graph\">{\"@context\":\"https:\/\/schema.org\",\"@graph\":[{\"@type\":\"WebPage\",\"@id\":\"https:\/\/paleo-energetique.org\/ar\/%d9%85%d8%aa%d8%ad%d9%81-retrofutur\/%d9%85%d8%aa%d8%ad%d9%81-%d8%a7%d9%81%d8%aa%d8%b1%d8%a7%d8%b6%d9%8a\/\",\"url\":\"https:\/\/paleo-energetique.org\/ar\/%d9%85%d8%aa%d8%ad%d9%81-retrofutur\/%d9%85%d8%aa%d8%ad%d9%81-%d8%a7%d9%81%d8%aa%d8%b1%d8%a7%d8%b6%d9%8a\/\",\"name\":\"\u0645\u062a\u062d\u0641 \u0627\u0641\u062a\u0631\u0627\u0636\u064a - Pal\u00e9o-Energ\u00e9tique\",\"isPartOf\":{\"@id\":\"https:\/\/paleo-energetique.org\/#website\"},\"primaryImageOfPage\":{\"@id\":\"https:\/\/paleo-energetique.org\/ar\/%d9%85%d8%aa%d8%ad%d9%81-retrofutur\/%d9%85%d8%aa%d8%ad%d9%81-%d8%a7%d9%81%d8%aa%d8%b1%d8%a7%d8%b6%d9%8a\/#primaryimage\"},\"image\":{\"@id\":\"https:\/\/paleo-energetique.org\/ar\/%d9%85%d8%aa%d8%ad%d9%81-retrofutur\/%d9%85%d8%aa%d8%ad%d9%81-%d8%a7%d9%81%d8%aa%d8%b1%d8%a7%d8%b6%d9%8a\/#primaryimage\"},\"thumbnailUrl\":\"https:\/\/paleo-energetique.org\/wp-content\/uploads\/2022\/03\/Capture-decran-2022-03-14-a-00.41.01-e1647451014417.png\",\"datePublished\":\"2022-03-31T18:29:11+00:00\",\"dateModified\":\"2022-03-31T18:53:44+00:00\",\"breadcrumb\":{\"@id\":\"https:\/\/paleo-energetique.org\/ar\/%d9%85%d8%aa%d8%ad%d9%81-retrofutur\/%d9%85%d8%aa%d8%ad%d9%81-%d8%a7%d9%81%d8%aa%d8%b1%d8%a7%d8%b6%d9%8a\/#breadcrumb\"},\"inLanguage\":\"ar\",\"potentialAction\":[{\"@type\":\"ReadAction\",\"target\":[\"https:\/\/paleo-energetique.org\/ar\/%d9%85%d8%aa%d8%ad%d9%81-retrofutur\/%d9%85%d8%aa%d8%ad%d9%81-%d8%a7%d9%81%d8%aa%d8%b1%d8%a7%d8%b6%d9%8a\/\"]}]},{\"@type\":\"ImageObject\",\"inLanguage\":\"ar\",\"@id\":\"https:\/\/paleo-energetique.org\/ar\/%d9%85%d8%aa%d8%ad%d9%81-retrofutur\/%d9%85%d8%aa%d8%ad%d9%81-%d8%a7%d9%81%d8%aa%d8%b1%d8%a7%d8%b6%d9%8a\/#primaryimage\",\"url\":\"https:\/\/paleo-energetique.org\/wp-content\/uploads\/2022\/03\/Capture-decran-2022-03-14-a-00.41.01-e1647451014417.png\",\"contentUrl\":\"https:\/\/paleo-energetique.org\/wp-content\/uploads\/2022\/03\/Capture-decran-2022-03-14-a-00.41.01-e1647451014417.png\"},{\"@type\":\"BreadcrumbList\",\"@id\":\"https:\/\/paleo-energetique.org\/ar\/%d9%85%d8%aa%d8%ad%d9%81-retrofutur\/%d9%85%d8%aa%d8%ad%d9%81-%d8%a7%d9%81%d8%aa%d8%b1%d8%a7%d8%b6%d9%8a\/#breadcrumb\",\"itemListElement\":[{\"@type\":\"ListItem\",\"position\":1,\"name\":\"Accueil\",\"item\":\"https:\/\/paleo-energetique.org\/ar\/\"},{\"@type\":\"ListItem\",\"position\":2,\"name\":\"\u0645\u062a\u062d\u0641 Retrofutur\",\"item\":\"https:\/\/paleo-energetique.org\/ar\/%d9%85%d8%aa%d8%ad%d9%81-retrofutur\/\"},{\"@type\":\"ListItem\",\"position\":3,\"name\":\"\u0645\u062a\u062d\u0641 \u0627\u0641\u062a\u0631\u0627\u0636\u064a\"}]},{\"@type\":\"WebSite\",\"@id\":\"https:\/\/paleo-energetique.org\/#website\",\"url\":\"https:\/\/paleo-energetique.org\/\",\"name\":\"Pal\u00e9o-Energ\u00e9tique\",\"description\":\"R\u00e9inventer l&#039;Histoire de L&#039;\u00e9nergie\",\"potentialAction\":[{\"@type\":\"SearchAction\",\"target\":{\"@type\":\"EntryPoint\",\"urlTemplate\":\"https:\/\/paleo-energetique.org\/?s={search_term_string}\"},\"query-input\":{\"@type\":\"PropertyValueSpecification\",\"valueRequired\":true,\"valueName\":\"search_term_string\"}}],\"inLanguage\":\"ar\"}]}<\/script>\n<!-- \/ Yoast SEO plugin. -->","yoast_head_json":{"title":"\u0645\u062a\u062d\u0641 \u0627\u0641\u062a\u0631\u0627\u0636\u064a - Pal\u00e9o-Energ\u00e9tique","robots":{"index":"index","follow":"follow","max-snippet":"max-snippet:-1","max-image-preview":"max-image-preview:large","max-video-preview":"max-video-preview:-1"},"canonical":"https:\/\/paleo-energetique.org\/ar\/\u0645\u062a\u062d\u0641-retrofutur\/\u0645\u062a\u062d\u0641-\u0627\u0641\u062a\u0631\u0627\u0636\u064a\/","og_locale":"ar_AR","og_type":"article","og_title":"\u0645\u062a\u062d\u0641 \u0627\u0641\u062a\u0631\u0627\u0636\u064a - Pal\u00e9o-Energ\u00e9tique","og_description":"&nbsp; &nbsp; &nbsp; \u0627\u0643\u062a\u0634\u0641 \u0645\u062a\u062d\u0641 RETROFUTUR MUSEUM \u060c \u0627\u0644\u0645\u063a\u0627\u0645\u0631\u0629 \u0627\u0644\u062c\u062f\u064a\u062f\u0629 \u0644\u0628\u0631\u0646\u0627\u0645\u062c Paleo-energetic &nbsp; \u064a\u0642\u062f\u0645 \u0641\u0631\u064a\u0642 Atelier21 \u0645\u062a\u062d\u0641\u0647 \u0627\u0644\u0627\u0641\u062a\u0631\u0627\u0636\u064a \u0627\u0644\u0630\u064a \u062a\u0645 \u062a\u0637\u0648\u064a\u0631\u0647 \u0628\u0627\u0633\u062a\u062e\u062f\u0627\u0645 Mozilla Hubs. \u0642\u0645 \u0628\u0632\u064a\u0627\u0631\u0629 \u0627\u0644\u0645\u062a\u062d\u0641 \u0627\u0644\u0627\u0641\u062a\u0631\u0627\u0636\u064a &nbsp; \u0646\u062d\u0646 \u0646\u0642\u062f\u0645 \u0644\u0643 \u0645\u0639\u0631\u0636\u064b\u0627 \u063a\u0627\u0645\u0631\u064b\u0627 \u0648\u0644\u062f \u0645\u0646 \u0628\u0631\u0646\u0627\u0645\u062c \u0627\u0644\u0628\u062d\u062b \u0627\u0644\u062a\u0634\u0627\u0631\u0643\u064a Paleo-energetic \u0627\u0644\u0630\u064a \u064a\u0647\u062f\u0641 \u0625\u0644\u0649 \u062a\u0633\u0644\u064a\u0637 \u0627\u0644\u0636\u0648\u0621 [&hellip;]","og_url":"https:\/\/paleo-energetique.org\/ar\/\u0645\u062a\u062d\u0641-retrofutur\/\u0645\u062a\u062d\u0641-\u0627\u0641\u062a\u0631\u0627\u0636\u064a\/","og_site_name":"Pal\u00e9o-Energ\u00e9tique","article_publisher":"https:\/\/www.facebook.com\/paleoenergie\/","article_modified_time":"2022-03-31T18:53:44+00:00","og_image":[{"url":"https:\/\/paleo-energetique.org\/wp-content\/uploads\/2022\/03\/Capture-decran-2022-03-14-a-00.41.01-e1647451014417.png","type":"","width":"","height":""}],"twitter_card":"summary_large_image","schema":{"@context":"https:\/\/schema.org","@graph":[{"@type":"WebPage","@id":"https:\/\/paleo-energetique.org\/ar\/%d9%85%d8%aa%d8%ad%d9%81-retrofutur\/%d9%85%d8%aa%d8%ad%d9%81-%d8%a7%d9%81%d8%aa%d8%b1%d8%a7%d8%b6%d9%8a\/","url":"https:\/\/paleo-energetique.org\/ar\/%d9%85%d8%aa%d8%ad%d9%81-retrofutur\/%d9%85%d8%aa%d8%ad%d9%81-%d8%a7%d9%81%d8%aa%d8%b1%d8%a7%d8%b6%d9%8a\/","name":"\u0645\u062a\u062d\u0641 \u0627\u0641\u062a\u0631\u0627\u0636\u064a - Pal\u00e9o-Energ\u00e9tique","isPartOf":{"@id":"https:\/\/paleo-energetique.org\/#website"},"primaryImageOfPage":{"@id":"https:\/\/paleo-energetique.org\/ar\/%d9%85%d8%aa%d8%ad%d9%81-retrofutur\/%d9%85%d8%aa%d8%ad%d9%81-%d8%a7%d9%81%d8%aa%d8%b1%d8%a7%d8%b6%d9%8a\/#primaryimage"},"image":{"@id":"https:\/\/paleo-energetique.org\/ar\/%d9%85%d8%aa%d8%ad%d9%81-retrofutur\/%d9%85%d8%aa%d8%ad%d9%81-%d8%a7%d9%81%d8%aa%d8%b1%d8%a7%d8%b6%d9%8a\/#primaryimage"},"thumbnailUrl":"https:\/\/paleo-energetique.org\/wp-content\/uploads\/2022\/03\/Capture-decran-2022-03-14-a-00.41.01-e1647451014417.png","datePublished":"2022-03-31T18:29:11+00:00","dateModified":"2022-03-31T18:53:44+00:00","breadcrumb":{"@id":"https:\/\/paleo-energetique.org\/ar\/%d9%85%d8%aa%d8%ad%d9%81-retrofutur\/%d9%85%d8%aa%d8%ad%d9%81-%d8%a7%d9%81%d8%aa%d8%b1%d8%a7%d8%b6%d9%8a\/#breadcrumb"},"inLanguage":"ar","potentialAction":[{"@type":"ReadAction","target":["https:\/\/paleo-energetique.org\/ar\/%d9%85%d8%aa%d8%ad%d9%81-retrofutur\/%d9%85%d8%aa%d8%ad%d9%81-%d8%a7%d9%81%d8%aa%d8%b1%d8%a7%d8%b6%d9%8a\/"]}]},{"@type":"ImageObject","inLanguage":"ar","@id":"https:\/\/paleo-energetique.org\/ar\/%d9%85%d8%aa%d8%ad%d9%81-retrofutur\/%d9%85%d8%aa%d8%ad%d9%81-%d8%a7%d9%81%d8%aa%d8%b1%d8%a7%d8%b6%d9%8a\/#primaryimage","url":"https:\/\/paleo-energetique.org\/wp-content\/uploads\/2022\/03\/Capture-decran-2022-03-14-a-00.41.01-e1647451014417.png","contentUrl":"https:\/\/paleo-energetique.org\/wp-content\/uploads\/2022\/03\/Capture-decran-2022-03-14-a-00.41.01-e1647451014417.png"},{"@type":"BreadcrumbList","@id":"https:\/\/paleo-energetique.org\/ar\/%d9%85%d8%aa%d8%ad%d9%81-retrofutur\/%d9%85%d8%aa%d8%ad%d9%81-%d8%a7%d9%81%d8%aa%d8%b1%d8%a7%d8%b6%d9%8a\/#breadcrumb","itemListElement":[{"@type":"ListItem","position":1,"name":"Accueil","item":"https:\/\/paleo-energetique.org\/ar\/"},{"@type":"ListItem","position":2,"name":"\u0645\u062a\u062d\u0641 Retrofutur","item":"https:\/\/paleo-energetique.org\/ar\/%d9%85%d8%aa%d8%ad%d9%81-retrofutur\/"},{"@type":"ListItem","position":3,"name":"\u0645\u062a\u062d\u0641 \u0627\u0641\u062a\u0631\u0627\u0636\u064a"}]},{"@type":"WebSite","@id":"https:\/\/paleo-energetique.org\/#website","url":"https:\/\/paleo-energetique.org\/","name":"Pal\u00e9o-Energ\u00e9tique","description":"R\u00e9inventer l&#039;Histoire de L&#039;\u00e9nergie","potentialAction":[{"@type":"SearchAction","target":{"@type":"EntryPoint","urlTemplate":"https:\/\/paleo-energetique.org\/?s={search_term_string}"},"query-input":{"@type":"PropertyValueSpecification","valueRequired":true,"valueName":"search_term_string"}}],"inLanguage":"ar"}]}},"_links":{"self":[{"href":"https:\/\/paleo-energetique.org\/ar\/wp-json\/wp\/v2\/pages\/5737","targetHints":{"allow":["GET"]}}],"collection":[{"href":"https:\/\/paleo-energetique.org\/ar\/wp-json\/wp\/v2\/pages"}],"about":[{"href":"https:\/\/paleo-energetique.org\/ar\/wp-json\/wp\/v2\/types\/page"}],"author":[{"embeddable":true,"href":"https:\/\/paleo-energetique.org\/ar\/wp-json\/wp\/v2\/users\/2"}],"replies":[{"embeddable":true,"href":"https:\/\/paleo-energetique.org\/ar\/wp-json\/wp\/v2\/comments?post=5737"}],"version-history":[{"count":0,"href":"https:\/\/paleo-energetique.org\/ar\/wp-json\/wp\/v2\/pages\/5737\/revisions"}],"up":[{"embeddable":true,"href":"https:\/\/paleo-energetique.org\/ar\/wp-json\/wp\/v2\/pages\/5744"}],"wp:attachment":[{"href":"https:\/\/paleo-energetique.org\/ar\/wp-json\/wp\/v2\/media?parent=5737"}],"wp:term":[{"taxonomy":"post_tag","embeddable":true,"href":"https:\/\/paleo-energetique.org\/ar\/wp-json\/wp\/v2\/tags?post=5737"}],"curies":[{"name":"wp","href":"https:\/\/api.w.org\/{rel}","templated":true}]}}